{"id":3216,"date":"2025-09-02T05:38:56","date_gmt":"2025-09-02T05:38:56","guid":{"rendered":"https:\/\/galaxybicycle.com\/?post_type=product&#038;p=3216"},"modified":"2025-11-12T05:06:10","modified_gmt":"2025-11-12T05:06:10","slug":"cg200e-ebike","status":"publish","type":"product","link":"https:\/\/galaxybicycle.com\/pl\/product\/cg200e-ebike\/","title":{"rendered":"Velopro CG200E Rower elektryczny | 500W Sk\u0142adany rower elektryczny o du\u017cym zasi\u0119gu i zasi\u0119gu 100 km"},"content":{"rendered":"<p><strong>Rower elektryczny Velopro CG200E<\/strong> to idealny towarzysz d\u0142ugich przeja\u017cd\u017cek, codziennych dojazd\u00f3w do pracy i weekendowych przyg\u00f3d. Nap\u0119dzany przez <strong>Szybki silnik 48 V 500 W<\/strong> i solidny <strong>Akumulator EVE 20,8 Ah<\/strong>Ten rower elektryczny zapewnia imponuj\u0105c\u0105 <strong>zasi\u0119g 80-100 km<\/strong> na jednym \u0142adowaniu. Jego inteligentny <strong>Wy\u015bwietlacz LCD<\/strong> informuje u\u017cytkownika o danych dotycz\u0105cych jazdy w czasie rzeczywistym, podczas gdy <strong>5 tryb\u00f3w wspomagania peda\u0142u<\/strong> zapewniaj\u0105 pe\u0142n\u0105 kontrol\u0119 nad jazd\u0105.<\/p>\n<p>Zbudowany z mocnego <strong>Rama ze stopu aluminium 6061<\/strong> i wyposa\u017cone w <strong>Opony 20\u00d73'' CST<\/strong>Model Velopro CG200E zapewnia stabilno\u015b\u0107, trwa\u0142o\u015b\u0107 i wygod\u0119 w r\u00f3\u017cnych warunkach terenowych. Bezpiecze\u0144stwo jest gwarantowane dzi\u0119ki <strong>przednie i tylne mechaniczne hamulce tarczowe<\/strong>jasny <strong>\u015awiat\u0142a LED<\/strong>i niezawodny <strong>klakson elektroniczny<\/strong>. Dodatkowo <strong>7-biegowa przerzutka Shimano<\/strong> umo\u017cliwia p\u0142ynne prze\u0142\u0105czanie bieg\u00f3w podczas podjazd\u00f3w i jazdy po p\u0142askiej drodze.<\/p>\n<p>Z maksymaln\u0105 \u0142adowno\u015bci\u0105 <strong>150 KG<\/strong>Mocny tylny baga\u017cnik i stylowe, konfigurowalne kolory sprawiaj\u0105, \u017ce ten rower elektryczny spe\u0142nia zar\u00f3wno praktyczne potrzeby, jak i osobisty styl. Niezale\u017cnie od tego, czy doje\u017cd\u017casz do pracy, \u0107wiczysz, czy zwiedzasz, Velopro CG200E to idealny ekologiczny rower, kt\u00f3ry \u0142\u0105czy w sobie moc, wytrzyma\u0142o\u015b\u0107 i wygod\u0119 w jednym eleganckim opakowaniu.<\/p>\n<h2>Kluczowe cechy:<\/h2>\n<ul>\n<li><strong>Mocny silnik:<\/strong> Szybki silnik 48V 500W zapewniaj\u0105cy p\u0142ynne przyspieszenie.<\/li>\n<li><strong>Bateria o du\u017cym zasi\u0119gu:<\/strong> Zasi\u0119g do 100 km z ogniwami EVE o pojemno\u015bci 20,8 Ah.<\/li>\n<li><strong>Inteligentny wy\u015bwietlacz LCD:<\/strong> \u015aled\u017a pr\u0119dko\u015b\u0107, dystans i \u017cywotno\u015b\u0107 baterii na pierwszy rzut oka.<\/li>\n<li><strong>5 tryb\u00f3w jazdy:<\/strong> Elastyczne wspomaganie peda\u0142owania w ka\u017cdej sytuacji.<\/li>\n<li><strong>Bezpiecze\u0144stwo przede wszystkim:<\/strong> Mechaniczne hamulce tarczowe, przednie i tylne \u015bwiat\u0142a LED oraz elektroniczny klakson.<\/li>\n<li><strong>Wytrzyma\u0142a konstrukcja:<\/strong> Rama ze stopu aluminium 6061 z oponami CST 20\u00d73\".<\/li>\n<li><strong>Komfortowa jazda:<\/strong> 7-biegowa przek\u0142adnia Shimano i ergonomiczna konstrukcja.<\/li>\n<li><strong>Praktyczny projekt:<\/strong> Tylny baga\u017cnik, pe\u0142ne b\u0142otniki i \u0142adowno\u015b\u0107 150 kg.<\/li>\n<\/ul>\n<h2>Specyfikacje<\/h2>\n<table border=\"1\" cellspacing=\"0\" cellpadding=\"6\">\n<tbody>\n<tr>\n<th>Klasyfikacja<\/th>\n<th>Specyfikacje<\/th>\n<th>Parametry<\/th>\n<\/tr>\n<tr>\n<td>Bateria<\/td>\n<td>48V 20.8Ah (104 ogniwa, EVE)<\/td>\n<td>Zasi\u0119g 80-100 km<\/td>\n<\/tr>\n<tr>\n<td>Silnik<\/td>\n<td>48V 500W High Speed<\/td>\n<td>Pr\u0119dko\u015b\u0107 maksymalna 32 km\/h (regulowana 45 km\/h)<\/td>\n<\/tr>\n<tr>\n<td>\u0141adowarka<\/td>\n<td>54,6 V 2 A<\/td>\n<td>Czas \u0142adowania: 10,4 godz.<\/td>\n<\/tr>\n<tr>\n<td>Przepustnica<\/td>\n<td>Twist Throttle<\/td>\n<td>Wy\u015bwietlacz LCD<\/td>\n<\/tr>\n<tr>\n<td>Przek\u0142adnie<\/td>\n<td>Shimano 7 Speed<\/td>\n<td>Czujnik pr\u0119dko\u015bci 12 bieg\u00f3w<\/td>\n<\/tr>\n<tr>\n<td>\u015awiat\u0142a<\/td>\n<td>Prz\u00f3d i ty\u0142<\/td>\n<td>Elektroniczny klakson<\/td>\n<\/tr>\n<tr>\n<td>Rama<\/td>\n<td>Stop aluminium 6061<\/td>\n<td>Rozmiar po roz\u0142o\u017ceniu: 186*65*132 cm<\/td>\n<\/tr>\n<tr>\n<td>Ko\u0142a<\/td>\n<td>Opony CST 20\u00d73\"<\/td>\n<td>Widelec bez zawieszenia<\/td>\n<\/tr>\n<tr>\n<td>Hamulce<\/td>\n<td>Tarcza mechaniczna (prz\u00f3d i ty\u0142)<\/td>\n<td>\u0141adowno\u015b\u0107: 150 KG<\/td>\n<\/tr>\n<tr>\n<td>Waga<\/td>\n<td>31,5 kg (10,4 Ah) \/ 34,5 kg (20,8 Ah)<\/td>\n<td>Brutto: 40-43 KG<\/td>\n<\/tr>\n<tr>\n<td>Stela\u017c i b\u0142otniki<\/td>\n<td>Z tylnym baga\u017cnikiem<\/td>\n<td>Przednie i tylne b\u0142otniki<\/td>\n<\/tr>\n<tr>\n<td>Inne<\/td>\n<td>Wodoodporno\u015b\u0107 na poziomie IP54<\/td>\n<td>Temperatura pracy: -10~45\u00b0C<\/td>\n<\/tr>\n<tr>\n<td>\u0141adunek kontenera<\/td>\n<td>1*40HQ<\/td>\n<td>129szt<\/td>\n<\/tr>\n<\/tbody>\n<\/table>","protected":false},"excerpt":{"rendered":"<p>Velopro CG200E to pot\u0119\u017cny rower elektryczny o mocy 500 W, wyposa\u017cony w pot\u0119\u017cny akumulator 48 V 20,8 Ah, oferuj\u0105cy zasi\u0119g do 100 km na jednym \u0142adowaniu. Dzi\u0119ki 5 trybom jazdy, 7-biegowej przek\u0142adni Shimano oraz przednim i tylnym \u015bwiat\u0142om, jest przeznaczony zar\u00f3wno dla os\u00f3b doje\u017cd\u017caj\u0105cych do pracy w mie\u015bcie, jak i mi\u0142o\u015bnik\u00f3w przyg\u00f3d. Trwa\u0142y, stylowy i przyjazny dla pocz\u0105tkuj\u0105cych, ten rower elektryczny jest gotowy, aby zabra\u0107 Ci\u0119 wsz\u0119dzie.<\/p>","protected":false},"featured_media":4119,"comment_status":"open","ping_status":"closed","template":"","meta":[],"product_brand":[],"product_cat":[38],"product_tag":[],"class_list":{"0":"post-3216","1":"product","2":"type-product","3":"status-publish","4":"has-post-thumbnail","6":"product_cat-velopro-electric-bikes","8":"first","9":"instock","10":"shipping-taxable","11":"product-type-simple"},"_links":{"self":[{"href":"https:\/\/galaxybicycle.com\/pl\/wp-json\/wp\/v2\/product\/3216","targetHints":{"allow":["GET"]}}],"collection":[{"href":"https:\/\/galaxybicycle.com\/pl\/wp-json\/wp\/v2\/product"}],"about":[{"href":"https:\/\/galaxybicycle.com\/pl\/wp-json\/wp\/v2\/types\/product"}],"replies":[{"embeddable":true,"href":"https:\/\/galaxybicycle.com\/pl\/wp-json\/wp\/v2\/comments?post=3216"}],"wp:featuredmedia":[{"embeddable":true,"href":"https:\/\/galaxybicycle.com\/pl\/wp-json\/wp\/v2\/media\/4119"}],"wp:attachment":[{"href":"https:\/\/galaxybicycle.com\/pl\/wp-json\/wp\/v2\/media?parent=3216"}],"wp:term":[{"taxonomy":"product_brand","embeddable":true,"href":"https:\/\/galaxybicycle.com\/pl\/wp-json\/wp\/v2\/product_brand?post=3216"},{"taxonomy":"product_cat","embeddable":true,"href":"https:\/\/galaxybicycle.com\/pl\/wp-json\/wp\/v2\/product_cat?post=3216"},{"taxonomy":"product_tag","embeddable":true,"href":"https:\/\/galaxybicycle.com\/pl\/wp-json\/wp\/v2\/product_tag?post=3216"}],"curies":[{"name":"wp","href":"https:\/\/api.w.org\/{rel}","templated":true}]}}