{"id":3214,"date":"2025-09-02T05:35:47","date_gmt":"2025-09-02T05:35:47","guid":{"rendered":"https:\/\/galaxybicycle.com\/?post_type=product&#038;p=3214"},"modified":"2025-11-12T05:08:29","modified_gmt":"2025-11-12T05:08:29","slug":"tr300","status":"publish","type":"product","link":"https:\/\/galaxybicycle.com\/pl\/product\/tr300\/","title":{"rendered":"Velopro TR300 Sk\u0142adany rower elektryczny 48V 24Ah Podw\u00f3jny akumulator | 500W Nap\u0119d \u015bredni Daleki zasi\u0119g Rower elektryczny"},"content":{"rendered":"<p>Poznaj <strong>Sk\u0142adany rower elektryczny Velopro TR300<\/strong>Wszechstronny i niezawodny rower elektryczny zaprojektowany dla rowerzyst\u00f3w, kt\u00f3rzy chc\u0105 zar\u00f3wno praktyczno\u015bci, jak i wydajno\u015bci. Z jego <strong>podw\u00f3jne akumulatory 48V 24Ah<\/strong> oraz <strong>Silnik ANANDA 500W z nap\u0119dem po\u015brednim<\/strong>Ten rower elektryczny zapewnia p\u0142ynne dostarczanie mocy i mo\u017cliwo\u015b\u0107 pokonywania d\u0142ugich dystans\u00f3w, osi\u0105gaj\u0105c nawet <strong>120 km na jednym \u0142adowaniu<\/strong>.<\/p>\n<p>Zbudowany z <strong>wytrzyma\u0142a rama ze stopu aluminium 6061<\/strong> oraz <strong>Opony 20\u2033x3.0\u2033 CST<\/strong>TR300 z \u0142atwo\u015bci\u0105 radzi sobie z miejskimi ulicami, wzg\u00f3rzami i lekkim terenem. Model <strong>Hydrauliczne hamulce tarczowe Zoom<\/strong> oraz <strong>widelec amortyzowany<\/strong> zapewniaj\u0105 maksymaln\u0105 kontrol\u0119 i bezpiecze\u0144stwo, podczas gdy <strong>7-biegowa przek\u0142adnia Shimano<\/strong> zapewnia elastyczno\u015b\u0107 podczas ka\u017cdej jazdy.<\/p>\n<p>Wygoda jest sercem TR300. Jego <strong>Sk\u0142adana konstrukcja<\/strong> u\u0142atwia przechowywanie i transport, a praktyczne funkcje, takie jak <strong>tylny kosz<\/strong>, <strong>przednie i tylne \u015bwiat\u0142a<\/strong>, <strong>dzwonek mechaniczny<\/strong>oraz <strong>Wodoodporno\u015b\u0107 IP54<\/strong> sprawiaj\u0105, \u017ce jest idealny do codziennych dojazd\u00f3w do pracy, zakup\u00f3w lub weekendowych przyg\u00f3d.<\/p>\n<p>Niezale\u017cnie od tego, czy wspinasz si\u0119 po stromych ulicach, cieszysz si\u0119 d\u0142ugodystansowymi przeja\u017cd\u017ckami, czy po prostu sk\u0142adasz go w celu kompaktowego przechowywania, Velopro TR300 dostosowuje si\u0119 do Twojego stylu \u017cycia. Zaprojektowany dla rowerzyst\u00f3w <strong>155-190 cm wzrostu<\/strong> i mo\u017ce przenosi\u0107 do <strong>150 KG<\/strong>To prawdziwe po\u0142\u0105czenie mocy, komfortu i wygody.<\/p>\n<h3>Specyfikacje<\/h3>\n<table border=\"1\" cellspacing=\"0\" cellpadding=\"6\">\n<tbody>\n<tr>\n<th>Klasyfikacja<\/th>\n<th>Specyfikacje<\/th>\n<th>Parametry<\/th>\n<\/tr>\n<tr>\n<td>Bateria<\/td>\n<td>48V 24Ah (podw\u00f3jne akumulatory)<\/td>\n<td>Kom\u00f3rki EVE<\/td>\n<\/tr>\n<tr>\n<td>Silnik<\/td>\n<td>Silnik z nap\u0119dem po\u015brednim ANANDA<\/td>\n<td>48V 500W<\/td>\n<\/tr>\n<tr>\n<td>Pr\u0119dko\u015b\u0107 maksymalna<\/td>\n<td>32KM\/H<\/td>\n<td>Regulowany<\/td>\n<\/tr>\n<tr>\n<td>Zasi\u0119g<\/td>\n<td colspan=\"2\">90-120 KM<\/td>\n<\/tr>\n<tr>\n<td>PAS<\/td>\n<td colspan=\"2\">5 tryb\u00f3w jazdy<\/td>\n<\/tr>\n<tr>\n<td>\u0141adowarka<\/td>\n<td>54,6 V 2 A<\/td>\n<td>Czas \u0142adowania: 12 godzin<\/td>\n<\/tr>\n<tr>\n<td>Przepustnica<\/td>\n<td colspan=\"2\">Twist Throttle<\/td>\n<\/tr>\n<tr>\n<td>Wy\u015bwietlacz<\/td>\n<td colspan=\"2\">Wy\u015bwietlacz LCD<\/td>\n<\/tr>\n<tr>\n<td>Hamulce<\/td>\n<td colspan=\"2\">Hydrauliczny hamulec tarczowy ZOOM<\/td>\n<\/tr>\n<tr>\n<td>Transmisja<\/td>\n<td colspan=\"2\">Shimano 7-Speed Shifter<\/td>\n<\/tr>\n<tr>\n<td>Rama<\/td>\n<td colspan=\"2\">Stop aluminium 6061<\/td>\n<\/tr>\n<tr>\n<td>Ko\u0142a i opony<\/td>\n<td colspan=\"2\">Opony 20\u2033x3.0\u2033 CST<\/td>\n<\/tr>\n<tr>\n<td>Zawieszenie<\/td>\n<td colspan=\"2\">Widelec przedniego zawieszenia<\/td>\n<\/tr>\n<tr>\n<td>Waga<\/td>\n<td>Netto: 47 KG<\/td>\n<td>Brutto: 55 KG<\/td>\n<\/tr>\n<tr>\n<td>\u0141adunek<\/td>\n<td colspan=\"2\">150 KG<\/td>\n<\/tr>\n<tr>\n<td>Zdolno\u015b\u0107 pokonywania wzniesie\u0144<\/td>\n<td colspan=\"2\">15\u00b0<\/td>\n<\/tr>\n<tr>\n<td>Inne funkcje<\/td>\n<td colspan=\"2\">Sk\u0142adany, tylny kosz, dzwonek, przednie i tylne b\u0142otniki, aluminiowe peda\u0142y<\/td>\n<\/tr>\n<tr>\n<td>Wodoodporny<\/td>\n<td colspan=\"2\">IP54<\/td>\n<\/tr>\n<tr>\n<td>Wysoko\u015b\u0107 je\u017ad\u017aca<\/td>\n<td colspan=\"2\">155-190cm<\/td>\n<\/tr>\n<\/tbody>\n<\/table>","protected":false},"excerpt":{"rendered":"<p>Velopro TR300 to pot\u0119\u017cny sk\u0142adany rower elektryczny stworzony zar\u00f3wno dla rowerzyst\u00f3w miejskich, jak i przygodowych. Wyposa\u017cony w podw\u00f3jne akumulatory 48 V 24 Ah, silnik ANANDA o mocy 500 W z nap\u0119dem po\u015brednim, hydrauliczne hamulce tarczowe i zasi\u0119g do 120 km, ten sk\u0142adany rower elektryczny zapewnia wytrzyma\u0142o\u015b\u0107, styl i d\u0142ugotrwa\u0142\u0105 wydajno\u015b\u0107.<\/p>","protected":false},"featured_media":4120,"comment_status":"open","ping_status":"closed","template":"","meta":[],"product_brand":[],"product_cat":[38,29],"product_tag":[],"class_list":{"0":"post-3214","1":"product","2":"type-product","3":"status-publish","4":"has-post-thumbnail","6":"product_cat-velopro-electric-bikes","7":"product_cat-electric-tribike","9":"first","10":"instock","11":"shipping-taxable","12":"product-type-simple"},"_links":{"self":[{"href":"https:\/\/galaxybicycle.com\/pl\/wp-json\/wp\/v2\/product\/3214","targetHints":{"allow":["GET"]}}],"collection":[{"href":"https:\/\/galaxybicycle.com\/pl\/wp-json\/wp\/v2\/product"}],"about":[{"href":"https:\/\/galaxybicycle.com\/pl\/wp-json\/wp\/v2\/types\/product"}],"replies":[{"embeddable":true,"href":"https:\/\/galaxybicycle.com\/pl\/wp-json\/wp\/v2\/comments?post=3214"}],"wp:featuredmedia":[{"embeddable":true,"href":"https:\/\/galaxybicycle.com\/pl\/wp-json\/wp\/v2\/media\/4120"}],"wp:attachment":[{"href":"https:\/\/galaxybicycle.com\/pl\/wp-json\/wp\/v2\/media?parent=3214"}],"wp:term":[{"taxonomy":"product_brand","embeddable":true,"href":"https:\/\/galaxybicycle.com\/pl\/wp-json\/wp\/v2\/product_brand?post=3214"},{"taxonomy":"product_cat","embeddable":true,"href":"https:\/\/galaxybicycle.com\/pl\/wp-json\/wp\/v2\/product_cat?post=3214"},{"taxonomy":"product_tag","embeddable":true,"href":"https:\/\/galaxybicycle.com\/pl\/wp-json\/wp\/v2\/product_tag?post=3214"}],"curies":[{"name":"wp","href":"https:\/\/api.w.org\/{rel}","templated":true}]}}