{"id":2698,"date":"2025-08-18T03:51:01","date_gmt":"2025-08-18T03:51:01","guid":{"rendered":"http:\/\/galaxybicycle.com\/?post_type=product&#038;p=2698"},"modified":"2025-09-02T09:51:49","modified_gmt":"2025-09-02T09:51:49","slug":"mt228","status":"publish","type":"product","link":"https:\/\/galaxybicycle.com\/pl\/product\/mt228\/","title":{"rendered":"Galaxy MT228 Rower g\u00f3rski dla doros\u0142ych | 21-biegowa stalowa rama Rower przygodowy"},"content":{"rendered":"<p><strong>Rower g\u00f3rski dla doros\u0142ych Galaxy MT228<\/strong> zosta\u0142 zaprojektowany dla rowerzyst\u00f3w, kt\u00f3rzy chc\u0105 niezawodnego i \u0142atwego w prowadzeniu roweru zar\u00f3wno na miejskie \u015bcie\u017cki, jak i terenowe szlaki. Jego mocna rama ze stali Hi-Ten 20\u2033x11\u2033 zapewnia stabilno\u015b\u0107 i trwa\u0142o\u015b\u0107, a 21-biegowy system przerzutek pomaga z \u0142atwo\u015bci\u0105 pokonywa\u0107 p\u0142askie drogi, podjazdy i zjazdy. Niezale\u017cnie od tego, czy je\u017adzisz do szko\u0142y, zwiedzasz okolic\u0119, czy cieszysz si\u0119 weekendow\u0105 zabaw\u0105 na \u015bwie\u017cym powietrzu, ten rower g\u00f3rski jest doskona\u0142ym towarzyszem codziennych przyg\u00f3d.<\/p>\n<p>Wyposa\u017cony w <strong>Widelec amortyzowany ze stalow\u0105 koron\u0105<\/strong>Galaxy MT228 poch\u0142ania nier\u00f3wno\u015bci i zapewnia p\u0142ynniejsz\u0105 jazd\u0119. W <strong>mechaniczne hamulce tarczowe<\/strong> zapewniaj\u0105 niezawodn\u0105 si\u0142\u0119 hamowania w ka\u017cdych warunkach pogodowych, zapewniaj\u0105c spok\u00f3j ducha podczas ka\u017cdej podr\u00f3\u017cy. Z szerokim <strong>Opony 20\u2033x2.125\u2033<\/strong> i mocne stalowe piasty, rower ten zapewnia doskona\u0142\u0105 przyczepno\u015b\u0107 i kontrol\u0119 na r\u00f3\u017cnych nawierzchniach. \u0141atwy w u\u017cyciu, przyjazny dla pocz\u0105tkuj\u0105cych i zbudowany z my\u015bl\u0105 o trwa\u0142o\u015bci, Galaxy MT228 to m\u0105dry wyb\u00f3r dla rowerzyst\u00f3w poszukuj\u0105cych warto\u015bci i wydajno\u015bci w jednym pakiecie.<\/p>\n<h2>Specyfikacje<\/h2>\n<table border=\"1\" cellspacing=\"0\" cellpadding=\"6\">\n<tbody>\n<tr>\n<th>Cecha<\/th>\n<th>Szczeg\u00f3\u0142y<\/th>\n<\/tr>\n<tr>\n<td>Pr\u0119dko\u015bci<\/td>\n<td>21 bieg\u00f3w<\/td>\n<\/tr>\n<tr>\n<td>Rama<\/td>\n<td>20\u2033x11\u2033 rama ze stali Hi-Ten<\/td>\n<\/tr>\n<tr>\n<td>Widelec<\/td>\n<td>Widelec amortyzowany Steel Crown<\/td>\n<\/tr>\n<tr>\n<td>System przek\u0142adni<\/td>\n<td>Chi\u0144ska zmiana bieg\u00f3w, przerzutka przednia i tylna<\/td>\n<\/tr>\n<tr>\n<td>Uk\u0142ad hamulcowy<\/td>\n<td>Mechaniczny hamulec tarczowy<\/td>\n<\/tr>\n<tr>\n<td>Opony<\/td>\n<td>Opony 20\u2033x2.125\u2033<\/td>\n<\/tr>\n<tr>\n<td>Piasty<\/td>\n<td>Stalowa piasta tarczowa<\/td>\n<\/tr>\n<tr>\n<td>Ko\u0142o \u0142a\u0144cuchowe<\/td>\n<td>Stalowe ko\u0142o \u0142a\u0144cuchowe 24\/34\/42T<\/td>\n<\/tr>\n<tr>\n<td>Zestaw B.B.<\/td>\n<td>Typ normalny Neco<\/td>\n<\/tr>\n<\/tbody>\n<\/table>","protected":false},"excerpt":{"rendered":"<p>Przenie\u015b swoje przeja\u017cd\u017cki na wy\u017cszy poziom dzi\u0119ki rowerowi g\u00f3rskiemu dla doros\u0142ych Galaxy MT228. Zbudowany z wytrzyma\u0142ej ramy ze stali Hi-Ten, 21-biegowego systemu prze\u0142o\u017ce\u0144 i niezawodnych hamulc\u00f3w tarczowych, ten rower jest idealny dla pocz\u0105tkuj\u0105cych i codziennych rowerzyst\u00f3w, kt\u00f3rzy chc\u0105 komfortu, kontroli i zabawy podczas ka\u017cdej przygody.<\/p>","protected":false},"featured_media":2699,"comment_status":"open","ping_status":"closed","template":"","meta":[],"product_brand":[34],"product_cat":[15],"product_tag":[],"class_list":{"0":"post-2698","1":"product","2":"type-product","3":"status-publish","4":"has-post-thumbnail","6":"product_brand-galaxy","7":"product_cat-galaxybicycle","9":"first","10":"instock","11":"shipping-taxable","12":"product-type-simple"},"_links":{"self":[{"href":"https:\/\/galaxybicycle.com\/pl\/wp-json\/wp\/v2\/product\/2698","targetHints":{"allow":["GET"]}}],"collection":[{"href":"https:\/\/galaxybicycle.com\/pl\/wp-json\/wp\/v2\/product"}],"about":[{"href":"https:\/\/galaxybicycle.com\/pl\/wp-json\/wp\/v2\/types\/product"}],"replies":[{"embeddable":true,"href":"https:\/\/galaxybicycle.com\/pl\/wp-json\/wp\/v2\/comments?post=2698"}],"wp:featuredmedia":[{"embeddable":true,"href":"https:\/\/galaxybicycle.com\/pl\/wp-json\/wp\/v2\/media\/2699"}],"wp:attachment":[{"href":"https:\/\/galaxybicycle.com\/pl\/wp-json\/wp\/v2\/media?parent=2698"}],"wp:term":[{"taxonomy":"product_brand","embeddable":true,"href":"https:\/\/galaxybicycle.com\/pl\/wp-json\/wp\/v2\/product_brand?post=2698"},{"taxonomy":"product_cat","embeddable":true,"href":"https:\/\/galaxybicycle.com\/pl\/wp-json\/wp\/v2\/product_cat?post=2698"},{"taxonomy":"product_tag","embeddable":true,"href":"https:\/\/galaxybicycle.com\/pl\/wp-json\/wp\/v2\/product_tag?post=2698"}],"curies":[{"name":"wp","href":"https:\/\/api.w.org\/{rel}","templated":true}]}}