{"id":2696,"date":"2025-08-18T03:50:42","date_gmt":"2025-08-18T03:50:42","guid":{"rendered":"http:\/\/galaxybicycle.com\/?post_type=product&#038;p=2696"},"modified":"2025-09-02T09:52:14","modified_gmt":"2025-09-02T09:52:14","slug":"t5","status":"publish","type":"product","link":"https:\/\/galaxybicycle.com\/pl\/product\/t5\/","title":{"rendered":"Rower dla doros\u0142ych Galaxy T5 | 21-biegowy rower g\u00f3rski z zawieszeniem i hamulcami tarczowymi"},"content":{"rendered":"<p><strong>Rower dla doros\u0142ych Galaxy T5<\/strong> zosta\u0142 zaprojektowany, aby zapewni\u0107 rowerzystom pewno\u015b\u0107 siebie, komfort i wydajno\u015b\u0107. Niezale\u017cnie od tego, czy odkrywasz g\u00f3rskie szlaki, doje\u017cd\u017casz do pracy w mie\u015bcie, czy po prostu cieszysz si\u0119 weekendow\u0105 przeja\u017cd\u017ck\u0105, ten rower jest zbudowany tak, aby poradzi\u0107 sobie ze wszystkim. Z jego <strong>21-biegowy system przek\u0142adni<\/strong> i amortyzowany widelec, mo\u017cesz \u0142atwo zmienia\u0107 teren i cieszy\u0107 si\u0119 p\u0142ynniejsz\u0105 jazd\u0105 na nier\u00f3wnych powierzchniach.<\/p>\n<p>Model T5 jest dost\u0119pny w nast\u0119puj\u0105cych wersjach <strong>Rozmiary ramy 24\" i 26\"<\/strong>dzi\u0119ki czemu \u015bwietnie pasuje do r\u00f3\u017cnych rowerzyst\u00f3w. Jego <strong>mechaniczny hamulec tarczowy<\/strong> oferuje solidn\u0105 si\u0142\u0119 hamowania w ka\u017cdych warunkach pogodowych, podczas gdy <strong>Opony SEYOUN<\/strong> zapewniaj\u0105 doskona\u0142\u0105 przyczepno\u015b\u0107 i trwa\u0142o\u015b\u0107. Od zwyk\u0142ych przeja\u017cd\u017cek po przygody w terenie, Galaxy T5 jest zaufanym towarzyszem ka\u017cdej podr\u00f3\u017cy.<\/p>\n<h3>Dlaczego warto wybra\u0107 Galaxy T5?<\/h3>\n<ul>\n<li><strong>Mocna stalowa rama:<\/strong> Zbudowany, aby wytrzyma\u0107 codzienne u\u017cytkowanie.<\/li>\n<li><strong>21-biegowy system przek\u0142adni:<\/strong> P\u0142ynna zmiana prze\u0142o\u017ce\u0144 zar\u00f3wno podczas podjazd\u00f3w, jak i jazdy po p\u0142askim.<\/li>\n<li><strong>Widelec zawieszenia:<\/strong> Redukuje wstrz\u0105sy i poprawia komfort jazdy w trudnym terenie.<\/li>\n<li><strong>Mechaniczne hamulce tarczowe:<\/strong> Niezawodna si\u0142a hamowania na suchej i mokrej nawierzchni.<\/li>\n<li><strong>Wytrzyma\u0142e opony:<\/strong> Opony SEYOUN zapewniaj\u0105 przyczepno\u015b\u0107 i stabilno\u015b\u0107 na drogach i szlakach.<\/li>\n<\/ul>\n<h3>Specyfikacje<\/h3>\n<table border=\"1\" cellspacing=\"0\" cellpadding=\"6\">\n<tbody>\n<tr>\n<th>Cecha<\/th>\n<th>Szczeg\u00f3\u0142y<\/th>\n<\/tr>\n<tr>\n<td>Pr\u0119dko\u015b\u0107<\/td>\n<td>21 Pr\u0119dko\u015b\u0107<\/td>\n<\/tr>\n<tr>\n<td>Rama<\/td>\n<td>24\u2033*13\u2033 \/ 26\u2033*17\u2033 Stalowa rama<\/td>\n<\/tr>\n<tr>\n<td>Widelec<\/td>\n<td>Widelec amortyzowany Steel Crown<\/td>\n<\/tr>\n<tr>\n<td>System przek\u0142adni<\/td>\n<td>Chi\u0144ska przerzutka \/ Shimano EF41 Shift<\/td>\n<\/tr>\n<tr>\n<td>Uk\u0142ad hamulcowy<\/td>\n<td>Mechaniczny hamulec tarczowy<\/td>\n<\/tr>\n<tr>\n<td>Opony<\/td>\n<td>SEYOUN 24\u2033*2.125 \/ 26\u2033*2.125<\/td>\n<\/tr>\n<tr>\n<td>Piasty<\/td>\n<td>Kaseta z tarcz\u0105 stalow\u0105<\/td>\n<\/tr>\n<tr>\n<td>Ko\u0142o \u0142a\u0144cuchowe<\/td>\n<td>Chi\u0144ska korba stalowa 24\/34\/42T(ED)*170L<\/td>\n<\/tr>\n<tr>\n<td>Zestaw B.B<\/td>\n<td>Zestaw \u0142o\u017cysk B.B<\/td>\n<\/tr>\n<\/tbody>\n<\/table>","protected":false},"excerpt":{"rendered":"<p>Rower dla doros\u0142ych Galaxy T5 jest stworzony do przyg\u00f3d i codziennej jazdy. Wyposa\u017cony w mocn\u0105 stalow\u0105 ram\u0119, 21-biegow\u0105 przek\u0142adni\u0119, niezawodne hamulce tarczowe i wytrzyma\u0142e opony, ten rower jest idealny zar\u00f3wno na g\u00f3rskie szlaki, jak i miejskie drogi.<\/p>","protected":false},"featured_media":2697,"comment_status":"open","ping_status":"closed","template":"","meta":[],"product_brand":[34],"product_cat":[15],"product_tag":[],"class_list":{"0":"post-2696","1":"product","2":"type-product","3":"status-publish","4":"has-post-thumbnail","6":"product_brand-galaxy","7":"product_cat-galaxybicycle","9":"first","10":"instock","11":"shipping-taxable","12":"product-type-simple"},"_links":{"self":[{"href":"https:\/\/galaxybicycle.com\/pl\/wp-json\/wp\/v2\/product\/2696","targetHints":{"allow":["GET"]}}],"collection":[{"href":"https:\/\/galaxybicycle.com\/pl\/wp-json\/wp\/v2\/product"}],"about":[{"href":"https:\/\/galaxybicycle.com\/pl\/wp-json\/wp\/v2\/types\/product"}],"replies":[{"embeddable":true,"href":"https:\/\/galaxybicycle.com\/pl\/wp-json\/wp\/v2\/comments?post=2696"}],"wp:featuredmedia":[{"embeddable":true,"href":"https:\/\/galaxybicycle.com\/pl\/wp-json\/wp\/v2\/media\/2697"}],"wp:attachment":[{"href":"https:\/\/galaxybicycle.com\/pl\/wp-json\/wp\/v2\/media?parent=2696"}],"wp:term":[{"taxonomy":"product_brand","embeddable":true,"href":"https:\/\/galaxybicycle.com\/pl\/wp-json\/wp\/v2\/product_brand?post=2696"},{"taxonomy":"product_cat","embeddable":true,"href":"https:\/\/galaxybicycle.com\/pl\/wp-json\/wp\/v2\/product_cat?post=2696"},{"taxonomy":"product_tag","embeddable":true,"href":"https:\/\/galaxybicycle.com\/pl\/wp-json\/wp\/v2\/product_tag?post=2696"}],"curies":[{"name":"wp","href":"https:\/\/api.w.org\/{rel}","templated":true}]}}