{"id":2694,"date":"2025-08-18T03:50:25","date_gmt":"2025-08-18T03:50:25","guid":{"rendered":"http:\/\/galaxybicycle.com\/?post_type=product&#038;p=2694"},"modified":"2025-09-02T09:52:34","modified_gmt":"2025-09-02T09:52:34","slug":"a5-2","status":"publish","type":"product","link":"https:\/\/galaxybicycle.com\/pl\/product\/a5-2\/","title":{"rendered":"Rower dla doros\u0142ych Galaxy A5 | 21-Speed Alloy Frame Mountain Bike"},"content":{"rendered":"<p>Odkryj <strong>Galaxy A5 Rower dla doros\u0142ych<\/strong> - Wszechstronny rower stworzony, aby zapewni\u0107 najlepsz\u0105 wytrzyma\u0142o\u015b\u0107, szybko\u015b\u0107 i styl. Dzi\u0119ki lekkiej ramie ze stopu aluminium rower ten jest \u0142atwy w obs\u0142udze, a jednocze\u015bnie wystarczaj\u0105co wytrzyma\u0142y na codzienne dojazdy do pracy i g\u00f3rskie przygody.<\/p>\n<p>21-biegowy system przek\u0142adni, zasilany przez kombinacj\u0119 <strong>Przerzutki Shimano EF41<\/strong> i wytrzyma\u0142a przerzutka zapewniaj\u0105 p\u0142ynn\u0105 i bezwysi\u0142kow\u0105 zmian\u0119 prze\u0142o\u017ce\u0144, niezale\u017cnie od tego, czy wspinasz si\u0119 pod g\u00f3r\u0119, jedziesz po p\u0142askich drogach, czy zje\u017cd\u017casz z pewno\u015bci\u0105 siebie. Przerzutka <strong>mechaniczne hamulce tarczowe<\/strong> zapewniaj\u0105 du\u017c\u0105 si\u0142\u0119 hamowania, zapewniaj\u0105c bezpiecze\u0144stwo i kontrol\u0119 w ka\u017cdych warunkach pogodowych.<\/p>\n<p>Wyposa\u017cony w <strong>Widelce amortyzowane ze stalow\u0105 koron\u0105<\/strong>Galaxy A5 poch\u0142ania wstrz\u0105sy i nier\u00f3wno\u015bci, dzi\u0119ki czemu jazda w trudnym terenie jest bardziej komfortowa. Opona <strong>Opony Chaoyang<\/strong> zapewniaj\u0105 niezawodn\u0105 przyczepno\u015b\u0107 i stabilno\u015b\u0107, dzi\u0119ki czemu mo\u017cesz je\u017adzi\u0107 bez obaw na r\u00f3\u017cnych nawierzchniach.<\/p>\n<p>Niezale\u017cnie od tego, czy jeste\u015b rowerzyst\u0105 miejskim, weekendowym odkrywc\u0105, czy kim\u015b, kto szuka niezawodnego roweru na co dzie\u0144, Galaxy A5 zosta\u0142 zaprojektowany tak, aby spe\u0142ni\u0107 Twoje potrzeby w zakresie trwa\u0142o\u015bci, komfortu i wydajno\u015bci.<\/p>\n<h2>Specyfikacje<\/h2>\n<table border=\"1\" cellspacing=\"0\" cellpadding=\"6\">\n<tbody>\n<tr>\n<th>Cecha<\/th>\n<th>Szczeg\u00f3\u0142y<\/th>\n<\/tr>\n<tr>\n<td>Rama<\/td>\n<td>24\u2033\u00d713\u2033 \/ 26\u2033\u00d717\u2033 Alloy Frame<\/td>\n<\/tr>\n<tr>\n<td>Pr\u0119dko\u015b\u0107<\/td>\n<td>21 bieg\u00f3w<\/td>\n<\/tr>\n<tr>\n<td>Widelec<\/td>\n<td>Widelec amortyzowany Steel Crown<\/td>\n<\/tr>\n<tr>\n<td>System przek\u0142adni<\/td>\n<td>Chi\u0144ska przerzutka \/ Shimano EF41 Shift<\/td>\n<\/tr>\n<tr>\n<td>Uk\u0142ad hamulcowy<\/td>\n<td>Mechaniczny hamulec tarczowy<\/td>\n<\/tr>\n<tr>\n<td>Opony<\/td>\n<td>Chaoyang 24\u2033\u00d71.95 \/ 26\u2033\u00d71.95<\/td>\n<\/tr>\n<tr>\n<td>Piasty<\/td>\n<td>Kaseta z tarcz\u0105 stalow\u0105<\/td>\n<\/tr>\n<tr>\n<td>Ko\u0142o \u0142a\u0144cuchowe<\/td>\n<td>Stalowa korba HDL 24\/34\/42T (ED) \u00d7170L<\/td>\n<\/tr>\n<tr>\n<td>Zestaw B.B.<\/td>\n<td>Zestaw \u0142o\u017cysk B.B.<\/td>\n<\/tr>\n<\/tbody>\n<\/table>","protected":false},"excerpt":{"rendered":"<p>Galaxy A5 to wytrzyma\u0142y i stylowy 21-biegowy rower dla doros\u0142ych zaprojektowany z lekk\u0105 ram\u0105 ze stopu aluminium, amortyzowanym widelcem i niezawodnymi hamulcami tarczowymi. Idealny zar\u00f3wno do codziennych przeja\u017cd\u017cek, jak i na pe\u0142ne przyg\u00f3d szlaki, oferuje komfort, kontrol\u0119 i wydajno\u015b\u0107 w przyst\u0119pnej cenie.<\/p>","protected":false},"featured_media":2695,"comment_status":"open","ping_status":"closed","template":"","meta":[],"product_brand":[34],"product_cat":[15],"product_tag":[],"class_list":{"0":"post-2694","1":"product","2":"type-product","3":"status-publish","4":"has-post-thumbnail","6":"product_brand-galaxy","7":"product_cat-galaxybicycle","9":"first","10":"instock","11":"shipping-taxable","12":"product-type-simple"},"_links":{"self":[{"href":"https:\/\/galaxybicycle.com\/pl\/wp-json\/wp\/v2\/product\/2694","targetHints":{"allow":["GET"]}}],"collection":[{"href":"https:\/\/galaxybicycle.com\/pl\/wp-json\/wp\/v2\/product"}],"about":[{"href":"https:\/\/galaxybicycle.com\/pl\/wp-json\/wp\/v2\/types\/product"}],"replies":[{"embeddable":true,"href":"https:\/\/galaxybicycle.com\/pl\/wp-json\/wp\/v2\/comments?post=2694"}],"wp:featuredmedia":[{"embeddable":true,"href":"https:\/\/galaxybicycle.com\/pl\/wp-json\/wp\/v2\/media\/2695"}],"wp:attachment":[{"href":"https:\/\/galaxybicycle.com\/pl\/wp-json\/wp\/v2\/media?parent=2694"}],"wp:term":[{"taxonomy":"product_brand","embeddable":true,"href":"https:\/\/galaxybicycle.com\/pl\/wp-json\/wp\/v2\/product_brand?post=2694"},{"taxonomy":"product_cat","embeddable":true,"href":"https:\/\/galaxybicycle.com\/pl\/wp-json\/wp\/v2\/product_cat?post=2694"},{"taxonomy":"product_tag","embeddable":true,"href":"https:\/\/galaxybicycle.com\/pl\/wp-json\/wp\/v2\/product_tag?post=2694"}],"curies":[{"name":"wp","href":"https:\/\/api.w.org\/{rel}","templated":true}]}}