{"id":2690,"date":"2025-08-18T03:49:54","date_gmt":"2025-08-18T03:49:54","guid":{"rendered":"http:\/\/galaxybicycle.com\/?post_type=product&#038;p=2690"},"modified":"2025-09-02T09:55:21","modified_gmt":"2025-09-02T09:55:21","slug":"tl650","status":"publish","type":"product","link":"https:\/\/galaxybicycle.com\/pl\/product\/tl650\/","title":{"rendered":"Rower turystyczny dla doros\u0142ych Galaxy TL650 | 26-calowa rama ze stopu aluminium, 24-biegowa przek\u0142adnia Shimano"},"content":{"rendered":"<p><strong>Rower turystyczny dla doros\u0142ych Galaxy TL650<\/strong> jest przeznaczony dla rowerzyst\u00f3w, kt\u00f3rzy chc\u0105 r\u00f3wnowagi mi\u0119dzy wydajno\u015bci\u0105, komfortem i niezawodno\u015bci\u0105. Niezale\u017cnie od tego, czy doje\u017cd\u017casz do pracy, je\u017adzisz po mie\u015bcie, czy wyruszasz na malownicze, d\u0142ugodystansowe wycieczki, ten rower jest dla Ciebie. Jego <strong>26-calowa rama ze stopu aluminium<\/strong> zapewnia lekk\u0105 obs\u0142ug\u0119 i d\u0142ugotrwa\u0142\u0105 wytrzyma\u0142o\u015b\u0107, podczas gdy <strong>24-biegowa przek\u0142adnia Shimano<\/strong> zapewnia p\u0142ynn\u0105 i precyzyjn\u0105 zmian\u0119 prze\u0142o\u017ce\u0144 w ka\u017cdym terenie.<\/p>\n<p>Z <strong>widelec amortyzowany ze stopu aluminium z blokad\u0105 mechaniczn\u0105 (MLO)<\/strong>TL650 dostosowuje si\u0119 zar\u00f3wno do utwardzonych, jak i terenowych \u015bcie\u017cek, zapewniaj\u0105c lepsz\u0105 kontrol\u0119 i komfort. W <strong>mechaniczne hamulce tarczowe<\/strong> zapewniaj\u0105 niezawodn\u0105 si\u0142\u0119 hamowania, nawet w mokrych lub b\u0142otnistych warunkach, zapewniaj\u0105c bezpiecze\u0144stwo w ka\u017cdym miejscu. Wyposa\u017cone w <strong>Opony turystyczne Kenda K935<\/strong>Rower toczy si\u0119 p\u0142ynnie i wydajnie, dzi\u0119ki czemu idealnie nadaje si\u0119 do codziennych dojazd\u00f3w do pracy i d\u0142ugich przeja\u017cd\u017cek.<\/p>\n<p>Galaxy TL650 \u0142\u0105czy w sobie praktyczno\u015b\u0107, wydajno\u015b\u0107 i styl, dzi\u0119ki czemu jest doskona\u0142ym wyborem dla pocz\u0105tkuj\u0105cych, entuzjast\u00f3w i ka\u017cdego, kto szuka niezawodnego towarzysza wycieczek.<\/p>\n<h3>Specyfikacje<\/h3>\n<table border=\"1\" cellspacing=\"0\" cellpadding=\"8\">\n<tbody>\n<tr>\n<th>Cecha<\/th>\n<th>Szczeg\u00f3\u0142y<\/th>\n<\/tr>\n<tr>\n<td>Rama<\/td>\n<td>Rama ze stopu 26 x 17 cali<\/td>\n<\/tr>\n<tr>\n<td>Pr\u0119dko\u015bci<\/td>\n<td>24 Pr\u0119dko\u015b\u0107<\/td>\n<\/tr>\n<tr>\n<td>Widelec<\/td>\n<td>Widelec amortyzowany Alloy Crown z MLO<\/td>\n<\/tr>\n<tr>\n<td>System przek\u0142adni<\/td>\n<td>Przerzutka Shimano STEF500, przerzutka przednia FDTY500, przerzutka tylna RDTY300<\/td>\n<\/tr>\n<tr>\n<td>Hamulce<\/td>\n<td>Mechaniczny hamulec tarczowy<\/td>\n<\/tr>\n<tr>\n<td>Opony<\/td>\n<td>Kenda K935 26\u2033 x 1,5\u2033<\/td>\n<\/tr>\n<tr>\n<td>Piasty<\/td>\n<td>Stalowa piasta \u0142o\u017cyskowa<\/td>\n<\/tr>\n<tr>\n<td>Ko\u0142o \u0142a\u0144cuchowe<\/td>\n<td>Korba ze stopu metali lekkich Prowheel 24\/34\/42T<\/td>\n<\/tr>\n<tr>\n<td>Zestaw B.B<\/td>\n<td>Zestaw \u0142o\u017cysk B.B<\/td>\n<\/tr>\n<\/tbody>\n<\/table>","protected":false},"excerpt":{"rendered":"<p>Galaxy TL650 to lekki rower turystyczny dla doros\u0142ych z ram\u0105 ze stopu aluminium, stworzony z my\u015bl\u0105 o p\u0142ynnej je\u017adzie, trwa\u0142o\u015bci i wszechstronno\u015bci. Wyposa\u017cony w 24-biegow\u0105 przek\u0142adni\u0119 Shimano, amortyzowany widelec i niezawodne hamulce tarczowe, jest idealnym wyborem do codziennych dojazd\u00f3w do pracy, weekendowych przyg\u00f3d i d\u0142ugodystansowych wycieczek.<\/p>","protected":false},"featured_media":2691,"comment_status":"open","ping_status":"closed","template":"","meta":[],"product_brand":[34],"product_cat":[15],"product_tag":[],"class_list":{"0":"post-2690","1":"product","2":"type-product","3":"status-publish","4":"has-post-thumbnail","6":"product_brand-galaxy","7":"product_cat-galaxybicycle","9":"first","10":"instock","11":"shipping-taxable","12":"product-type-simple"},"_links":{"self":[{"href":"https:\/\/galaxybicycle.com\/pl\/wp-json\/wp\/v2\/product\/2690","targetHints":{"allow":["GET"]}}],"collection":[{"href":"https:\/\/galaxybicycle.com\/pl\/wp-json\/wp\/v2\/product"}],"about":[{"href":"https:\/\/galaxybicycle.com\/pl\/wp-json\/wp\/v2\/types\/product"}],"replies":[{"embeddable":true,"href":"https:\/\/galaxybicycle.com\/pl\/wp-json\/wp\/v2\/comments?post=2690"}],"wp:featuredmedia":[{"embeddable":true,"href":"https:\/\/galaxybicycle.com\/pl\/wp-json\/wp\/v2\/media\/2691"}],"wp:attachment":[{"href":"https:\/\/galaxybicycle.com\/pl\/wp-json\/wp\/v2\/media?parent=2690"}],"wp:term":[{"taxonomy":"product_brand","embeddable":true,"href":"https:\/\/galaxybicycle.com\/pl\/wp-json\/wp\/v2\/product_brand?post=2690"},{"taxonomy":"product_cat","embeddable":true,"href":"https:\/\/galaxybicycle.com\/pl\/wp-json\/wp\/v2\/product_cat?post=2690"},{"taxonomy":"product_tag","embeddable":true,"href":"https:\/\/galaxybicycle.com\/pl\/wp-json\/wp\/v2\/product_tag?post=2690"}],"curies":[{"name":"wp","href":"https:\/\/api.w.org\/{rel}","templated":true}]}}