{"id":2687,"date":"2025-08-18T03:49:39","date_gmt":"2025-08-18T03:49:39","guid":{"rendered":"http:\/\/galaxybicycle.com\/?post_type=product&#038;p=2687"},"modified":"2025-09-02T09:55:42","modified_gmt":"2025-09-02T09:55:42","slug":"tl620","status":"publish","type":"product","link":"https:\/\/galaxybicycle.com\/pl\/product\/tl620\/","title":{"rendered":"Rower dla doros\u0142ych Galaxy TL620 | 24-biegowy rower g\u00f3rski ze stopu metali lekkich z przerzutkami Shimano"},"content":{"rendered":"<p>Poznaj <strong>Rower dla doros\u0142ych Galaxy TL620<\/strong>Idealne po\u0142\u0105czenie wydajno\u015bci i niezawodno\u015bci dla rowerzyst\u00f3w, kt\u00f3rzy chc\u0105 p\u0142ynnie i przyjemnie je\u017adzi\u0107 na rowerze.<br \/>\nWyposa\u017cony w <strong>Rama ze stopu metali lekkich 26\u2033x17<\/strong>Ten rower jest zar\u00f3wno wytrzyma\u0142y, jak i lekki, dzi\u0119ki czemu idealnie nadaje si\u0119 do dojazd\u00f3w do pracy, fitnessu i jazdy terenowej. Cechy <strong>24-biegowa przek\u0142adnia Shimano<\/strong> zapewnia szybk\u0105 i precyzyjn\u0105 zmian\u0119 prze\u0142o\u017ce\u0144, daj\u0105c moc do pokonywania podjazd\u00f3w, p\u0142askich odcink\u00f3w i zjazd\u00f3w z \u0142atwo\u015bci\u0105.<\/p>\n<p>The <strong>Widelec amortyzowany ze stopu aluminium z MLO<\/strong> poch\u0142ania wstrz\u0105sy z nier\u00f3wnego terenu, podczas gdy <strong>mechaniczne hamulce tarczowe<\/strong> zapewniaj\u0105 sta\u0142\u0105 si\u0142\u0119 hamowania w ka\u017cdych warunkach pogodowych. Z <strong>Opony Kenda K935<\/strong> dla doskona\u0142ej przyczepno\u015bci i <strong>Korba ze stopu metali lekkich Prowheel<\/strong> Dla zwi\u0119kszenia wydajno\u015bci, Galaxy TL620 jest zbudowany tak, aby zapewni\u0107 przyjemn\u0105 jazd\u0119 za ka\u017cdym razem.<\/p>\n<p>Niezale\u017cnie od tego, czy je\u017adzisz po mie\u015bcie, odkrywasz wiejskie drogi, czy cieszysz si\u0119 weekendow\u0105 przygod\u0105, Galaxy TL620 jest Twoim niezawodnym partnerem. \u0141\u0105czy w sobie nowoczesny design, komfort i praktyczne funkcje, zapewniaj\u0105c przyjemno\u015b\u0107 i pewno\u015b\u0107 jazdy.<\/p>\n<h3>Specyfikacje<\/h3>\n<table border=\"1\" cellspacing=\"0\" cellpadding=\"6\">\n<tbody>\n<tr>\n<th>Cecha<\/th>\n<th>Szczeg\u00f3\u0142y<\/th>\n<\/tr>\n<tr>\n<td>Rama<\/td>\n<td>Rama ze stopu 26\u2033x17\u2033<\/td>\n<\/tr>\n<tr>\n<td>Pr\u0119dko\u015b\u0107<\/td>\n<td>24 Pr\u0119dko\u015b\u0107<\/td>\n<\/tr>\n<tr>\n<td>Widelec<\/td>\n<td>Widelec amortyzowany Alloy Crown z MLO<\/td>\n<\/tr>\n<tr>\n<td>System przek\u0142adni<\/td>\n<td>Shimano STEF500 Shift \/ przerzutka przednia FDTY500 \/ przerzutka tylna RDTY300<\/td>\n<\/tr>\n<tr>\n<td>Hamulce<\/td>\n<td>Mechaniczny hamulec tarczowy<\/td>\n<\/tr>\n<tr>\n<td>Opony<\/td>\n<td>Opony Kenda K935 26\u2033x1.5\u2033<\/td>\n<\/tr>\n<tr>\n<td>Piasty<\/td>\n<td>Stalowa piasta \u0142o\u017cyskowa<\/td>\n<\/tr>\n<tr>\n<td>Ko\u0142o \u0142a\u0144cuchowe<\/td>\n<td>Korba ze stopu metali lekkich Prowheel 24\/34\/42T<\/td>\n<\/tr>\n<tr>\n<td>Zestaw B.B.<\/td>\n<td>Zestaw \u0142o\u017cysk B.B.<\/td>\n<\/tr>\n<\/tbody>\n<\/table>","protected":false},"excerpt":{"rendered":"<p>Galaxy TL620 to wszechstronny 24-biegowy rower g\u00f3rski dla doros\u0142ych zaprojektowany z lekk\u0105 ram\u0105 ze stopu aluminium, systemem przek\u0142adni Shimano i responsywnym widelcem amortyzowanym. Zbudowany z my\u015bl\u0105 o codziennych rowerzystach i poszukiwaczach przyg\u00f3d, zapewnia komfort, trwa\u0142o\u015b\u0107 i p\u0142ynne prowadzenie w ka\u017cdym terenie.<\/p>","protected":false},"featured_media":2688,"comment_status":"open","ping_status":"closed","template":"","meta":[],"product_brand":[34],"product_cat":[15],"product_tag":[],"class_list":{"0":"post-2687","1":"product","2":"type-product","3":"status-publish","4":"has-post-thumbnail","6":"product_brand-galaxy","7":"product_cat-galaxybicycle","9":"first","10":"instock","11":"shipping-taxable","12":"product-type-simple"},"_links":{"self":[{"href":"https:\/\/galaxybicycle.com\/pl\/wp-json\/wp\/v2\/product\/2687","targetHints":{"allow":["GET"]}}],"collection":[{"href":"https:\/\/galaxybicycle.com\/pl\/wp-json\/wp\/v2\/product"}],"about":[{"href":"https:\/\/galaxybicycle.com\/pl\/wp-json\/wp\/v2\/types\/product"}],"replies":[{"embeddable":true,"href":"https:\/\/galaxybicycle.com\/pl\/wp-json\/wp\/v2\/comments?post=2687"}],"wp:featuredmedia":[{"embeddable":true,"href":"https:\/\/galaxybicycle.com\/pl\/wp-json\/wp\/v2\/media\/2688"}],"wp:attachment":[{"href":"https:\/\/galaxybicycle.com\/pl\/wp-json\/wp\/v2\/media?parent=2687"}],"wp:term":[{"taxonomy":"product_brand","embeddable":true,"href":"https:\/\/galaxybicycle.com\/pl\/wp-json\/wp\/v2\/product_brand?post=2687"},{"taxonomy":"product_cat","embeddable":true,"href":"https:\/\/galaxybicycle.com\/pl\/wp-json\/wp\/v2\/product_cat?post=2687"},{"taxonomy":"product_tag","embeddable":true,"href":"https:\/\/galaxybicycle.com\/pl\/wp-json\/wp\/v2\/product_tag?post=2687"}],"curies":[{"name":"wp","href":"https:\/\/api.w.org\/{rel}","templated":true}]}}