{"id":2681,"date":"2025-08-18T03:48:41","date_gmt":"2025-08-18T03:48:41","guid":{"rendered":"http:\/\/galaxybicycle.com\/?post_type=product&#038;p=2681"},"modified":"2025-09-02T09:57:29","modified_gmt":"2025-09-02T09:57:29","slug":"ml150l-2","status":"publish","type":"product","link":"https:\/\/galaxybicycle.com\/pl\/product\/ml150l-2\/","title":{"rendered":"Galaxy ML150L 21-biegowy rower g\u00f3rski dla doros\u0142ych | 24\u2033 rama ze stopu metali lekkich z hamulcami tarczowymi"},"content":{"rendered":"<p>Odkryj <strong>Rower dla doros\u0142ych Galaxy ML150L<\/strong> - dobrze wywa\u017cony rower g\u00f3rski stworzony dla rowerzyst\u00f3w ceni\u0105cych si\u0142\u0119, wydajno\u015b\u0107 i styl. Dzi\u0119ki swojej lekko\u015bci <strong>Rama ze stopu metali lekkich 24\u2033<\/strong> i niezawodny <strong>21-biegowy system Shimano<\/strong>Rower ten oferuje p\u0142ynn\u0105 zmian\u0119 prze\u0142o\u017ce\u0144 i doskona\u0142\u0105 adaptacj\u0119 w r\u00f3\u017cnych warunkach terenowych.<\/p>\n<p>The <strong>Widelec amortyzowany ze stalow\u0105 koron\u0105<\/strong> zapewnia dodatkowy komfort na wyboistych drogach, podczas gdy <strong>mechaniczne hamulce tarczowe<\/strong> zapewniaj\u0105 du\u017c\u0105 si\u0142\u0119 hamowania, zapewniaj\u0105c bezpiecze\u0144stwo i pewno\u015b\u0107. Wyposa\u017cone w trwa\u0142e <strong>Opony Kenda 24\u2033<\/strong>Galaxy ML150L zapewnia stabiln\u0105 trakcj\u0119, niezale\u017cnie od tego, czy poruszasz si\u0119 po ulicach miasta, czy po lekkich szlakach.<\/p>\n<p>Stylowy, wytrzyma\u0142y i \u0142atwy w obs\u0142udze Galaxy ML150L to doskona\u0142y wyb\u00f3r dla doros\u0142ych rowerzyst\u00f3w poszukuj\u0105cych wszechstronnego roweru, kt\u00f3ry r\u00f3wnowa\u017cy jako\u015b\u0107 i przyst\u0119pn\u0105 cen\u0119.<\/p>\n<h3>Specyfikacje<\/h3>\n<table border=\"1\" cellspacing=\"0\" cellpadding=\"6\">\n<tbody>\n<tr>\n<th>Cecha<\/th>\n<th>Szczeg\u00f3\u0142y<\/th>\n<\/tr>\n<tr>\n<td>Rama<\/td>\n<td>Rama ze stopu 24 x 13 cali<\/td>\n<\/tr>\n<tr>\n<td>Pr\u0119dko\u015b\u0107<\/td>\n<td>21 bieg\u00f3w<\/td>\n<\/tr>\n<tr>\n<td>Widelec<\/td>\n<td>Widelec amortyzowany Steel Crown<\/td>\n<\/tr>\n<tr>\n<td>System przek\u0142adni<\/td>\n<td>Shimano STEF500 Shift \/ przerzutka tylna RDTZ500 \/ chi\u0144ska przerzutka przednia<\/td>\n<\/tr>\n<tr>\n<td>Uk\u0142ad hamulcowy<\/td>\n<td>Mechaniczny hamulec tarczowy<\/td>\n<\/tr>\n<tr>\n<td>Opony<\/td>\n<td>Opony Kenda K1187 24\u2033 x 1.95\u2033<\/td>\n<\/tr>\n<tr>\n<td>Piasty<\/td>\n<td>Stalowa piasta tarczowa<\/td>\n<\/tr>\n<tr>\n<td>Ko\u0142o \u0142a\u0144cuchowe<\/td>\n<td>Stalowa korba HDL 24\/34\/42T<\/td>\n<\/tr>\n<tr>\n<td>Dolny wspornik<\/td>\n<td>Zestaw \u0142o\u017cysk B.B.<\/td>\n<\/tr>\n<\/tbody>\n<\/table>","protected":false},"excerpt":{"rendered":"<p>Galaxy ML150L to wszechstronny 21-biegowy rower g\u00f3rski dla doros\u0142ych zaprojektowany z my\u015bl\u0105 o komforcie, kontroli i codziennych przygodach. Zbudowany z wytrzyma\u0142ej 24-calowej ramy ze stopu aluminium, niezawodnego systemu przek\u0142adni Shimano i czu\u0142ych hamulc\u00f3w tarczowych, jest idealny do jazdy po mie\u015bcie, po \u015bcie\u017ckach terenowych i do wszystkiego pomi\u0119dzy.<\/p>","protected":false},"featured_media":2682,"comment_status":"open","ping_status":"closed","template":"","meta":[],"product_brand":[34],"product_cat":[15],"product_tag":[],"class_list":{"0":"post-2681","1":"product","2":"type-product","3":"status-publish","4":"has-post-thumbnail","6":"product_brand-galaxy","7":"product_cat-galaxybicycle","9":"first","10":"instock","11":"shipping-taxable","12":"product-type-simple"},"_links":{"self":[{"href":"https:\/\/galaxybicycle.com\/pl\/wp-json\/wp\/v2\/product\/2681","targetHints":{"allow":["GET"]}}],"collection":[{"href":"https:\/\/galaxybicycle.com\/pl\/wp-json\/wp\/v2\/product"}],"about":[{"href":"https:\/\/galaxybicycle.com\/pl\/wp-json\/wp\/v2\/types\/product"}],"replies":[{"embeddable":true,"href":"https:\/\/galaxybicycle.com\/pl\/wp-json\/wp\/v2\/comments?post=2681"}],"wp:featuredmedia":[{"embeddable":true,"href":"https:\/\/galaxybicycle.com\/pl\/wp-json\/wp\/v2\/media\/2682"}],"wp:attachment":[{"href":"https:\/\/galaxybicycle.com\/pl\/wp-json\/wp\/v2\/media?parent=2681"}],"wp:term":[{"taxonomy":"product_brand","embeddable":true,"href":"https:\/\/galaxybicycle.com\/pl\/wp-json\/wp\/v2\/product_brand?post=2681"},{"taxonomy":"product_cat","embeddable":true,"href":"https:\/\/galaxybicycle.com\/pl\/wp-json\/wp\/v2\/product_cat?post=2681"},{"taxonomy":"product_tag","embeddable":true,"href":"https:\/\/galaxybicycle.com\/pl\/wp-json\/wp\/v2\/product_tag?post=2681"}],"curies":[{"name":"wp","href":"https:\/\/api.w.org\/{rel}","templated":true}]}}