{"id":2677,"date":"2025-08-18T03:48:00","date_gmt":"2025-08-18T03:48:00","guid":{"rendered":"http:\/\/galaxybicycle.com\/?post_type=product&#038;p=2677"},"modified":"2025-09-02T09:58:05","modified_gmt":"2025-09-02T09:58:05","slug":"ml150-2","status":"publish","type":"product","link":"https:\/\/galaxybicycle.com\/pl\/product\/ml150-2\/","title":{"rendered":"Rower g\u00f3rski dla doros\u0142ych Galaxy ML150 | 21-biegowy rower z ram\u0105 ze stopu Shimano"},"content":{"rendered":"<p><strong>Rower dla doros\u0142ych Galaxy ML150<\/strong> to brama do przygody, sprawno\u015bci i codziennej zabawy na rowerze. Niezale\u017cnie od tego, czy je\u017adzisz po ulicach miasta, le\u015bnych szlakach czy g\u00f3rskich \u015bcie\u017ckach, ten rower \u0142\u0105czy w sobie <em>si\u0142a, szybko\u015b\u0107 i stabilno\u015b\u0107<\/em> aby zapewni\u0107 pewn\u0105 jazd\u0119.<\/p>\n<p>Wyposa\u017cony w lekki, ale wytrzyma\u0142y <strong>rama ze stopu<\/strong> w wielu opcjach rozmiaru (26\u2033\u00d717\u2033, 24\u2033\u00d713\u2033 i 22\u2033\u00d712\u2033), ML150 zosta\u0142 zaprojektowany tak, aby wygodnie pasowa\u0142 do r\u00f3\u017cnych rowerzyst\u00f3w. Model <strong>21-biegowa przek\u0142adnia Shimano<\/strong> umo\u017cliwia p\u0142ynn\u0105 zmian\u0119 bieg\u00f3w, u\u0142atwiaj\u0105c pokonywanie zar\u00f3wno podjazd\u00f3w, jak i p\u0142askich dr\u00f3g. Jego <strong>mechaniczne hamulce tarczowe<\/strong> zapewniaj\u0105 niezawodn\u0105 si\u0142\u0119 hamowania w ka\u017cdych warunkach pogodowych, podczas gdy <strong>Widelec amortyzowany ze stalow\u0105 koron\u0105<\/strong> poch\u0142ania wstrz\u0105sy, zapewniaj\u0105c p\u0142ynniejsz\u0105 jazd\u0119. Wyposa\u017cony w <strong>Opony Kenda i CST<\/strong>Ten rower g\u00f3rski z \u0142atwo\u015bci\u0105 trzyma si\u0119 drogi i szlaku, zapewniaj\u0105c przyczepno\u015b\u0107 i stabilno\u015b\u0107, kt\u00f3rych potrzebujesz.<\/p>\n<p>Niezale\u017cnie od tego, czy jeste\u015b pocz\u0105tkuj\u0105cym rowerzyst\u0105 po raz pierwszy, czy do\u015bwiadczonym rowerzyst\u0105 szukaj\u0105cym ekonomicznego i wszechstronnego roweru, Galaxy ML150 ma odpowiedni\u0105 r\u00f3wnowag\u0119 mi\u0119dzy wydajno\u015bci\u0105, trwa\u0142o\u015bci\u0105 i komfortem.<\/p>\n<h3>Specyfikacje<\/h3>\n<table border=\"1\" cellspacing=\"0\" cellpadding=\"6\">\n<tbody>\n<tr>\n<th>Cecha<\/th>\n<th>Szczeg\u00f3\u0142y<\/th>\n<\/tr>\n<tr>\n<td>Pr\u0119dko\u015bci<\/td>\n<td>21 bieg\u00f3w<\/td>\n<\/tr>\n<tr>\n<td>Rama<\/td>\n<td>26\u2033\u00d717\u2033 \/ 24\u2033\u00d713\u2033 \/ 22\u2033\u00d712\u2033 Alloy Frame<\/td>\n<\/tr>\n<tr>\n<td>Widelec<\/td>\n<td>Widelec amortyzowany Steel Crown<\/td>\n<\/tr>\n<tr>\n<td>System przek\u0142adni<\/td>\n<td>Przerzutki Shimano STEF500, przerzutka tylna RDTZ500, chi\u0144ska przerzutka przednia<\/td>\n<\/tr>\n<tr>\n<td>Uk\u0142ad hamulcowy<\/td>\n<td>Mechaniczny hamulec tarczowy<\/td>\n<\/tr>\n<tr>\n<td>Opony<\/td>\n<td>Kenda 26\u2033\/24\u2033\u00d71.95\u2033, CST 22\u2033\u00d71.95\u2033<\/td>\n<\/tr>\n<tr>\n<td>Piasty<\/td>\n<td>Stalowa piasta tarczowa<\/td>\n<\/tr>\n<tr>\n<td>Ko\u0142o \u0142a\u0144cuchowe<\/td>\n<td>Stalowa korba HDL 24\/34\/42T<\/td>\n<\/tr>\n<tr>\n<td>Dolny wspornik<\/td>\n<td>Zestaw \u0142o\u017cysk B.B<\/td>\n<\/tr>\n<\/tbody>\n<\/table>","protected":false},"excerpt":{"rendered":"<p>Galaxy ML150 to niezawodny 21-biegowy rower g\u00f3rski dla doros\u0142ych przeznaczony zar\u00f3wno dla codziennych rowerzyst\u00f3w, jak i entuzjast\u00f3w jazdy na \u015bwie\u017cym powietrzu. Zbudowany z wytrzyma\u0142ej ramy ze stopu aluminium, systemu przerzutek Shimano i czu\u0142ych mechanicznych hamulc\u00f3w tarczowych, zapewnia p\u0142ynn\u0105 jazd\u0119 i kontrol\u0119 na r\u00f3\u017cnych terenach.<\/p>","protected":false},"featured_media":2678,"comment_status":"open","ping_status":"closed","template":"","meta":[],"product_brand":[34],"product_cat":[15],"product_tag":[],"class_list":{"0":"post-2677","1":"product","2":"type-product","3":"status-publish","4":"has-post-thumbnail","6":"product_brand-galaxy","7":"product_cat-galaxybicycle","9":"first","10":"instock","11":"shipping-taxable","12":"product-type-simple"},"_links":{"self":[{"href":"https:\/\/galaxybicycle.com\/pl\/wp-json\/wp\/v2\/product\/2677","targetHints":{"allow":["GET"]}}],"collection":[{"href":"https:\/\/galaxybicycle.com\/pl\/wp-json\/wp\/v2\/product"}],"about":[{"href":"https:\/\/galaxybicycle.com\/pl\/wp-json\/wp\/v2\/types\/product"}],"replies":[{"embeddable":true,"href":"https:\/\/galaxybicycle.com\/pl\/wp-json\/wp\/v2\/comments?post=2677"}],"wp:featuredmedia":[{"embeddable":true,"href":"https:\/\/galaxybicycle.com\/pl\/wp-json\/wp\/v2\/media\/2678"}],"wp:attachment":[{"href":"https:\/\/galaxybicycle.com\/pl\/wp-json\/wp\/v2\/media?parent=2677"}],"wp:term":[{"taxonomy":"product_brand","embeddable":true,"href":"https:\/\/galaxybicycle.com\/pl\/wp-json\/wp\/v2\/product_brand?post=2677"},{"taxonomy":"product_cat","embeddable":true,"href":"https:\/\/galaxybicycle.com\/pl\/wp-json\/wp\/v2\/product_cat?post=2677"},{"taxonomy":"product_tag","embeddable":true,"href":"https:\/\/galaxybicycle.com\/pl\/wp-json\/wp\/v2\/product_tag?post=2677"}],"curies":[{"name":"wp","href":"https:\/\/api.w.org\/{rel}","templated":true}]}}