{"id":2657,"date":"2025-08-18T03:45:04","date_gmt":"2025-08-18T03:45:04","guid":{"rendered":"http:\/\/galaxybicycle.com\/?post_type=product&#038;p=2657"},"modified":"2025-09-02T10:03:13","modified_gmt":"2025-09-02T10:03:13","slug":"ms3","status":"publish","type":"product","link":"https:\/\/galaxybicycle.com\/pl\/product\/ms3\/","title":{"rendered":"Rower g\u00f3rski dla doros\u0142ych Galaxy MS3 | 27 bieg\u00f3w Shimano z hydraulicznymi hamulcami tarczowymi"},"content":{"rendered":"<p>The <strong>Rower dla doros\u0142ych Galaxy MS3<\/strong> to idealny wyb\u00f3r dla rowerzyst\u00f3w, kt\u00f3rzy chc\u0105 z \u0142atwo\u015bci\u0105 pokonywa\u0107 zar\u00f3wno szlaki, jak i miejskie drogi. Wyposa\u017cony w lekk\u0105, ale mocn\u0105 ram\u0119 ze stopu aluminium, ten rower g\u00f3rski zapewnia trwa\u0142o\u015b\u0107 bez obci\u0105\u017cania u\u017cytkownika. Jego zaawansowany <strong>27-biegowy system Shimano<\/strong> pozwala na p\u0142ynn\u0105 zmian\u0119 bieg\u00f3w w szerokim zakresie terenu, niezale\u017cnie od tego, czy wspinasz si\u0119 na strome wzg\u00f3rza, czy p\u0119dzisz po p\u0142askich \u015bcie\u017ckach.<\/p>\n<p>Wyposa\u017cony w <strong>widelec amortyzowany z blokad\u0105 hydrauliczn\u0105 (HLO)<\/strong>MS3 zapewnia doskona\u0142\u0105 absorpcj\u0119 wstrz\u0105s\u00f3w na nier\u00f3wnych szlakach, jednocze\u015bnie daj\u0105c mo\u017cliwo\u015b\u0107 zablokowania go na g\u0142adszych drogach. Bezpiecze\u0144stwo i precyzja s\u0105 gwarantowane dzi\u0119ki <strong>Hydrauliczne hamulce tarczowe Shimano MT200<\/strong>oferuj\u0105c niezawodn\u0105 si\u0142\u0119 hamowania w ka\u017cdych warunkach pogodowych. Opony <strong>Opony CST C-1747 26\u00d72,10\u2033<\/strong> zapewniaj\u0105 doskona\u0142\u0105 przyczepno\u015b\u0107 i stabilno\u015b\u0107, a aluminiowe piasty tarczowe Joytech zwi\u0119kszaj\u0105 og\u00f3ln\u0105 wydajno\u015b\u0107 jazdy.<\/p>\n<p>Stylowy, wygodny i zaprojektowany z my\u015bl\u0105 o wydajno\u015bci, Galaxy MS3 jest idealny dla doros\u0142ych, kt\u00f3rzy lubi\u0105 przygody na \u015bwie\u017cym powietrzu, codzienne dojazdy do pracy lub weekendowe przeja\u017cd\u017cki. Dzi\u0119ki profesjonalnym komponentom i eleganckiemu designowi, ten rower oferuje idealn\u0105 r\u00f3wnowag\u0119 mi\u0119dzy niezawodno\u015bci\u0105 i zabaw\u0105.<\/p>\n<h3>Specyfikacje:<\/h3>\n<table border=\"1\" cellspacing=\"0\" cellpadding=\"8\">\n<tbody>\n<tr>\n<th>Cecha<\/th>\n<th>Szczeg\u00f3\u0142y<\/th>\n<\/tr>\n<tr>\n<td>Pr\u0119dko\u015bci<\/td>\n<td>27 Pr\u0119dko\u015b\u0107<\/td>\n<\/tr>\n<tr>\n<td>Rama<\/td>\n<td>Rama ze stopu 26 \u00d7 17 cali<\/td>\n<\/tr>\n<tr>\n<td>Widelec<\/td>\n<td>Widelec amortyzowany Alloy Crown z HLO<\/td>\n<\/tr>\n<tr>\n<td>System przek\u0142adni<\/td>\n<td>Przerzutka Shimano SLM2000 \/ przerzutka przednia FDTY500 \/ przerzutka tylna RDM370<\/td>\n<\/tr>\n<tr>\n<td>Uk\u0142ad hamulcowy<\/td>\n<td>Hydrauliczne hamulce tarczowe Shimano MT200<\/td>\n<\/tr>\n<tr>\n<td>Opony<\/td>\n<td>Opony CST C-1747 26\u2033\u00d72.10\u2033<\/td>\n<\/tr>\n<tr>\n<td>Piasty<\/td>\n<td>Piasta tarczy Joytech Alloy<\/td>\n<\/tr>\n<tr>\n<td>Ko\u0142o \u0142a\u0144cuchowe<\/td>\n<td>Korba ze stopu Shimano 24\/34\/42T<\/td>\n<\/tr>\n<tr>\n<td>Zestaw B.B<\/td>\n<td>Zestaw \u0142o\u017cysk B.B<\/td>\n<\/tr>\n<\/tbody>\n<\/table>","protected":false},"excerpt":{"rendered":"<p>Przenie\u015b swoje przeja\u017cd\u017cki na wy\u017cszy poziom dzi\u0119ki <em>Rower g\u00f3rski dla doros\u0142ych Galaxy MS3<\/em>. Zbudowany z wytrzyma\u0142ej ramy ze stopu 26 \u00d7 17 cali, p\u0142ynnego 27-biegowego systemu przek\u0142adni Shimano i mocnych hydraulicznych hamulc\u00f3w tarczowych, ten rower jest przeznaczony dla poszukiwaczy przyg\u00f3d, kt\u00f3rzy wymagaj\u0105 komfortu, kontroli i wydajno\u015bci.<\/p>","protected":false},"featured_media":2658,"comment_status":"open","ping_status":"closed","template":"","meta":[],"product_brand":[34],"product_cat":[15],"product_tag":[],"class_list":{"0":"post-2657","1":"product","2":"type-product","3":"status-publish","4":"has-post-thumbnail","6":"product_brand-galaxy","7":"product_cat-galaxybicycle","9":"first","10":"instock","11":"shipping-taxable","12":"product-type-simple"},"_links":{"self":[{"href":"https:\/\/galaxybicycle.com\/pl\/wp-json\/wp\/v2\/product\/2657","targetHints":{"allow":["GET"]}}],"collection":[{"href":"https:\/\/galaxybicycle.com\/pl\/wp-json\/wp\/v2\/product"}],"about":[{"href":"https:\/\/galaxybicycle.com\/pl\/wp-json\/wp\/v2\/types\/product"}],"replies":[{"embeddable":true,"href":"https:\/\/galaxybicycle.com\/pl\/wp-json\/wp\/v2\/comments?post=2657"}],"wp:featuredmedia":[{"embeddable":true,"href":"https:\/\/galaxybicycle.com\/pl\/wp-json\/wp\/v2\/media\/2658"}],"wp:attachment":[{"href":"https:\/\/galaxybicycle.com\/pl\/wp-json\/wp\/v2\/media?parent=2657"}],"wp:term":[{"taxonomy":"product_brand","embeddable":true,"href":"https:\/\/galaxybicycle.com\/pl\/wp-json\/wp\/v2\/product_brand?post=2657"},{"taxonomy":"product_cat","embeddable":true,"href":"https:\/\/galaxybicycle.com\/pl\/wp-json\/wp\/v2\/product_cat?post=2657"},{"taxonomy":"product_tag","embeddable":true,"href":"https:\/\/galaxybicycle.com\/pl\/wp-json\/wp\/v2\/product_tag?post=2657"}],"curies":[{"name":"wp","href":"https:\/\/api.w.org\/{rel}","templated":true}]}}