{"id":2655,"date":"2025-08-18T03:44:44","date_gmt":"2025-08-18T03:44:44","guid":{"rendered":"http:\/\/galaxybicycle.com\/?post_type=product&#038;p=2655"},"modified":"2025-09-02T10:03:33","modified_gmt":"2025-09-02T10:03:33","slug":"x22","status":"publish","type":"product","link":"https:\/\/galaxybicycle.com\/pl\/product\/x22\/","title":{"rendered":"Rower g\u00f3rski dla doros\u0142ych Galaxy X22 z 22 biegami Shimano i hydraulicznymi hamulcami tarczowymi"},"content":{"rendered":"<p>Odkryj idealne po\u0142\u0105czenie si\u0142y, precyzji i komfortu dzi\u0119ki <strong>Rower g\u00f3rski dla doros\u0142ych Galaxy X22<\/strong>. Zaprojektowany dla kierowc\u00f3w, kt\u00f3rzy pragn\u0105 zar\u00f3wno wydajno\u015bci, jak i niezawodno\u015bci, X22 jest wyposa\u017cony w <strong>Rama ze stopu metali lekkich 26\u2033 x 17<\/strong> kt\u00f3ra r\u00f3wnowa\u017cy trwa\u0142o\u015b\u0107 z lekko\u015bci\u0105. Jego <strong>magnezowy widelec amortyzowany z koron\u0105 ze stopu aluminium i RL<\/strong> Zapewnia amortyzacj\u0119, zapewniaj\u0105c p\u0142ynn\u0105 jazd\u0119 nawet na kamienistych szlakach.<\/p>\n<p>Z <strong>22-biegowa przek\u0142adnia Shimano<\/strong>Galaxy X22 pozwala z \u0142atwo\u015bci\u0105 pokonywa\u0107 podjazdy, zjazdy i p\u0142askie \u015bcie\u017cki. Hydrauliczne hamulce tarczowe Shimano MT200 zapewniaj\u0105 pot\u0119\u017cn\u0105 si\u0142\u0119 hamowania, zapewniaj\u0105c bezpiecze\u0144stwo i pewno\u015b\u0107 w ka\u017cdych warunkach pogodowych. Premium <strong>Opony Maxxis 26\u2033 x 2.10\u2033<\/strong> zapewniaj\u0105 doskona\u0142\u0105 przyczepno\u015b\u0107, a \u0142o\u017cyskowane piasty tarczowe Joytech zwi\u0119kszaj\u0105 stabilno\u015b\u0107 i wydajno\u015b\u0107. Niezale\u017cnie od tego, czy jeste\u015b pocz\u0105tkuj\u0105cym poszukiwaczem przyg\u00f3d, czy do\u015bwiadczonym rowerzyst\u0105, Galaxy X22 jest najlepszym towarzyszem emocji zwi\u0105zanych z kolarstwem g\u00f3rskim.<\/p>\n<h3>Kluczowe cechy:<\/h3>\n<ul>\n<li>Lekka rama ze stopu 26\u2033 x 17\u2033 zapewnia wytrzyma\u0142o\u015b\u0107 i trwa\u0142o\u015b\u0107<\/li>\n<li>22-biegowy system Shimano zapewniaj\u0105cy wszechstronne osi\u0105gi<\/li>\n<li>Hydrauliczne hamulce tarczowe Shimano MT200 zapewniaj\u0105 doskona\u0142\u0105 si\u0142\u0119 hamowania<\/li>\n<li>Magnezowy widelec amortyzowany z koron\u0105 ze stopu aluminium i RL zapewnia p\u0142ynn\u0105 jazd\u0119<\/li>\n<li>Opony Maxxis 26\u2033 x 2.10\u2033 zapewniaj\u0105 niezawodn\u0105 przyczepno\u015b\u0107<\/li>\n<li>\u0141o\u017cyskowane piasty tarczowe Joytech zapewniaj\u0105 d\u0142ugotrwa\u0142\u0105 stabilno\u015b\u0107<\/li>\n<li>2-cz\u0119\u015bciowa korba Prowheel Claw-551-TT ze stopu aluminium zapewnia efektywne przenoszenie mocy.<\/li>\n<\/ul>\n<h3>Specyfikacje:<\/h3>\n<table border=\"1\" cellspacing=\"0\" cellpadding=\"6\">\n<tbody>\n<tr>\n<th>Cecha<\/th>\n<th>Szczeg\u00f3\u0142y<\/th>\n<\/tr>\n<tr>\n<td>Pr\u0119dko\u015bci<\/td>\n<td>22 Pr\u0119dko\u015b\u0107<\/td>\n<\/tr>\n<tr>\n<td>Rama<\/td>\n<td>Rama ze stopu 26 x 17 cali<\/td>\n<\/tr>\n<tr>\n<td>Widelec<\/td>\n<td>Widelec amortyzowany Alloy Crown Magnesium Suspension Fork z RL<\/td>\n<\/tr>\n<tr>\n<td>System przek\u0142adni<\/td>\n<td>Shimano SLM7000 Shift \/ przerzutka przednia FDM7025 \/ przerzutka tylna RDM7000<\/td>\n<\/tr>\n<tr>\n<td>Uk\u0142ad hamulcowy<\/td>\n<td>Hydrauliczny hamulec tarczowy Shimano MT200<\/td>\n<\/tr>\n<tr>\n<td>Opony<\/td>\n<td>Maxxis 26\u2033 x 2.10\u2033<\/td>\n<\/tr>\n<tr>\n<td>Piasty<\/td>\n<td>Piasta tarczy z \u0142o\u017cyskiem stopowym Joytech<\/td>\n<\/tr>\n<tr>\n<td>Ko\u0142o \u0142a\u0144cuchowe<\/td>\n<td>Korba ze stopu metali lekkich Prowheel Claw-551-TT 2PCS<\/td>\n<\/tr>\n<tr>\n<td>Zestaw B.B<\/td>\n<td>Mecz z Crank<\/td>\n<\/tr>\n<\/tbody>\n<\/table>","protected":false},"excerpt":{"rendered":"<p>Galaxy X22 to wysokowydajny 22-biegowy rower g\u00f3rski stworzony dla poszukiwaczy przyg\u00f3d. Wyposa\u017cony w lekk\u0105 ram\u0119 ze stopu aluminium, system przerzutek Shimano i hydrauliczne hamulce tarczowe Shimano MT200, zapewnia p\u0142ynn\u0105 zmian\u0119 bieg\u00f3w, mocne hamowanie i najwy\u017csz\u0105 kontrol\u0119 w trudnym terenie.<\/p>","protected":false},"featured_media":2656,"comment_status":"open","ping_status":"closed","template":"","meta":[],"product_brand":[34],"product_cat":[15],"product_tag":[],"class_list":{"0":"post-2655","1":"product","2":"type-product","3":"status-publish","4":"has-post-thumbnail","6":"product_brand-galaxy","7":"product_cat-galaxybicycle","9":"first","10":"instock","11":"shipping-taxable","12":"product-type-simple"},"_links":{"self":[{"href":"https:\/\/galaxybicycle.com\/pl\/wp-json\/wp\/v2\/product\/2655","targetHints":{"allow":["GET"]}}],"collection":[{"href":"https:\/\/galaxybicycle.com\/pl\/wp-json\/wp\/v2\/product"}],"about":[{"href":"https:\/\/galaxybicycle.com\/pl\/wp-json\/wp\/v2\/types\/product"}],"replies":[{"embeddable":true,"href":"https:\/\/galaxybicycle.com\/pl\/wp-json\/wp\/v2\/comments?post=2655"}],"wp:featuredmedia":[{"embeddable":true,"href":"https:\/\/galaxybicycle.com\/pl\/wp-json\/wp\/v2\/media\/2656"}],"wp:attachment":[{"href":"https:\/\/galaxybicycle.com\/pl\/wp-json\/wp\/v2\/media?parent=2655"}],"wp:term":[{"taxonomy":"product_brand","embeddable":true,"href":"https:\/\/galaxybicycle.com\/pl\/wp-json\/wp\/v2\/product_brand?post=2655"},{"taxonomy":"product_cat","embeddable":true,"href":"https:\/\/galaxybicycle.com\/pl\/wp-json\/wp\/v2\/product_cat?post=2655"},{"taxonomy":"product_tag","embeddable":true,"href":"https:\/\/galaxybicycle.com\/pl\/wp-json\/wp\/v2\/product_tag?post=2655"}],"curies":[{"name":"wp","href":"https:\/\/api.w.org\/{rel}","templated":true}]}}