{"id":2641,"date":"2025-08-18T03:42:17","date_gmt":"2025-08-18T03:42:17","guid":{"rendered":"http:\/\/galaxybicycle.com\/?post_type=product&#038;p=2641"},"modified":"2025-09-02T10:10:06","modified_gmt":"2025-09-02T10:10:06","slug":"xc90","status":"publish","type":"product","link":"https:\/\/galaxybicycle.com\/pl\/product\/xc90\/","title":{"rendered":"Rower g\u00f3rski dla doros\u0142ych Galaxy XC90 | 30-biegowa rama z w\u0142\u00f3kna w\u0119glowego Hydrauliczny hamulec tarczowy Shimano"},"content":{"rendered":"<p><strong>Rower g\u00f3rski dla doros\u0142ych Galaxy XC90<\/strong> jest przeznaczony dla rowerzyst\u00f3w wymagaj\u0105cych wydajno\u015bci, si\u0142y i szybko\u015bci. Zbudowany z najwy\u017cszej jako\u015bci <strong>Rama z w\u0142\u00f3kna w\u0119glowego 26\u2033x16<\/strong>Ten rower jest mocny, a jednocze\u015bnie lekki, dzi\u0119ki czemu idealnie nadaje si\u0119 do pokonywania wzniesie\u0144, \u015bcigania si\u0119 na szlakach i pokonywania technicznych tras. W zestawie <strong>30-biegowa przek\u0142adnia Shimano<\/strong> Zapewnia p\u0142ynn\u0105 i precyzyjn\u0105 zmian\u0119 prze\u0142o\u017ce\u0144, zapewniaj\u0105c odpowiedni bieg w ka\u017cdej sytuacji.<\/p>\n<p>Wyposa\u017cony w <strong>Magnezowy widelec amortyzowany z RL<\/strong>Galaxy XC90 skutecznie poch\u0142ania wstrz\u0105sy, oferuj\u0105c komfort i stabilno\u015b\u0107 na kamienistych, nier\u00f3wnych szlakach. W <strong>Hydrauliczne hamulce tarczowe Shimano MT200<\/strong> zapewniaj\u0105 pot\u0119\u017cn\u0105 i czu\u0142\u0105 si\u0142\u0119 hamowania, zapewniaj\u0105c bezpiecze\u0144stwo i kontrol\u0119 w ka\u017cdych warunkach - w deszczu lub w s\u0142o\u0144cu. Wytrzyma\u0142y <strong>Opony Maxxis 26\u2033x2.10\u2033<\/strong> zapewniaj\u0105 doskona\u0142\u0105 przyczepno\u015b\u0107 i trakcj\u0119, a piasty z \u0142o\u017cyskami stopowymi Joytech zapewniaj\u0105 p\u0142ynn\u0105 i wydajn\u0105 jazd\u0119. Z <strong>Korba ze stopu metali lekkich Prowheel 24\/32\/42T<\/strong>Ten rower g\u00f3rski zosta\u0142 stworzony z my\u015bl\u0105 o wytrzyma\u0142o\u015bci, precyzji i przygodzie.<\/p>\n<p>Niezale\u017cnie od tego, czy jeste\u015b do\u015bwiadczonym rowerzyst\u0105 g\u00f3rskim, czy pocz\u0105tkuj\u0105cym, kt\u00f3ry szuka niezawodnej i profesjonalnej jazdy, Galaxy XC90 jest idealnym towarzyszem do odkrywania szlak\u00f3w, las\u00f3w i g\u00f3r. \u0141\u0105czy w sobie najnowocze\u015bniejsz\u0105 technologi\u0119, stylowy wygl\u0105d i profesjonalne komponenty w jednej pot\u0119\u017cnej maszynie.<\/p>\n<h3>Specyfikacje<\/h3>\n<table border=\"1\" cellspacing=\"0\" cellpadding=\"6\">\n<tbody>\n<tr>\n<th>Cecha<\/th>\n<th>Szczeg\u00f3\u0142y<\/th>\n<\/tr>\n<tr>\n<td>Pr\u0119dko\u015bci<\/td>\n<td>30 Pr\u0119dko\u015b\u0107<\/td>\n<\/tr>\n<tr>\n<td>Rama<\/td>\n<td>Rama z w\u0142\u00f3kna w\u0119glowego 26\u2033x16<\/td>\n<\/tr>\n<tr>\n<td>Widelec<\/td>\n<td>Widelec amortyzowany Alloy Crown Magnesium Suspension Fork z RL<\/td>\n<\/tr>\n<tr>\n<td>System przek\u0142adni<\/td>\n<td>Przerzutka Shimano SLM610 \/ przerzutka przednia FDM611 \/ przerzutka tylna RDM610<\/td>\n<\/tr>\n<tr>\n<td>Uk\u0142ad hamulcowy<\/td>\n<td>Hydrauliczny hamulec tarczowy Shimano MT200<\/td>\n<\/tr>\n<tr>\n<td>Opony<\/td>\n<td>Maxxis 26\u2033x2.10\u2033<\/td>\n<\/tr>\n<tr>\n<td>Piasty<\/td>\n<td>Piasta tarczy z \u0142o\u017cyskiem stopowym Joytech<\/td>\n<\/tr>\n<tr>\n<td>Ko\u0142o \u0142a\u0144cuchowe<\/td>\n<td>Korba ze stopu metali lekkich Prowheel TEN-601-TT 24\/32\/42T<\/td>\n<\/tr>\n<tr>\n<td>Zestaw B.B.<\/td>\n<td>Mecz z Crank<\/td>\n<\/tr>\n<\/tbody>\n<\/table>\n<p><em>Galaxy XC90 - zaprojektowany dla rowerzyst\u00f3w, kt\u00f3rzy chc\u0105 pr\u0119dko\u015bci, kontroli i najlepszych wra\u017ce\u0144 z jazdy na rowerze g\u00f3rskim.<\/em><\/p>","protected":false},"excerpt":{"rendered":"<p>Przenie\u015b swoje przygody na wy\u017cszy poziom dzi\u0119ki Galaxy XC90 - wysokowydajnemu rowerowi g\u00f3rskiemu dla doros\u0142ych z lekk\u0105 ram\u0105 z w\u0142\u00f3kna w\u0119glowego, 30-biegow\u0105 przek\u0142adni\u0105 Shimano i mocnymi hydraulicznymi hamulcami tarczowymi zapewniaj\u0105cymi najwy\u017csz\u0105 kontrol\u0119 w ka\u017cdym terenie.<\/p>","protected":false},"featured_media":2642,"comment_status":"open","ping_status":"closed","template":"","meta":[],"product_brand":[34],"product_cat":[15],"product_tag":[],"class_list":{"0":"post-2641","1":"product","2":"type-product","3":"status-publish","4":"has-post-thumbnail","6":"product_brand-galaxy","7":"product_cat-galaxybicycle","9":"first","10":"instock","11":"shipping-taxable","12":"product-type-simple"},"_links":{"self":[{"href":"https:\/\/galaxybicycle.com\/pl\/wp-json\/wp\/v2\/product\/2641","targetHints":{"allow":["GET"]}}],"collection":[{"href":"https:\/\/galaxybicycle.com\/pl\/wp-json\/wp\/v2\/product"}],"about":[{"href":"https:\/\/galaxybicycle.com\/pl\/wp-json\/wp\/v2\/types\/product"}],"replies":[{"embeddable":true,"href":"https:\/\/galaxybicycle.com\/pl\/wp-json\/wp\/v2\/comments?post=2641"}],"wp:featuredmedia":[{"embeddable":true,"href":"https:\/\/galaxybicycle.com\/pl\/wp-json\/wp\/v2\/media\/2642"}],"wp:attachment":[{"href":"https:\/\/galaxybicycle.com\/pl\/wp-json\/wp\/v2\/media?parent=2641"}],"wp:term":[{"taxonomy":"product_brand","embeddable":true,"href":"https:\/\/galaxybicycle.com\/pl\/wp-json\/wp\/v2\/product_brand?post=2641"},{"taxonomy":"product_cat","embeddable":true,"href":"https:\/\/galaxybicycle.com\/pl\/wp-json\/wp\/v2\/product_cat?post=2641"},{"taxonomy":"product_tag","embeddable":true,"href":"https:\/\/galaxybicycle.com\/pl\/wp-json\/wp\/v2\/product_tag?post=2641"}],"curies":[{"name":"wp","href":"https:\/\/api.w.org\/{rel}","templated":true}]}}