{"id":2634,"date":"2025-08-18T03:41:01","date_gmt":"2025-08-18T03:41:01","guid":{"rendered":"http:\/\/galaxybicycle.com\/?post_type=product&#038;p=2634"},"modified":"2025-09-02T10:08:49","modified_gmt":"2025-09-02T10:08:49","slug":"tl860","status":"publish","type":"product","link":"https:\/\/galaxybicycle.com\/pl\/product\/tl860\/","title":{"rendered":"Galaxy TL860 Rower turystyczny dla doros\u0142ych | 27-biegowy rower z ram\u0105 ze stopu Shimano"},"content":{"rendered":"<p><strong>Rower turystyczny dla doros\u0142ych Galaxy TL860<\/strong> to idealny wyb\u00f3r dla rowerzyst\u00f3w, kt\u00f3rzy uwielbiaj\u0105 odkrywa\u0107 otwarte drogi i podejmowa\u0107 nowe przygody rowerowe. Zbudowany z mocnego, ale lekkiego <em>Rama ze stopu 700C x 17\"<\/em>Ten rower \u0142\u0105czy w sobie szybko\u015b\u0107, trwa\u0142o\u015b\u0107 i komfort w jednej eleganckiej konstrukcji.<\/p>\n<p>Wyposa\u017cony w <strong>27-biegowy system przerzutek Shimano<\/strong>TL860 umo\u017cliwia p\u0142ynne prze\u0142\u0105czanie bieg\u00f3w, aby z \u0142atwo\u015bci\u0105 radzi\u0107 sobie na p\u0142askich autostradach, podjazdach lub zjazdach. Jego <strong>Widelec amortyzowany Zoom z MLO<\/strong> poprawia absorpcj\u0119 wstrz\u0105s\u00f3w, zapewniaj\u0105c p\u0142ynniejsz\u0105 i bardziej kontrolowan\u0105 jazd\u0119, nawet na nier\u00f3wnych nawierzchniach.<\/p>\n<p>Bezpiecze\u0144stwo i kontrola s\u0105 najwa\u017cniejszymi priorytetami, dlatego TL860 jest wyposa\u017cony w <strong>Hydrauliczne hamulce tarczowe Shimano MT200<\/strong> kt\u00f3re zapewniaj\u0105 wysok\u0105 skuteczno\u015b\u0107 hamowania w ka\u017cdych warunkach pogodowych. Opony <strong>Opony CST C-1446 700C x 40C<\/strong> zapewniaj\u0105 doskona\u0142\u0105 przyczepno\u015b\u0107 i stabilno\u015b\u0107, a piasty tarczowe Joytech zapewniaj\u0105 p\u0142ynne obracanie si\u0119 k\u00f3\u0142, co zapewnia wytrzyma\u0142o\u015b\u0107 na d\u0142ugich dystansach.<\/p>\n<p>Niezale\u017cnie od tego, czy jeste\u015b do\u015bwiadczonym entuzjast\u0105 jazdy turystycznej, czy zwyk\u0142ym rowerzyst\u0105 szukaj\u0105cym niezawodno\u015bci. <strong>Galaxy TL860<\/strong> zosta\u0142 zaprojektowany, aby zapewni\u0107 wyj\u0105tkow\u0105 wydajno\u015b\u0107, komfort i wszechstronno\u015b\u0107. Od miejskich dojazd\u00f3w do pracy po prze\u0142ajowe przygody, ten rower jest gotowy zabra\u0107 Ci\u0119 wsz\u0119dzie tam, gdzie prowadzi droga.<\/p>\n<h3>Specyfikacje<\/h3>\n<table border=\"1\" cellspacing=\"0\" cellpadding=\"8\">\n<tbody>\n<tr>\n<th>Cecha<\/th>\n<th>Szczeg\u00f3\u0142y<\/th>\n<\/tr>\n<tr>\n<td>Pr\u0119dko\u015bci<\/td>\n<td>27 Pr\u0119dko\u015b\u0107<\/td>\n<\/tr>\n<tr>\n<td>Rama<\/td>\n<td>Rama ze stopu 700C x 17\u2033<\/td>\n<\/tr>\n<tr>\n<td>Widelec<\/td>\n<td>Widelec amortyzowany Zoom Full Alloy z MLO<\/td>\n<\/tr>\n<tr>\n<td>System przek\u0142adni<\/td>\n<td>Przerzutka przednia Shimano FDTY500 \/ przerzutka tylna RDM370 \/ przerzutka SLM2000 \/ wolne ko\u0142o CSHG2009<\/td>\n<\/tr>\n<tr>\n<td>Uk\u0142ad hamulcowy<\/td>\n<td>Hydrauliczny hamulec tarczowy Shimano MT200<\/td>\n<\/tr>\n<tr>\n<td>Opony<\/td>\n<td>CST C-1446 700C x 40C<\/td>\n<\/tr>\n<tr>\n<td>Piasty<\/td>\n<td>Joytech Disc Hub<\/td>\n<\/tr>\n<tr>\n<td>Ko\u0142o \u0142a\u0144cuchowe<\/td>\n<td>Korba ze stopu Shimano 24\/34\/42T<\/td>\n<\/tr>\n<tr>\n<td>Zestaw B.B.<\/td>\n<td>Zestaw \u0142o\u017cysk B.B.<\/td>\n<\/tr>\n<\/tbody>\n<\/table>","protected":false},"excerpt":{"rendered":"<p>Galaxy TL860 to wysokowydajny rower turystyczny dla doros\u0142ych zaprojektowany z my\u015bl\u0105 o komforcie i przygodzie na d\u0142ugich dystansach. Dzi\u0119ki lekkiej ramie ze stopu 700C, 27-biegowemu nap\u0119dowi Shimano i hydraulicznym hamulcom tarczowym, rower ten jest przystosowany zar\u00f3wno do g\u0142adkich dr\u00f3g, jak i trudnych teren\u00f3w.<\/p>","protected":false},"featured_media":2635,"comment_status":"open","ping_status":"closed","template":"","meta":[],"product_brand":[34],"product_cat":[15],"product_tag":[],"class_list":{"0":"post-2634","1":"product","2":"type-product","3":"status-publish","4":"has-post-thumbnail","6":"product_brand-galaxy","7":"product_cat-galaxybicycle","9":"first","10":"instock","11":"shipping-taxable","12":"product-type-simple"},"_links":{"self":[{"href":"https:\/\/galaxybicycle.com\/pl\/wp-json\/wp\/v2\/product\/2634","targetHints":{"allow":["GET"]}}],"collection":[{"href":"https:\/\/galaxybicycle.com\/pl\/wp-json\/wp\/v2\/product"}],"about":[{"href":"https:\/\/galaxybicycle.com\/pl\/wp-json\/wp\/v2\/types\/product"}],"replies":[{"embeddable":true,"href":"https:\/\/galaxybicycle.com\/pl\/wp-json\/wp\/v2\/comments?post=2634"}],"wp:featuredmedia":[{"embeddable":true,"href":"https:\/\/galaxybicycle.com\/pl\/wp-json\/wp\/v2\/media\/2635"}],"wp:attachment":[{"href":"https:\/\/galaxybicycle.com\/pl\/wp-json\/wp\/v2\/media?parent=2634"}],"wp:term":[{"taxonomy":"product_brand","embeddable":true,"href":"https:\/\/galaxybicycle.com\/pl\/wp-json\/wp\/v2\/product_brand?post=2634"},{"taxonomy":"product_cat","embeddable":true,"href":"https:\/\/galaxybicycle.com\/pl\/wp-json\/wp\/v2\/product_cat?post=2634"},{"taxonomy":"product_tag","embeddable":true,"href":"https:\/\/galaxybicycle.com\/pl\/wp-json\/wp\/v2\/product_tag?post=2634"}],"curies":[{"name":"wp","href":"https:\/\/api.w.org\/{rel}","templated":true}]}}