{"id":2630,"date":"2025-08-18T03:40:22","date_gmt":"2025-08-18T03:40:22","guid":{"rendered":"http:\/\/galaxybicycle.com\/?post_type=product&#038;p=2630"},"modified":"2025-09-02T08:33:16","modified_gmt":"2025-09-02T08:33:16","slug":"m300e","status":"publish","type":"product","link":"https:\/\/galaxybicycle.com\/pl\/product\/m300e\/","title":{"rendered":"Velopro M300E Long-Range Commuter High-Step eBike | 27,5\u2033 Shimano 21-Speed Rower elektryczny"},"content":{"rendered":"<p>Poznaj <strong>Velopro M300E Rower elektryczny do dalekich podr\u00f3\u017cy<\/strong>idealny partner do codziennych dojazd\u00f3w do pracy i weekendowych przyg\u00f3d. Zaprojektowany z mocn\u0105 aluminiow\u0105 ram\u0105 6061 i responsywnym widelcem amortyzowanym Zoom, zapewnia stabilno\u015b\u0107 i komfort zar\u00f3wno na ulicach miasta, jak i na lekkich szlakach.<\/p>\n<p>Wyposa\u017cony w <strong>Silnik tylny Bafang 36V 250W<\/strong> oraz <strong>Akumulator 36 V 10,4 Ah<\/strong>Ten rower elektryczny zapewnia sta\u0142e wspomaganie podczas d\u0142u\u017cszych przeja\u017cd\u017cek, pomagaj\u0105c pokonywa\u0107 wzniesienia i cieszy\u0107 si\u0119 d\u0142u\u017cszymi wycieczkami bez wysi\u0142ku. Model <strong>21-biegowa przerzutka Shimano<\/strong> zapewnia wszechstronn\u0105 kontrol\u0119, niezale\u017cnie od tego, czy potrzebujesz p\u0142ynnej pr\u0119dko\u015bci przelotowej, czy dodatkowej mocy wspinaczkowej.<\/p>\n<p>Bezpiecze\u0144stwo jest priorytetem dzi\u0119ki <strong>Mechaniczne hamulce tarczowe Logan<\/strong> zapewnia niezawodn\u0105 si\u0142\u0119 hamowania w ka\u017cdych warunkach, podczas gdy <strong>Opony CST 27,5\" x 1,95<\/strong> zapewniaj\u0105 doskona\u0142\u0105 przyczepno\u015b\u0107 i komfort. Dzi\u0119ki czytelnemu wy\u015bwietlaczowi LCD mo\u017cna na pierwszy rzut oka \u015bledzi\u0107 pr\u0119dko\u015b\u0107, \u017cywotno\u015b\u0107 baterii i poziomy wspomagania.<\/p>\n<p>Je\u015bli szukasz <strong>Niezawodny, stylowy i d\u0142ugodystansowy eBike do dojazd\u00f3w do pracy<\/strong> kt\u00f3ry r\u00f3wnowa\u017cy przyst\u0119pn\u0105 cen\u0119 i wydajno\u015b\u0107, model Velopro M300E jest najlepszym wyborem. Jed\u017a dalej, jed\u017a m\u0105drzej i spraw, by ka\u017cda podr\u00f3\u017c by\u0142a przyjemna.<\/p>\n<h2>Specyfikacje<\/h2>\n<table border=\"1\" cellspacing=\"0\" cellpadding=\"6\">\n<tbody>\n<tr>\n<th>Komponent<\/th>\n<th>Szczeg\u00f3\u0142y<\/th>\n<\/tr>\n<tr>\n<td>Rama<\/td>\n<td>Aluminium 6061#, 27,5 x 470 mm High-Step<\/td>\n<\/tr>\n<tr>\n<td>Widelec<\/td>\n<td>Widelec amortyzowany Zoom 27,5\u2033 Alloy Crown z HLO<\/td>\n<\/tr>\n<tr>\n<td>Przerzutka<\/td>\n<td>Shimano 21 pr\u0119dko\u015bci<\/td>\n<\/tr>\n<tr>\n<td>Hamulec<\/td>\n<td>Mechaniczny hamulec tarczowy Logan<\/td>\n<\/tr>\n<tr>\n<td>Opona<\/td>\n<td>CST 27,5\u2033 (650B) x 1,95<\/td>\n<\/tr>\n<tr>\n<td>Wy\u015bwietlacz<\/td>\n<td>LCD<\/td>\n<\/tr>\n<tr>\n<td>Silnik<\/td>\n<td>Tylny silnik Bafang 36V x 250W<\/td>\n<\/tr>\n<tr>\n<td>Bateria<\/td>\n<td>36V 10.4Ah (akumulator chi\u0144ski)<\/td>\n<\/tr>\n<\/tbody>\n<\/table>","protected":false},"excerpt":{"rendered":"<p>Velopro M300E jest przeznaczony dla rowerzyst\u00f3w, kt\u00f3rzy oczekuj\u0105 niezawodnych osi\u0105g\u00f3w, komfortu i zasi\u0119gu. Wyposa\u017cony w 27,5-calow\u0105 ram\u0119 o wysokim skoku, 21-biegow\u0105 przek\u0142adni\u0119 Shimano i mocny tylny silnik Bafang, ten podmiejski rower elektryczny sprawia, \u017ce przeja\u017cd\u017cki po mie\u015bcie i d\u0142ugie podr\u00f3\u017ce s\u0105 p\u0142ynne, wydajne i przyjemne.<\/p>","protected":false},"featured_media":2631,"comment_status":"open","ping_status":"closed","template":"","meta":[],"product_brand":[35],"product_cat":[31,27,38],"product_tag":[],"class_list":{"0":"post-2630","1":"product","2":"type-product","3":"status-publish","4":"has-post-thumbnail","6":"product_brand-velopro","7":"product_cat-mountain-ebike","8":"product_cat-city-ebike","9":"product_cat-velopro-electric-bikes","11":"first","12":"instock","13":"shipping-taxable","14":"product-type-simple"},"_links":{"self":[{"href":"https:\/\/galaxybicycle.com\/pl\/wp-json\/wp\/v2\/product\/2630","targetHints":{"allow":["GET"]}}],"collection":[{"href":"https:\/\/galaxybicycle.com\/pl\/wp-json\/wp\/v2\/product"}],"about":[{"href":"https:\/\/galaxybicycle.com\/pl\/wp-json\/wp\/v2\/types\/product"}],"replies":[{"embeddable":true,"href":"https:\/\/galaxybicycle.com\/pl\/wp-json\/wp\/v2\/comments?post=2630"}],"wp:featuredmedia":[{"embeddable":true,"href":"https:\/\/galaxybicycle.com\/pl\/wp-json\/wp\/v2\/media\/2631"}],"wp:attachment":[{"href":"https:\/\/galaxybicycle.com\/pl\/wp-json\/wp\/v2\/media?parent=2630"}],"wp:term":[{"taxonomy":"product_brand","embeddable":true,"href":"https:\/\/galaxybicycle.com\/pl\/wp-json\/wp\/v2\/product_brand?post=2630"},{"taxonomy":"product_cat","embeddable":true,"href":"https:\/\/galaxybicycle.com\/pl\/wp-json\/wp\/v2\/product_cat?post=2630"},{"taxonomy":"product_tag","embeddable":true,"href":"https:\/\/galaxybicycle.com\/pl\/wp-json\/wp\/v2\/product_tag?post=2630"}],"curies":[{"name":"wp","href":"https:\/\/api.w.org\/{rel}","templated":true}]}}