{"id":2624,"date":"2025-08-18T03:39:16","date_gmt":"2025-08-18T03:39:16","guid":{"rendered":"http:\/\/galaxybicycle.com\/?post_type=product&#038;p=2624"},"modified":"2025-09-02T09:04:15","modified_gmt":"2025-09-02T09:04:15","slug":"m800e","status":"publish","type":"product","link":"https:\/\/galaxybicycle.com\/pl\/product\/m800e\/","title":{"rendered":"Velopro M800E All-Terrain Fat Tire Electric Bike | 26\u2033 x 4.0\u2033 Adventure eBike"},"content":{"rendered":"<p><strong>Velopro M800E Przygodowy e-rower terenowy<\/strong> zosta\u0142 zaprojektowany z my\u015bl\u0105 o przekraczaniu granic zwyk\u0142ej jazdy na rowerze. Niezale\u017cnie od tego, czy odkrywasz nier\u00f3wne szlaki, piaszczyste pla\u017ce czy za\u015bnie\u017cone \u015bcie\u017cki, ten rower elektryczny z grubymi oponami zapewnia stabilno\u015b\u0107, przyczepno\u015b\u0107 i moc podczas ka\u017cdej jazdy. Wyposa\u017cony w niezawodny <strong>Silnik tylny Bafang 36V 250W<\/strong> oraz <strong>Akumulator 36 V 10,4 Ah<\/strong>Zapewnia idealn\u0105 r\u00f3wnowag\u0119 mi\u0119dzy osi\u0105gami i wydajno\u015bci\u0105 podczas codziennych dojazd\u00f3w do pracy i weekendowych przyg\u00f3d.<\/p>\n<p>Silny <strong>Rama ze stopu aluminium 6061<\/strong> jest po\u0142\u0105czony z wytrzyma\u0142ym stalowym widelcem, zapewniaj\u0105c pewno\u015b\u0107 na nier\u00f3wnym terenie. Szeroki <strong>Opony t\u0142uszczowe Chaoyang 26\u00d74,0\"<\/strong> zwi\u0119kszaj\u0105 przyczepno\u015b\u0107 i poch\u0142aniaj\u0105 wstrz\u0105sy, zapewniaj\u0105c komfort na ka\u017cdej powierzchni. Z <strong>8-biegowa przek\u0142adnia Shimano<\/strong>Kierowcy mog\u0105 \u0142atwo dostosowa\u0107 si\u0119 do p\u0142askich dr\u00f3g miejskich lub stromych podjazd\u00f3w terenowych. Si\u0142a hamowania jest obs\u0142ugiwana przez <strong>Mechaniczne hamulce tarczowe Zoom<\/strong>zapewniaj\u0105c sta\u0142\u0105 kontrol\u0119 w ka\u017cdych warunkach pogodowych.<\/p>\n<p>Dla dodatkowej wygody <strong>Wy\u015bwietlacz LCD<\/strong> na bie\u017c\u0105co informuje o pr\u0119dko\u015bci, dystansie i \u017cywotno\u015bci baterii, u\u0142atwiaj\u0105c planowanie przeja\u017cd\u017cek. Niezale\u017cnie od tego, czy jeste\u015b osob\u0105 doje\u017cd\u017caj\u0105c\u0105 do pracy, odkrywc\u0105, czy weekendowym wojownikiem, Velopro M800E jest niezawodnym partnerem podczas przyg\u00f3d w ka\u017cdym terenie.<\/p>\n<h3>Specyfikacje<\/h3>\n<table border=\"1\" cellspacing=\"0\" cellpadding=\"6\">\n<tbody>\n<tr>\n<th>Cecha<\/th>\n<th>Szczeg\u00f3\u0142y<\/th>\n<\/tr>\n<tr>\n<td>Rama<\/td>\n<td>Stop aluminium 6061, 26 x 457 mm<\/td>\n<\/tr>\n<tr>\n<td>Widelec<\/td>\n<td>Widelec stalowy 26\"<\/td>\n<\/tr>\n<tr>\n<td>Przerzutka<\/td>\n<td>Shimano 8 pr\u0119dko\u015bci<\/td>\n<\/tr>\n<tr>\n<td>Hamulce<\/td>\n<td>Mechaniczne hamulce tarczowe Zoom<\/td>\n<\/tr>\n<tr>\n<td>Opony<\/td>\n<td>Opony Chaoyang 26\" x 4.0\" Fat Tires<\/td>\n<\/tr>\n<tr>\n<td>Wy\u015bwietlacz<\/td>\n<td>Wy\u015bwietlacz LCD<\/td>\n<\/tr>\n<tr>\n<td>Silnik<\/td>\n<td>Silnik tylnej piasty 36 V 250 W<\/td>\n<\/tr>\n<tr>\n<td>Bateria<\/td>\n<td>Akumulator litowy 36 V 10,4 Ah<\/td>\n<\/tr>\n<\/tbody>\n<\/table>","protected":false},"excerpt":{"rendered":"<p>Podbij ka\u017cdy szlak dzi\u0119ki rowerowi elektrycznemu Velopro M800E All-Terrain. Wytrzyma\u0142a konstrukcja z lekk\u0105 aluminiow\u0105 ram\u0105, grubymi oponami 26 \"x4,0\" i 8-biegow\u0105 przek\u0142adni\u0105 Shimano sprawia, \u017ce ten pot\u0119\u017cny e-rower do dojazd\u00f3w do pracy i przyg\u00f3d \u0142\u0105czy w sobie komfort, kontrol\u0119 i wytrzyma\u0142o\u015b\u0107 dla rowerzyst\u00f3w kochaj\u0105cych jazd\u0119 na \u015bwie\u017cym powietrzu.<\/p>","protected":false},"featured_media":2625,"comment_status":"open","ping_status":"closed","template":"","meta":[],"product_brand":[35],"product_cat":[28,31,38],"product_tag":[],"class_list":{"0":"post-2624","1":"product","2":"type-product","3":"status-publish","4":"has-post-thumbnail","6":"product_brand-velopro","7":"product_cat-fat-tire-ebike","8":"product_cat-mountain-ebike","9":"product_cat-velopro-electric-bikes","11":"first","12":"instock","13":"shipping-taxable","14":"product-type-simple"},"_links":{"self":[{"href":"https:\/\/galaxybicycle.com\/pl\/wp-json\/wp\/v2\/product\/2624","targetHints":{"allow":["GET"]}}],"collection":[{"href":"https:\/\/galaxybicycle.com\/pl\/wp-json\/wp\/v2\/product"}],"about":[{"href":"https:\/\/galaxybicycle.com\/pl\/wp-json\/wp\/v2\/types\/product"}],"replies":[{"embeddable":true,"href":"https:\/\/galaxybicycle.com\/pl\/wp-json\/wp\/v2\/comments?post=2624"}],"wp:featuredmedia":[{"embeddable":true,"href":"https:\/\/galaxybicycle.com\/pl\/wp-json\/wp\/v2\/media\/2625"}],"wp:attachment":[{"href":"https:\/\/galaxybicycle.com\/pl\/wp-json\/wp\/v2\/media?parent=2624"}],"wp:term":[{"taxonomy":"product_brand","embeddable":true,"href":"https:\/\/galaxybicycle.com\/pl\/wp-json\/wp\/v2\/product_brand?post=2624"},{"taxonomy":"product_cat","embeddable":true,"href":"https:\/\/galaxybicycle.com\/pl\/wp-json\/wp\/v2\/product_cat?post=2624"},{"taxonomy":"product_tag","embeddable":true,"href":"https:\/\/galaxybicycle.com\/pl\/wp-json\/wp\/v2\/product_tag?post=2624"}],"curies":[{"name":"wp","href":"https:\/\/api.w.org\/{rel}","templated":true}]}}