{"id":2622,"date":"2025-08-18T03:38:58","date_gmt":"2025-08-18T03:38:58","guid":{"rendered":"http:\/\/galaxybicycle.com\/?post_type=product&#038;p=2622"},"modified":"2025-09-02T09:03:30","modified_gmt":"2025-09-02T09:03:30","slug":"m900e","status":"publish","type":"product","link":"https:\/\/galaxybicycle.com\/pl\/product\/m900e\/","title":{"rendered":"Velopro M900E Long-Range Commuter High-Step eBike | Ko\u0142a 27,5\u2033, 10 bieg\u00f3w Shimano, hydrauliczne hamulce tarczowe"},"content":{"rendered":"<p><strong>Velopro M900E Long-Range Commuter High-Step eBike<\/strong> zosta\u0142 zaprojektowany, aby zapewni\u0107 idealne po\u0142\u0105czenie mocy, komfortu i kontroli. Jego 27,5-calowe ko\u0142a z oponami CST zapewniaj\u0105 doskona\u0142\u0105 stabilno\u015b\u0107, a widelec amortyzowany Suntour z koron\u0105 ze stopu aluminium wyg\u0142adza nier\u00f3wne \u015bcie\u017cki. Wyposa\u017cony w <strong>Silnik tylny BAFANG 36V 250W<\/strong>Zapewnia niezawodne wspomaganie podczas pokonywania wzniesie\u0144 i d\u0142ugich przeja\u017cd\u017cek.<\/p>\n<p>Ten rower elektryczny jest nap\u0119dzany przez <strong>Akumulator litowy 36 V 10,4 Ah<\/strong> kt\u00f3ra pozwala na d\u0142ugie dojazdy do pracy, zmniejszaj\u0105c potrzeb\u0119 cz\u0119stego \u0142adowania. Z <strong>10-biegowa przek\u0142adnia Shimano<\/strong>Dzi\u0119ki temu mo\u017cesz p\u0142ynnie dostosowywa\u0107 si\u0119 do r\u00f3\u017cnych warunk\u00f3w terenowych, niezale\u017cnie od tego, czy poruszasz si\u0119 po ulicach miasta, czy pokonujesz pag\u00f3rkowate trasy. Opona <strong>Hydrauliczne hamulce tarczowe Zoom<\/strong> zapewniaj\u0105 bezpieczn\u0105 i czu\u0142\u0105 si\u0142\u0119 hamowania w ka\u017cdych warunkach.<\/p>\n<p>Niezale\u017cnie od tego, czy doje\u017cd\u017casz do pracy, za\u0142atwiasz sprawy, czy odkrywasz nowe szlaki, Velopro M900E zosta\u0142 stworzony, aby towarzyszy\u0107 Ci w ka\u017cdej podr\u00f3\u017cy, zapewniaj\u0105c komfort, wydajno\u015b\u0107 i niezawodno\u015b\u0107.<\/p>\n<h3>Specyfikacje<\/h3>\n<table border=\"1\" cellspacing=\"0\" cellpadding=\"6\">\n<tbody>\n<tr>\n<th>Cecha<\/th>\n<th>Specyfikacja<\/th>\n<\/tr>\n<tr>\n<td>Rama<\/td>\n<td>AL, 6061#, 27.5*500MM<\/td>\n<\/tr>\n<tr>\n<td>Widelec<\/td>\n<td>Widelec amortyzowany Suntour 27,5\u2033 Alloy Crown z HLO<\/td>\n<\/tr>\n<tr>\n<td>Przerzutka<\/td>\n<td>Shimano 10 pr\u0119dko\u015bci<\/td>\n<\/tr>\n<tr>\n<td>Hamulce<\/td>\n<td>Hydrauliczne hamulce tarczowe Zoom<\/td>\n<\/tr>\n<tr>\n<td>Opony<\/td>\n<td>CST 27,5\u2033 x 2,35<\/td>\n<\/tr>\n<tr>\n<td>Wy\u015bwietlacz<\/td>\n<td>LCD<\/td>\n<\/tr>\n<tr>\n<td>Silnik<\/td>\n<td>Tylny silnik Bafang 36V*250W<\/td>\n<\/tr>\n<tr>\n<td>Bateria<\/td>\n<td>Akumulator litowy 36 V*10,4 Ah<\/td>\n<\/tr>\n<\/tbody>\n<\/table>","protected":false},"excerpt":{"rendered":"<p>Model Velopro M900E jest przeznaczony dla rowerzyst\u00f3w, kt\u00f3rzy chc\u0105 p\u0142ynnej, mocnej i wydajnej jazdy ka\u017cdego dnia. Dzi\u0119ki tylnemu silnikowi Bafang, wytrzyma\u0142emu akumulatorowi, 10-biegowej przek\u0142adni Shimano i hydraulicznym hamulcom tarczowym, ten wysokopoziomowy eBike jest idealny do dalekich podr\u00f3\u017cy i codziennych dojazd\u00f3w do pracy.<\/p>","protected":false},"featured_media":2623,"comment_status":"open","ping_status":"closed","template":"","meta":[],"product_brand":[35],"product_cat":[27,31,38],"product_tag":[],"class_list":{"0":"post-2622","1":"product","2":"type-product","3":"status-publish","4":"has-post-thumbnail","6":"product_brand-velopro","7":"product_cat-city-ebike","8":"product_cat-mountain-ebike","9":"product_cat-velopro-electric-bikes","11":"first","12":"instock","13":"shipping-taxable","14":"product-type-simple"},"_links":{"self":[{"href":"https:\/\/galaxybicycle.com\/pl\/wp-json\/wp\/v2\/product\/2622","targetHints":{"allow":["GET"]}}],"collection":[{"href":"https:\/\/galaxybicycle.com\/pl\/wp-json\/wp\/v2\/product"}],"about":[{"href":"https:\/\/galaxybicycle.com\/pl\/wp-json\/wp\/v2\/types\/product"}],"replies":[{"embeddable":true,"href":"https:\/\/galaxybicycle.com\/pl\/wp-json\/wp\/v2\/comments?post=2622"}],"wp:featuredmedia":[{"embeddable":true,"href":"https:\/\/galaxybicycle.com\/pl\/wp-json\/wp\/v2\/media\/2623"}],"wp:attachment":[{"href":"https:\/\/galaxybicycle.com\/pl\/wp-json\/wp\/v2\/media?parent=2622"}],"wp:term":[{"taxonomy":"product_brand","embeddable":true,"href":"https:\/\/galaxybicycle.com\/pl\/wp-json\/wp\/v2\/product_brand?post=2622"},{"taxonomy":"product_cat","embeddable":true,"href":"https:\/\/galaxybicycle.com\/pl\/wp-json\/wp\/v2\/product_cat?post=2622"},{"taxonomy":"product_tag","embeddable":true,"href":"https:\/\/galaxybicycle.com\/pl\/wp-json\/wp\/v2\/product_tag?post=2622"}],"curies":[{"name":"wp","href":"https:\/\/api.w.org\/{rel}","templated":true}]}}