{"id":2620,"date":"2025-08-18T03:38:39","date_gmt":"2025-08-18T03:38:39","guid":{"rendered":"http:\/\/galaxybicycle.com\/?post_type=product&#038;p=2620"},"modified":"2025-09-03T09:30:25","modified_gmt":"2025-09-03T09:30:25","slug":"f030e","status":"publish","type":"product","link":"https:\/\/galaxybicycle.com\/pl\/product\/f030e\/","title":{"rendered":"Velopro F030E Sk\u0142adany rower elektryczny | Kompaktowy, lekki i przyjazny dla miasta rower elektryczny"},"content":{"rendered":"<p><strong>Sk\u0142adany rower elektryczny Velopro F030E<\/strong> to inteligentny towarzysz nowoczesnego \u017cycia w mie\u015bcie. Zbudowany z mocnej stalowej ramy i nap\u0119dzany szybkim silnikiem 36 V 250 W, ten rower elektryczny jest zar\u00f3wno niezawodny, jak i stylowy. Jego sk\u0142adana konstrukcja u\u0142atwia przechowywanie w domu, w biurze, a nawet w baga\u017cniku samochodowym - idealny zar\u00f3wno dla os\u00f3b doje\u017cd\u017caj\u0105cych do pracy, jak i podr\u00f3\u017cuj\u0105cych.<\/p>\n<p>Z <strong>Akumulator 36 V 7,8 Ah<\/strong> Korzystaj\u0105c z wysokiej jako\u015bci ogniw DMEGC, mo\u017cesz cieszy\u0107 si\u0119 zakresem jazdy <strong>30-40 KM<\/strong> na jednym \u0142adowaniu. Wydajny system \u0142adowania zajmuje tylko oko\u0142o 4 godzin, wi\u0119c b\u0119dziesz gotowy do pracy w mgnieniu oka. W zestawie <strong>7-biegowa przerzutka Shimano<\/strong> zapewnia elastyczno\u015b\u0107 na r\u00f3\u017cnych terenach, podczas gdy <strong>mechaniczne hamulce tarczowe<\/strong> na obu ko\u0142ach zapewniaj\u0105 bezpieczn\u0105 i czu\u0142\u0105 si\u0142\u0119 hamowania.<\/p>\n<p>Niezale\u017cnie od tego, czy wybierasz si\u0119 do pracy, za\u0142atwiasz sprawy, czy odkrywasz nowe miejsca, Velopro F030E zosta\u0142 zaprojektowany z my\u015bl\u0105 o wygodzie, stylu i praktyczno\u015bci. Jest wyposa\u017cony w <strong>przednie i tylne \u015bwiat\u0142a<\/strong>B\u0142otniki, tylny baga\u017cnik i dzwonek sprawiaj\u0105, \u017ce jest to w pe\u0142ni za\u0142adowany rower elektryczny do codziennego u\u017cytku. W zestawie <strong>Stopie\u0144 wodoodporno\u015bci IP54<\/strong> i sk\u0142adane p\u00f3\u0142aluminiowe peda\u0142y sprawiaj\u0105, \u017ce jest trwa\u0142y i przyjazny dla u\u017cytkownika w ka\u017cdych warunkach pogodowych.<\/p>\n<h3>Specyfikacje<\/h3>\n<table border=\"1\" cellspacing=\"0\" cellpadding=\"6\">\n<tbody>\n<tr>\n<th>Klasyfikacja<\/th>\n<th>Specyfikacje<\/th>\n<th>Parametry<\/th>\n<\/tr>\n<tr>\n<td>Bateria<\/td>\n<td>36V7.8AH (DMEGC 30Cells)<\/td>\n<td>Zasi\u0119g do 30-40 km<\/td>\n<\/tr>\n<tr>\n<td>Silnik<\/td>\n<td>36V 250W High Speed<\/td>\n<td>Pr\u0119dko\u015b\u0107 maksymalna 25 km\/h<\/td>\n<\/tr>\n<tr>\n<td>Tryby jazdy<\/td>\n<td>PAS 3 Tryby<\/td>\n<td>Brak przepustnicy<\/td>\n<\/tr>\n<tr>\n<td>\u0141adowarka<\/td>\n<td>42V2A<\/td>\n<td>Czas \u0142adowania 4 godz.<\/td>\n<\/tr>\n<tr>\n<td>Wy\u015bwietlacz<\/td>\n<td>Wy\u015bwietlacz LCD<\/td>\n<td>Czujnik pr\u0119dko\u015bci 12 bieg\u00f3w<\/td>\n<\/tr>\n<tr>\n<td>\u015awiat\u0142a<\/td>\n<td>\u015awiat\u0142a przednie i tylne<\/td>\n<td>Tak<\/td>\n<\/tr>\n<tr>\n<td>Rama<\/td>\n<td>Stal wysokiej jako\u015bci<\/td>\n<td>Sk\u0142adana rama<\/td>\n<\/tr>\n<tr>\n<td>Rozmiar ko\u0142a<\/td>\n<td>20*1.95''<\/td>\n<td>Opony Kenda<\/td>\n<\/tr>\n<tr>\n<td>Waga<\/td>\n<td>Netto: 22 kg<\/td>\n<td>Brutto: 29 kg<\/td>\n<\/tr>\n<tr>\n<td>\u0141adunek<\/td>\n<td>Maksymalna pojemno\u015b\u0107<\/td>\n<td>150KGS<\/td>\n<\/tr>\n<tr>\n<td>Zdolno\u015b\u0107 pokonywania wzniesie\u0144<\/td>\n<td>Gradient<\/td>\n<td>15\u00b0<\/td>\n<\/tr>\n<tr>\n<td>Transmisja<\/td>\n<td>Shimano 7 Speed<\/td>\n<td>\u0141a\u0144cuch 1\/2\u2033*3\/32\u2033*108L<\/td>\n<\/tr>\n<tr>\n<td>Hamulce<\/td>\n<td>Mechaniczne hamulce tarczowe<\/td>\n<td>Prz\u00f3d i ty\u0142<\/td>\n<\/tr>\n<tr>\n<td>Inne funkcje<\/td>\n<td>Dzwonek, b\u0142otniki, tylny baga\u017cnik<\/td>\n<td>Wodoodporno\u015b\u0107 IP54<\/td>\n<\/tr>\n<tr>\n<td>Pakowanie<\/td>\n<td>95*41*69cm<\/td>\n<td>240 zestaw\u00f3w\/40HQ<\/td>\n<\/tr>\n<\/tbody>\n<\/table>\n<p><strong>Dlaczego warto wybra\u0107 Velopro F030E?<\/strong><\/p>\n<ul>\n<li>Lekka i sk\u0142adana konstrukcja u\u0142atwiaj\u0105ca transport i przechowywanie.<\/li>\n<li>Niezawodny akumulator 36 V o zasi\u0119gu 30-40 km do codziennych przeja\u017cd\u017cek.<\/li>\n<li>Bezpieczny i mocny dzi\u0119ki przednim i tylnym mechanicznym hamulcom tarczowym.<\/li>\n<li>W pe\u0142ni wyposa\u017cony w \u015bwiat\u0142a, dzwonek, tylny baga\u017cnik i b\u0142otniki.<\/li>\n<li>7-biegowy system Shimano zapewnia p\u0142ynn\u0105 zmian\u0119 prze\u0142o\u017ce\u0144 w ka\u017cdym terenie.<\/li>\n<\/ul>\n<p>Przenie\u015b swoje wra\u017cenia z jazdy po mie\u015bcie na wy\u017cszy poziom dzi\u0119ki <strong>Sk\u0142adany rower elektryczny Velopro F030E<\/strong>-Idealne po\u0142\u0105czenie wydajno\u015bci, wygody i stylu.<\/p>","protected":false},"excerpt":{"rendered":"<p>Velopro F030E to kompaktowy, sk\u0142adany rower elektryczny zaprojektowany dla miejskich rowerzyst\u00f3w, kt\u00f3rzy chc\u0105 wygody, mobilno\u015bci i wydajno\u015bci. Dzi\u0119ki silnikowi 36V250W, 3 trybom jazdy i wytrzyma\u0142ej stalowej ramie jest to idealny wyb\u00f3r na dojazdy do pracy, przeja\u017cd\u017cki rekreacyjne lub weekendowe przygody.<\/p>","protected":false},"featured_media":2621,"comment_status":"open","ping_status":"closed","template":"","meta":[],"product_brand":[35],"product_cat":[27,32,38],"product_tag":[],"class_list":{"0":"post-2620","1":"product","2":"type-product","3":"status-publish","4":"has-post-thumbnail","6":"product_brand-velopro","7":"product_cat-city-ebike","8":"product_cat-foldable-ebike","9":"product_cat-velopro-electric-bikes","11":"first","12":"instock","13":"shipping-taxable","14":"product-type-simple"},"_links":{"self":[{"href":"https:\/\/galaxybicycle.com\/pl\/wp-json\/wp\/v2\/product\/2620","targetHints":{"allow":["GET"]}}],"collection":[{"href":"https:\/\/galaxybicycle.com\/pl\/wp-json\/wp\/v2\/product"}],"about":[{"href":"https:\/\/galaxybicycle.com\/pl\/wp-json\/wp\/v2\/types\/product"}],"replies":[{"embeddable":true,"href":"https:\/\/galaxybicycle.com\/pl\/wp-json\/wp\/v2\/comments?post=2620"}],"wp:featuredmedia":[{"embeddable":true,"href":"https:\/\/galaxybicycle.com\/pl\/wp-json\/wp\/v2\/media\/2621"}],"wp:attachment":[{"href":"https:\/\/galaxybicycle.com\/pl\/wp-json\/wp\/v2\/media?parent=2620"}],"wp:term":[{"taxonomy":"product_brand","embeddable":true,"href":"https:\/\/galaxybicycle.com\/pl\/wp-json\/wp\/v2\/product_brand?post=2620"},{"taxonomy":"product_cat","embeddable":true,"href":"https:\/\/galaxybicycle.com\/pl\/wp-json\/wp\/v2\/product_cat?post=2620"},{"taxonomy":"product_tag","embeddable":true,"href":"https:\/\/galaxybicycle.com\/pl\/wp-json\/wp\/v2\/product_tag?post=2620"}],"curies":[{"name":"wp","href":"https:\/\/api.w.org\/{rel}","templated":true}]}}