{"id":2600,"date":"2025-08-18T03:35:07","date_gmt":"2025-08-18T03:35:07","guid":{"rendered":"http:\/\/galaxybicycle.com\/?post_type=product&#038;p=2600"},"modified":"2025-09-02T09:16:42","modified_gmt":"2025-09-02T09:16:42","slug":"c700e-2","status":"publish","type":"product","link":"https:\/\/galaxybicycle.com\/pl\/product\/c700e-2\/","title":{"rendered":"Velopro C700E Long-Range Commuter Step-Thru eBike | Mocny silnik 750 W i komfortowa jazda"},"content":{"rendered":"<p>Odkryj <strong>Velopro C700E Long-Range Commuter Step-Thru eBike<\/strong> - idealne po\u0142\u0105czenie mocy, komfortu i stylu. Niezale\u017cnie od tego, czy doje\u017cd\u017casz do pracy, za\u0142atwiasz sprawunki, czy odkrywasz nowe \u015bcie\u017cki, ten rower elektryczny sprawia, \u017ce ka\u017cda jazda jest p\u0142ynna i przyjemna.<\/p>\n<p>Z jego <strong>Tylny silnik 48V 750W o wysokim momencie obrotowym<\/strong>Dzi\u0119ki temu mo\u017cesz cieszy\u0107 si\u0119 bezwysi\u0142kowym przyspieszeniem i stabilnymi osi\u0105gami nawet w trudnym terenie. Opony <strong>Konstrukcja typu step-thru<\/strong> Zapewnia \u0142atwy monta\u017c i demonta\u017c, dzi\u0119ki czemu jest przyjazny dla pocz\u0105tkuj\u0105cych i praktyczny dla rowerzyst\u00f3w w ka\u017cdym wieku.<\/p>\n<p>Wyposa\u017cony w <strong>Opony t\u0142uszczowe Chaoyang 26\u2033 x 4.0\u2033<\/strong> oraz <strong>przedni widelec amortyzowany z blokad\u0105 MLO (Mechanical Lock Out)<\/strong>C700E zapewnia stabilno\u015b\u0107 i komfort na drogach, \u017cwirze i \u015bniegu. Model <strong>7-biegowa przerzutka Shimano<\/strong> zapewnia wszechstronne opcje jazdy, podczas gdy <strong>mechaniczne hamulce tarczowe<\/strong> zapewniaj\u0105 bezpieczn\u0105 si\u0142\u0119 hamowania w ka\u017cdych warunkach.<\/p>\n<p>Pozosta\u0144 w kontakcie z <strong>kolorowy wy\u015bwietlacz<\/strong> kt\u00f3ry \u015bledzi pr\u0119dko\u015b\u0107, poziom na\u0142adowania baterii i dystans, dzi\u0119ki czemu zawsze masz kontrol\u0119 nad swoj\u0105 podr\u00f3\u017c\u0105. Wspierany przez <strong>Akumulator 48V 13Ah<\/strong>Dzi\u0119ki temu mo\u017cesz cieszy\u0107 si\u0119 d\u0142ugotrwa\u0142\u0105 jazd\u0105 bez konieczno\u015bci ci\u0105g\u0142ego \u0142adowania.<\/p>\n<p>Model Velopro C700E ma wytrzyma\u0142\u0105 stalow\u0105 ram\u0119, a jednocze\u015bnie zosta\u0142 zaprojektowany tak, aby zapewni\u0107 czyst\u0105 rado\u015b\u0107 z jazdy - niezale\u017cnie od tego, czy doje\u017cd\u017casz do pracy, czy odkrywasz teren.<\/p>\n<h2>Specyfikacje<\/h2>\n<table border=\"1\" cellspacing=\"0\" cellpadding=\"8\">\n<tbody>\n<tr>\n<th>Cecha<\/th>\n<th>Szczeg\u00f3\u0142y<\/th>\n<\/tr>\n<tr>\n<td>Rama<\/td>\n<td>26\u2033 Stalowa rama Step-Thru<\/td>\n<\/tr>\n<tr>\n<td>Widelec<\/td>\n<td>Widelec amortyzowany 26\u2033 z MLO i koron\u0105 ze stopu aluminium<\/td>\n<\/tr>\n<tr>\n<td>Przerzutka<\/td>\n<td>Shimano 7 pr\u0119dko\u015bci<\/td>\n<\/tr>\n<tr>\n<td>Hamulce<\/td>\n<td>Mechaniczny hamulec tarczowy<\/td>\n<\/tr>\n<tr>\n<td>Opony<\/td>\n<td>Opony Chaoyang 26\u2033 x 4.0\u2033 Fat Tires<\/td>\n<\/tr>\n<tr>\n<td>Wy\u015bwietlacz<\/td>\n<td>Kolorowy ekran LCD<\/td>\n<\/tr>\n<tr>\n<td>Silnik<\/td>\n<td>Silnik tylnej piasty 48V 750W<\/td>\n<\/tr>\n<\/tbody>\n<\/table>","protected":false},"excerpt":{"rendered":"<p>Velopro C700E to najlepszy eBike typu step-thru do dalekich dojazd\u00f3w do pracy. Wyposa\u017cony w tylny silnik 48V 750W, wygodn\u0105 stalow\u0105 ram\u0119 typu step-thru, grube opony 26\u2033 x 4.0\u2033 i akumulator 13Ah, jest przeznaczony zar\u00f3wno do codziennych przeja\u017cd\u017cek, jak i pe\u0142nych przyg\u00f3d szlak\u00f3w.<\/p>","protected":false},"featured_media":2601,"comment_status":"open","ping_status":"closed","template":"","meta":[],"product_brand":[35],"product_cat":[27,28,38],"product_tag":[],"class_list":{"0":"post-2600","1":"product","2":"type-product","3":"status-publish","4":"has-post-thumbnail","6":"product_brand-velopro","7":"product_cat-city-ebike","8":"product_cat-fat-tire-ebike","9":"product_cat-velopro-electric-bikes","11":"first","12":"instock","13":"shipping-taxable","14":"purchasable","15":"product-type-simple"},"_links":{"self":[{"href":"https:\/\/galaxybicycle.com\/pl\/wp-json\/wp\/v2\/product\/2600","targetHints":{"allow":["GET"]}}],"collection":[{"href":"https:\/\/galaxybicycle.com\/pl\/wp-json\/wp\/v2\/product"}],"about":[{"href":"https:\/\/galaxybicycle.com\/pl\/wp-json\/wp\/v2\/types\/product"}],"replies":[{"embeddable":true,"href":"https:\/\/galaxybicycle.com\/pl\/wp-json\/wp\/v2\/comments?post=2600"}],"wp:featuredmedia":[{"embeddable":true,"href":"https:\/\/galaxybicycle.com\/pl\/wp-json\/wp\/v2\/media\/2601"}],"wp:attachment":[{"href":"https:\/\/galaxybicycle.com\/pl\/wp-json\/wp\/v2\/media?parent=2600"}],"wp:term":[{"taxonomy":"product_brand","embeddable":true,"href":"https:\/\/galaxybicycle.com\/pl\/wp-json\/wp\/v2\/product_brand?post=2600"},{"taxonomy":"product_cat","embeddable":true,"href":"https:\/\/galaxybicycle.com\/pl\/wp-json\/wp\/v2\/product_cat?post=2600"},{"taxonomy":"product_tag","embeddable":true,"href":"https:\/\/galaxybicycle.com\/pl\/wp-json\/wp\/v2\/product_tag?post=2600"}],"curies":[{"name":"wp","href":"https:\/\/api.w.org\/{rel}","templated":true}]}}