{"id":2598,"date":"2025-08-18T03:34:46","date_gmt":"2025-08-18T03:34:46","guid":{"rendered":"http:\/\/galaxybicycle.com\/?post_type=product&#038;p=2598"},"modified":"2025-09-03T09:22:28","modified_gmt":"2025-09-03T09:22:28","slug":"b080e","status":"publish","type":"product","link":"https:\/\/galaxybicycle.com\/pl\/product\/b080e\/","title":{"rendered":"Rower elektryczny Velopro C080E | Szybki silnik 500 W, 20-calowe grube opony, tylny baga\u017cnik i koszyk"},"content":{"rendered":"<p><strong>Rower elektryczny Velopro C080E<\/strong> zosta\u0142 stworzony, aby codzienna jazda by\u0142a p\u0142ynna, niezawodna i przyjemna. Niezale\u017cnie od tego, czy doje\u017cd\u017casz do pracy w mie\u015bcie, za\u0142atwiasz sprawy, czy cieszysz si\u0119 weekendow\u0105 przygod\u0105, ten rower elektryczny zosta\u0142 zaprojektowany tak, aby poradzi\u0107 sobie ze wszystkim. Dzi\u0119ki <strong>Akumulator 48 V 10,4 Ah<\/strong> (kom\u00f3rki marki EVE) i <strong>Szybki silnik o mocy 500 W<\/strong>zapewnia zar\u00f3wno szybko\u015b\u0107, jak i wytrzyma\u0142o\u015b\u0107 - osi\u0105gaj\u0105c do <strong>32 km\/h (regulowana do 35 km\/h)<\/strong> i dostarczanie szeregu <strong>40-50 km na jednym \u0142adowaniu<\/strong>.<\/p>\n<p>Komfortowa i pewna jazda dzi\u0119ki <strong>Opony Chaoyang 20\u00d73\"<\/strong>, <strong>mechaniczne hamulce tarczowe<\/strong> zapewniaj\u0105cy du\u017c\u0105 si\u0142\u0119 hamowania i <strong>Wy\u015bwietlacz LCD<\/strong> aby \u015bledzi\u0107 pr\u0119dko\u015b\u0107, bateri\u0119 i tryb jazdy. Praktyczne funkcje, takie jak <strong>baga\u017cnik tylny<\/strong>, <strong>przedni kosz<\/strong>oraz <strong>przednie i tylne \u015bwiat\u0142a<\/strong> sprawiaj\u0105, \u017ce idealnie nadaje si\u0119 zar\u00f3wno do dojazd\u00f3w do pracy w mie\u015bcie, jak i do codziennego u\u017cytku.<\/p>\n<p>Z <strong>5 tryb\u00f3w wspomagania peda\u0142owania<\/strong>, a <strong>przepustnica kciukowa<\/strong>oraz <strong>7-biegowa przek\u0142adnia Shimano<\/strong>zawsze b\u0119dziesz mie\u0107 odpowiednie wsparcie w ka\u017cdym terenie. Zbudowany z mocnego <strong>stalowa rama<\/strong>obs\u0142uguje do <strong>\u0141adowno\u015b\u0107 150 kg<\/strong> zachowuj\u0105c stabilno\u015b\u0107 i styl. Velopro C080E to niezawodny partner do pracy, zabawy i wszystkiego pomi\u0119dzy.<\/p>\n<h3>Dlaczego warto wybra\u0107 Velopro C080E?<\/h3>\n<ul>\n<li><strong>Mocny silnik 500 W<\/strong> - P\u0142ynna jazda i pokonywanie wzniesie\u0144 o nachyleniu do 15\u00b0.<\/li>\n<li><strong>Daleki zasi\u0119g<\/strong> - Przejazd 40-50 km na jednym \u0142adowaniu dzi\u0119ki wysokiej jako\u015bci akumulatorowi 48 V.<\/li>\n<li><strong>Wygodna jazda<\/strong> - Szerokie opony 20\u00d73\" poch\u0142aniaj\u0105 nier\u00f3wno\u015bci i zapewniaj\u0105 doskona\u0142\u0105 przyczepno\u015b\u0107.<\/li>\n<li><strong>W pe\u0142ni wyposa\u017cony<\/strong> - W zestawie tylny baga\u017cnik, przedni kosz, b\u0142otniki, \u015bwiat\u0142a i elektroniczny klakson.<\/li>\n<li><strong>Bezpiecze\u0144stwo i niezawodno\u015b\u0107<\/strong> - Mechaniczne hamulce tarczowe i wodoodporna konstrukcja IP54.<\/li>\n<li><strong>Praktyczny do codziennego u\u017cytku<\/strong> - Idealny na dojazdy do pracy, zakupy lub przeja\u017cd\u017cki rekreacyjne.<\/li>\n<\/ul>\n<h3>Specyfikacje<\/h3>\n<table border=\"1\" cellspacing=\"0\" cellpadding=\"6\">\n<tbody>\n<tr>\n<th colspan=\"2\">Elektronika<\/th>\n<\/tr>\n<tr>\n<td>Bateria<\/td>\n<td>48V 10.4AH (40 ogniw, marka EVE)<\/td>\n<\/tr>\n<tr>\n<td>Silnik<\/td>\n<td>Silnik wysokoobrotowy 48V 500W<\/td>\n<\/tr>\n<tr>\n<td>Pr\u0119dko\u015b\u0107 maksymalna<\/td>\n<td>32 km\/h (regulowana do 35 km\/h)<\/td>\n<\/tr>\n<tr>\n<td>Zasi\u0119g<\/td>\n<td>40-50 KM<\/td>\n<\/tr>\n<tr>\n<td>PAS<\/td>\n<td>5 tryb\u00f3w jazdy<\/td>\n<\/tr>\n<tr>\n<td>Przepustnica<\/td>\n<td>Przepustnica kciukowa<\/td>\n<\/tr>\n<tr>\n<td>Wy\u015bwietlacz<\/td>\n<td>Wy\u015bwietlacz LCD<\/td>\n<\/tr>\n<tr>\n<td>Czas \u0142adowania<\/td>\n<td>5,2 godziny<\/td>\n<\/tr>\n<tr>\n<td>\u015awiat\u0142a<\/td>\n<td>\u015awiat\u0142a przednie i tylne<\/td>\n<\/tr>\n<tr>\n<th colspan=\"2\">Standardy<\/th>\n<\/tr>\n<tr>\n<td>Materia\u0142 ramy<\/td>\n<td>Stal wysokiej jako\u015bci<\/td>\n<\/tr>\n<tr>\n<td>Rozmiar ko\u0142a<\/td>\n<td>20\u00d73\"<\/td>\n<\/tr>\n<tr>\n<td>Marka opon<\/td>\n<td>Chaoyang<\/td>\n<\/tr>\n<tr>\n<td>Waga<\/td>\n<td>Netto: 30KG \/ Brutto: 35KG<\/td>\n<\/tr>\n<tr>\n<td>\u0141adowno\u015b\u0107<\/td>\n<td>150 KG<\/td>\n<\/tr>\n<tr>\n<td>Zdolno\u015b\u0107 pokonywania wzniesie\u0144<\/td>\n<td>15\u00b0<\/td>\n<\/tr>\n<tr>\n<td>Hamulce<\/td>\n<td>Mechaniczne hamulce tarczowe (prz\u00f3d i ty\u0142)<\/td>\n<\/tr>\n<tr>\n<td>Przek\u0142adnie<\/td>\n<td>Shimano 7 Speed<\/td>\n<\/tr>\n<tr>\n<td>Widelec<\/td>\n<td>Widelec bez zawieszenia<\/td>\n<\/tr>\n<tr>\n<td>\u0141a\u0144cuch<\/td>\n<td>1\/2*3\/32 \"x118L<\/td>\n<\/tr>\n<tr>\n<td>Mechanizm korbowy<\/td>\n<td>52T*170L<\/td>\n<\/tr>\n<tr>\n<td>Peda\u0142y<\/td>\n<td>Stop aluminium<\/td>\n<\/tr>\n<tr>\n<td>Dodatki<\/td>\n<td>Tylny baga\u017cnik, przedni kosz, b\u0142otniki, elektroniczny klakson<\/td>\n<\/tr>\n<tr>\n<td>Wodoodporny<\/td>\n<td>IP54<\/td>\n<\/tr>\n<tr>\n<td>Zakres temperatur<\/td>\n<td>-10~45\u2103<\/td>\n<\/tr>\n<tr>\n<td>Sk\u0142adany<\/td>\n<td>Nie<\/td>\n<\/tr>\n<tr>\n<td>Kolor<\/td>\n<td>Mo\u017cliwo\u015b\u0107 dostosowania<\/td>\n<\/tr>\n<tr>\n<th colspan=\"2\">Rozmiar<\/th>\n<\/tr>\n<tr>\n<td>Rozmiar po roz\u0142o\u017ceniu<\/td>\n<td>162*66*104 cm<\/td>\n<\/tr>\n<tr>\n<td>Rozmiar po z\u0142o\u017ceniu<\/td>\n<td>Rozk\u0142adany<\/td>\n<\/tr>\n<tr>\n<td>Wysoko\u015b\u0107 je\u017ad\u017aca<\/td>\n<td>155-190 cm<\/td>\n<\/tr>\n<tr>\n<td>Rozmiar opakowania<\/td>\n<td>135*24*70 cm<\/td>\n<\/tr>\n<tr>\n<td>Ilo\u015b\u0107 w pojemniku 40HQ<\/td>\n<td>283 szt.<\/td>\n<\/tr>\n<\/tbody>\n<\/table>","protected":false},"excerpt":{"rendered":"<p>Odkryj <strong>Velopro C080E<\/strong> - Stylowy i mocny rower elektryczny z silnikiem 48 V 500 W, 20-calowymi grubymi oponami Chaoyang i zasi\u0119giem do 50 km. Idealny do codziennych dojazd\u00f3w do pracy, weekendowych przeja\u017cd\u017cek lub przewo\u017cenia artyku\u0142\u00f3w spo\u017cywczych dzi\u0119ki tylnemu baga\u017cnikowi i przedniemu koszykowi.<\/p>","protected":false},"featured_media":2599,"comment_status":"open","ping_status":"closed","template":"","meta":[],"product_brand":[35],"product_cat":[27,28,38],"product_tag":[],"class_list":{"0":"post-2598","1":"product","2":"type-product","3":"status-publish","4":"has-post-thumbnail","6":"product_brand-velopro","7":"product_cat-city-ebike","8":"product_cat-fat-tire-ebike","9":"product_cat-velopro-electric-bikes","11":"first","12":"instock","13":"shipping-taxable","14":"product-type-simple"},"_links":{"self":[{"href":"https:\/\/galaxybicycle.com\/pl\/wp-json\/wp\/v2\/product\/2598","targetHints":{"allow":["GET"]}}],"collection":[{"href":"https:\/\/galaxybicycle.com\/pl\/wp-json\/wp\/v2\/product"}],"about":[{"href":"https:\/\/galaxybicycle.com\/pl\/wp-json\/wp\/v2\/types\/product"}],"replies":[{"embeddable":true,"href":"https:\/\/galaxybicycle.com\/pl\/wp-json\/wp\/v2\/comments?post=2598"}],"wp:featuredmedia":[{"embeddable":true,"href":"https:\/\/galaxybicycle.com\/pl\/wp-json\/wp\/v2\/media\/2599"}],"wp:attachment":[{"href":"https:\/\/galaxybicycle.com\/pl\/wp-json\/wp\/v2\/media?parent=2598"}],"wp:term":[{"taxonomy":"product_brand","embeddable":true,"href":"https:\/\/galaxybicycle.com\/pl\/wp-json\/wp\/v2\/product_brand?post=2598"},{"taxonomy":"product_cat","embeddable":true,"href":"https:\/\/galaxybicycle.com\/pl\/wp-json\/wp\/v2\/product_cat?post=2598"},{"taxonomy":"product_tag","embeddable":true,"href":"https:\/\/galaxybicycle.com\/pl\/wp-json\/wp\/v2\/product_tag?post=2598"}],"curies":[{"name":"wp","href":"https:\/\/api.w.org\/{rel}","templated":true}]}}