{"id":2596,"date":"2025-08-18T03:34:28","date_gmt":"2025-08-18T03:34:28","guid":{"rendered":"http:\/\/galaxybicycle.com\/?post_type=product&#038;p=2596"},"modified":"2025-09-02T09:17:25","modified_gmt":"2025-09-02T09:17:25","slug":"b100e","status":"publish","type":"product","link":"https:\/\/galaxybicycle.com\/pl\/product\/b100e\/","title":{"rendered":"Velopro B100E Miejski rower elektryczny Urban Elegance | 500W Mocny rower elektryczny do dojazd\u00f3w do pracy"},"content":{"rendered":"<p>The <strong>Miejski rower elektryczny Velopro B100E Urban Elegance<\/strong> \u0142\u0105czy nowoczesny design z niezawodn\u0105 wydajno\u015bci\u0105, dzi\u0119ki czemu jest idealnym towarzyszem dla miejskich rowerzyst\u00f3w. Niezale\u017cnie od tego, czy doje\u017cd\u017casz do pracy, za\u0142atwiasz sprawy, czy odkrywasz ulice miasta, ten rower elektryczny zapewnia p\u0142ynn\u0105 i przyjemn\u0105 jazd\u0119 za ka\u017cdym razem.<\/p>\n<p>Zbudowany z wytrzyma\u0142ej aluminiowej ramy AL6061# i wyposa\u017cony w <strong>Tylny silnik Bafang o mocy 500 W<\/strong>Model Velopro B100E zapewnia moc potrzebn\u0105 do bezwysi\u0142kowego przyspieszania i pokonywania wzniesie\u0144. W tym <strong>7-biegowa przerzutka Shimano<\/strong> pozwala na elastyczn\u0105 zmian\u0119 bieg\u00f3w, podczas gdy <strong>Mechaniczne hamulce tarczowe Zoom<\/strong> zapewniaj\u0105 bezpieczn\u0105 i czu\u0142\u0105 si\u0142\u0119 hamowania.<\/p>\n<p>Jego <strong>Opony t\u0142uszczowe Chaoyang 26\u2033x4.0\u2033<\/strong> zapewniaj\u0105 dodatkow\u0105 stabilno\u015b\u0107 i przyczepno\u015b\u0107, daj\u0105c pewno\u015b\u0107 zar\u00f3wno na g\u0142adkiej nawierzchni, jak i na lekkich \u015bcie\u017ckach terenowych. \u0141atwy do odczytania <strong>Wy\u015bwietlacz LCD<\/strong> informuje o pr\u0119dko\u015bci, \u017cywotno\u015bci akumulatora i statystykach jazdy, a akumulator 36 V 10,4 Ah zapewnia niezawodny zasi\u0119g podczas codziennych przeja\u017cd\u017cek po mie\u015bcie.<\/p>\n<p>Dzi\u0119ki eleganckiemu wzornictwu, praktycznym funkcjom i niezawodnej wydajno\u015bci, Velopro B100E to co\u015b wi\u0119cej ni\u017c tylko rower elektryczny - to inteligentniejszy, bardziej ekologiczny i stylowy spos\u00f3b poruszania si\u0119 po mie\u015bcie.<\/p>\n<h3>Specyfikacje<\/h3>\n<table border=\"1\" cellspacing=\"0\" cellpadding=\"8\">\n<tbody>\n<tr>\n<th>Cecha<\/th>\n<th>Szczeg\u00f3\u0142y<\/th>\n<\/tr>\n<tr>\n<td>Rama<\/td>\n<td>AL,6061#, 26\u2033 x 440MM<\/td>\n<\/tr>\n<tr>\n<td>Widelec<\/td>\n<td>Widelec stalowy 26\u2033<\/td>\n<\/tr>\n<tr>\n<td>Przerzutka<\/td>\n<td>Shimano 7 pr\u0119dko\u015bci<\/td>\n<\/tr>\n<tr>\n<td>Hamulce<\/td>\n<td>Mechaniczne hamulce tarczowe Zoom<\/td>\n<\/tr>\n<tr>\n<td>Opony<\/td>\n<td>Opony Chaoyang 26\u2033 x 4.0\u2033 Fat Tires<\/td>\n<\/tr>\n<tr>\n<td>Wy\u015bwietlacz<\/td>\n<td>Ekran LCD<\/td>\n<\/tr>\n<tr>\n<td>Silnik<\/td>\n<td>Tylny silnik Bafang 48V 500W<\/td>\n<\/tr>\n<tr>\n<td>Bateria<\/td>\n<td>36V 10.4Ah (akumulator chi\u0144ski)<\/td>\n<\/tr>\n<\/tbody>\n<\/table>","protected":false},"excerpt":{"rendered":"<p>Velopro B100E to stylowy i mocny miejski rower elektryczny zaprojektowany z my\u015bl\u0105 o p\u0142ynnej je\u017adzie po mie\u015bcie. Wyposa\u017cony w silnik Bafang o mocy 500 W, 7-biegow\u0105 przek\u0142adni\u0119 Shimano i grube opony 26\u2033x4.0\u2033, zapewnia idealne po\u0142\u0105czenie komfortu, kontroli i wydajno\u015bci podczas codziennych dojazd\u00f3w do pracy lub jazdy rekreacyjnej.<\/p>","protected":false},"featured_media":2597,"comment_status":"open","ping_status":"closed","template":"","meta":[],"product_brand":[35],"product_cat":[27,28,38],"product_tag":[],"class_list":{"0":"post-2596","1":"product","2":"type-product","3":"status-publish","4":"has-post-thumbnail","6":"product_brand-velopro","7":"product_cat-city-ebike","8":"product_cat-fat-tire-ebike","9":"product_cat-velopro-electric-bikes","11":"first","12":"instock","13":"shipping-taxable","14":"product-type-simple"},"_links":{"self":[{"href":"https:\/\/galaxybicycle.com\/pl\/wp-json\/wp\/v2\/product\/2596","targetHints":{"allow":["GET"]}}],"collection":[{"href":"https:\/\/galaxybicycle.com\/pl\/wp-json\/wp\/v2\/product"}],"about":[{"href":"https:\/\/galaxybicycle.com\/pl\/wp-json\/wp\/v2\/types\/product"}],"replies":[{"embeddable":true,"href":"https:\/\/galaxybicycle.com\/pl\/wp-json\/wp\/v2\/comments?post=2596"}],"wp:featuredmedia":[{"embeddable":true,"href":"https:\/\/galaxybicycle.com\/pl\/wp-json\/wp\/v2\/media\/2597"}],"wp:attachment":[{"href":"https:\/\/galaxybicycle.com\/pl\/wp-json\/wp\/v2\/media?parent=2596"}],"wp:term":[{"taxonomy":"product_brand","embeddable":true,"href":"https:\/\/galaxybicycle.com\/pl\/wp-json\/wp\/v2\/product_brand?post=2596"},{"taxonomy":"product_cat","embeddable":true,"href":"https:\/\/galaxybicycle.com\/pl\/wp-json\/wp\/v2\/product_cat?post=2596"},{"taxonomy":"product_tag","embeddable":true,"href":"https:\/\/galaxybicycle.com\/pl\/wp-json\/wp\/v2\/product_tag?post=2596"}],"curies":[{"name":"wp","href":"https:\/\/api.w.org\/{rel}","templated":true}]}}