{"id":2592,"date":"2025-08-18T03:33:41","date_gmt":"2025-08-18T03:33:41","guid":{"rendered":"http:\/\/galaxybicycle.com\/?post_type=product&#038;p=2592"},"modified":"2025-09-02T09:18:44","modified_gmt":"2025-09-02T09:18:44","slug":"b050e","status":"publish","type":"product","link":"https:\/\/galaxybicycle.com\/pl\/product\/b050e\/","title":{"rendered":"Velopro B050E Miejski rower elektryczny Urban Elegance | Stylowy rower elektryczny o mocy 500 W do dojazd\u00f3w do pracy"},"content":{"rendered":"<p>Wkrocz w przysz\u0142o\u015b\u0107 miejskich dojazd\u00f3w do pracy z <strong>Velopro B050E Miejski rower elektryczny Urban Elegance<\/strong>. Zbudowany z lekkiej, ale wytrzyma\u0142ej ramy AL6061 i nap\u0119dzany solidnym silnikiem. <strong>Silnik tylny Jiabo 48V 500W<\/strong>Ten rower elektryczny \u0142\u0105czy bezwysi\u0142kow\u0105 jazd\u0119 z nowoczesnym stylem. Niezale\u017cnie od tego, czy poruszasz si\u0119 po ruchliwych ulicach, je\u017adzisz po parkach, czy je\u017adzisz do pracy, Velopro B050E zapewnia p\u0142ynne i przyjemne wra\u017cenia.<\/p>\n<p>Wyposa\u017cony w <strong>7-biegowa przek\u0142adnia Shimano<\/strong>, b\u0119dziesz mia\u0142 elastyczno\u015b\u0107, aby z \u0142atwo\u015bci\u0105 radzi\u0107 sobie z r\u00f3\u017cnymi terenami, podczas gdy <strong>Mechaniczne hamulce tarczowe Zoom<\/strong> zapewniaj\u0105 si\u0142\u0119 hamowania potrzebn\u0105 do bezpiecznego podr\u00f3\u017cowania po mie\u015bcie. Opony <strong>Wy\u015bwietlacz LCD<\/strong> na bie\u017c\u0105co informuje o pr\u0119dko\u015bci, dystansie i \u017cywotno\u015bci baterii. Dzi\u0119ki <strong>Akumulator 48 V 10,4 Ah<\/strong>Dzi\u0119ki temu mo\u017cesz \u015bmia\u0142o pokonywa\u0107 d\u0142u\u017csze dystanse bez obawy, \u017ce zabraknie Ci mocy.<\/p>\n<p>Stylowy, niezawodny i wydajny model Velopro B050E to idealny wyb\u00f3r dla miejskich odkrywc\u00f3w, ekologicznych os\u00f3b doje\u017cd\u017caj\u0105cych do pracy i ka\u017cdego, kto ceni sobie zar\u00f3wno wydajno\u015b\u0107, jak i elegancj\u0119 w codziennej je\u017adzie.<\/p>\n<h2>Specyfikacje<\/h2>\n<table border=\"1\" cellspacing=\"0\" cellpadding=\"6\">\n<tbody>\n<tr>\n<th>Cecha<\/th>\n<th>Szczeg\u00f3\u0142y<\/th>\n<\/tr>\n<tr>\n<td>Rama<\/td>\n<td>AL,6061#, 26\u2033 x 483 mm<\/td>\n<\/tr>\n<tr>\n<td>Widelec<\/td>\n<td>Widelec ze stali zwyk\u0142ej 26\u2033<\/td>\n<\/tr>\n<tr>\n<td>Przerzutka<\/td>\n<td>Shimano 7 pr\u0119dko\u015bci<\/td>\n<\/tr>\n<tr>\n<td>Hamulce<\/td>\n<td>Mechaniczny hamulec tarczowy Zoom<\/td>\n<\/tr>\n<tr>\n<td>Opony<\/td>\n<td>Wanda-Compass 26\u2033 x 2.0<\/td>\n<\/tr>\n<tr>\n<td>Wy\u015bwietlacz<\/td>\n<td>LCD<\/td>\n<\/tr>\n<tr>\n<td>Silnik<\/td>\n<td>Silnik tylny Jiabo 48V 500W<\/td>\n<\/tr>\n<tr>\n<td>Bateria<\/td>\n<td>48V 10.4Ah (akumulator chi\u0144ski)<\/td>\n<\/tr>\n<\/tbody>\n<\/table>","protected":false},"excerpt":{"rendered":"<p>Velopro B050E to elegancki i mocny miejski rower elektryczny przeznaczony do codziennych dojazd\u00f3w do pracy i weekendowych przeja\u017cd\u017cek. Wyposa\u017cony w mocny tylny silnik 500 W, niezawodn\u0105 7-biegow\u0105 przek\u0142adni\u0119 Shimano i trwa\u0142e hamulce tarczowe, zapewnia komfort, bezpiecze\u0144stwo i styl dla rowerzyst\u00f3w, kt\u00f3rzy chc\u0105 zar\u00f3wno elegancji, jak i wydajno\u015bci.<\/p>","protected":false},"featured_media":2593,"comment_status":"open","ping_status":"closed","template":"","meta":[],"product_brand":[35],"product_cat":[27,38],"product_tag":[],"class_list":{"0":"post-2592","1":"product","2":"type-product","3":"status-publish","4":"has-post-thumbnail","6":"product_brand-velopro","7":"product_cat-city-ebike","8":"product_cat-velopro-electric-bikes","10":"first","11":"instock","12":"shipping-taxable","13":"product-type-simple"},"_links":{"self":[{"href":"https:\/\/galaxybicycle.com\/pl\/wp-json\/wp\/v2\/product\/2592","targetHints":{"allow":["GET"]}}],"collection":[{"href":"https:\/\/galaxybicycle.com\/pl\/wp-json\/wp\/v2\/product"}],"about":[{"href":"https:\/\/galaxybicycle.com\/pl\/wp-json\/wp\/v2\/types\/product"}],"replies":[{"embeddable":true,"href":"https:\/\/galaxybicycle.com\/pl\/wp-json\/wp\/v2\/comments?post=2592"}],"wp:featuredmedia":[{"embeddable":true,"href":"https:\/\/galaxybicycle.com\/pl\/wp-json\/wp\/v2\/media\/2593"}],"wp:attachment":[{"href":"https:\/\/galaxybicycle.com\/pl\/wp-json\/wp\/v2\/media?parent=2592"}],"wp:term":[{"taxonomy":"product_brand","embeddable":true,"href":"https:\/\/galaxybicycle.com\/pl\/wp-json\/wp\/v2\/product_brand?post=2592"},{"taxonomy":"product_cat","embeddable":true,"href":"https:\/\/galaxybicycle.com\/pl\/wp-json\/wp\/v2\/product_cat?post=2592"},{"taxonomy":"product_tag","embeddable":true,"href":"https:\/\/galaxybicycle.com\/pl\/wp-json\/wp\/v2\/product_tag?post=2592"}],"curies":[{"name":"wp","href":"https:\/\/api.w.org\/{rel}","templated":true}]}}