{"id":2555,"date":"2025-08-18T03:21:39","date_gmt":"2025-08-18T03:21:39","guid":{"rendered":"http:\/\/galaxybicycle.com\/?post_type=product&#038;p=2555"},"modified":"2025-09-03T09:15:47","modified_gmt":"2025-09-03T09:15:47","slug":"f120e","status":"publish","type":"product","link":"https:\/\/galaxybicycle.com\/pl\/product\/f120e\/","title":{"rendered":"Velopro F120E Sk\u0142adany rower elektryczny | 20-calowy kompaktowy rower podmiejski z akumulatorem 36 V i 7-biegow\u0105 przek\u0142adni\u0105 Shimano"},"content":{"rendered":"<p>Poznaj <strong>Velopro F120E<\/strong> - Wszechstronny sk\u0142adany rower elektryczny przeznaczony do jazdy po mie\u015bcie, dojazd\u00f3w do pracy i weekendowych przyg\u00f3d. Z jego <strong>Akumulator litowy 36 V 10,4 Ah<\/strong> oraz <strong>Silnik tylny 250 W<\/strong>Ten rower elektryczny zapewnia maksymaln\u0105 pr\u0119dko\u015b\u0107 <strong>32 km\/h<\/strong> i zasi\u0119g jazdy do <strong>50 km<\/strong> za op\u0142at\u0105.<\/p>\n<p>Zbudowany z wytrzyma\u0142ego <strong>Rama ze stopu aluminium 6061<\/strong> i kompaktowy <strong>20-calowe opony CST<\/strong>Model Velopro F120E \u0142\u0105czy w sobie wytrzyma\u0142o\u015b\u0107 i przeno\u015bno\u015b\u0107. Jego <strong>Sk\u0142adana konstrukcja<\/strong> u\u0142atwia przechowywanie w ciasnych przestrzeniach - idealny do mieszka\u0144, biur lub baga\u017cnik\u00f3w samochodowych. Rowerzy\u015bci mog\u0105 cieszy\u0107 si\u0119 <strong>pi\u0119\u0107 tryb\u00f3w wspomagania peda\u0142u<\/strong>, a <strong>przepustnica skr\u0119tna<\/strong> dla bezwysi\u0142kowego przyspieszenia i <strong>7-biegowa przerzutka Shimano<\/strong> do jazdy w zr\u00f3\u017cnicowanym terenie.<\/p>\n<p>Priorytetem jest r\u00f3wnie\u017c bezpiecze\u0144stwo <strong>przednie i tylne mechaniczne hamulce tarczowe<\/strong>Zintegrowany reflektor i wodoodporno\u015b\u0107 IP54 zapewniaj\u0105 niezawodne dzia\u0142anie w r\u00f3\u017cnych warunkach pogodowych. Niezale\u017cnie od tego, czy doje\u017cd\u017casz do pracy, za\u0142atwiasz sprawy, czy odkrywasz nowe miejsca, Velopro F120E zosta\u0142 zaprojektowany tak, aby ka\u017cda jazda by\u0142a p\u0142ynna, przyjazna dla \u015brodowiska i przyjemna.<\/p>\n<h2>Dlaczego warto wybra\u0107 Velopro F120E?<\/h2>\n<ul>\n<li><strong>Ekologiczne dojazdy do pracy<\/strong> - Zmniejsz sw\u00f3j \u015blad w\u0119glowy, ciesz\u0105c si\u0119 wydajn\u0105 jazd\u0105 do 50 km na jednym \u0142adowaniu.<\/li>\n<li><strong>Kompaktowy i sk\u0142adany<\/strong> - \u0141atwe sk\u0142adanie do przechowywania w mieszkaniach, baga\u017cnikach samochodowych lub transporcie publicznym.<\/li>\n<li><strong>Niezawodna wydajno\u015b\u0107<\/strong> - Wyposa\u017cony w silnik o mocy 250 W, 5 tryb\u00f3w jazdy i 7-biegow\u0105 przek\u0142adni\u0119 Shimano.<\/li>\n<li><strong>Wytrzyma\u0142a konstrukcja<\/strong> - Wykonany z mocnej ramy ze stopu aluminium i wysokiej jako\u015bci opon CST.<\/li>\n<li><strong>Gotowo\u015b\u0107 na ka\u017cd\u0105 pogod\u0119<\/strong> - Stopie\u0144 wodoodporno\u015bci IP54 i latarka czo\u0142owa zapewniaj\u0105 bezpieczn\u0105 jazd\u0119 w nocy lub w deszczu.<\/li>\n<\/ul>\n<h2>Specyfikacje<\/h2>\n<table border=\"1\" cellspacing=\"0\" cellpadding=\"6\">\n<tbody>\n<tr>\n<th>Kategoria<\/th>\n<th>Specyfikacja<\/th>\n<\/tr>\n<tr>\n<td><strong>Bateria<\/strong><\/td>\n<td>36V 10.4Ah (5000mAh, EVE, 20 ogniw)<\/td>\n<\/tr>\n<tr>\n<td><strong>Silnik<\/strong><\/td>\n<td>Silnik tylny 250 W<\/td>\n<\/tr>\n<tr>\n<td><strong>Pr\u0119dko\u015b\u0107 maksymalna<\/strong><\/td>\n<td>32 km\/h<\/td>\n<\/tr>\n<tr>\n<td><strong>Zasi\u0119g<\/strong><\/td>\n<td>40-50 km<\/td>\n<\/tr>\n<tr>\n<td><strong>Tryby<\/strong><\/td>\n<td>5 tryb\u00f3w wspomagania peda\u0142u + przepustnica obrotowa<\/td>\n<\/tr>\n<tr>\n<td><strong>Czas \u0142adowania<\/strong><\/td>\n<td>Oko\u0142o 5,2 godziny<\/td>\n<\/tr>\n<tr>\n<td><strong>Rama<\/strong><\/td>\n<td>Stop aluminium 6061<\/td>\n<\/tr>\n<tr>\n<td><strong>Rozmiar ko\u0142a<\/strong><\/td>\n<td>Opony 20\u2033 x 2,125\u2033 CST<\/td>\n<\/tr>\n<tr>\n<td><strong>Hamulce<\/strong><\/td>\n<td>Mechaniczne hamulce tarczowe z przodu i z ty\u0142u<\/td>\n<\/tr>\n<tr>\n<td><strong>Shifter<\/strong><\/td>\n<td>Shimano 7-Speed<\/td>\n<\/tr>\n<tr>\n<td><strong>\u0141adowno\u015b\u0107<\/strong><\/td>\n<td>150 kg<\/td>\n<\/tr>\n<tr>\n<td><strong>Zdolno\u015bci wspinaczkowe<\/strong><\/td>\n<td>Nachylenie 15<\/td>\n<\/tr>\n<tr>\n<td><strong>Poziom wodoodporno\u015bci<\/strong><\/td>\n<td>IP54<\/td>\n<\/tr>\n<tr>\n<td><strong>Sk\u0142adany<\/strong><\/td>\n<td>Tak<\/td>\n<\/tr>\n<tr>\n<td><strong>Wysoko\u015b\u0107 je\u017ad\u017aca<\/strong><\/td>\n<td>155 - 190 cm<\/td>\n<\/tr>\n<tr>\n<td><strong>Akcesoria<\/strong><\/td>\n<td>Wy\u015bwietlacz LCD, dzwonek mechaniczny, reflektor<\/td>\n<\/tr>\n<tr>\n<td><strong>Rozmiar opakowania<\/strong><\/td>\n<td>137 \u00d7 21 \u00d7 76 cm<\/td>\n<\/tr>\n<\/tbody>\n<\/table>\n<p><strong>Velopro F120E<\/strong> - Kompaktowy, mocny i gotowy do zmiany sposobu doje\u017cd\u017cania do pracy i zwiedzania miasta.<\/p>","protected":false},"excerpt":{"rendered":"<p>Velopro F120E to lekki, sk\u0142adany rower elektryczny stworzony do miejskich dojazd\u00f3w do pracy i jazdy pe\u0142nej przyg\u00f3d. Dzi\u0119ki akumulatorowi 36 V 10,4 Ah, tylnemu silnikowi 250 W, 7-biegowej przek\u0142adni Shimano i kompaktowej 20-calowej konstrukcji oferuje p\u0142ynn\u0105 jazd\u0119, \u0142atwe przechowywanie i niezawodn\u0105 wydajno\u015b\u0107 do codziennego u\u017cytku.<\/p>","protected":false},"featured_media":2556,"comment_status":"open","ping_status":"closed","template":"","meta":[],"product_brand":[35],"product_cat":[27,32,38],"product_tag":[],"class_list":{"0":"post-2555","1":"product","2":"type-product","3":"status-publish","4":"has-post-thumbnail","6":"product_brand-velopro","7":"product_cat-city-ebike","8":"product_cat-foldable-ebike","9":"product_cat-velopro-electric-bikes","11":"first","12":"instock","13":"shipping-taxable","14":"purchasable","15":"product-type-simple"},"_links":{"self":[{"href":"https:\/\/galaxybicycle.com\/pl\/wp-json\/wp\/v2\/product\/2555","targetHints":{"allow":["GET"]}}],"collection":[{"href":"https:\/\/galaxybicycle.com\/pl\/wp-json\/wp\/v2\/product"}],"about":[{"href":"https:\/\/galaxybicycle.com\/pl\/wp-json\/wp\/v2\/types\/product"}],"replies":[{"embeddable":true,"href":"https:\/\/galaxybicycle.com\/pl\/wp-json\/wp\/v2\/comments?post=2555"}],"wp:featuredmedia":[{"embeddable":true,"href":"https:\/\/galaxybicycle.com\/pl\/wp-json\/wp\/v2\/media\/2556"}],"wp:attachment":[{"href":"https:\/\/galaxybicycle.com\/pl\/wp-json\/wp\/v2\/media?parent=2555"}],"wp:term":[{"taxonomy":"product_brand","embeddable":true,"href":"https:\/\/galaxybicycle.com\/pl\/wp-json\/wp\/v2\/product_brand?post=2555"},{"taxonomy":"product_cat","embeddable":true,"href":"https:\/\/galaxybicycle.com\/pl\/wp-json\/wp\/v2\/product_cat?post=2555"},{"taxonomy":"product_tag","embeddable":true,"href":"https:\/\/galaxybicycle.com\/pl\/wp-json\/wp\/v2\/product_tag?post=2555"}],"curies":[{"name":"wp","href":"https:\/\/api.w.org\/{rel}","templated":true}]}}