{"id":2547,"date":"2025-08-18T03:20:03","date_gmt":"2025-08-18T03:20:03","guid":{"rendered":"http:\/\/galaxybicycle.com\/?post_type=product&#038;p=2547"},"modified":"2025-09-02T09:25:27","modified_gmt":"2025-09-02T09:25:27","slug":"c600e","status":"publish","type":"product","link":"https:\/\/galaxybicycle.com\/pl\/product\/c600e\/","title":{"rendered":"Velopro C600E | Elektryczny rower terenowy Step-Thru dla wygody i przygody"},"content":{"rendered":"<p>The <strong>Velopro C600E Step-Thru eBike<\/strong> zosta\u0142 zbudowany tak, aby ka\u017cda jazda by\u0142a \u0142atwa, przyjemna i ekscytuj\u0105ca. Niezale\u017cnie od tego, czy doje\u017cd\u017casz do pracy ulicami miasta, czy odkrywasz wiejskie szlaki, ten rower zapewnia niezawodne osi\u0105gi i maksymalny komfort.<\/p>\n<p>Jego <strong>rama przelotowa<\/strong> sprawia, \u017ce monta\u017c i demonta\u017c jest \u0142atwy, podczas gdy pot\u0119\u017cny <strong>Silnik tylny 48 V 350 W<\/strong> zapewnia p\u0142ynne przyspieszenie podczas pokonywania wzniesie\u0144 i d\u0142ugich przeja\u017cd\u017cek. Opony <strong>Akumulator 48V 15Ah<\/strong> zapewnia swobod\u0119 podr\u00f3\u017cowania na dalsze odleg\u0142o\u015bci przy mniejszej liczbie \u0142adowa\u0144, co czyni go idealnym wyborem dla rowerzyst\u00f3w ceni\u0105cych d\u0142ugodystansowe przygody.<\/p>\n<p>Wyposa\u017cony w <strong>Widelec amortyzowany Suntour<\/strong> do poch\u0142aniania wstrz\u0105s\u00f3w, <strong>9-biegowa przek\u0142adnia Shimano<\/strong> dla elastycznych opcji jazdy, oraz <strong>Hydrauliczne hamulce tarczowe Zoom<\/strong> Dzi\u0119ki du\u017cej sile hamowania opona Velopro C600E zapewnia kontrol\u0119 w ka\u017cdym terenie. Szeroki <strong>Opony 27,5\u2033 x 2,6\u2033<\/strong> zapewniaj\u0105 stabilno\u015b\u0107 i przyczepno\u015b\u0107, dzi\u0119ki czemu mo\u017cesz je\u017adzi\u0107 z pewno\u015bci\u0105 siebie w mie\u015bcie, na szutrze lub na nier\u00f3wnych \u015bcie\u017ckach.<\/p>\n<h3>Dlaczego warto wybra\u0107 Velopro C600E?<\/h3>\n<ul>\n<li><strong>Konstrukcja typu step-thru<\/strong> dla \u0142atwego dost\u0119pu, idealny dla rowerzyst\u00f3w w ka\u017cdym wieku.<\/li>\n<li><strong>Mocny silnik 48V 350W<\/strong> zapewnia p\u0142ynne, niezawodne dzia\u0142anie na miejskich drogach i szlakach.<\/li>\n<li><strong>Akumulator 15 Ah o du\u017cym zasi\u0119gu<\/strong> pozwala na d\u0142u\u017csze przeja\u017cd\u017cki.<\/li>\n<li><strong>9-biegowy nap\u0119d Shimano<\/strong> dla precyzyjnej, elastycznej zmiany bieg\u00f3w.<\/li>\n<li><strong>Widelec amortyzowany ze stopu Suntour<\/strong> z blokad\u0105 zapewniaj\u0105c\u0105 komfort na wyboistych drogach.<\/li>\n<li><strong>Hydrauliczne hamulce tarczowe Zoom<\/strong> dla maksymalnej si\u0142y hamowania i bezpiecze\u0144stwa.<\/li>\n<li><strong>Wytrzyma\u0142a rama ze stopu metali lekkich 27,5\"<\/strong> Zbudowany z my\u015bl\u0105 o trwa\u0142o\u015bci z idealn\u0105 r\u00f3wnowag\u0105 wytrzyma\u0142o\u015bci i lekko\u015bci.<\/li>\n<\/ul>\n<h3>Specyfikacje<\/h3>\n<table border=\"1\" cellspacing=\"0\" cellpadding=\"6\">\n<tbody>\n<tr>\n<th>Cecha<\/th>\n<th>Szczeg\u00f3\u0142y<\/th>\n<\/tr>\n<tr>\n<td>Rama<\/td>\n<td>27,5\u2033 Alloy 6061#<\/td>\n<\/tr>\n<tr>\n<td>Widelec<\/td>\n<td>Widelec amortyzowany Suntour 27,5\u2033 Alloy Crown z HLO<\/td>\n<\/tr>\n<tr>\n<td>Przerzutka<\/td>\n<td>Shimano 9 pr\u0119dko\u015bci<\/td>\n<\/tr>\n<tr>\n<td>Hamulce<\/td>\n<td>Hydrauliczne hamulce tarczowe Zoom<\/td>\n<\/tr>\n<tr>\n<td>Opony<\/td>\n<td>K1227 27.5\u2033 \u00d7 2.6\u2033<\/td>\n<\/tr>\n<tr>\n<td>Wy\u015bwietlacz<\/td>\n<td>LCD<\/td>\n<\/tr>\n<tr>\n<td>Silnik<\/td>\n<td>Silnik tylny 48 V \u00d7 350 W<\/td>\n<\/tr>\n<tr>\n<td>Bateria<\/td>\n<td>48V 15Ah (opcja 10,4Ah: 427 USD)<\/td>\n<\/tr>\n<tr>\n<td>Rozmiar pude\u0142ka<\/td>\n<td>152 \u00d7 26 \u00d7 88 cm<\/td>\n<\/tr>\n<tr>\n<td>Waga netto<\/td>\n<td>32 kg<\/td>\n<\/tr>\n<tr>\n<td>Waga brutto<\/td>\n<td>39 kg<\/td>\n<\/tr>\n<tr>\n<td>Pojemno\u015b\u0107 pojemnika<\/td>\n<td>155 zestaw\u00f3w \/ 40HQ<\/td>\n<\/tr>\n<\/tbody>\n<\/table>","protected":false},"excerpt":{"rendered":"<p>Velopro C600E to wszechstronny rower elektryczny zaprojektowany dla rowerzyst\u00f3w, kt\u00f3rzy chc\u0105 idealnego po\u0142\u0105czenia komfortu, mocy i trwa\u0142o\u015bci. Dzi\u0119ki silnikowi 48 V, wytrzyma\u0142emu akumulatorowi 15 Ah i wysokiej jako\u015bci 9-biegowemu nap\u0119dowi Shimano, ten wszechstronny rower elektryczny jest przeznaczony do p\u0142ynnych dojazd\u00f3w do pracy, weekendowych tras i wszystkiego pomi\u0119dzy.<\/p>","protected":false},"featured_media":2548,"comment_status":"open","ping_status":"closed","template":"","meta":[],"product_brand":[35],"product_cat":[27,38],"product_tag":[],"class_list":{"0":"post-2547","1":"product","2":"type-product","3":"status-publish","4":"has-post-thumbnail","6":"product_brand-velopro","7":"product_cat-city-ebike","8":"product_cat-velopro-electric-bikes","10":"first","11":"instock","12":"shipping-taxable","13":"purchasable","14":"product-type-simple"},"_links":{"self":[{"href":"https:\/\/galaxybicycle.com\/pl\/wp-json\/wp\/v2\/product\/2547","targetHints":{"allow":["GET"]}}],"collection":[{"href":"https:\/\/galaxybicycle.com\/pl\/wp-json\/wp\/v2\/product"}],"about":[{"href":"https:\/\/galaxybicycle.com\/pl\/wp-json\/wp\/v2\/types\/product"}],"replies":[{"embeddable":true,"href":"https:\/\/galaxybicycle.com\/pl\/wp-json\/wp\/v2\/comments?post=2547"}],"wp:featuredmedia":[{"embeddable":true,"href":"https:\/\/galaxybicycle.com\/pl\/wp-json\/wp\/v2\/media\/2548"}],"wp:attachment":[{"href":"https:\/\/galaxybicycle.com\/pl\/wp-json\/wp\/v2\/media?parent=2547"}],"wp:term":[{"taxonomy":"product_brand","embeddable":true,"href":"https:\/\/galaxybicycle.com\/pl\/wp-json\/wp\/v2\/product_brand?post=2547"},{"taxonomy":"product_cat","embeddable":true,"href":"https:\/\/galaxybicycle.com\/pl\/wp-json\/wp\/v2\/product_cat?post=2547"},{"taxonomy":"product_tag","embeddable":true,"href":"https:\/\/galaxybicycle.com\/pl\/wp-json\/wp\/v2\/product_tag?post=2547"}],"curies":[{"name":"wp","href":"https:\/\/api.w.org\/{rel}","templated":true}]}}