{"id":2543,"date":"2025-08-18T03:19:32","date_gmt":"2025-08-18T03:19:32","guid":{"rendered":"http:\/\/galaxybicycle.com\/?post_type=product&#038;p=2543"},"modified":"2025-09-03T09:30:02","modified_gmt":"2025-09-03T09:30:02","slug":"c800e","status":"publish","type":"product","link":"https:\/\/galaxybicycle.com\/pl\/product\/c800e\/","title":{"rendered":"Rower elektryczny Velopro C800E | Moc 500 W, 48 V, opony 26 \u00d7 3\" Fat, 7-biegowy g\u00f3rski rower elektryczny"},"content":{"rendered":"<p><strong>Rower elektryczny Velopro C800E<\/strong> jest przeznaczony dla rowerzyst\u00f3w, kt\u00f3rzy chc\u0105 zar\u00f3wno przygody, jak i niezawodno\u015bci. Zasilany akumulatorem EVE 48 V 10,4 Ah i szybkim silnikiem 500 W, ten e-rower osi\u0105ga pr\u0119dko\u015bci do <strong>32 km\/h (regulowana do 45 km\/h)<\/strong> i oferuje zakres jazdy <strong>40-50 KM<\/strong>. Niezale\u017cnie od tego, czy doje\u017cd\u017casz do pracy w mie\u015bcie, czy pokonujesz lekkie szlaki terenowe, C800E \u0142\u0105czy najnowocze\u015bniejsz\u0105 technologi\u0119 z praktyczn\u0105 konstrukcj\u0105.<\/p>\n<p>Wyposa\u017cony w <strong>5 tryb\u00f3w jazdy PAS<\/strong>Mechaniczne hamulce tarczowe, przedni widelec amortyzowany i 7-biegowa przek\u0142adnia Shimano zapewniaj\u0105 p\u0142ynn\u0105 i kontrolowan\u0105 jazd\u0119. Wytrzyma\u0142y <strong>Opony Chaoyang 26\u00d73\"<\/strong> zapewniaj\u0105 stabilno\u015b\u0107 i przyczepno\u015b\u0107, a przednie i tylne \u015bwiat\u0142a, b\u0142otniki i tylny baga\u017cnik zapewniaj\u0105 dodatkow\u0105 wygod\u0119 w codziennym u\u017cytkowaniu. Zaprojektowany z <strong>Rama ze stopu aluminium 6061<\/strong>Jest lekki, a jednocze\u015bnie wystarczaj\u0105co wytrzyma\u0142y, aby poradzi\u0107 sobie z \u0142adunkiem do 150 kg.<\/p>\n<p>Velopro C800E to nie tylko osi\u0105gi - zosta\u0142 zbudowany z my\u015bl\u0105 o komforcie i praktyczno\u015bci. Od wy\u015bwietlacza LCD z portem USB, przepustnicy kciukowej i ergonomicznych peda\u0142\u00f3w po wodoodporno\u015b\u0107 IP54 i mechaniczny dzwonek - ka\u017cdy szczeg\u00f3\u0142 jest dostosowany do lepszej jazdy. Idealny dla rowerzyst\u00f3w pomi\u0119dzy <strong>155-190cm<\/strong> Ten rower elektryczny to niezawodny partner do dojazd\u00f3w do pracy, wypoczynku i przyg\u00f3d.<\/p>\n<h3>Dlaczego warto wybra\u0107 Velopro C800E?<\/h3>\n<ul>\n<li>Pot\u0119\u017cny <strong>Silnik 48 V 500 W<\/strong> dla wysokiej wydajno\u015bci<\/li>\n<li>D\u0142ugotrwa\u0142y <strong>Akumulator 48 V 10,4 Ah<\/strong> z zasi\u0119giem 40-50 km<\/li>\n<li><strong>Opony t\u0142uszczowe Chaoyang 26\u00d73\"<\/strong> dla przyczepno\u015bci i stabilno\u015bci<\/li>\n<li><strong>7-biegowa przek\u0142adnia Shimano<\/strong> do wszechstronnej jazdy<\/li>\n<li><strong>Przedni widelec amortyzowany<\/strong> i hamulce tarczowe dla bezpiecze\u0144stwa<\/li>\n<li>Wy\u015bwietlacz LCD z portem \u0142adowania USB<\/li>\n<li>W zestawie przednie i tylne \u015bwiat\u0142a, dzwonek, b\u0142otniki i tylny baga\u017cnik<\/li>\n<li>Rozmiar przyjazny dla rowerzysty: odpowiedni dla <strong>155-190cm<\/strong><\/li>\n<\/ul>\n<h3>Specyfikacje<\/h3>\n<table border=\"1\" cellspacing=\"0\" cellpadding=\"6\">\n<tbody>\n<tr>\n<th>Kategoria<\/th>\n<th>Specyfikacja<\/th>\n<th>Szczeg\u00f3\u0142y<\/th>\n<\/tr>\n<tr>\n<td>Bateria<\/td>\n<td>48V 10.4Ah<\/td>\n<td>Marka EVE, 40 kom\u00f3rek<\/td>\n<\/tr>\n<tr>\n<td>Silnik<\/td>\n<td>500W<\/td>\n<td>Silnik 48 V o du\u017cej pr\u0119dko\u015bci<\/td>\n<\/tr>\n<tr>\n<td>Pr\u0119dko\u015b\u0107 maksymalna<\/td>\n<td>32KM\/H<\/td>\n<td>Regulacja do 45 km\/h<\/td>\n<\/tr>\n<tr>\n<td>Zasi\u0119g<\/td>\n<td>40-50 KM<\/td>\n<td>Za op\u0142at\u0105<\/td>\n<\/tr>\n<tr>\n<td>PAS<\/td>\n<td>5 tryb\u00f3w<\/td>\n<td>System wspomagania peda\u0142owania<\/td>\n<\/tr>\n<tr>\n<td>\u0141adowarka<\/td>\n<td>54,6 V 2 A<\/td>\n<td>Czas \u0142adowania: 5,2 godz.<\/td>\n<\/tr>\n<tr>\n<td>Przepustnica<\/td>\n<td>Przepustnica kciukowa<\/td>\n<td>Tak<\/td>\n<\/tr>\n<tr>\n<td>Wy\u015bwietlacz<\/td>\n<td>Wy\u015bwietlacz LCD<\/td>\n<td>Z portem USB<\/td>\n<\/tr>\n<tr>\n<td>Rama<\/td>\n<td>Stop aluminium 6061<\/td>\n<td>Trwa\u0142y i lekki<\/td>\n<\/tr>\n<tr>\n<td>Rozmiar ko\u0142a<\/td>\n<td>26\u00d73\"<\/td>\n<td>Opony Chaoyang<\/td>\n<\/tr>\n<tr>\n<td>Przek\u0142adnie<\/td>\n<td>7 bieg\u00f3w<\/td>\n<td>Shimano Shifter<\/td>\n<\/tr>\n<tr>\n<td>Hamulce<\/td>\n<td>Hamulce tarczowe<\/td>\n<td>Mechaniczny prz\u00f3d i ty\u0142<\/td>\n<\/tr>\n<tr>\n<td>Zawieszenie<\/td>\n<td>Widelec<\/td>\n<td>Z przednim zawieszeniem<\/td>\n<\/tr>\n<tr>\n<td>Akcesoria<\/td>\n<td>\u015awiat\u0142a, b\u0142otniki, dzwonek, tylny baga\u017cnik<\/td>\n<td>W zestawie<\/td>\n<\/tr>\n<tr>\n<td>Wodoodporny<\/td>\n<td>IP54<\/td>\n<td>Odporny na deszcz<\/td>\n<\/tr>\n<tr>\n<td>\u0141adunek<\/td>\n<td>150 KG<\/td>\n<td>Maksymalne obci\u0105\u017cenie<\/td>\n<\/tr>\n<tr>\n<td>Wysoko\u015b\u0107 je\u017ad\u017aca<\/td>\n<td>155-190cm<\/td>\n<td>Zalecane<\/td>\n<\/tr>\n<tr>\n<td>Waga netto<\/td>\n<td>32 KG<\/td>\n<td>Waga brutto: 39 kg<\/td>\n<\/tr>\n<\/tbody>\n<\/table>","protected":false},"excerpt":{"rendered":"<p>Odkryj <strong>Velopro C800E<\/strong> - pot\u0119\u017cny i wszechstronny rower elektryczny przeznaczony do jazdy po mie\u015bcie, g\u00f3rskich szlakach i wszystkiego pomi\u0119dzy. Dzi\u0119ki silnikowi o mocy 500 W, akumulatorowi 48 V, 7-biegowej przek\u0142adni Shimano i wytrzyma\u0142ym oponom 26\u00d73\", ten rower elektryczny zapewnia pr\u0119dko\u015b\u0107, si\u0142\u0119 i komfort dla rowerzyst\u00f3w na wszystkich poziomach zaawansowania.<\/p>","protected":false},"featured_media":2544,"comment_status":"open","ping_status":"closed","template":"","meta":[],"product_brand":[35],"product_cat":[27,28,38],"product_tag":[],"class_list":{"0":"post-2543","1":"product","2":"type-product","3":"status-publish","4":"has-post-thumbnail","6":"product_brand-velopro","7":"product_cat-city-ebike","8":"product_cat-fat-tire-ebike","9":"product_cat-velopro-electric-bikes","11":"first","12":"instock","13":"shipping-taxable","14":"product-type-simple"},"_links":{"self":[{"href":"https:\/\/galaxybicycle.com\/pl\/wp-json\/wp\/v2\/product\/2543","targetHints":{"allow":["GET"]}}],"collection":[{"href":"https:\/\/galaxybicycle.com\/pl\/wp-json\/wp\/v2\/product"}],"about":[{"href":"https:\/\/galaxybicycle.com\/pl\/wp-json\/wp\/v2\/types\/product"}],"replies":[{"embeddable":true,"href":"https:\/\/galaxybicycle.com\/pl\/wp-json\/wp\/v2\/comments?post=2543"}],"wp:featuredmedia":[{"embeddable":true,"href":"https:\/\/galaxybicycle.com\/pl\/wp-json\/wp\/v2\/media\/2544"}],"wp:attachment":[{"href":"https:\/\/galaxybicycle.com\/pl\/wp-json\/wp\/v2\/media?parent=2543"}],"wp:term":[{"taxonomy":"product_brand","embeddable":true,"href":"https:\/\/galaxybicycle.com\/pl\/wp-json\/wp\/v2\/product_brand?post=2543"},{"taxonomy":"product_cat","embeddable":true,"href":"https:\/\/galaxybicycle.com\/pl\/wp-json\/wp\/v2\/product_cat?post=2543"},{"taxonomy":"product_tag","embeddable":true,"href":"https:\/\/galaxybicycle.com\/pl\/wp-json\/wp\/v2\/product_tag?post=2543"}],"curies":[{"name":"wp","href":"https:\/\/api.w.org\/{rel}","templated":true}]}}