{"id":2541,"date":"2025-08-18T03:19:14","date_gmt":"2025-08-18T03:19:14","guid":{"rendered":"http:\/\/galaxybicycle.com\/?post_type=product&#038;p=2541"},"modified":"2025-09-03T09:55:51","modified_gmt":"2025-09-03T09:55:51","slug":"x1","status":"publish","type":"product","link":"https:\/\/galaxybicycle.com\/pl\/product\/x1\/","title":{"rendered":"Velopro X1 Rower elektryczny 500W | 48V Fat Tire Mountain E-Bike z 7-biegow\u0105 przek\u0142adni\u0105 Shimano"},"content":{"rendered":"<p>The <strong>Rower elektryczny Velopro X1<\/strong> \u0142\u0105czy moc, komfort i styl w jednej wytrzyma\u0142ej je\u017adzie.<br \/>\nWyposa\u017cony w <strong>Akumulator 48 V 10,4 Ah<\/strong> oraz <strong>Silnik tylny 500 W<\/strong>zapewnia niezawodn\u0105 pr\u0119dko\u015b\u0107 do <strong>32KM\/H<\/strong> (regulowana do 45 km\/h). Z zakresem <strong>40-50 KM<\/strong> na jednym \u0142adowaniu, jest idealny do codziennych dojazd\u00f3w do pracy, weekendowych przyg\u00f3d i zabawy na \u015bwie\u017cym powietrzu.<\/p>\n<p>The <strong>Grube opony Kenda 20\u2033x4.0\u2033<\/strong> zapewniaj\u0105 doskona\u0142\u0105 przyczepno\u015b\u0107 na piasku, \u015bniegu lub \u017cwirze, podczas gdy <strong>Widelec z podw\u00f3jnym zawieszeniem<\/strong> zapewnia p\u0142ynn\u0105 jazd\u0119 w trudnym terenie. Z <strong>7-biegowa przek\u0142adnia Shimano<\/strong>Mechaniczne hamulce tarczowe i 5 tryb\u00f3w jazdy sprawiaj\u0105, \u017ce Velopro X1 dostosowuje si\u0119 do ka\u017cdej podr\u00f3\u017cy, niezale\u017cnie od tego, czy wspinasz si\u0119 po wzg\u00f3rzach, czy je\u017adzisz po mie\u015bcie.<\/p>\n<p>Dodatkowe funkcje, takie jak przednie i tylne \u015bwiat\u0142a, aluminiowe peda\u0142y, b\u0142otniki i mechaniczny dzwonek sprawiaj\u0105, \u017ce jest zar\u00f3wno bezpieczny, jak i praktyczny. Zbudowany z <strong>Wysokiej jako\u015bci stalowa rama<\/strong> i wodoodporno\u015bci IP54, ten rower elektryczny zosta\u0142 zaprojektowany z my\u015bl\u0105 o trwa\u0142o\u015bci w ka\u017cdych warunkach.<br \/>\nJe\u015bli potrzebujesz niezawodnego, stylowego i gotowego na przygody roweru elektrycznego, Velopro X1 jest idealnym wyborem.<\/p>\n<h2>Specyfikacje<\/h2>\n<table border=\"1\" cellspacing=\"0\" cellpadding=\"6\">\n<tbody>\n<tr>\n<th>Klasyfikacja<\/th>\n<th>Specyfikacje<\/th>\n<th>Parametry<\/th>\n<\/tr>\n<tr>\n<td>Bateria<\/td>\n<td>48V 10.4Ah<\/td>\n<td>Zdejmowany<\/td>\n<\/tr>\n<tr>\n<td>Silnik<\/td>\n<td>Tylny silnik<\/td>\n<td>48V 500W<\/td>\n<\/tr>\n<tr>\n<td>Pr\u0119dko\u015b\u0107 maksymalna<\/td>\n<td colspan=\"2\">32 km\/h (z mo\u017cliwo\u015bci\u0105 regulacji do 45 km\/h)<\/td>\n<\/tr>\n<tr>\n<td>Zasi\u0119g<\/td>\n<td colspan=\"2\">40-50 KM<\/td>\n<\/tr>\n<tr>\n<td>PAS<\/td>\n<td colspan=\"2\">5 tryb\u00f3w jazdy<\/td>\n<\/tr>\n<tr>\n<td>\u0141adowarka<\/td>\n<td>54,6 V 2 A<\/td>\n<td>Czas \u0142adowania: 5,2 godz.<\/td>\n<\/tr>\n<tr>\n<td>Wy\u015bwietlacz<\/td>\n<td colspan=\"2\">Wy\u015bwietlacz LCD<\/td>\n<\/tr>\n<tr>\n<td>\u015awiat\u0142a<\/td>\n<td colspan=\"2\">\u015awiat\u0142a przednie i tylne<\/td>\n<\/tr>\n<tr>\n<td>Rama<\/td>\n<td colspan=\"2\">Stal wysokiej jako\u015bci<\/td>\n<\/tr>\n<tr>\n<td>Ko\u0142a<\/td>\n<td colspan=\"2\">Opony 20\u2033x4.0\u2033 Kenda Fat Tires<\/td>\n<\/tr>\n<tr>\n<td>Hamulce<\/td>\n<td colspan=\"2\">Mechaniczne hamulce tarczowe (prz\u00f3d i ty\u0142)<\/td>\n<\/tr>\n<tr>\n<td>Zawieszenie<\/td>\n<td colspan=\"2\">Widelec z podw\u00f3jnym zawieszeniem<\/td>\n<\/tr>\n<tr>\n<td>Przek\u0142adnie<\/td>\n<td colspan=\"2\">Shimano 7 pr\u0119dko\u015bci<\/td>\n<\/tr>\n<tr>\n<td>Waga netto\/brutto<\/td>\n<td colspan=\"2\">48,3 KG \/ 55 KG<\/td>\n<\/tr>\n<tr>\n<td>\u0141adowno\u015b\u0107<\/td>\n<td colspan=\"2\">150 KG<\/td>\n<\/tr>\n<tr>\n<td>Zdolno\u015b\u0107 pokonywania wzniesie\u0144<\/td>\n<td colspan=\"2\">15\u00b0<\/td>\n<\/tr>\n<tr>\n<td>Wodoodporny<\/td>\n<td colspan=\"2\">IP54<\/td>\n<\/tr>\n<tr>\n<td>Rozmiar<\/td>\n<td colspan=\"2\">Rozk\u0142adany | Wzrost je\u017ad\u017aca: 155-190 cm<\/td>\n<\/tr>\n<tr>\n<td>Dodatki<\/td>\n<td colspan=\"2\">B\u0142otniki, aluminiowe peda\u0142y, mechaniczny dzwonek<\/td>\n<\/tr>\n<\/tbody>\n<\/table>","protected":false},"excerpt":{"rendered":"<p>Velopro X1 to pot\u0119\u017cny rower elektryczny z tylnym silnikiem o mocy 500 W, akumulatorem 48 V, grubymi oponami Kenda 20\u2033x4,0\u2033, 7-biegow\u0105 przek\u0142adni\u0105 Shimano i widelcem z podw\u00f3jnym zawieszeniem. Zaprojektowany dla rowerzyst\u00f3w poszukuj\u0105cych pr\u0119dko\u015bci, komfortu i przygody, ten rower elektryczny z \u0142atwo\u015bci\u0105 radzi sobie z ulicami miasta i szlakami terenowymi.<\/p>","protected":false},"featured_media":2542,"comment_status":"open","ping_status":"closed","template":"","meta":[],"product_brand":[35],"product_cat":[27,28,38],"product_tag":[],"class_list":{"0":"post-2541","1":"product","2":"type-product","3":"status-publish","4":"has-post-thumbnail","6":"product_brand-velopro","7":"product_cat-city-ebike","8":"product_cat-fat-tire-ebike","9":"product_cat-velopro-electric-bikes","11":"first","12":"instock","13":"shipping-taxable","14":"purchasable","15":"product-type-simple"},"_links":{"self":[{"href":"https:\/\/galaxybicycle.com\/pl\/wp-json\/wp\/v2\/product\/2541","targetHints":{"allow":["GET"]}}],"collection":[{"href":"https:\/\/galaxybicycle.com\/pl\/wp-json\/wp\/v2\/product"}],"about":[{"href":"https:\/\/galaxybicycle.com\/pl\/wp-json\/wp\/v2\/types\/product"}],"replies":[{"embeddable":true,"href":"https:\/\/galaxybicycle.com\/pl\/wp-json\/wp\/v2\/comments?post=2541"}],"wp:featuredmedia":[{"embeddable":true,"href":"https:\/\/galaxybicycle.com\/pl\/wp-json\/wp\/v2\/media\/2542"}],"wp:attachment":[{"href":"https:\/\/galaxybicycle.com\/pl\/wp-json\/wp\/v2\/media?parent=2541"}],"wp:term":[{"taxonomy":"product_brand","embeddable":true,"href":"https:\/\/galaxybicycle.com\/pl\/wp-json\/wp\/v2\/product_brand?post=2541"},{"taxonomy":"product_cat","embeddable":true,"href":"https:\/\/galaxybicycle.com\/pl\/wp-json\/wp\/v2\/product_cat?post=2541"},{"taxonomy":"product_tag","embeddable":true,"href":"https:\/\/galaxybicycle.com\/pl\/wp-json\/wp\/v2\/product_tag?post=2541"}],"curies":[{"name":"wp","href":"https:\/\/api.w.org\/{rel}","templated":true}]}}