{"id":2539,"date":"2025-08-18T03:18:01","date_gmt":"2025-08-18T03:18:01","guid":{"rendered":"http:\/\/galaxybicycle.com\/?post_type=product&#038;p=2539"},"modified":"2025-09-03T09:56:27","modified_gmt":"2025-09-03T09:56:27","slug":"x3","status":"publish","type":"product","link":"https:\/\/galaxybicycle.com\/pl\/product\/x3\/","title":{"rendered":"Rower elektryczny Velopro X3 | silnik tylny 500 W, akumulator 48 V, 20\u2033x4.0\u2033 Fat Tire E-Bike"},"content":{"rendered":"<p>The <strong>Rower elektryczny Velopro X3<\/strong> \u0142\u0105czy w sobie wytrzyma\u0142o\u015b\u0107, styl i wydajno\u015b\u0107 dla rowerzyst\u00f3w, kt\u00f3rzy chc\u0105 wszechstronnego i niezawodnego roweru elektrycznego. Wyposa\u017cony w <strong>Akumulator litowy 48 V 10,4 Ah<\/strong> oraz <strong>Silnik tylny 500 W<\/strong>zapewnia p\u0142ynn\u0105 i mocn\u0105 jazd\u0119, osi\u0105gaj\u0105c pr\u0119dko\u015bci do <strong>32 km\/h (regulowana do 45 km\/h)<\/strong>. Z zakresem <strong>40-50 KM<\/strong>Ten rower jest idealny do dojazd\u00f3w do pracy w mie\u015bcie, weekendowych przyg\u00f3d i eksploracji na \u015bwie\u017cym powietrzu.<\/p>\n<p>Jego <strong>Grube opony Chaoyang 20\u2033x4.0\u2033<\/strong> zapewniaj\u0105 doskona\u0142\u0105 przyczepno\u015b\u0107 i stabilno\u015b\u0107 na drogach, \u017cwirze, piasku lub \u015bniegu. Opony <strong>Widelec z podw\u00f3jnym zawieszeniem<\/strong> oraz <strong>Mechaniczne hamulce tarczowe Zoom<\/strong> zapewniaj\u0105 komfort i bezpiecze\u0144stwo nawet w trudnym terenie. Rowerzy\u015bci mog\u0105 \u0142atwo prze\u0142\u0105cza\u0107 si\u0119 mi\u0119dzy <strong>5 tryb\u00f3w wspomagania peda\u0142u<\/strong> i u\u017cywa\u0107 <strong>przepustnica skr\u0119tna<\/strong> dla dodatkowego do\u0142adowania w razie potrzeby.<\/p>\n<p>Velopro X3 jest zbudowany z wytrzyma\u0142ego <strong>Rama ze stopu aluminium 6061<\/strong>7-biegowa przek\u0142adnia Shimano i przemy\u015blane detale, takie jak przednie i tylne \u015bwiat\u0142a, b\u0142otniki i mechaniczny dzwonek. Wodoodporno\u015b\u0107 na poziomie IP54 czyni go niezawodnym w r\u00f3\u017cnych warunkach pogodowych, a do\u0142\u0105czone narz\u0119dzia sprawiaj\u0105, \u017ce monta\u017c jest bezproblemowy.<\/p>\n<p>Niezale\u017cnie od tego, czy doje\u017cd\u017casz do pracy, je\u017adzisz po mie\u015bcie, czy odkrywasz plener, Velopro X3 jest idealnym towarzyszem zapewniaj\u0105cym moc, trwa\u0142o\u015b\u0107 i styl.<\/p>\n<h2>Specyfikacje<\/h2>\n<table border=\"1\" cellspacing=\"0\" cellpadding=\"5\">\n<tbody>\n<tr>\n<th>Klasyfikacja<\/th>\n<th>Specyfikacje<\/th>\n<th>Parametry<\/th>\n<\/tr>\n<tr>\n<td rowspan=\"10\">Elektronika<\/td>\n<td>Bateria<\/td>\n<td>48V*10.4AH<\/td>\n<\/tr>\n<tr>\n<td>Silnik<\/td>\n<td>Silnik tylny 48V*500W<\/td>\n<\/tr>\n<tr>\n<td>Pr\u0119dko\u015b\u0107 maksymalna<\/td>\n<td>32 km\/h (z mo\u017cliwo\u015bci\u0105 regulacji do 45 km\/h)<\/td>\n<\/tr>\n<tr>\n<td>Zasi\u0119g<\/td>\n<td>40-50 KM<\/td>\n<\/tr>\n<tr>\n<td>PAS<\/td>\n<td>5 tryb\u00f3w jazdy<\/td>\n<\/tr>\n<tr>\n<td>\u0141adowarka<\/td>\n<td>54,6 V 2 A<\/td>\n<\/tr>\n<tr>\n<td>Czas \u0142adowania<\/td>\n<td>5.2H<\/td>\n<\/tr>\n<tr>\n<td>Przepustnica<\/td>\n<td>Twist Throttle<\/td>\n<\/tr>\n<tr>\n<td>Wy\u015bwietlacz<\/td>\n<td>Wy\u015bwietlacz LCD<\/td>\n<\/tr>\n<tr>\n<td>Czujnik<\/td>\n<td>Czujnik pr\u0119dko\u015bci 12 bieg\u00f3w<\/td>\n<\/tr>\n<tr>\n<td colspan=\"2\">\u015awiat\u0142a<\/td>\n<td>Z przednimi i tylnymi \u015bwiat\u0142ami<\/td>\n<\/tr>\n<tr>\n<td rowspan=\"14\">Standardy<\/td>\n<td>Materia\u0142 ramy<\/td>\n<td>Stop aluminium 6061<\/td>\n<\/tr>\n<tr>\n<td>Rozmiar ko\u0142a<\/td>\n<td>20\u2033*4.0\u2033<\/td>\n<\/tr>\n<tr>\n<td>Marka opon<\/td>\n<td>Chaoyang<\/td>\n<\/tr>\n<tr>\n<td>Waga netto<\/td>\n<td>48,3 KG<\/td>\n<\/tr>\n<tr>\n<td>Waga brutto<\/td>\n<td>55KGS<\/td>\n<\/tr>\n<tr>\n<td>\u0141adowno\u015b\u0107<\/td>\n<td>150KGS<\/td>\n<\/tr>\n<tr>\n<td>Zdolno\u015b\u0107 pokonywania wzniesie\u0144<\/td>\n<td>15\u00b0<\/td>\n<\/tr>\n<tr>\n<td>Monta\u017c bez u\u017cycia narz\u0119dzi<\/td>\n<td>Do\u0142\u0105czone narz\u0119dzia do monta\u017cu<\/td>\n<\/tr>\n<tr>\n<td>\u0141a\u0144cuch<\/td>\n<td>1\/2*3\/32 \"x118L<\/td>\n<\/tr>\n<tr>\n<td>Mechanizm korbowy<\/td>\n<td>48T*152L<\/td>\n<\/tr>\n<tr>\n<td>B\u0142otniki<\/td>\n<td>Z przednimi i tylnymi b\u0142otnikami<\/td>\n<\/tr>\n<tr>\n<td>Hamulce<\/td>\n<td>Mechaniczny hamulec tarczowy Zoom<\/td>\n<\/tr>\n<tr>\n<td>Widelec przedni<\/td>\n<td>Widelec z podw\u00f3jnym zawieszeniem<\/td>\n<\/tr>\n<tr>\n<td>Shifter<\/td>\n<td>Shimano 7 pr\u0119dko\u015bci<\/td>\n<\/tr>\n<tr>\n<td rowspan=\"7\">Inne<\/td>\n<td>Peda\u0142y<\/td>\n<td>Peda\u0142y ze stopu aluminium<\/td>\n<\/tr>\n<tr>\n<td>Temperatura<\/td>\n<td>-10~45\u2103<\/td>\n<\/tr>\n<tr>\n<td>Poziom wodoodporno\u015bci<\/td>\n<td>IP54<\/td>\n<\/tr>\n<tr>\n<td>Sk\u0142adany<\/td>\n<td>Nie<\/td>\n<\/tr>\n<tr>\n<td>Dzwonek\/klakson<\/td>\n<td>Dzwonek mechaniczny<\/td>\n<\/tr>\n<tr>\n<td>Tylny baga\u017cnik<\/td>\n<td>Brak tylnego baga\u017cnika<\/td>\n<\/tr>\n<tr>\n<td>Kolor<\/td>\n<td>Niestandardowy kolor<\/td>\n<\/tr>\n<tr>\n<td rowspan=\"4\">Rozmiar<\/td>\n<td>Wysoko\u015b\u0107 je\u017ad\u017aca<\/td>\n<td>155-190cm<\/td>\n<\/tr>\n<tr>\n<td>Rozmiar opakowania<\/td>\n<td>151*27*73cm<\/td>\n<\/tr>\n<tr>\n<td>Rozmiar roweru po z\u0142o\u017ceniu<\/td>\n<td>Rozk\u0142adany<\/td>\n<\/tr>\n<tr>\n<td>Ilo\u015b\u0107 dla pojemnika 1*40HQ<\/td>\n<td>160 SZTUK<\/td>\n<\/tr>\n<\/tbody>\n<\/table>","protected":false},"excerpt":{"rendered":"<p>Velopro X3 to pot\u0119\u017cny rower elektryczny z grubymi oponami, stworzony zar\u00f3wno do codziennych dojazd\u00f3w do pracy, jak i pe\u0142nych przyg\u00f3d przeja\u017cd\u017cek. Dzi\u0119ki tylnemu silnikowi o mocy 500 W, akumulatorowi 48 V, 7-biegowej przek\u0142adni Shimano i wytrzyma\u0142ym oponom 20\u2033x4.0\u2033, ten e-rower zosta\u0142 zaprojektowany z my\u015bl\u0105 o komforcie, kontroli i niezawodno\u015bci w ka\u017cdym terenie.<\/p>","protected":false},"featured_media":2540,"comment_status":"open","ping_status":"closed","template":"","meta":[],"product_brand":[35],"product_cat":[27,28,38],"product_tag":[],"class_list":{"0":"post-2539","1":"product","2":"type-product","3":"status-publish","4":"has-post-thumbnail","6":"product_brand-velopro","7":"product_cat-city-ebike","8":"product_cat-fat-tire-ebike","9":"product_cat-velopro-electric-bikes","11":"first","12":"instock","13":"shipping-taxable","14":"purchasable","15":"product-type-simple"},"_links":{"self":[{"href":"https:\/\/galaxybicycle.com\/pl\/wp-json\/wp\/v2\/product\/2539","targetHints":{"allow":["GET"]}}],"collection":[{"href":"https:\/\/galaxybicycle.com\/pl\/wp-json\/wp\/v2\/product"}],"about":[{"href":"https:\/\/galaxybicycle.com\/pl\/wp-json\/wp\/v2\/types\/product"}],"replies":[{"embeddable":true,"href":"https:\/\/galaxybicycle.com\/pl\/wp-json\/wp\/v2\/comments?post=2539"}],"wp:featuredmedia":[{"embeddable":true,"href":"https:\/\/galaxybicycle.com\/pl\/wp-json\/wp\/v2\/media\/2540"}],"wp:attachment":[{"href":"https:\/\/galaxybicycle.com\/pl\/wp-json\/wp\/v2\/media?parent=2539"}],"wp:term":[{"taxonomy":"product_brand","embeddable":true,"href":"https:\/\/galaxybicycle.com\/pl\/wp-json\/wp\/v2\/product_brand?post=2539"},{"taxonomy":"product_cat","embeddable":true,"href":"https:\/\/galaxybicycle.com\/pl\/wp-json\/wp\/v2\/product_cat?post=2539"},{"taxonomy":"product_tag","embeddable":true,"href":"https:\/\/galaxybicycle.com\/pl\/wp-json\/wp\/v2\/product_tag?post=2539"}],"curies":[{"name":"wp","href":"https:\/\/api.w.org\/{rel}","templated":true}]}}