{"id":2527,"date":"2025-08-18T03:15:45","date_gmt":"2025-08-18T03:15:45","guid":{"rendered":"http:\/\/galaxybicycle.com\/?post_type=product&#038;p=2527"},"modified":"2025-09-02T09:38:34","modified_gmt":"2025-09-02T09:38:34","slug":"c200-l","status":"publish","type":"product","link":"https:\/\/galaxybicycle.com\/pl\/product\/c200-l\/","title":{"rendered":"Rower dla doros\u0142ych Galaxy C200-L | 26-calowy lekki rower g\u00f3rski z 21-biegowym nap\u0119dem Shimano"},"content":{"rendered":"<p><strong>Rower dla doros\u0142ych Galaxy C200-L<\/strong> to idealna r\u00f3wnowaga mi\u0119dzy trwa\u0142o\u015bci\u0105, wydajno\u015bci\u0105 i stylem dla codziennych rowerzyst\u00f3w. Niezale\u017cnie od tego, czy je\u017adzisz po ulicach miasta, odkrywasz szlaki, czy cieszysz si\u0119 swobodnymi weekendowymi przeja\u017cd\u017ckami, ten 26-calowy rower zapewnia stabilno\u015b\u0107 i wydajno\u015b\u0107, kt\u00f3rych potrzebujesz.<\/p>\n<p>Jego <strong>Rama ze stopu aluminium 6061<\/strong> zapewnia lekko\u015b\u0107 i wytrzyma\u0142o\u015b\u0107, podczas gdy <strong>26-calowy widelec amortyzowany z blokad\u0105 MLO (Mechanical Lock Out)<\/strong> poch\u0142ania nier\u00f3wno\u015bci i wstrz\u0105sy, zapewniaj\u0105c p\u0142ynniejsz\u0105 jazd\u0119. Wyposa\u017cony w <strong>21-biegowy nap\u0119d Shimano<\/strong>Dzi\u0119ki temu mo\u017cna \u0142atwo zmienia\u0107 biegi, aby pokonywa\u0107 podjazdy lub bez wysi\u0142ku porusza\u0107 si\u0119 po p\u0142askich drogach.<\/p>\n<p>Bezpiecze\u0144stwo i kontrola nigdy nie s\u0105 zagro\u017cone, dzi\u0119ki <strong>mechaniczne hamulce tarczowe<\/strong> kt\u00f3re zapewniaj\u0105 niezawodn\u0105 si\u0142\u0119 hamowania zar\u00f3wno na suchej, jak i mokrej nawierzchni. W po\u0142\u0105czeniu z <strong>Opony CST 26\u00d71,95<\/strong> oraz mocne stalowe ko\u0142o \u0142a\u0144cuchowe i piasta, ten rower jest zbudowany tak, aby by\u0142 trwa\u0142y, a jazda by\u0142a przyjemna i zabawna.<\/p>\n<p>Niezale\u017cnie od tego, czy jeste\u015b pocz\u0105tkuj\u0105cym, czy do\u015bwiadczonym rowerzyst\u0105, Galaxy C200-L jest niezawodnym towarzyszem codziennych dojazd\u00f3w do pracy, rutyny fitness lub eksploracji na \u015bwie\u017cym powietrzu. Stylowy, praktyczny i nastawiony na osi\u0105gi - to rower, kt\u00f3ry podniesie Twoje wra\u017cenia z jazdy.<\/p>\n<h2>Specyfikacje<\/h2>\n<table border=\"1\" cellspacing=\"0\" cellpadding=\"8\">\n<tbody>\n<tr>\n<th>Cecha<\/th>\n<th>Szczeg\u00f3\u0142y<\/th>\n<\/tr>\n<tr>\n<td>Rama<\/td>\n<td>Stop aluminium 6061, 26\u2033<\/td>\n<\/tr>\n<tr>\n<td>Widelec<\/td>\n<td>Widelec amortyzowany 26\u2033 z MLO<\/td>\n<\/tr>\n<tr>\n<td>Przerzutka<\/td>\n<td>Shimano 3\u00d77 pr\u0119dko\u015bci (TZ500\/EF500)<\/td>\n<\/tr>\n<tr>\n<td>Wolne ko\u0142o<\/td>\n<td>Z\u0119batka wielokrotna, 7-biegowa<\/td>\n<\/tr>\n<tr>\n<td>Hamulec<\/td>\n<td>Mechaniczny hamulec tarczowy<\/td>\n<\/tr>\n<tr>\n<td>Opona<\/td>\n<td>CST 26\u2033x1.95<\/td>\n<\/tr>\n<tr>\n<td>Ko\u0142o \u0142a\u0144cuchowe<\/td>\n<td>Stal<\/td>\n<\/tr>\n<tr>\n<td>Hub<\/td>\n<td>Kaseta z \u0142o\u017cyskiem stalowym<\/td>\n<\/tr>\n<tr>\n<td>Pomiar<\/td>\n<td>136 x 21 x 76 cm<\/td>\n<\/tr>\n<\/tbody>\n<\/table>","protected":false},"excerpt":{"rendered":"<p>Je\u017adzij z komfortem, kontrol\u0105 i pewno\u015bci\u0105 siebie na rowerze dla doros\u0142ych Galaxy C200-L. Zbudowany z lekkiej aluminiowej ramy, 21-biegowej przek\u0142adni Shimano i niezawodnych hamulc\u00f3w tarczowych, jest przeznaczony do p\u0142ynnych dojazd\u00f3w do pracy, jazdy fitness i weekendowych przyg\u00f3d.<\/p>","protected":false},"featured_media":2528,"comment_status":"open","ping_status":"closed","template":"","meta":[],"product_brand":[34],"product_cat":[37],"product_tag":[],"class_list":{"0":"post-2527","1":"product","2":"type-product","3":"status-publish","4":"has-post-thumbnail","6":"product_brand-galaxy","7":"product_cat-galaxy-bikes","9":"first","10":"instock","11":"shipping-taxable","12":"product-type-simple"},"_links":{"self":[{"href":"https:\/\/galaxybicycle.com\/pl\/wp-json\/wp\/v2\/product\/2527","targetHints":{"allow":["GET"]}}],"collection":[{"href":"https:\/\/galaxybicycle.com\/pl\/wp-json\/wp\/v2\/product"}],"about":[{"href":"https:\/\/galaxybicycle.com\/pl\/wp-json\/wp\/v2\/types\/product"}],"replies":[{"embeddable":true,"href":"https:\/\/galaxybicycle.com\/pl\/wp-json\/wp\/v2\/comments?post=2527"}],"wp:featuredmedia":[{"embeddable":true,"href":"https:\/\/galaxybicycle.com\/pl\/wp-json\/wp\/v2\/media\/2528"}],"wp:attachment":[{"href":"https:\/\/galaxybicycle.com\/pl\/wp-json\/wp\/v2\/media?parent=2527"}],"wp:term":[{"taxonomy":"product_brand","embeddable":true,"href":"https:\/\/galaxybicycle.com\/pl\/wp-json\/wp\/v2\/product_brand?post=2527"},{"taxonomy":"product_cat","embeddable":true,"href":"https:\/\/galaxybicycle.com\/pl\/wp-json\/wp\/v2\/product_cat?post=2527"},{"taxonomy":"product_tag","embeddable":true,"href":"https:\/\/galaxybicycle.com\/pl\/wp-json\/wp\/v2\/product_tag?post=2527"}],"curies":[{"name":"wp","href":"https:\/\/api.w.org\/{rel}","templated":true}]}}