{"id":2525,"date":"2025-08-18T03:15:28","date_gmt":"2025-08-18T03:15:28","guid":{"rendered":"http:\/\/galaxybicycle.com\/?post_type=product&#038;p=2525"},"modified":"2025-09-02T09:38:57","modified_gmt":"2025-09-02T09:38:57","slug":"p9","status":"publish","type":"product","link":"https:\/\/galaxybicycle.com\/pl\/product\/p9\/","title":{"rendered":"Rower dla doros\u0142ych Galaxy P9 | Rama ze stopu 27,5\u2033 | Shimano CUES 18 bieg\u00f3w | Hydrauliczny hamulec tarczowy"},"content":{"rendered":"<p><strong>Galaxy P9 Rower dla doros\u0142ych<\/strong> to wszechstronny, wysokiej jako\u015bci rower zaprojektowany z my\u015bl\u0105 o komforcie i kontroli. Niezale\u017cnie od tego, czy zwiedzasz miasto, doje\u017cd\u017casz do pracy, czy cieszysz si\u0119 przygodami na \u015bwie\u017cym powietrzu, P9 zapewnia p\u0142ynn\u0105 i niezawodn\u0105 jazd\u0119 za ka\u017cdym razem.<\/p>\n<p>Z jego <strong>Rama ze stopu lekkiego AL6061<\/strong> oraz <strong>Ko\u0142a 27,5 cala<\/strong>Ten rower zapewnia idealn\u0105 r\u00f3wnowag\u0119 mi\u0119dzy stabilno\u015bci\u0105 a zwinno\u015bci\u0105. W <strong>Nap\u0119d Shimano CUES 2\u00d79 prze\u0142o\u017ce\u0144<\/strong> zapewnia precyzyjn\u0105 zmian\u0119 bieg\u00f3w, podczas gdy <strong>Hydrauliczne hamulce tarczowe Shimano MT200<\/strong> zapewniaj\u0105 pot\u0119\u017cn\u0105 si\u0142\u0119 hamowania w ka\u017cdych warunkach pogodowych. Widelec amortyzowany ze stopu aluminium z funkcj\u0105 blokady zapewnia dodatkowy komfort na wyboistych drogach lub szlakach.<\/p>\n<p>Wyposa\u017cony w <strong>Opony Kenda 27,5\u00d71,95\"<\/strong> dla doskona\u0142ej przyczepno\u015bci i <strong>Podw\u00f3jnie \u0142o\u017cyskowane piasty Solon<\/strong> zapewniaj\u0105cy p\u0142ynne toczenie, Galaxy P9 to m\u0105dry wyb\u00f3r dla rowerzyst\u00f3w poszukuj\u0105cych wydajno\u015bci i niezawodno\u015bci. Ten rower jest idealny dla doros\u0142ych poszukuj\u0105cych fitnessu, rekreacji i przygody w jednym stylowym pakiecie.<\/p>\n<h2>Specyfikacje<\/h2>\n<table border=\"1\" cellspacing=\"0\" cellpadding=\"6\">\n<tbody>\n<tr>\n<th>Cecha<\/th>\n<th>Specyfikacja<\/th>\n<\/tr>\n<tr>\n<td>Rama<\/td>\n<td>Stop AL6061, 27,5\u2033<\/td>\n<\/tr>\n<tr>\n<td>Widelec<\/td>\n<td>Widelec amortyzowany ze stopu aluminium z HLO, korona ze stopu aluminium, zewn\u0119trzna noga ze stopu aluminium<\/td>\n<\/tr>\n<tr>\n<td>Przerzutka<\/td>\n<td>Shimano CUES 2 \u00d7 9 bieg\u00f3w (U4000\/U4020\/U4000)<\/td>\n<\/tr>\n<tr>\n<td>Wolne ko\u0142o<\/td>\n<td>9-biegowa kaseta<\/td>\n<\/tr>\n<tr>\n<td>Hamulec<\/td>\n<td>Hydrauliczny hamulec tarczowy Shimano MT200<\/td>\n<\/tr>\n<tr>\n<td>Opona<\/td>\n<td>Kenda 27,5 x 1,95\u2033<\/td>\n<\/tr>\n<tr>\n<td>Ko\u0142o \u0142a\u0144cuchowe<\/td>\n<td>Korba ze stopu aluminium<\/td>\n<\/tr>\n<tr>\n<td>Hub<\/td>\n<td>Kaseta Solon Alloy z podw\u00f3jnym \u0142o\u017cyskiem<\/td>\n<\/tr>\n<tr>\n<td>Pomiar<\/td>\n<td>144 x 21 x 75 cm<\/td>\n<\/tr>\n<\/tbody>\n<\/table>\n<p><em>Jed\u017a m\u0105drzej, jed\u017a mocniej, jed\u017a na Galaxy P9.<\/em><\/p>","protected":false},"excerpt":{"rendered":"<p>Rower dla doros\u0142ych Galaxy P9 jest przeznaczony dla rowerzyst\u00f3w, kt\u00f3rzy chc\u0105 p\u0142ynnego prowadzenia, niezawodnej wydajno\u015bci i nowoczesnego stylu. Wyposa\u017cony w lekk\u0105 ram\u0119 ze stopu aluminium, nap\u0119d Shimano CUES 2 \u00d7 9 i hydrauliczne hamulce tarczowe Shimano MT200, ten 27,5-calowy rower jest idealny do jazdy po mie\u015bcie, weekendowych szlak\u00f3w i jazdy fitness.<\/p>","protected":false},"featured_media":2526,"comment_status":"open","ping_status":"closed","template":"","meta":[],"product_brand":[34],"product_cat":[37],"product_tag":[],"class_list":{"0":"post-2525","1":"product","2":"type-product","3":"status-publish","4":"has-post-thumbnail","6":"product_brand-galaxy","7":"product_cat-galaxy-bikes","9":"first","10":"instock","11":"shipping-taxable","12":"product-type-simple"},"_links":{"self":[{"href":"https:\/\/galaxybicycle.com\/pl\/wp-json\/wp\/v2\/product\/2525","targetHints":{"allow":["GET"]}}],"collection":[{"href":"https:\/\/galaxybicycle.com\/pl\/wp-json\/wp\/v2\/product"}],"about":[{"href":"https:\/\/galaxybicycle.com\/pl\/wp-json\/wp\/v2\/types\/product"}],"replies":[{"embeddable":true,"href":"https:\/\/galaxybicycle.com\/pl\/wp-json\/wp\/v2\/comments?post=2525"}],"wp:featuredmedia":[{"embeddable":true,"href":"https:\/\/galaxybicycle.com\/pl\/wp-json\/wp\/v2\/media\/2526"}],"wp:attachment":[{"href":"https:\/\/galaxybicycle.com\/pl\/wp-json\/wp\/v2\/media?parent=2525"}],"wp:term":[{"taxonomy":"product_brand","embeddable":true,"href":"https:\/\/galaxybicycle.com\/pl\/wp-json\/wp\/v2\/product_brand?post=2525"},{"taxonomy":"product_cat","embeddable":true,"href":"https:\/\/galaxybicycle.com\/pl\/wp-json\/wp\/v2\/product_cat?post=2525"},{"taxonomy":"product_tag","embeddable":true,"href":"https:\/\/galaxybicycle.com\/pl\/wp-json\/wp\/v2\/product_tag?post=2525"}],"curies":[{"name":"wp","href":"https:\/\/api.w.org\/{rel}","templated":true}]}}