{"id":2523,"date":"2025-08-18T03:15:06","date_gmt":"2025-08-18T03:15:06","guid":{"rendered":"http:\/\/galaxybicycle.com\/?post_type=product&#038;p=2523"},"modified":"2025-09-02T09:39:25","modified_gmt":"2025-09-02T09:39:25","slug":"p10","status":"publish","type":"product","link":"https:\/\/galaxybicycle.com\/pl\/product\/p10\/","title":{"rendered":"Rower Galaxy P10 27,5\u2033 dla doros\u0142ych | Shimano 20-Speed MTB z zawieszeniem pneumatycznym i hydraulicznymi hamulcami tarczowymi"},"content":{"rendered":"<p><strong>Rower dla doros\u0142ych Galaxy P10<\/strong> jest przeznaczony dla rowerzyst\u00f3w, kt\u00f3rzy chc\u0105 idealnej r\u00f3wnowagi mi\u0119dzy szybko\u015bci\u0105, si\u0142\u0105 i komfortem. Jego zaawansowane <strong>Aluminiowa rama AL6061<\/strong> zapewnia lekko\u015b\u0107 prowadzenia przy zachowaniu wystarczaj\u0105cej wytrzyma\u0142o\u015bci na trudnych szlakach. Wyposa\u017cony w <strong>20-biegowy nap\u0119d Shimano CUES<\/strong> (2\u00d710) i <strong>Kaseta 10SP z wolnym ko\u0142em<\/strong>Dzi\u0119ki temu mo\u017cesz cieszy\u0107 si\u0119 p\u0142ynn\u0105 i precyzyjn\u0105 zmian\u0105 prze\u0142o\u017ce\u0144 w r\u00f3\u017cnych warunkach terenowych.<\/p>\n<p>Aby zwi\u0119kszy\u0107 komfort jazdy, rower jest wyposa\u017cony w <strong>widelec ze stopu aluminium z zawieszeniem pneumatycznym i blokad\u0105 MLO (Mechanical Lockout)<\/strong>, zapewniaj\u0105c elastyczno\u015b\u0107 niezale\u017cnie od tego, czy poruszasz si\u0119 po trudnych g\u00f3rskich \u015bcie\u017ckach, czy po g\u0142adkich miejskich drogach. Bezpiecze\u0144stwo i si\u0142a hamowania s\u0105 gwarantowane dzi\u0119ki <strong>Hydrauliczne hamulce tarczowe Shimano MT200<\/strong>zapewniaj\u0105c niezawodne dzia\u0142anie w ka\u017cdych warunkach pogodowych.<\/p>\n<p>The <strong>Opony CST 27,5 x 1,95\"<\/strong> zapewniaj\u0105 stabilno\u015b\u0107 i przyczepno\u015b\u0107, podczas gdy <strong>Korba ze stopu Prowheel<\/strong> oraz <strong>Podw\u00f3jnie \u0142o\u017cyskowane piasty Solon<\/strong> zwi\u0119kszaj\u0105 wydajno\u015b\u0107 i trwa\u0142o\u015b\u0107. Niezale\u017cnie od tego, czy lubisz weekendow\u0105 jazd\u0119 na rowerze g\u00f3rskim, codzienne dojazdy do pracy, czy jazd\u0119 fitness, Galaxy P10 zosta\u0142 zaprojektowany tak, aby zabra\u0107 Ci\u0119 dalej, szybciej i z wi\u0119ksz\u0105 kontrol\u0105.<\/p>\n<h3>Specyfikacje<\/h3>\n<table border=\"1\" cellspacing=\"0\" cellpadding=\"6\">\n<tbody>\n<tr>\n<th>Komponent<\/th>\n<th>Specyfikacja<\/th>\n<\/tr>\n<tr>\n<td>Rama<\/td>\n<td>Aluminium AL6061, 27,5\u2033<\/td>\n<\/tr>\n<tr>\n<td>Widelec<\/td>\n<td>Widelec z zawieszeniem pneumatycznym ze stopu aluminium z MLO, aluminiow\u0105 koron\u0105 i wewn\u0119trzn\u0105 nog\u0105<\/td>\n<\/tr>\n<tr>\n<td>Przerzutka<\/td>\n<td>Shimano CUES 2\u00d710 pr\u0119dko\u015bci (FDU6000\/RDU6020\/SLMU6000)<\/td>\n<\/tr>\n<tr>\n<td>Wolne ko\u0142o<\/td>\n<td>10-biegowa kaseta<\/td>\n<\/tr>\n<tr>\n<td>Hamulec<\/td>\n<td>Hydrauliczny hamulec tarczowy Shimano MT200<\/td>\n<\/tr>\n<tr>\n<td>Opona<\/td>\n<td>CST 27,5 x 1,95\u2033<\/td>\n<\/tr>\n<tr>\n<td>Ko\u0142o \u0142a\u0144cuchowe<\/td>\n<td>Jednocz\u0119\u015bciowa korba Prowheel ze stopu aluminium<\/td>\n<\/tr>\n<tr>\n<td>Hub<\/td>\n<td>Kaseta Solon Alloy z podw\u00f3jnym \u0142o\u017cyskiem<\/td>\n<\/tr>\n<tr>\n<td>Pomiar<\/td>\n<td>141 x 21 x 74 cm<\/td>\n<\/tr>\n<\/tbody>\n<\/table>","protected":false},"excerpt":{"rendered":"<p>Galaxy P10 to wysokowydajny 27,5-calowy rower g\u00f3rski stworzony zar\u00f3wno dla poszukiwaczy przyg\u00f3d, jak i codziennych rowerzyst\u00f3w. Wyposa\u017cony w lekk\u0105 ram\u0119 AL6061, 20-biegow\u0105 przek\u0142adni\u0119 Shimano, widelec z zawieszeniem pneumatycznym i hydrauliczne hamulce tarczowe Shimano MT200, zapewnia p\u0142ynn\u0105 kontrol\u0119, trwa\u0142o\u015b\u0107 i pewno\u015b\u0107 w ka\u017cdym terenie.<\/p>","protected":false},"featured_media":2524,"comment_status":"open","ping_status":"closed","template":"","meta":[],"product_brand":[34],"product_cat":[15,37],"product_tag":[],"class_list":{"0":"post-2523","1":"product","2":"type-product","3":"status-publish","4":"has-post-thumbnail","6":"product_brand-galaxy","7":"product_cat-galaxybicycle","8":"product_cat-galaxy-bikes","10":"first","11":"instock","12":"shipping-taxable","13":"product-type-simple"},"_links":{"self":[{"href":"https:\/\/galaxybicycle.com\/pl\/wp-json\/wp\/v2\/product\/2523","targetHints":{"allow":["GET"]}}],"collection":[{"href":"https:\/\/galaxybicycle.com\/pl\/wp-json\/wp\/v2\/product"}],"about":[{"href":"https:\/\/galaxybicycle.com\/pl\/wp-json\/wp\/v2\/types\/product"}],"replies":[{"embeddable":true,"href":"https:\/\/galaxybicycle.com\/pl\/wp-json\/wp\/v2\/comments?post=2523"}],"wp:featuredmedia":[{"embeddable":true,"href":"https:\/\/galaxybicycle.com\/pl\/wp-json\/wp\/v2\/media\/2524"}],"wp:attachment":[{"href":"https:\/\/galaxybicycle.com\/pl\/wp-json\/wp\/v2\/media?parent=2523"}],"wp:term":[{"taxonomy":"product_brand","embeddable":true,"href":"https:\/\/galaxybicycle.com\/pl\/wp-json\/wp\/v2\/product_brand?post=2523"},{"taxonomy":"product_cat","embeddable":true,"href":"https:\/\/galaxybicycle.com\/pl\/wp-json\/wp\/v2\/product_cat?post=2523"},{"taxonomy":"product_tag","embeddable":true,"href":"https:\/\/galaxybicycle.com\/pl\/wp-json\/wp\/v2\/product_tag?post=2523"}],"curies":[{"name":"wp","href":"https:\/\/api.w.org\/{rel}","templated":true}]}}