{"id":2521,"date":"2025-08-18T03:14:43","date_gmt":"2025-08-18T03:14:43","guid":{"rendered":"http:\/\/galaxybicycle.com\/?post_type=product&#038;p=2521"},"modified":"2025-09-02T09:40:27","modified_gmt":"2025-09-02T09:40:27","slug":"p10pro","status":"publish","type":"product","link":"https:\/\/galaxybicycle.com\/pl\/product\/p10pro\/","title":{"rendered":"Rower g\u00f3rski dla doros\u0142ych Galaxy P10PRO 27,5\u2033 z zawieszeniem pneumatycznym Shimano 10-Speed"},"content":{"rendered":"<p><strong>Galaxy P10PRO<\/strong> jest przeznaczony dla rowerzyst\u00f3w, kt\u00f3rzy chc\u0105 zar\u00f3wno wydajno\u015bci, jak i trwa\u0142o\u015bci w jednym eleganckim opakowaniu. Jego 27,5-calowa rama wykonana z wysokiej jako\u015bci aluminium 6061 zapewnia idealn\u0105 r\u00f3wnowag\u0119 mi\u0119dzy wytrzyma\u0142o\u015bci\u0105 a lekko\u015bci\u0105 prowadzenia. Wyposa\u017cony w <strong>10-biegowy nap\u0119d Shimano<\/strong>Rowerzy\u015bci mog\u0105 p\u0142ynnie pokonywa\u0107 strome podjazdy i szybkie zjazdy.<\/p>\n<p>Wyr\u00f3\u017cniaj\u0105c\u0105 si\u0119 cech\u0105 Galaxy P10PRO jest jego <strong>widelec ze stopu aluminium z zawieszeniem pneumatycznym i blokad\u0105 MLO (Mechanical Lockout)<\/strong>zapewniaj\u0105c wi\u0119kszy komfort i kontrol\u0119 w trudnym terenie. Niezale\u017cnie od tego, czy poruszasz si\u0119 po kamienistych szlakach, czy po mie\u015bcie, zawieszenie zapewnia p\u0142ynn\u0105 i przyjemn\u0105 jazd\u0119.<\/p>\n<p>Si\u0142a hamowania pochodzi z <strong>Hydrauliczne hamulce tarczowe Shimano MT200<\/strong>oferuj\u0105c niezawodne i czu\u0142e hamowanie w ka\u017cdych warunkach pogodowych. W po\u0142\u0105czeniu z <strong>Opony CST 27,5\u00d72,10<\/strong>Rower zapewnia doskona\u0142\u0105 przyczepno\u015b\u0107 i stabilno\u015b\u0107 na r\u00f3\u017cnych nawierzchniach.<\/p>\n<p>Zbudowany z najwy\u017cszej jako\u015bci komponent\u00f3w, takich jak <strong>Korba ze stopu Senicx<\/strong> oraz <strong>Podw\u00f3jnie \u0142o\u017cyskowane piasty Solon<\/strong>P10PRO gwarantuje d\u0142ugotrwa\u0142\u0105 niezawodno\u015b\u0107 i wydajno\u015b\u0107. Idealny zar\u00f3wno dla pocz\u0105tkuj\u0105cych, jak i do\u015bwiadczonych rowerzyst\u00f3w, ten rower g\u00f3rski jest gotowy, aby podnie\u015b\u0107 Twoje wra\u017cenia z jazdy.<\/p>\n<h2>Specyfikacje<\/h2>\n<table border=\"1\" cellspacing=\"0\" cellpadding=\"8\">\n<tbody>\n<tr>\n<th>Cecha<\/th>\n<th>Specyfikacja<\/th>\n<\/tr>\n<tr>\n<td>Rama<\/td>\n<td>Stop aluminium 6061, 27,5\u2033<\/td>\n<\/tr>\n<tr>\n<td>Widelec<\/td>\n<td>Aluminiowe zawieszenie pneumatyczne z MLO, aluminiow\u0105 koron\u0105 i wewn\u0119trzn\u0105 nog\u0105<\/td>\n<\/tr>\n<tr>\n<td>Przerzutka<\/td>\n<td>Shimano 10-Speed (RDM6000 \/ SLM6000)<\/td>\n<\/tr>\n<tr>\n<td>Wolne ko\u0142o<\/td>\n<td>Kaseta 10-biegowa<\/td>\n<\/tr>\n<tr>\n<td>Hamulec<\/td>\n<td>Hydrauliczne hamulce tarczowe Shimano MT200<\/td>\n<\/tr>\n<tr>\n<td>Opona<\/td>\n<td>CST 27,5\u2033 \u00d7 2,10\u2033<\/td>\n<\/tr>\n<tr>\n<td>Ko\u0142o \u0142a\u0144cuchowe<\/td>\n<td>Senicx One-Piece z korb\u0105 ze stopu aluminium<\/td>\n<\/tr>\n<tr>\n<td>Hub<\/td>\n<td>Kaseta Solon Alloy z podw\u00f3jnym \u0142o\u017cyskiem<\/td>\n<\/tr>\n<tr>\n<td>Pomiar<\/td>\n<td>141 \u00d7 21 \u00d7 74 cm<\/td>\n<\/tr>\n<\/tbody>\n<\/table>\n<p><strong>Dlaczego warto wybra\u0107 Galaxy P10PRO?<\/strong><\/p>\n<ul>\n<li>Lekka, ale wytrzyma\u0142a rama ze stopu aluminium 6061<\/li>\n<li>10-biegowy nap\u0119d Shimano zapewnia p\u0142ynn\u0105 i precyzyjn\u0105 zmian\u0119 prze\u0142o\u017ce\u0144<\/li>\n<li>Zaawansowany widelec pneumatyczny ze stopu aluminium z blokad\u0105 dla maksymalnego komfortu<\/li>\n<li>Mocne hydrauliczne hamulce tarczowe Shimano zapewniaj\u0105 bezpieczne i kontrolowane zatrzymywanie.<\/li>\n<li>Niezawodne opony CST zapewniaj\u0105 stabilno\u015b\u0107 i przyczepno\u015b\u0107 w ka\u017cdym terenie.<\/li>\n<li>Wysokiej jako\u015bci piasty i mechanizm korbowy zapewniaj\u0105ce d\u0142ugotrwa\u0142\u0105 wydajno\u015b\u0107<\/li>\n<\/ul>","protected":false},"excerpt":{"rendered":"<p>Pewna jazda na <strong>Rower g\u00f3rski dla doros\u0142ych Galaxy P10PRO<\/strong>. Zbudowany z lekkiej aluminiowej ramy 6061, 10-biegowej precyzyjnej przerzutki Shimano i zaawansowanego widelca z zawieszeniem pneumatycznym ze stopu aluminium, ten rower jest idealny na g\u00f3rskie szlaki, dojazdy do pracy w mie\u015bcie i weekendowe przygody.<\/p>","protected":false},"featured_media":2522,"comment_status":"open","ping_status":"closed","template":"","meta":[],"product_brand":[34],"product_cat":[15,37],"product_tag":[],"class_list":{"0":"post-2521","1":"product","2":"type-product","3":"status-publish","4":"has-post-thumbnail","6":"product_brand-galaxy","7":"product_cat-galaxybicycle","8":"product_cat-galaxy-bikes","10":"first","11":"instock","12":"shipping-taxable","13":"product-type-simple"},"_links":{"self":[{"href":"https:\/\/galaxybicycle.com\/pl\/wp-json\/wp\/v2\/product\/2521","targetHints":{"allow":["GET"]}}],"collection":[{"href":"https:\/\/galaxybicycle.com\/pl\/wp-json\/wp\/v2\/product"}],"about":[{"href":"https:\/\/galaxybicycle.com\/pl\/wp-json\/wp\/v2\/types\/product"}],"replies":[{"embeddable":true,"href":"https:\/\/galaxybicycle.com\/pl\/wp-json\/wp\/v2\/comments?post=2521"}],"wp:featuredmedia":[{"embeddable":true,"href":"https:\/\/galaxybicycle.com\/pl\/wp-json\/wp\/v2\/media\/2522"}],"wp:attachment":[{"href":"https:\/\/galaxybicycle.com\/pl\/wp-json\/wp\/v2\/media?parent=2521"}],"wp:term":[{"taxonomy":"product_brand","embeddable":true,"href":"https:\/\/galaxybicycle.com\/pl\/wp-json\/wp\/v2\/product_brand?post=2521"},{"taxonomy":"product_cat","embeddable":true,"href":"https:\/\/galaxybicycle.com\/pl\/wp-json\/wp\/v2\/product_cat?post=2521"},{"taxonomy":"product_tag","embeddable":true,"href":"https:\/\/galaxybicycle.com\/pl\/wp-json\/wp\/v2\/product_tag?post=2521"}],"curies":[{"name":"wp","href":"https:\/\/api.w.org\/{rel}","templated":true}]}}