{"id":2513,"date":"2025-08-18T03:13:15","date_gmt":"2025-08-18T03:13:15","guid":{"rendered":"http:\/\/galaxybicycle.com\/?post_type=product&#038;p=2513"},"modified":"2025-09-03T09:23:58","modified_gmt":"2025-09-03T09:23:58","slug":"c100","status":"publish","type":"product","link":"https:\/\/galaxybicycle.com\/pl\/product\/c100\/","title":{"rendered":"Velopro C100E Rower elektryczny | 36V 250W Lekki miejski rower elektryczny do dojazd\u00f3w do pracy"},"content":{"rendered":"<p><strong>Velopro C100E<\/strong> jest przeznaczony dla rowerzyst\u00f3w, kt\u00f3rzy chc\u0105 idealnej r\u00f3wnowagi mi\u0119dzy osi\u0105gami, komfortem i praktyczno\u015bci\u0105. Z jego <strong>Szybki silnik 36 V 250 W<\/strong> oraz <strong>Akumulator 36V 8.7AH DMEGC<\/strong>Zapewnia niezawodn\u0105 moc podczas codziennych dojazd\u00f3w do pracy lub zwyk\u0142ych przeja\u017cd\u017cek. Ciesz si\u0119 pr\u0119dko\u015bciami regulowanymi do <strong>28MPH<\/strong> i zakres <strong>35-40 km<\/strong> na jednym \u0142adowaniu, dzi\u0119ki czemu idealnie nadaje si\u0119 zar\u00f3wno na ulice miasta, jak i na lekkie szlaki.<\/p>\n<p>Ten rower elektryczny jest wyposa\u017cony w <strong>7-biegowa przek\u0142adnia Shimano<\/strong>responsywny <strong>widelec amortyzowany<\/strong>oraz <strong>mechaniczne hamulce tarczowe<\/strong> dla wi\u0119kszego bezpiecze\u0144stwa i kontroli. Lekki <strong>Rama ze stopu aluminium 6061<\/strong> zapewnia trwa\u0142o\u015b\u0107, podczas gdy <strong>Opony 700x40C CST<\/strong> zapewniaj\u0105 p\u0142ynn\u0105 jazd\u0119 w r\u00f3\u017cnych warunkach terenowych. Praktyczne funkcje, takie jak <strong>przednie i tylne b\u0142otniki<\/strong>, a <strong>baga\u017cnik tylny<\/strong>oraz <strong>dzwonek mechaniczny<\/strong> sprawiaj\u0105, \u017ce C100E jest wszechstronnym i przyjaznym wyborem dla os\u00f3b doje\u017cd\u017caj\u0105cych do pracy.<\/p>\n<p>Z zakresem wysoko\u015bci kierowcy <strong>125-195 cm<\/strong> i \u0142adowno\u015bci wynosz\u0105cej <strong>150 kg<\/strong>Model Velopro C100E zosta\u0142 zaprojektowany z my\u015bl\u0105 o r\u00f3\u017cnych rowerzystach. Stopie\u0144 wodoodporno\u015bci IP54 oznacza, \u017ce mo\u017cesz je\u017adzi\u0107 pewnie w lekkim deszczu i wilgotnych warunkach. Niezale\u017cnie od tego, czy poruszasz si\u0119 w ruchu miejskim, czy cieszysz si\u0119 weekendow\u0105 jazd\u0105 na rowerze, Velopro C100E zosta\u0142 zaprojektowany tak, aby\u015b m\u00f3g\u0142 porusza\u0107 si\u0119 w dobrym stylu.<\/p>\n<h3>Kluczowe cechy:<\/h3>\n<ul>\n<li>Mocny silnik 36V 250W zapewniaj\u0105cy wydajn\u0105 jazd\u0119<\/li>\n<li>Akumulator 36V 8.7AH DMEGC o zasi\u0119gu 35-40 km<\/li>\n<li>Regulowana pr\u0119dko\u015b\u0107 maksymalna do 28 km\/h<\/li>\n<li>7-biegowa manetka Shimano zapewnia p\u0142ynn\u0105 zmian\u0119 prze\u0142o\u017ce\u0144<\/li>\n<li>Widelec amortyzowany i mechaniczne hamulce tarczowe zapewniaj\u0105 kontrol\u0119 i bezpiecze\u0144stwo<\/li>\n<li>Lekka rama ze stopu aluminium 6061<\/li>\n<li>Praktyczne funkcje dla os\u00f3b doje\u017cd\u017caj\u0105cych do pracy: tylny baga\u017cnik, b\u0142otniki i dzwonek<\/li>\n<li>Wodoodporna konstrukcja (IP54) odpowiednia do codziennego u\u017cytku<\/li>\n<\/ul>\n<h3>Specyfikacje<\/h3>\n<table border=\"1\" cellspacing=\"0\" cellpadding=\"5\">\n<tbody>\n<tr>\n<th>Kategoria<\/th>\n<th>Specyfikacja<\/th>\n<th>Szczeg\u00f3\u0142y<\/th>\n<\/tr>\n<tr>\n<td>Bateria<\/td>\n<td>36V 8.7AH<\/td>\n<td>Marka DMEGC (30 kom\u00f3rek)<\/td>\n<\/tr>\n<tr>\n<td>Silnik<\/td>\n<td>36V 250W<\/td>\n<td>Silnik o du\u017cej pr\u0119dko\u015bci<\/td>\n<\/tr>\n<tr>\n<td>Pr\u0119dko\u015b\u0107 maksymalna<\/td>\n<td>Do 28 km\/h<\/td>\n<td>Regulowany<\/td>\n<\/tr>\n<tr>\n<td>Zasi\u0119g<\/td>\n<td>35-40 KM<\/td>\n<td>Za op\u0142at\u0105<\/td>\n<\/tr>\n<tr>\n<td>Tryby jazdy<\/td>\n<td>5<\/td>\n<td>Tryby PAS<\/td>\n<\/tr>\n<tr>\n<td>\u0141adowarka<\/td>\n<td>42V 2A<\/td>\n<td>Czas \u0142adowania: 4,3 godz.<\/td>\n<\/tr>\n<tr>\n<td>Wy\u015bwietlacz<\/td>\n<td>LCD<\/td>\n<td>Czujnik pr\u0119dko\u015bci (12 bieg\u00f3w)<\/td>\n<\/tr>\n<tr>\n<td>Rama<\/td>\n<td>Stop aluminium<\/td>\n<td>Klasa 6061<\/td>\n<\/tr>\n<tr>\n<td>Rozmiar ko\u0142a<\/td>\n<td>700x40C<\/td>\n<td>Opony CST<\/td>\n<\/tr>\n<tr>\n<td>Hamulce<\/td>\n<td>Dysk mechaniczny<\/td>\n<td>Prz\u00f3d i ty\u0142<\/td>\n<\/tr>\n<tr>\n<td>Przek\u0142adnie<\/td>\n<td>Shimano 7 Speed<\/td>\n<td>Mechanizm korbowy 36T*170<\/td>\n<\/tr>\n<tr>\n<td>Zawieszenie<\/td>\n<td>Widelec przedni<\/td>\n<td>Poch\u0142anianie wstrz\u0105s\u00f3w<\/td>\n<\/tr>\n<tr>\n<td>Waga<\/td>\n<td>28 KG (netto)<\/td>\n<td>35 KG (brutto)<\/td>\n<\/tr>\n<tr>\n<td>\u0141adunek<\/td>\n<td>150 KG<\/td>\n<td>Maksymalna pojemno\u015b\u0107<\/td>\n<\/tr>\n<tr>\n<td>Wodoodporny<\/td>\n<td>IP54<\/td>\n<td>Odporno\u015b\u0107 na lekki deszcz<\/td>\n<\/tr>\n<tr>\n<td>Dodatkowe funkcje<\/td>\n<td>Tylny baga\u017cnik, b\u0142otniki, dzwonek<\/td>\n<td>Praktyczny do dojazd\u00f3w do pracy<\/td>\n<\/tr>\n<\/tbody>\n<\/table>","protected":false},"excerpt":{"rendered":"<p>Odkryj <strong>Rower elektryczny Velopro C100E<\/strong>to niezawodny i stylowy rower elektryczny przeznaczony do p\u0142ynnych dojazd\u00f3w do pracy w mie\u015bcie i weekendowych przeja\u017cd\u017cek. Wyposa\u017cony w wysokoobrotowy silnik 36 V 250 W, 7-biegowy system Shimano, amortyzowany widelec i solidn\u0105 ram\u0119 ze stopu aluminium 6061, rower ten oferuje komfort, moc i trwa\u0142o\u015b\u0107 w jednym eleganckim opakowaniu.<\/p>","protected":false},"featured_media":2514,"comment_status":"open","ping_status":"closed","template":"","meta":[],"product_brand":[34],"product_cat":[37],"product_tag":[],"class_list":{"0":"post-2513","1":"product","2":"type-product","3":"status-publish","4":"has-post-thumbnail","6":"product_brand-galaxy","7":"product_cat-galaxy-bikes","9":"first","10":"instock","11":"shipping-taxable","12":"product-type-simple"},"_links":{"self":[{"href":"https:\/\/galaxybicycle.com\/pl\/wp-json\/wp\/v2\/product\/2513","targetHints":{"allow":["GET"]}}],"collection":[{"href":"https:\/\/galaxybicycle.com\/pl\/wp-json\/wp\/v2\/product"}],"about":[{"href":"https:\/\/galaxybicycle.com\/pl\/wp-json\/wp\/v2\/types\/product"}],"replies":[{"embeddable":true,"href":"https:\/\/galaxybicycle.com\/pl\/wp-json\/wp\/v2\/comments?post=2513"}],"wp:featuredmedia":[{"embeddable":true,"href":"https:\/\/galaxybicycle.com\/pl\/wp-json\/wp\/v2\/media\/2514"}],"wp:attachment":[{"href":"https:\/\/galaxybicycle.com\/pl\/wp-json\/wp\/v2\/media?parent=2513"}],"wp:term":[{"taxonomy":"product_brand","embeddable":true,"href":"https:\/\/galaxybicycle.com\/pl\/wp-json\/wp\/v2\/product_brand?post=2513"},{"taxonomy":"product_cat","embeddable":true,"href":"https:\/\/galaxybicycle.com\/pl\/wp-json\/wp\/v2\/product_cat?post=2513"},{"taxonomy":"product_tag","embeddable":true,"href":"https:\/\/galaxybicycle.com\/pl\/wp-json\/wp\/v2\/product_tag?post=2513"}],"curies":[{"name":"wp","href":"https:\/\/api.w.org\/{rel}","templated":true}]}}