{"id":2505,"date":"2025-08-18T03:10:21","date_gmt":"2025-08-18T03:10:21","guid":{"rendered":"http:\/\/galaxybicycle.com\/?post_type=product&#038;p=2505"},"modified":"2025-09-02T09:45:37","modified_gmt":"2025-09-02T09:45:37","slug":"gx9","status":"publish","type":"product","link":"https:\/\/galaxybicycle.com\/pl\/product\/gx9\/","title":{"rendered":"Galaxy GX9 Rower dla doros\u0142ych | Lekki hybrydowy rower szosowy i szutrowy 700C"},"content":{"rendered":"<p><strong>Rower dla doros\u0142ych Galaxy GX9<\/strong> \u0142\u0105czy elegancki wygl\u0105d z nowoczesn\u0105 wydajno\u015bci\u0105, zapewniaj\u0105c idealn\u0105 r\u00f3wnowag\u0119 mi\u0119dzy komfortem a pr\u0119dko\u015bci\u0105. Wykonany z wytrzyma\u0142ej ramy AL 6061# 700C i sparowany z mocnym widelcem ze stopu aluminium, rower ten zapewnia stabilno\u015b\u0107 i zwinno\u015b\u0107 podczas codziennych przeja\u017cd\u017cek i d\u0142ugodystansowych podr\u00f3\u017cy. Niezale\u017cnie od tego, czy doje\u017cd\u017casz do pracy, cieszysz si\u0119 weekendow\u0105 przeja\u017cd\u017ck\u0105, czy odkrywasz nowe szlaki, GX9 dostosowuje si\u0119 do Twojego stylu \u017cycia.<\/p>\n<p>Wyposa\u017cony w <strong>9-biegowy uk\u0142ad nap\u0119dowy L-TWOO GR5<\/strong>P\u0142ynna zmiana prze\u0142o\u017ce\u0144 pozwala z \u0142atwo\u015bci\u0105 pokonywa\u0107 p\u0142askie drogi, podjazdy i zjazdy. Prze\u0142o\u017cenie <strong>Hydrauliczne hamulce tarczowe L-TWOO<\/strong> zapewniaj\u0105 pot\u0119\u017cn\u0105 i niezawodn\u0105 si\u0142\u0119 hamowania w ka\u017cdych warunkach pogodowych. Toczenie <strong>Opony CST 700x38C<\/strong>GX9 zapewnia przyczepno\u015b\u0107 i komfort w r\u00f3\u017cnych warunkach terenowych, co czyni go wszechstronnym wyborem zar\u00f3wno na utwardzone drogi, jak i lekkie szutrowe \u015bcie\u017cki.<\/p>\n<p>Zaprojektowany dla rowerzyst\u00f3w, kt\u00f3rzy ceni\u0105 sobie zar\u00f3wno wydajno\u015b\u0107, jak i komfort. <strong>Galaxy GX9<\/strong> to niezawodny partner na przeja\u017cd\u017cki fitness, dojazdy do pracy w mie\u015bcie i przygody na \u015bwie\u017cym powietrzu.<\/p>\n<h3>Specyfikacje<\/h3>\n<table border=\"1\" cellspacing=\"0\" cellpadding=\"6\">\n<tbody>\n<tr>\n<th>Komponent<\/th>\n<th>Szczeg\u00f3\u0142y<\/th>\n<\/tr>\n<tr>\n<td>Rama<\/td>\n<td>AL 6061#, 700C<\/td>\n<\/tr>\n<tr>\n<td>Widelec<\/td>\n<td>AL 6061#, 700C ze wspornikiem ze stopu aluminium<\/td>\n<\/tr>\n<tr>\n<td>Przerzutka<\/td>\n<td>L-TWOO GR5, 9 bieg\u00f3w<\/td>\n<\/tr>\n<tr>\n<td>Wolne ko\u0142o<\/td>\n<td>9-biegowa kaseta<\/td>\n<\/tr>\n<tr>\n<td>Hamulce<\/td>\n<td>Hydrauliczny hamulec tarczowy L-TWOO<\/td>\n<\/tr>\n<tr>\n<td>Opony<\/td>\n<td>CST 700\u00d738C<\/td>\n<\/tr>\n<tr>\n<td>Ko\u0142o \u0142a\u0144cuchowe<\/td>\n<td>Jednocz\u0119\u015bciowa przek\u0142adnia SENICX z korb\u0105 ze stopu aluminium<\/td>\n<\/tr>\n<tr>\n<td>Hub<\/td>\n<td>Kaseta SOLON Alloy przednia z podw\u00f3jnym \u0142o\u017cyskiem \/ tylna z czterema \u0142o\u017cyskami<\/td>\n<\/tr>\n<tr>\n<td>Wymiary<\/td>\n<td>150 \u00d7 33 \u00d7 73 cm<\/td>\n<\/tr>\n<\/tbody>\n<\/table>","protected":false},"excerpt":{"rendered":"<p>Rower dla doros\u0142ych Galaxy GX9 jest przeznaczony dla rowerzyst\u00f3w, kt\u00f3rzy chc\u0105 p\u0142ynnej, niezawodnej i wszechstronnej jazdy. Dzi\u0119ki lekkiej ramie AL 6061#, czu\u0142ym hydraulicznym hamulcom tarczowym i 9-biegowemu nap\u0119dowi, rower ten jest idealny do dojazd\u00f3w do pracy w mie\u015bcie, weekendowych przyg\u00f3d lub jazdy fitness.<\/p>","protected":false},"featured_media":2506,"comment_status":"open","ping_status":"closed","template":"","meta":[],"product_brand":[34],"product_cat":[37],"product_tag":[],"class_list":{"0":"post-2505","1":"product","2":"type-product","3":"status-publish","4":"has-post-thumbnail","6":"product_brand-galaxy","7":"product_cat-galaxy-bikes","9":"first","10":"instock","11":"shipping-taxable","12":"product-type-simple"},"_links":{"self":[{"href":"https:\/\/galaxybicycle.com\/pl\/wp-json\/wp\/v2\/product\/2505","targetHints":{"allow":["GET"]}}],"collection":[{"href":"https:\/\/galaxybicycle.com\/pl\/wp-json\/wp\/v2\/product"}],"about":[{"href":"https:\/\/galaxybicycle.com\/pl\/wp-json\/wp\/v2\/types\/product"}],"replies":[{"embeddable":true,"href":"https:\/\/galaxybicycle.com\/pl\/wp-json\/wp\/v2\/comments?post=2505"}],"wp:featuredmedia":[{"embeddable":true,"href":"https:\/\/galaxybicycle.com\/pl\/wp-json\/wp\/v2\/media\/2506"}],"wp:attachment":[{"href":"https:\/\/galaxybicycle.com\/pl\/wp-json\/wp\/v2\/media?parent=2505"}],"wp:term":[{"taxonomy":"product_brand","embeddable":true,"href":"https:\/\/galaxybicycle.com\/pl\/wp-json\/wp\/v2\/product_brand?post=2505"},{"taxonomy":"product_cat","embeddable":true,"href":"https:\/\/galaxybicycle.com\/pl\/wp-json\/wp\/v2\/product_cat?post=2505"},{"taxonomy":"product_tag","embeddable":true,"href":"https:\/\/galaxybicycle.com\/pl\/wp-json\/wp\/v2\/product_tag?post=2505"}],"curies":[{"name":"wp","href":"https:\/\/api.w.org\/{rel}","templated":true}]}}