{"id":2385,"date":"2025-08-17T04:27:09","date_gmt":"2025-08-17T04:27:09","guid":{"rendered":"https:\/\/go.galaxybicycle.com\/?post_type=product&#038;p=2385"},"modified":"2025-09-03T09:37:44","modified_gmt":"2025-09-03T09:37:44","slug":"m750e","status":"publish","type":"product","link":"https:\/\/galaxybicycle.com\/pl\/product\/m750e\/","title":{"rendered":"Sk\u0142adany rower elektryczny Velopro F750E | Silnik o mocy 500 W, czujnik momentu obrotowego, hamulce hydrauliczne"},"content":{"rendered":"<p>Odkryj <strong>Sk\u0142adany rower elektryczny Velopro F750E<\/strong> - idealna r\u00f3wnowaga mi\u0119dzy wytrzyma\u0142o\u015bci\u0105, technologi\u0105 i wszechstronno\u015bci\u0105.<br \/>\nZaprojektowany z pot\u0119\u017cnym <strong>Silnik 48V 500W z nap\u0119dem po\u015brednim<\/strong> i niezawodny <strong>Akumulator EVE 48 V 10,4 Ah<\/strong>Zapewnia bezwysi\u0142kow\u0105 jazd\u0119 z pr\u0119dko\u015bci\u0105 maksymaln\u0105 wynosz\u0105c\u0105 <strong>32KM\/H<\/strong> i zakres <strong>35-45 KM<\/strong> na jednym \u0142adowaniu.<br \/>\nThe <strong>czujnik momentu obrotowego<\/strong> zapewnia naturalne wspomaganie peda\u0142owania, podczas gdy <strong>hydrauliczne hamulce tarczowe<\/strong> zapewniaj\u0105 najwy\u017csz\u0105 si\u0142\u0119 hamowania w ka\u017cdych warunkach.<br \/>\nJego <strong>Grube opony CST 20\u00d74\u2033<\/strong> oraz <strong>widelec amortyzowany<\/strong> sprawiaj\u0105, \u017ce nadaje si\u0119 na drogi, szlaki i wszystko pomi\u0119dzy.<br \/>\nGdy nie jest u\u017cywany, F750E sk\u0142ada si\u0119 w celu \u0142atwego przechowywania, co czyni go idealnym towarzyszem podr\u00f3\u017cy dla os\u00f3b doje\u017cd\u017caj\u0105cych do pracy w mie\u015bcie i odkrywc\u00f3w.<\/p>\n<p>Praktyczne funkcje, takie jak <strong>baga\u017cnik tylny<\/strong>, <strong>przednie i tylne \u015bwiat\u0142a<\/strong>, <strong>7-biegowa przerzutka Shimano<\/strong>oraz <strong>Wodoszczelno\u015b\u0107 IP54<\/strong> zwi\u0119kszaj\u0105 zar\u00f3wno wygod\u0119, jak i niezawodno\u015b\u0107. Niezale\u017cnie od tego, czy chodzi o przeja\u017cd\u017cki po mie\u015bcie, czy przygody w terenie, Velopro F750E zapewnia zabawny, bezpieczny i przyjazny dla \u015brodowiska spos\u00f3b na odkrywanie.<\/p>\n<h2>Specyfikacje<\/h2>\n<table border=\"1\" cellspacing=\"0\" cellpadding=\"6\">\n<tbody>\n<tr>\n<th>Klasyfikacja<\/th>\n<th>Specyfikacje<\/th>\n<th>Parametry<\/th>\n<\/tr>\n<tr>\n<td rowspan=\"10\">Elektronika<\/td>\n<td>Bateria<\/td>\n<td>48V 10.4AH (ogniwa EVE)<\/td>\n<\/tr>\n<tr>\n<td>Silnik<\/td>\n<td>Silnik 48V 500W z nap\u0119dem po\u015brednim<\/td>\n<\/tr>\n<tr>\n<td>Pr\u0119dko\u015b\u0107 maksymalna<\/td>\n<td>32KM\/H<\/td>\n<\/tr>\n<tr>\n<td>Zasi\u0119g<\/td>\n<td>35-45 KM<\/td>\n<\/tr>\n<tr>\n<td>PAS<\/td>\n<td>5 tryb\u00f3w jazdy<\/td>\n<\/tr>\n<tr>\n<td>\u0141adowarka<\/td>\n<td>54,6 V 2 A<\/td>\n<\/tr>\n<tr>\n<td>Czas \u0142adowania<\/td>\n<td>5 godzin<\/td>\n<\/tr>\n<tr>\n<td>Przepustnica<\/td>\n<td>Twist Throttle<\/td>\n<\/tr>\n<tr>\n<td>Wy\u015bwietlacz<\/td>\n<td>Wy\u015bwietlacz LCD<\/td>\n<\/tr>\n<tr>\n<td>Czujnik<\/td>\n<td>Czujnik momentu obrotowego<\/td>\n<\/tr>\n<tr>\n<td rowspan=\"15\">Standardy<\/td>\n<td>Materia\u0142 ramy<\/td>\n<td>Stop aluminium 6061<\/td>\n<\/tr>\n<tr>\n<td>Rozmiar ko\u0142a<\/td>\n<td>20\u00d74''<\/td>\n<\/tr>\n<tr>\n<td>Marka opon<\/td>\n<td>CST<\/td>\n<\/tr>\n<tr>\n<td>Waga netto<\/td>\n<td>31 KG<\/td>\n<\/tr>\n<tr>\n<td>Waga brutto<\/td>\n<td>40,8 KG<\/td>\n<\/tr>\n<tr>\n<td>\u0141adowno\u015b\u0107<\/td>\n<td>150 KG<\/td>\n<\/tr>\n<tr>\n<td>Zdolno\u015b\u0107 pokonywania wzniesie\u0144<\/td>\n<td>15\u00b0<\/td>\n<\/tr>\n<tr>\n<td>Hamulce<\/td>\n<td>Hydrauliczne hamulce tarczowe (prz\u00f3d i ty\u0142)<\/td>\n<\/tr>\n<tr>\n<td>Widelec przedni<\/td>\n<td>Widelec zawieszenia<\/td>\n<\/tr>\n<tr>\n<td>Shifter<\/td>\n<td>Shimano 7 Speed<\/td>\n<\/tr>\n<tr>\n<td>B\u0142otniki<\/td>\n<td>W zestawie prz\u00f3d i ty\u0142<\/td>\n<\/tr>\n<tr>\n<td>Tylny baga\u017cnik<\/td>\n<td>Tak<\/td>\n<\/tr>\n<tr>\n<td>Sk\u0142adany<\/td>\n<td>Tak<\/td>\n<\/tr>\n<tr>\n<td>Poziom wodoodporno\u015bci<\/td>\n<td>IP54<\/td>\n<\/tr>\n<tr>\n<td>Kolor<\/td>\n<td>Mo\u017cliwo\u015b\u0107 dostosowania<\/td>\n<\/tr>\n<tr>\n<td rowspan=\"3\">Rozmiar<\/td>\n<td>Wysoko\u015b\u0107 je\u017ad\u017aca<\/td>\n<td>155-190cm<\/td>\n<\/tr>\n<tr>\n<td>Rozmiar opakowania<\/td>\n<td>106\u00d748\u00d781cm<\/td>\n<\/tr>\n<tr>\n<td>Ilo\u015b\u0107 dla pojemnika 1*40HQ<\/td>\n<td>180 SZTUK<\/td>\n<\/tr>\n<\/tbody>\n<\/table>","protected":false},"excerpt":{"rendered":"<p>Velopro F750E to wysokowydajny sk\u0142adany rower elektryczny stworzony z my\u015bl\u0105 o mocy, komforcie i wygodzie. Dzi\u0119ki silnikowi o \u015bredniej mocy 500 W, czujnikowi momentu obrotowego zapewniaj\u0105cemu p\u0142ynne peda\u0142owanie i hydraulicznym hamulcom tarczowym, ten rower elektryczny z grubymi oponami jest idealny zar\u00f3wno do dojazd\u00f3w do pracy w mie\u015bcie, jak i przyg\u00f3d na \u015bwie\u017cym powietrzu.<\/p>","protected":false},"featured_media":2386,"comment_status":"open","ping_status":"closed","template":"","meta":[],"product_brand":[35],"product_cat":[27,28,38],"product_tag":[],"class_list":{"0":"post-2385","1":"product","2":"type-product","3":"status-publish","4":"has-post-thumbnail","6":"product_brand-velopro","7":"product_cat-city-ebike","8":"product_cat-fat-tire-ebike","9":"product_cat-velopro-electric-bikes","11":"first","12":"instock","13":"shipping-taxable","14":"product-type-simple"},"_links":{"self":[{"href":"https:\/\/galaxybicycle.com\/pl\/wp-json\/wp\/v2\/product\/2385","targetHints":{"allow":["GET"]}}],"collection":[{"href":"https:\/\/galaxybicycle.com\/pl\/wp-json\/wp\/v2\/product"}],"about":[{"href":"https:\/\/galaxybicycle.com\/pl\/wp-json\/wp\/v2\/types\/product"}],"replies":[{"embeddable":true,"href":"https:\/\/galaxybicycle.com\/pl\/wp-json\/wp\/v2\/comments?post=2385"}],"wp:featuredmedia":[{"embeddable":true,"href":"https:\/\/galaxybicycle.com\/pl\/wp-json\/wp\/v2\/media\/2386"}],"wp:attachment":[{"href":"https:\/\/galaxybicycle.com\/pl\/wp-json\/wp\/v2\/media?parent=2385"}],"wp:term":[{"taxonomy":"product_brand","embeddable":true,"href":"https:\/\/galaxybicycle.com\/pl\/wp-json\/wp\/v2\/product_brand?post=2385"},{"taxonomy":"product_cat","embeddable":true,"href":"https:\/\/galaxybicycle.com\/pl\/wp-json\/wp\/v2\/product_cat?post=2385"},{"taxonomy":"product_tag","embeddable":true,"href":"https:\/\/galaxybicycle.com\/pl\/wp-json\/wp\/v2\/product_tag?post=2385"}],"curies":[{"name":"wp","href":"https:\/\/api.w.org\/{rel}","templated":true}]}}