{"id":2383,"date":"2025-08-17T04:26:48","date_gmt":"2025-08-17T04:26:48","guid":{"rendered":"https:\/\/go.galaxybicycle.com\/?post_type=product&#038;p=2383"},"modified":"2025-09-02T09:34:28","modified_gmt":"2025-09-02T09:34:28","slug":"m200e","status":"publish","type":"product","link":"https:\/\/galaxybicycle.com\/pl\/product\/m200e\/","title":{"rendered":"Rower elektryczny Velopro M200E Step-Through | Casual Cruiser z funkcjami bezpiecze\u0144stwa"},"content":{"rendered":"<p>Poznaj <strong>Rower elektryczny Velopro M200E Step-Through<\/strong>Idealny towarzysz codziennych dojazd\u00f3w do pracy, jazdy po mie\u015bcie lub weekendowych przyg\u00f3d. Zbudowany z wytrzyma\u0142ej 20-calowej stalowej ramy i konstrukcji typu step-through, sprawia, \u017ce wsiadanie i zsiadanie jest \u0142atwe i wygodne dla rowerzyst\u00f3w w ka\u017cdym wieku. Amortyzowany widelec z MLO i koron\u0105 ze stopu aluminium wyg\u0142adza nier\u00f3wno\u015bci, a szerokie opony Chaoyang 20\u2033 x 4,0 zapewniaj\u0105 doskona\u0142\u0105 przyczepno\u015b\u0107 i stabilno\u015b\u0107 na ulicach, w parkach i na lekkich szlakach.<\/p>\n<p>Zasilany przez silny <strong>Silnik tylnej piasty 48V 500W<\/strong> i w po\u0142\u0105czeniu z d\u0142ugotrwa\u0142ym <strong>Akumulator 48 V 10,4 Ah<\/strong>M200E zapewnia swobod\u0119 d\u0142u\u017cszej i pewnej jazdy. 7-biegowy nap\u0119d Shimano zapewnia p\u0142ynn\u0105 zmian\u0119 prze\u0142o\u017ce\u0144, niezale\u017cnie od tego, czy wspinasz si\u0119 na wzg\u00f3rza, czy \u015blizgasz si\u0119 po p\u0142askich drogach. Mechaniczne hamulce tarczowe zapewniaj\u0105 niezawodn\u0105 si\u0142\u0119 hamowania, zapewniaj\u0105c spok\u00f3j ducha bez wzgl\u0119du na to, dok\u0105d zaprowadzi Ci\u0119 podr\u00f3\u017c.<\/p>\n<p>The <strong>Velopro M200E<\/strong> Posiada r\u00f3wnie\u017c jasny, czytelny kolorowy wy\u015bwietlacz, kt\u00f3ry pozwala \u015bledzi\u0107 pr\u0119dko\u015b\u0107, \u017cywotno\u015b\u0107 baterii i tryb jazdy na pierwszy rzut oka. Dzi\u0119ki swobodnej konstrukcji cruisera i dodatkowym funkcjom bezpiecze\u0144stwa, ten rower elektryczny jest idealny dla ka\u017cdego, kto szuka komfortu, niezawodno\u015bci i stylu w jednym pakiecie.<\/p>\n<h3>Specyfikacje<\/h3>\n<table border=\"1\" cellspacing=\"0\" cellpadding=\"6\">\n<tbody>\n<tr>\n<th>Komponent<\/th>\n<th>Szczeg\u00f3\u0142y<\/th>\n<\/tr>\n<tr>\n<td>Rama<\/td>\n<td>20-calowa stalowa rama przelotowa<\/td>\n<\/tr>\n<tr>\n<td>Widelec<\/td>\n<td>Widelec amortyzowany 20\u2033 z MLO i koron\u0105 ze stopu aluminium<\/td>\n<\/tr>\n<tr>\n<td>Przerzutka<\/td>\n<td>Shimano 7 pr\u0119dko\u015bci<\/td>\n<\/tr>\n<tr>\n<td>Hamulce<\/td>\n<td>Mechaniczne hamulce tarczowe<\/td>\n<\/tr>\n<tr>\n<td>Opony<\/td>\n<td>Opony Chaoyang 20\u2033 \u00d7 4.0 Fat Tires<\/td>\n<\/tr>\n<tr>\n<td>Wy\u015bwietlacz<\/td>\n<td>Kolorowy ekran<\/td>\n<\/tr>\n<tr>\n<td>Silnik<\/td>\n<td>Silnik tylnej piasty 48 V \u00d7 500 W<\/td>\n<\/tr>\n<tr>\n<td>Bateria<\/td>\n<td>Akumulator 48 V \u00d7 10,4 Ah<\/td>\n<\/tr>\n<\/tbody>\n<\/table>","protected":false},"excerpt":{"rendered":"<p>Velopro M200E to stylowy i \u0142atwy w prowadzeniu e-rower typu step-through przeznaczony do codziennych przeja\u017cd\u017cek. Dzi\u0119ki grubym 20-calowym oponom, mocnemu silnikowi 500 W i niezawodnym 7-biegowym przek\u0142adniom Shimano \u0142\u0105czy w sobie komfort, kontrol\u0119 i dodatkowe funkcje bezpiecze\u0144stwa podczas codziennych przeja\u017cd\u017cek.<\/p>","protected":false},"featured_media":2384,"comment_status":"open","ping_status":"closed","template":"","meta":[],"product_brand":[35],"product_cat":[27,28,38],"product_tag":[],"class_list":{"0":"post-2383","1":"product","2":"type-product","3":"status-publish","4":"has-post-thumbnail","6":"product_brand-velopro","7":"product_cat-city-ebike","8":"product_cat-fat-tire-ebike","9":"product_cat-velopro-electric-bikes","11":"first","12":"instock","13":"shipping-taxable","14":"product-type-simple"},"_links":{"self":[{"href":"https:\/\/galaxybicycle.com\/pl\/wp-json\/wp\/v2\/product\/2383","targetHints":{"allow":["GET"]}}],"collection":[{"href":"https:\/\/galaxybicycle.com\/pl\/wp-json\/wp\/v2\/product"}],"about":[{"href":"https:\/\/galaxybicycle.com\/pl\/wp-json\/wp\/v2\/types\/product"}],"replies":[{"embeddable":true,"href":"https:\/\/galaxybicycle.com\/pl\/wp-json\/wp\/v2\/comments?post=2383"}],"wp:featuredmedia":[{"embeddable":true,"href":"https:\/\/galaxybicycle.com\/pl\/wp-json\/wp\/v2\/media\/2384"}],"wp:attachment":[{"href":"https:\/\/galaxybicycle.com\/pl\/wp-json\/wp\/v2\/media?parent=2383"}],"wp:term":[{"taxonomy":"product_brand","embeddable":true,"href":"https:\/\/galaxybicycle.com\/pl\/wp-json\/wp\/v2\/product_brand?post=2383"},{"taxonomy":"product_cat","embeddable":true,"href":"https:\/\/galaxybicycle.com\/pl\/wp-json\/wp\/v2\/product_cat?post=2383"},{"taxonomy":"product_tag","embeddable":true,"href":"https:\/\/galaxybicycle.com\/pl\/wp-json\/wp\/v2\/product_tag?post=2383"}],"curies":[{"name":"wp","href":"https:\/\/api.w.org\/{rel}","templated":true}]}}