{"id":2372,"date":"2025-08-17T04:24:42","date_gmt":"2025-08-17T04:24:42","guid":{"rendered":"https:\/\/go.galaxybicycle.com\/?post_type=product&#038;p=2372"},"modified":"2025-09-02T10:20:05","modified_gmt":"2025-09-02T10:20:05","slug":"a7-promax","status":"publish","type":"product","link":"https:\/\/galaxybicycle.com\/pl\/product\/a7-promax\/","title":{"rendered":"Rower dla doros\u0142ych Galaxy A7 PROMAX | 24-biegowy rower g\u00f3rski Shimano z amortyzowanym widelcem"},"content":{"rendered":"<p><b>Rower dla doros\u0142ych Galaxy A7 PROMAX<\/b> jest przeznaczony dla rowerzyst\u00f3w, kt\u00f3rzy chc\u0105 profesjonalnego roweru g\u00f3rskiego, kt\u00f3ry jest nadal przyjazny dla pocz\u0105tkuj\u0105cych i przyjemny w prowadzeniu. Niezale\u017cnie od tego, czy doje\u017cd\u017casz do pracy w mie\u015bcie, odkrywasz szlaki przyrodnicze, czy cieszysz si\u0119 weekendowymi przeja\u017cd\u017ckami, ten rower \u0142\u0105czy w sobie trwa\u0142y <b>Rama ze stopu aluminium 6061<\/b> z zaawansowanym <b>24-biegowa przek\u0142adnia Shimano<\/b> zapewniaj\u0105c p\u0142ynne i niezawodne dzia\u0142anie. Jego <b>widelec amortyzowany z MLO<\/b> pomaga absorbowa\u0107 wstrz\u0105sy, podczas gdy <b>Opony Kenda K1153<\/b> zapewniaj\u0105 stabilno\u015b\u0107 na r\u00f3\u017cnych powierzchniach.<\/p>\n<p>Zaprojektowany z my\u015bl\u0105 o wygodzie i trwa\u0142o\u015bci, A7 PROMAX posiada nast\u0119puj\u0105ce cechy <b>mechaniczne hamulce tarczowe<\/b> dla sta\u0142ej si\u0142y hamowania, <b>Dwu\u015bcienne felgi aluminiowe ze \u015bciankami bocznymi CNC<\/b> dla si\u0142y i <b>Korba ze stopu metali lekkich Prowheel<\/b> z os\u0142on\u0105 \u0142a\u0144cucha dla wydajnego peda\u0142owania. Ten rower dla doros\u0142ych zosta\u0142 zaprojektowany dla tych, kt\u00f3rzy ceni\u0105 sobie precyzj\u0119, kontrol\u0119 i styl podczas ka\u017cdej jazdy.<\/p>\n<h3>Dlaczego warto wybra\u0107 Galaxy A7 PROMAX?<\/h3>\n<ul>\n<li><b>24-biegowy system Shimano<\/b> zapewnia p\u0142ynn\u0105 i dok\u0142adn\u0105 zmian\u0119 bieg\u00f3w.<\/li>\n<li><b>Lekka rama ze stopu 6061<\/b> Zbudowany z my\u015bl\u0105 o wytrzyma\u0142o\u015bci i trwa\u0142o\u015bci.<\/li>\n<li><b>Widelec amortyzowany z MLO<\/b> poch\u0142aniaj\u0105 wstrz\u0105sy i poprawiaj\u0105 komfort.<\/li>\n<li><b>Mechaniczne hamulce tarczowe<\/b> dla niezawodnej si\u0142y hamowania w ka\u017cdych warunkach pogodowych.<\/li>\n<li><b>Opony Kenda K1153<\/b> dla doskona\u0142ej trakcji i kontroli.<\/li>\n<li><b>Aluminiowe piasty z podw\u00f3jnymi \u0142o\u017cyskami<\/b> zapewnia p\u0142ynne toczenie i d\u0142ugotrwa\u0142\u0105 wydajno\u015b\u0107.<\/li>\n<\/ul>\n<h3>Specyfikacje<\/h3>\n<table border=\"1\" cellspacing=\"0\" cellpadding=\"6\">\n<tbody>\n<tr>\n<th>Cecha<\/th>\n<th>Szczeg\u00f3\u0142y<\/th>\n<\/tr>\n<tr>\n<td>Rama<\/td>\n<td>AL, stop 6061#<\/td>\n<\/tr>\n<tr>\n<td>Widelec<\/td>\n<td>Widelec amortyzowany z MLO<\/td>\n<\/tr>\n<tr>\n<td>Przerzutka<\/td>\n<td>Shimano 24SP FD-TZ500 \/ RD-TY300<\/td>\n<\/tr>\n<tr>\n<td>Shifter<\/td>\n<td>Shimano 24SP STEF500 \/ STEF500<\/td>\n<\/tr>\n<tr>\n<td>Wolne ko\u0142o<\/td>\n<td>Shimano 8SP ACSHG2008232, z\u0119batka kasety<\/td>\n<\/tr>\n<tr>\n<td>Hamulec<\/td>\n<td>Mechaniczny hamulec tarczowy<\/td>\n<\/tr>\n<tr>\n<td>Opona<\/td>\n<td>Kenda K1153<\/td>\n<\/tr>\n<tr>\n<td>Ko\u0142o \u0142a\u0144cuchowe<\/td>\n<td>Prowheel 24\/34\/42T*170L, korba ze stopu aluminium z os\u0142on\u0105 \u0142a\u0144cucha<\/td>\n<\/tr>\n<tr>\n<td>Hub<\/td>\n<td>Stop, podw\u00f3jne \u0142o\u017cyska z QR, kaseta<\/td>\n<\/tr>\n<tr>\n<td>Felgi<\/td>\n<td>Alloy Double H=30mm z bokiem CNC<\/td>\n<\/tr>\n<\/tbody>\n<\/table>","protected":false},"excerpt":{"rendered":"<p>Pewna jazda na <b>Galaxy A7 PROMAX<\/b>24-biegowy rower g\u00f3rski dla doros\u0142ych z nap\u0119dem Shimano, zaprojektowany z my\u015bl\u0105 o p\u0142ynnej zmianie prze\u0142o\u017ce\u0144, solidnej kontroli i przygodach w ka\u017cdym terenie. Zbudowany z lekkiej ramy ze stopu aluminium, amortyzowanego widelca i niezawodnych mechanicznych hamulc\u00f3w tarczowych, stanowi idealne po\u0142\u0105czenie wydajno\u015bci, komfortu i trwa\u0142o\u015bci.<\/p>","protected":false},"featured_media":2373,"comment_status":"open","ping_status":"closed","template":"","meta":[],"product_brand":[34],"product_cat":[15],"product_tag":[],"class_list":{"0":"post-2372","1":"product","2":"type-product","3":"status-publish","4":"has-post-thumbnail","6":"product_brand-galaxy","7":"product_cat-galaxybicycle","9":"first","10":"instock","11":"shipping-taxable","12":"product-type-simple"},"_links":{"self":[{"href":"https:\/\/galaxybicycle.com\/pl\/wp-json\/wp\/v2\/product\/2372","targetHints":{"allow":["GET"]}}],"collection":[{"href":"https:\/\/galaxybicycle.com\/pl\/wp-json\/wp\/v2\/product"}],"about":[{"href":"https:\/\/galaxybicycle.com\/pl\/wp-json\/wp\/v2\/types\/product"}],"replies":[{"embeddable":true,"href":"https:\/\/galaxybicycle.com\/pl\/wp-json\/wp\/v2\/comments?post=2372"}],"wp:featuredmedia":[{"embeddable":true,"href":"https:\/\/galaxybicycle.com\/pl\/wp-json\/wp\/v2\/media\/2373"}],"wp:attachment":[{"href":"https:\/\/galaxybicycle.com\/pl\/wp-json\/wp\/v2\/media?parent=2372"}],"wp:term":[{"taxonomy":"product_brand","embeddable":true,"href":"https:\/\/galaxybicycle.com\/pl\/wp-json\/wp\/v2\/product_brand?post=2372"},{"taxonomy":"product_cat","embeddable":true,"href":"https:\/\/galaxybicycle.com\/pl\/wp-json\/wp\/v2\/product_cat?post=2372"},{"taxonomy":"product_tag","embeddable":true,"href":"https:\/\/galaxybicycle.com\/pl\/wp-json\/wp\/v2\/product_tag?post=2372"}],"curies":[{"name":"wp","href":"https:\/\/api.w.org\/{rel}","templated":true}]}}