{"id":2370,"date":"2025-08-17T04:23:10","date_gmt":"2025-08-17T04:23:10","guid":{"rendered":"https:\/\/go.galaxybicycle.com\/?post_type=product&#038;p=2370"},"modified":"2025-09-02T10:20:54","modified_gmt":"2025-09-02T10:20:54","slug":"m60-promax","status":"publish","type":"product","link":"https:\/\/galaxybicycle.com\/pl\/product\/m60-promax\/","title":{"rendered":"Rower g\u00f3rski dla doros\u0142ych Galaxy M60 PROMAX | 24-biegowa przek\u0142adnia Shimano, widelec amortyzowany, hamulce tarczowe"},"content":{"rendered":"<p>Przenie\u015b swoje rowerowe przygody na wy\u017cszy poziom dzi\u0119ki <strong>Rower dla doros\u0142ych Galaxy M60 PROMAX<\/strong>. Wykonany z precyzj\u0105, rower ten \u0142\u0105czy w sobie nowoczesny design, najwy\u017cszej jako\u015bci komponenty i przyjazne dla rowerzysty funkcje, aby zapewni\u0107 p\u0142ynne i przyjemne wra\u017cenia podczas ka\u017cdej jazdy. Wyko\u0144czenie bez spawania na ramie AL6061 nadaje mu elegancki, profesjonalny wygl\u0105d, zachowuj\u0105c jednocze\u015bnie lekko\u015b\u0107 i trwa\u0142o\u015b\u0107.<\/p>\n<p>Wyposa\u017cony w <strong>Widelec amortyzowany z MLO<\/strong>poch\u0142ania wstrz\u0105sy na nier\u00f3wnych \u015bcie\u017ckach, dzi\u0119ki czemu doskonale sprawdza si\u0119 zar\u00f3wno na miejskich drogach, jak i na g\u00f3rskich szlakach. Opona <strong>24-biegowy nap\u0119d Shimano<\/strong> zapewnia p\u0142ynne zmiany bieg\u00f3w, daj\u0105c kontrol\u0119 w ka\u017cdym terenie. Niezale\u017cnie od tego, czy wspinasz si\u0119 na strome wzg\u00f3rza, czy je\u017adzisz po p\u0142askich drogach, M60 PROMAX dostosowuje si\u0119 z \u0142atwo\u015bci\u0105.<\/p>\n<p>Bezpiecze\u0144stwo i niezawodno\u015b\u0107 s\u0105 zwi\u0119kszone dzi\u0119ki <strong>mechaniczne hamulce tarczowe<\/strong> kt\u00f3re zapewniaj\u0105 pot\u0119\u017cn\u0105 si\u0142\u0119 hamowania w ka\u017cdych warunkach. Opony <strong>Opony Kenda K1153<\/strong> oferuj\u0105 doskona\u0142\u0105 przyczepno\u015b\u0107 i stabilno\u015b\u0107, podczas gdy <strong>Dwu\u015bcienne felgi aluminiowe<\/strong> oraz <strong>aluminiowe piasty z podw\u00f3jnymi \u0142o\u017cyskami<\/strong> zapewniaj\u0105 d\u0142ugotrwa\u0142\u0105 wydajno\u015b\u0107. W tym rowerze nie chodzi tylko o u\u017cyteczno\u015b\u0107 - chodzi o to, aby ka\u017cda jazda by\u0142a ekscytuj\u0105ca, wygodna i niezapomniana.<\/p>\n<h3>Specyfikacje<\/h3>\n<table border=\"1\" cellspacing=\"0\" cellpadding=\"6\">\n<tbody>\n<tr>\n<th>Komponent<\/th>\n<th>Specyfikacja<\/th>\n<\/tr>\n<tr>\n<td>Rama<\/td>\n<td>Rama ze stopu AL6061 z wyko\u0144czeniem bez spawania<\/td>\n<\/tr>\n<tr>\n<td>Widelec<\/td>\n<td>Widelec amortyzowany, aluminiowa korona z MLO<\/td>\n<\/tr>\n<tr>\n<td>Przerzutka<\/td>\n<td>Shimano 24-Speed FDTY500 \/ RDTY300<\/td>\n<\/tr>\n<tr>\n<td>Shiftery<\/td>\n<td>Shimano 24-Speed STEF500<\/td>\n<\/tr>\n<tr>\n<td>Wolne ko\u0142o<\/td>\n<td>8-biegowa z\u0119batka kasety Shimano ACSHG2008232<\/td>\n<\/tr>\n<\/tbody>\n<\/table>","protected":false},"excerpt":{"rendered":"<p>Galaxy M60 PROMAX to wytrzyma\u0142y i stylowy rower g\u00f3rski dla doros\u0142ych z lekk\u0105 ram\u0105 AL6061, niezawodnym 24-biegowym nap\u0119dem Shimano i czu\u0142ymi hamulcami tarczowymi. Zaprojektowany zar\u00f3wno do codziennych przeja\u017cd\u017cek, jak i przyg\u00f3d na szlakach, zapewnia wydajno\u015b\u0107, komfort i trwa\u0142o\u015b\u0107 dla wszystkich rowerzyst\u00f3w.<\/p>","protected":false},"featured_media":2371,"comment_status":"open","ping_status":"closed","template":"","meta":[],"product_brand":[34],"product_cat":[15],"product_tag":[],"class_list":{"0":"post-2370","1":"product","2":"type-product","3":"status-publish","4":"has-post-thumbnail","6":"product_brand-galaxy","7":"product_cat-galaxybicycle","9":"first","10":"instock","11":"shipping-taxable","12":"product-type-simple"},"_links":{"self":[{"href":"https:\/\/galaxybicycle.com\/pl\/wp-json\/wp\/v2\/product\/2370","targetHints":{"allow":["GET"]}}],"collection":[{"href":"https:\/\/galaxybicycle.com\/pl\/wp-json\/wp\/v2\/product"}],"about":[{"href":"https:\/\/galaxybicycle.com\/pl\/wp-json\/wp\/v2\/types\/product"}],"replies":[{"embeddable":true,"href":"https:\/\/galaxybicycle.com\/pl\/wp-json\/wp\/v2\/comments?post=2370"}],"wp:featuredmedia":[{"embeddable":true,"href":"https:\/\/galaxybicycle.com\/pl\/wp-json\/wp\/v2\/media\/2371"}],"wp:attachment":[{"href":"https:\/\/galaxybicycle.com\/pl\/wp-json\/wp\/v2\/media?parent=2370"}],"wp:term":[{"taxonomy":"product_brand","embeddable":true,"href":"https:\/\/galaxybicycle.com\/pl\/wp-json\/wp\/v2\/product_brand?post=2370"},{"taxonomy":"product_cat","embeddable":true,"href":"https:\/\/galaxybicycle.com\/pl\/wp-json\/wp\/v2\/product_cat?post=2370"},{"taxonomy":"product_tag","embeddable":true,"href":"https:\/\/galaxybicycle.com\/pl\/wp-json\/wp\/v2\/product_tag?post=2370"}],"curies":[{"name":"wp","href":"https:\/\/api.w.org\/{rel}","templated":true}]}}