{"id":2366,"date":"2025-08-17T04:21:26","date_gmt":"2025-08-17T04:21:26","guid":{"rendered":"https:\/\/go.galaxybicycle.com\/?post_type=product&#038;p=2366"},"modified":"2025-11-20T03:01:22","modified_gmt":"2025-11-20T03:01:22","slug":"rl380r","status":"publish","type":"product","link":"https:\/\/galaxybicycle.com\/pl\/product\/rl380r\/","title":{"rendered":"Rower dla doros\u0142ych Galaxy RL380R | 21-biegowy rower szosowy Shimano z ram\u0105 ze stopu aluminium"},"content":{"rendered":"<p><strong>Rower dla doros\u0142ych Galaxy RL380R<\/strong> zosta\u0142 zaprojektowany z my\u015bl\u0105 o pewno\u015bci, szybko\u015bci i komforcie na drodze. Dzi\u0119ki wytrzyma\u0142ej aluminiowej ramie AL6061 i precyzyjnemu stalowemu widelcowi, ten rower szosowy zapewnia idealn\u0105 r\u00f3wnowag\u0119 mi\u0119dzy wytrzyma\u0142o\u015bci\u0105 a lekko\u015bci\u0105 prowadzenia.<\/p>\n<p>Wyposa\u017cony w <strong>21-biegowy nap\u0119d Shimano Tourney<\/strong>RL380R sprawia, \u017ce pokonywanie wzniesie\u0144, jazda po p\u0142askim terenie i kontrolowanie zjazd\u00f3w jest p\u0142ynne i wydajne. W <strong>hamulce szcz\u0119kowe<\/strong> zapewniaj\u0105 niezawodn\u0105 si\u0142\u0119 hamowania, podczas gdy <strong>Opony Kenda K176 700x28C<\/strong> Zapewniaj\u0105 doskona\u0142\u0105 przyczepno\u015b\u0107 i wydajno\u015b\u0107 toczenia podczas dojazd\u00f3w do pracy w mie\u015bcie lub weekendowych przeja\u017cd\u017cek.<\/p>\n<p>Zawodnicy doceni\u0105 r\u00f3wnie\u017c <strong>podw\u00f3jnie \u0142o\u017cyskowane piasty ze stopu metali lekkich z szybkozamykaczem<\/strong> oraz <strong>Obr\u0119cze boczne CNC o podw\u00f3jnych \u015bciankach<\/strong>zapewniaj\u0105c trwa\u0142o\u015b\u0107 i stabilno\u015b\u0107 podczas ka\u017cdej podr\u00f3\u017cy. Niezale\u017cnie od tego, czy doje\u017cd\u017casz do pracy, \u0107wiczysz, czy po prostu cieszysz si\u0119 spokojn\u0105 jazd\u0105, Galaxy RL380R jest niezawodnym partnerem rowerowym.<\/p>\n<h3>Dlaczego warto wybra\u0107 Galaxy RL380R?<\/h3>\n<ul>\n<li><strong>Lekki, ale wytrzyma\u0142y<\/strong> Aluminiowa rama AL6061 u\u0142atwiaj\u0105ca obs\u0142ug\u0119.<\/li>\n<li><strong>21-biegowy system Shimano<\/strong> do wszechstronnej jazdy w ka\u017cdym terenie.<\/li>\n<li><strong>Wygodny i wydajny<\/strong> Opony Kenda 700x28C zapewniaj\u0105 p\u0142ynn\u0105 jazd\u0119 szosow\u0105.<\/li>\n<li><strong>Niezawodne hamowanie<\/strong> z uk\u0142adem hamulcowym z zaciskiem.<\/li>\n<li><strong>Wytrzyma\u0142e obr\u0119cze ze stopu metali lekkich o podw\u00f3jnych \u015bciankach<\/strong> z bokami CNC zapewniaj\u0105cymi wytrzyma\u0142o\u015b\u0107 i wydajno\u015b\u0107.<\/li>\n<\/ul>\n<h3>Specyfikacje<\/h3>\n<table border=\"1\" cellspacing=\"0\" cellpadding=\"8\">\n<tbody>\n<tr>\n<th>Cecha<\/th>\n<th>Szczeg\u00f3\u0142y<\/th>\n<\/tr>\n<tr>\n<td>Rama<\/td>\n<td>Aluminium AL6061<\/td>\n<\/tr>\n<tr>\n<td>Widelec<\/td>\n<td>Widelec stalowy<\/td>\n<\/tr>\n<tr>\n<td>Przerzutka<\/td>\n<td>Shimano 21SP FD Tourney \/ RD Tourney<\/td>\n<\/tr>\n<tr>\n<td>Shifter<\/td>\n<td>Shimano 21SP A050<\/td>\n<\/tr>\n<tr>\n<td>Wolne ko\u0142o<\/td>\n<td>7-Speed 14-28T<\/td>\n<\/tr>\n<tr>\n<td>Hamulec<\/td>\n<td>Zacisk hamulca szcz\u0119kowego<\/td>\n<\/tr>\n<tr>\n<td>Opony<\/td>\n<td>Kenda K176 700x28C<\/td>\n<\/tr>\n<tr>\n<td>Ko\u0142o \u0142a\u0144cuchowe<\/td>\n<td>Prowheel 24\/34\/42T*170L, korba ze stopu aluminium z os\u0142on\u0105 \u0142a\u0144cucha<\/td>\n<\/tr>\n<tr>\n<td>Hub<\/td>\n<td>Stop, podw\u00f3jne \u0142o\u017cyska z szybkozamykaczem<\/td>\n<\/tr>\n<tr>\n<td>Felgi<\/td>\n<td>Alloy Double Wall H=30mm z bokiem CNC<\/td>\n<\/tr>\n<\/tbody>\n<\/table>","protected":false},"excerpt":{"rendered":"<p>Galaxy RL380R to stylowy i niezawodny rower szosowy dla doros\u0142ych, stworzony z my\u015bl\u0105 o p\u0142ynnych przeja\u017cd\u017ckach i codziennej je\u017adzie na rowerze. Wyposa\u017cony w lekk\u0105 aluminiow\u0105 ram\u0119 6061, 21-biegow\u0105 przek\u0142adni\u0119 Shimano i eleganckie obr\u0119cze ze stopu metali lekkich o podw\u00f3jnych \u015bciankach, rower ten oferuje zar\u00f3wno wydajno\u015b\u0107, jak i komfort dla pocz\u0105tkuj\u0105cych i zwyk\u0142ych rowerzyst\u00f3w.<\/p>","protected":false},"featured_media":2367,"comment_status":"open","ping_status":"closed","template":"","meta":[],"product_brand":[34],"product_cat":[15],"product_tag":[],"class_list":{"0":"post-2366","1":"product","2":"type-product","3":"status-publish","4":"has-post-thumbnail","6":"product_brand-galaxy","7":"product_cat-galaxybicycle","9":"first","10":"instock","11":"shipping-taxable","12":"product-type-simple"},"_links":{"self":[{"href":"https:\/\/galaxybicycle.com\/pl\/wp-json\/wp\/v2\/product\/2366","targetHints":{"allow":["GET"]}}],"collection":[{"href":"https:\/\/galaxybicycle.com\/pl\/wp-json\/wp\/v2\/product"}],"about":[{"href":"https:\/\/galaxybicycle.com\/pl\/wp-json\/wp\/v2\/types\/product"}],"replies":[{"embeddable":true,"href":"https:\/\/galaxybicycle.com\/pl\/wp-json\/wp\/v2\/comments?post=2366"}],"wp:featuredmedia":[{"embeddable":true,"href":"https:\/\/galaxybicycle.com\/pl\/wp-json\/wp\/v2\/media\/2367"}],"wp:attachment":[{"href":"https:\/\/galaxybicycle.com\/pl\/wp-json\/wp\/v2\/media?parent=2366"}],"wp:term":[{"taxonomy":"product_brand","embeddable":true,"href":"https:\/\/galaxybicycle.com\/pl\/wp-json\/wp\/v2\/product_brand?post=2366"},{"taxonomy":"product_cat","embeddable":true,"href":"https:\/\/galaxybicycle.com\/pl\/wp-json\/wp\/v2\/product_cat?post=2366"},{"taxonomy":"product_tag","embeddable":true,"href":"https:\/\/galaxybicycle.com\/pl\/wp-json\/wp\/v2\/product_tag?post=2366"}],"curies":[{"name":"wp","href":"https:\/\/api.w.org\/{rel}","templated":true}]}}