{"id":3991,"date":"2025-09-22T06:40:49","date_gmt":"2025-09-22T06:40:49","guid":{"rendered":"https:\/\/galaxybicycle.com\/?post_type=product&#038;p=3991"},"modified":"2026-03-22T00:24:29","modified_gmt":"2026-03-22T00:24:29","slug":"galaxy-amano-s900-electric-bike","status":"publish","type":"product","link":"https:\/\/galaxybicycle.com\/nl\/product\/galaxy-amano-s900-electric-bike\/","title":{"rendered":"Galaxy Amano S900 elektrische fiets: stijlvolle elektrische woon-werkfiets met groot bereik"},"content":{"rendered":"<p><iframe loading=\"lazy\" title=\"Galaxy Amano S900 Fiets\" src=\"https:\/\/www.youtube.com\/embed\/D4x5gaEtbgE\" width=\"1840\" height=\"1035\" frameborder=\"0\" allowfullscreen=\"allowfullscreen\"><\/iframe><\/p>\n<p><img loading=\"lazy\" decoding=\"async\" class=\"alignnone size-full wp-image-3999 aligncenter\" src=\"https:\/\/galaxybicycle.com\/wp-content\/uploads\/2025\/09\/amano\u8be6\u60c5_01.jpg\" alt=\"\" width=\"1000\" height=\"1429\" title=\"\" srcset=\"https:\/\/galaxybicycle.com\/wp-content\/uploads\/2025\/09\/amano\u8be6\u60c5_01.jpg 1000w, https:\/\/galaxybicycle.com\/wp-content\/uploads\/2025\/09\/amano\u8be6\u60c5_01-210x300.jpg 210w, https:\/\/galaxybicycle.com\/wp-content\/uploads\/2025\/09\/amano\u8be6\u60c5_01-717x1024.jpg 717w, https:\/\/galaxybicycle.com\/wp-content\/uploads\/2025\/09\/amano\u8be6\u60c5_01-768x1097.jpg 768w, https:\/\/galaxybicycle.com\/wp-content\/uploads\/2025\/09\/amano\u8be6\u60c5_01-8x12.jpg 8w\" sizes=\"auto, (max-width: 1000px) 100vw, 1000px\" \/> <img loading=\"lazy\" decoding=\"async\" class=\"alignnone size-full wp-image-4000 aligncenter\" src=\"https:\/\/galaxybicycle.com\/wp-content\/uploads\/2025\/09\/amano\u8be6\u60c5_02.jpg\" alt=\"\" width=\"1000\" height=\"1469\" title=\"\" srcset=\"https:\/\/galaxybicycle.com\/wp-content\/uploads\/2025\/09\/amano\u8be6\u60c5_02.jpg 1000w, https:\/\/galaxybicycle.com\/wp-content\/uploads\/2025\/09\/amano\u8be6\u60c5_02-204x300.jpg 204w, https:\/\/galaxybicycle.com\/wp-content\/uploads\/2025\/09\/amano\u8be6\u60c5_02-697x1024.jpg 697w, https:\/\/galaxybicycle.com\/wp-content\/uploads\/2025\/09\/amano\u8be6\u60c5_02-768x1128.jpg 768w, https:\/\/galaxybicycle.com\/wp-content\/uploads\/2025\/09\/amano\u8be6\u60c5_02-8x12.jpg 8w\" sizes=\"auto, (max-width: 1000px) 100vw, 1000px\" \/> <img loading=\"lazy\" decoding=\"async\" class=\"alignnone size-full wp-image-4001 aligncenter\" src=\"https:\/\/galaxybicycle.com\/wp-content\/uploads\/2025\/09\/amano\u8be6\u60c5_03.jpg\" alt=\"\" width=\"1000\" height=\"1603\" title=\"\" srcset=\"https:\/\/galaxybicycle.com\/wp-content\/uploads\/2025\/09\/amano\u8be6\u60c5_03.jpg 1000w, https:\/\/galaxybicycle.com\/wp-content\/uploads\/2025\/09\/amano\u8be6\u60c5_03-187x300.jpg 187w, https:\/\/galaxybicycle.com\/wp-content\/uploads\/2025\/09\/amano\u8be6\u60c5_03-639x1024.jpg 639w, https:\/\/galaxybicycle.com\/wp-content\/uploads\/2025\/09\/amano\u8be6\u60c5_03-768x1231.jpg 768w, https:\/\/galaxybicycle.com\/wp-content\/uploads\/2025\/09\/amano\u8be6\u60c5_03-958x1536.jpg 958w, https:\/\/galaxybicycle.com\/wp-content\/uploads\/2025\/09\/amano\u8be6\u60c5_03-7x12.jpg 7w\" sizes=\"auto, (max-width: 1000px) 100vw, 1000px\" \/> <img loading=\"lazy\" decoding=\"async\" class=\"alignnone size-full wp-image-4002 aligncenter\" src=\"https:\/\/galaxybicycle.com\/wp-content\/uploads\/2025\/09\/amano\u8be6\u60c5_04.jpg\" alt=\"\" width=\"1000\" height=\"1584\" title=\"\" srcset=\"https:\/\/galaxybicycle.com\/wp-content\/uploads\/2025\/09\/amano\u8be6\u60c5_04.jpg 1000w, https:\/\/galaxybicycle.com\/wp-content\/uploads\/2025\/09\/amano\u8be6\u60c5_04-189x300.jpg 189w, https:\/\/galaxybicycle.com\/wp-content\/uploads\/2025\/09\/amano\u8be6\u60c5_04-646x1024.jpg 646w, https:\/\/galaxybicycle.com\/wp-content\/uploads\/2025\/09\/amano\u8be6\u60c5_04-768x1217.jpg 768w, https:\/\/galaxybicycle.com\/wp-content\/uploads\/2025\/09\/amano\u8be6\u60c5_04-970x1536.jpg 970w, https:\/\/galaxybicycle.com\/wp-content\/uploads\/2025\/09\/amano\u8be6\u60c5_04-8x12.jpg 8w\" sizes=\"auto, (max-width: 1000px) 100vw, 1000px\" \/> <img loading=\"lazy\" decoding=\"async\" class=\"alignnone size-full wp-image-4003 aligncenter\" src=\"https:\/\/galaxybicycle.com\/wp-content\/uploads\/2025\/09\/amano\u8be6\u60c5_05.jpg\" alt=\"\" width=\"1000\" height=\"1514\" title=\"\" srcset=\"https:\/\/galaxybicycle.com\/wp-content\/uploads\/2025\/09\/amano\u8be6\u60c5_05.jpg 1000w, https:\/\/galaxybicycle.com\/wp-content\/uploads\/2025\/09\/amano\u8be6\u60c5_05-198x300.jpg 198w, https:\/\/galaxybicycle.com\/wp-content\/uploads\/2025\/09\/amano\u8be6\u60c5_05-676x1024.jpg 676w, https:\/\/galaxybicycle.com\/wp-content\/uploads\/2025\/09\/amano\u8be6\u60c5_05-768x1163.jpg 768w, https:\/\/galaxybicycle.com\/wp-content\/uploads\/2025\/09\/amano\u8be6\u60c5_05-8x12.jpg 8w\" sizes=\"auto, (max-width: 1000px) 100vw, 1000px\" \/> <img loading=\"lazy\" decoding=\"async\" class=\"alignnone size-full wp-image-4004 aligncenter\" src=\"https:\/\/galaxybicycle.com\/wp-content\/uploads\/2025\/09\/amano\u8be6\u60c5_06.jpg\" alt=\"\" width=\"1000\" height=\"1418\" title=\"\" srcset=\"https:\/\/galaxybicycle.com\/wp-content\/uploads\/2025\/09\/amano\u8be6\u60c5_06.jpg 1000w, https:\/\/galaxybicycle.com\/wp-content\/uploads\/2025\/09\/amano\u8be6\u60c5_06-212x300.jpg 212w, https:\/\/galaxybicycle.com\/wp-content\/uploads\/2025\/09\/amano\u8be6\u60c5_06-722x1024.jpg 722w, https:\/\/galaxybicycle.com\/wp-content\/uploads\/2025\/09\/amano\u8be6\u60c5_06-768x1089.jpg 768w, https:\/\/galaxybicycle.com\/wp-content\/uploads\/2025\/09\/amano\u8be6\u60c5_06-8x12.jpg 8w\" sizes=\"auto, (max-width: 1000px) 100vw, 1000px\" \/> <img loading=\"lazy\" decoding=\"async\" class=\"alignnone size-full wp-image-4005 aligncenter\" src=\"https:\/\/galaxybicycle.com\/wp-content\/uploads\/2025\/09\/amano\u8be6\u60c5_07.jpg\" alt=\"\" width=\"1000\" height=\"1780\" title=\"\" srcset=\"https:\/\/galaxybicycle.com\/wp-content\/uploads\/2025\/09\/amano\u8be6\u60c5_07.jpg 1000w, https:\/\/galaxybicycle.com\/wp-content\/uploads\/2025\/09\/amano\u8be6\u60c5_07-169x300.jpg 169w, https:\/\/galaxybicycle.com\/wp-content\/uploads\/2025\/09\/amano\u8be6\u60c5_07-575x1024.jpg 575w, https:\/\/galaxybicycle.com\/wp-content\/uploads\/2025\/09\/amano\u8be6\u60c5_07-768x1367.jpg 768w, https:\/\/galaxybicycle.com\/wp-content\/uploads\/2025\/09\/amano\u8be6\u60c5_07-863x1536.jpg 863w, https:\/\/galaxybicycle.com\/wp-content\/uploads\/2025\/09\/amano\u8be6\u60c5_07-7x12.jpg 7w\" sizes=\"auto, (max-width: 1000px) 100vw, 1000px\" \/> <img loading=\"lazy\" decoding=\"async\" class=\"alignnone size-full wp-image-4006 aligncenter\" src=\"https:\/\/galaxybicycle.com\/wp-content\/uploads\/2025\/09\/amano\u8be6\u60c5_08.jpg\" alt=\"\" width=\"1000\" height=\"1480\" title=\"\" srcset=\"https:\/\/galaxybicycle.com\/wp-content\/uploads\/2025\/09\/amano\u8be6\u60c5_08.jpg 1000w, https:\/\/galaxybicycle.com\/wp-content\/uploads\/2025\/09\/amano\u8be6\u60c5_08-203x300.jpg 203w, https:\/\/galaxybicycle.com\/wp-content\/uploads\/2025\/09\/amano\u8be6\u60c5_08-692x1024.jpg 692w, https:\/\/galaxybicycle.com\/wp-content\/uploads\/2025\/09\/amano\u8be6\u60c5_08-768x1137.jpg 768w, https:\/\/galaxybicycle.com\/wp-content\/uploads\/2025\/09\/amano\u8be6\u60c5_08-8x12.jpg 8w\" sizes=\"auto, (max-width: 1000px) 100vw, 1000px\" \/> <img loading=\"lazy\" decoding=\"async\" class=\"alignnone size-full wp-image-4007 aligncenter\" src=\"https:\/\/galaxybicycle.com\/wp-content\/uploads\/2025\/09\/amano\u8be6\u60c5_09-2.jpg\" alt=\"\" width=\"1000\" height=\"1439\" title=\"\" srcset=\"https:\/\/galaxybicycle.com\/wp-content\/uploads\/2025\/09\/amano\u8be6\u60c5_09-2.jpg 1000w, https:\/\/galaxybicycle.com\/wp-content\/uploads\/2025\/09\/amano\u8be6\u60c5_09-2-208x300.jpg 208w, https:\/\/galaxybicycle.com\/wp-content\/uploads\/2025\/09\/amano\u8be6\u60c5_09-2-712x1024.jpg 712w, https:\/\/galaxybicycle.com\/wp-content\/uploads\/2025\/09\/amano\u8be6\u60c5_09-2-768x1105.jpg 768w, https:\/\/galaxybicycle.com\/wp-content\/uploads\/2025\/09\/amano\u8be6\u60c5_09-2-8x12.jpg 8w\" sizes=\"auto, (max-width: 1000px) 100vw, 1000px\" \/> <img loading=\"lazy\" decoding=\"async\" class=\"alignnone size-full wp-image-4008 aligncenter\" src=\"https:\/\/galaxybicycle.com\/wp-content\/uploads\/2025\/09\/amano\u8be6\u60c5_10-2.jpg\" alt=\"\" width=\"1000\" height=\"1519\" title=\"\" srcset=\"https:\/\/galaxybicycle.com\/wp-content\/uploads\/2025\/09\/amano\u8be6\u60c5_10-2.jpg 1000w, https:\/\/galaxybicycle.com\/wp-content\/uploads\/2025\/09\/amano\u8be6\u60c5_10-2-197x300.jpg 197w, https:\/\/galaxybicycle.com\/wp-content\/uploads\/2025\/09\/amano\u8be6\u60c5_10-2-674x1024.jpg 674w, https:\/\/galaxybicycle.com\/wp-content\/uploads\/2025\/09\/amano\u8be6\u60c5_10-2-768x1167.jpg 768w, https:\/\/galaxybicycle.com\/wp-content\/uploads\/2025\/09\/amano\u8be6\u60c5_10-2-8x12.jpg 8w\" sizes=\"auto, (max-width: 1000px) 100vw, 1000px\" \/><\/p>\n<p><img loading=\"lazy\" decoding=\"async\" class=\"alignnone size-full wp-image-4009 aligncenter\" src=\"https:\/\/galaxybicycle.com\/wp-content\/uploads\/2025\/09\/amano\u8be6\u60c5_11.jpg\" alt=\"\" width=\"881\" height=\"2560\" title=\"\" srcset=\"https:\/\/galaxybicycle.com\/wp-content\/uploads\/2025\/09\/amano\u8be6\u60c5_11.jpg 881w, https:\/\/galaxybicycle.com\/wp-content\/uploads\/2025\/09\/amano\u8be6\u60c5_11-103x300.jpg 103w, https:\/\/galaxybicycle.com\/wp-content\/uploads\/2025\/09\/amano\u8be6\u60c5_11-352x1024.jpg 352w, https:\/\/galaxybicycle.com\/wp-content\/uploads\/2025\/09\/amano\u8be6\u60c5_11-768x2232.jpg 768w, https:\/\/galaxybicycle.com\/wp-content\/uploads\/2025\/09\/amano\u8be6\u60c5_11-529x1536.jpg 529w, https:\/\/galaxybicycle.com\/wp-content\/uploads\/2025\/09\/amano\u8be6\u60c5_11-705x2048.jpg 705w, https:\/\/galaxybicycle.com\/wp-content\/uploads\/2025\/09\/amano\u8be6\u60c5_11-4x12.jpg 4w\" sizes=\"auto, (max-width: 881px) 100vw, 881px\" \/><\/p>\n<h2>Amano S900 elektrische fiets: slanke stadsfiets met 100 km actieradius en krachtige 250 W motor<\/h2>\n<p>Zoef door de straten van de stad op de Amano S900 elektrische fiets, jouw leuke en stijlvolle partner voor stedelijke avonturen! Deze lichtgewicht e-bike is een echte krachtpatser met een 250W motor die heuvels laat aanvoelen als vlakke wegen, en een uitneembare Samsung batterij waarmee je tot 100 km kunt rijden met \u00e9\u00e9n keer opladen. Zeg maar dag tegen zweterig woon-werkverkeer en hallo tegen moeiteloos trappen met vijf ondersteuningsstanden. De lekbestendige banden en hydraulische remmen houden je veilig, terwijl het ge\u00efntegreerde TFT-display je snelheid, batterijduur en meer in \u00e9\u00e9n oogopslag laat zien. De Amano S900 is verkrijgbaar in zeven trendy kleuren en maakt van elke rit een fashion statement. Perfect voor beginners en stadsbewoners die op zoek zijn naar een betaalbare, onderhoudsarme elektrische fiets!<\/p>\n<h2>Ontdek het rijplezier van de Amano S900 elektrische fiets<\/h2>\n<p>Stel je voor dat je door drukke straten glijdt zonder te zweten - dat is de magie van de Amano S900 elektrische fiets! Deze coole e-bike voor woon-werkverkeer is ontworpen voor mensen die plezier, stijl en gemak willen in hun dagelijkse ritten. Of je nu naar je werk gaat, boodschappen doet of gewoon de buurt verkent, de S900 maakt elke rit spannend en moeiteloos.<\/p>\n<p>Het hart van deze e-bike is een krachtige 250W achternaafmotor die soepel accelereert en heuvels tot 35 graden met gemak aanpakt. In combinatie met een slimme koppelsensor voelt het alsof de fiets je gedachten leest en precies de juiste boost geeft wanneer je die nodig hebt. De afneembare 36V 10Ah Samsung accu biedt een indrukwekkende actieradius van 100 km, zodat je de angst voor actieradius kunt vergeten en je kunt concentreren op het plezier. Bovendien is hij supergemakkelijk op te laden - gewoon eruit halen en in het stopcontact steken!<\/p>\n<p>Wat maakt de Amano S900 zo bijzonder? Het gestroomlijnde aluminium frame is met slechts 19,5 kg licht van gewicht, waardoor hij moeiteloos de trap op kan of in kleine ruimtes kan worden opgeborgen. De carbon riemaandrijving betekent geen vette kettingen en geen onderhoud tot wel 30.000 km - over probleemloos gesproken! Veiligheid is ook belangrijk, met hydraulische schijfremmen die je bij 25 km\/u in slechts 0,8 meter tot stilstand brengen, lekbestendige 700x45C banden voor grip op elk stadsoppervlak en een ge\u00efntegreerde koplamp die 15 meter ver licht geeft voor nachtelijke avonturen.<\/p>\n<p>De fiets is beginnersvriendelijk met vijf ondersteuningsstanden - van de energiebesparende stand voor vlakke wegen tot de extreme stand voor steile hellingen. Het TFT-kleurenscherm van 3 inch houdt de zaken eenvoudig en toont duidelijk de snelheid, het batterijniveau, de kilometerstand en de versnellingsstand. En met een in 30 graden verstelbaar zadel dat extra zacht en breed is, rijd je comfortabel, ongeacht je lengte (geschikt voor rijders van 160-200 cm). Kies uit zeven levendige kleuren zoals Mist Purple of Midnight Black om bij je stijl te passen - het is alsof je een persoonlijke landingsbaan op wielen hebt!<\/p>\n<p>De Amano S900 elektrische fiets is professioneel maar toch speels en combineert eersteklas functies zoals IPX6 waterdichtheid, interne bedrading voor een strak uiterlijk en een garantie van 2 jaar voor gemoedsrust. Het is niet zomaar een e-bike; het is jouw ticket naar vrijere, groenere en vreugdevollere stedelijke mobiliteit. Klaar om de toekomst in te trappen?<\/p>\n<h3>Amano S900 Specificaties<\/h3>\n<table border=\"1\" cellspacing=\"0\" cellpadding=\"10\">\n<thead>\n<tr>\n<th>Categorie<\/th>\n<th>Item<\/th>\n<th>Specificatie<\/th>\n<\/tr>\n<\/thead>\n<tbody>\n<tr>\n<td>Vermogen<\/td>\n<td>Motor<\/td>\n<td>AMANO automatische snelheidsmotor, 250W vermogen, max koppel 45Nm<\/td>\n<\/tr>\n<tr>\n<td>Vermogen<\/td>\n<td>Controller<\/td>\n<td>Vector sinusregelaar<\/td>\n<\/tr>\n<tr>\n<td>Bediening en weergave<\/td>\n<td>Weergave<\/td>\n<td>AMANO TFT-kleurenscherm, 3,0-inch ge\u00efntegreerd<\/td>\n<\/tr>\n<tr>\n<td>Energie Systeem<\/td>\n<td>Batterij<\/td>\n<td>36Wh (36V\/10Ah) lithium-ion, gebruikt SAMSUNG cellen<\/td>\n<\/tr>\n<tr>\n<td>Verlichting<\/td>\n<td>Koplamp<\/td>\n<td>CE-gecertificeerd, ingebouwde hoge helderheid, 15 m lichtbundel<\/td>\n<\/tr>\n<tr>\n<td>Prestaties<\/td>\n<td>Maximale snelheid<\/td>\n<td>25 km\/u (grens motorondersteuning; kan handmatig worden overschreden)<\/td>\n<\/tr>\n<tr>\n<td>Prestaties<\/td>\n<td>Bereik<\/td>\n<td>Tot 100 km (afhankelijk van terrein, belasting, temperatuur)<\/td>\n<\/tr>\n<tr>\n<td>Prestaties<\/td>\n<td>Klimvermogen<\/td>\n<td>Kan hellingen aan tot 35\u00b0, afhankelijk van de input van de bestuurder<\/td>\n<\/tr>\n<tr>\n<td>Frame &amp; onderdelen<\/td>\n<td>Frame<\/td>\n<td>Ultralicht frame van aluminiumlegering<\/td>\n<\/tr>\n<tr>\n<td>Frame &amp; onderdelen<\/td>\n<td>Crankset<\/td>\n<td>Crankstel van aluminiumlegering<\/td>\n<\/tr>\n<tr>\n<td>Frame &amp; onderdelen<\/td>\n<td>Aandrijflijn<\/td>\n<td>JDX carbon riemaandrijving met \u00e9\u00e9n versnelling<\/td>\n<\/tr>\n<tr>\n<td>Frame &amp; onderdelen<\/td>\n<td>Voorvork<\/td>\n<td>Ultralichte vork van aluminiumlegering<\/td>\n<\/tr>\n<tr>\n<td>Frame &amp; onderdelen<\/td>\n<td>Banden<\/td>\n<td>CST 700x45C anti-lekbanden, 80% meer grip<\/td>\n<\/tr>\n<tr>\n<td>Frame &amp; onderdelen<\/td>\n<td>Remmen<\/td>\n<td>ZOOM hydraulische schijfremmen<\/td>\n<\/tr>\n<tr>\n<td>Frame &amp; onderdelen<\/td>\n<td>Zadel<\/td>\n<td>AMANO custom high-rebound zadel, 30\u00b0 verstelbaar<\/td>\n<\/tr>\n<tr>\n<td>Frame &amp; onderdelen<\/td>\n<td>Achterrek<\/td>\n<td>Aanpasbare bagagedrager achter<\/td>\n<\/tr>\n<tr>\n<td>Gewicht<\/td>\n<td>Netto gewicht<\/td>\n<td>19,5 kg<\/td>\n<\/tr>\n<tr>\n<td>Gewicht<\/td>\n<td>Brutogewicht<\/td>\n<td>29,5 kg<\/td>\n<\/tr>\n<tr>\n<td>Gewicht<\/td>\n<td>Max. belasting<\/td>\n<td>150 kg<\/td>\n<\/tr>\n<tr>\n<td>Meetkunde<\/td>\n<td>A: Frame<\/td>\n<td>520 mm<\/td>\n<\/tr>\n<tr>\n<td>Meetkunde<\/td>\n<td>B: Crankstel<\/td>\n<td>460 mm<\/td>\n<\/tr>\n<tr>\n<td>Meetkunde<\/td>\n<td>C: Aandrijflijn<\/td>\n<td>600 mm<\/td>\n<\/tr>\n<tr>\n<td>Meetkunde<\/td>\n<td>D: Voorvork<\/td>\n<td>160 mm<\/td>\n<\/tr>\n<tr>\n<td>Meetkunde<\/td>\n<td>E: Banden<\/td>\n<td>1000 mm<\/td>\n<\/tr>\n<tr>\n<td>Meetkunde<\/td>\n<td>F: Remmen<\/td>\n<td>730 mm<\/td>\n<\/tr>\n<tr>\n<td>Meetkunde<\/td>\n<td>G: Trapas<\/td>\n<td>900-1040 mm<\/td>\n<\/tr>\n<tr>\n<td>Meetkunde<\/td>\n<td>H: Zadel<\/td>\n<td>1120 mm<\/td>\n<\/tr>\n<tr>\n<td>Meetkunde<\/td>\n<td>I: Achterrek<\/td>\n<td>1860 mm<\/td>\n<\/tr>\n<tr>\n<td>Andere<\/td>\n<td>Bijstandsniveaus<\/td>\n<td>5 niveaus: Energiebesparing, Vrije tijd, Uitgebalanceerd, Sport, Extreem<\/td>\n<\/tr>\n<tr>\n<td>Andere<\/td>\n<td>Waterdichtheid<\/td>\n<td>IPX6<\/td>\n<\/tr>\n<tr>\n<td>Andere<\/td>\n<td>Garantie<\/td>\n<td>18 maanden (batterij), 2 jaar (totaal)<\/td>\n<\/tr>\n<tr>\n<td>Andere<\/td>\n<td>Aanbevolen hoogte<\/td>\n<td>160-200 cm<\/td>\n<\/tr>\n<\/tbody>\n<\/table>","protected":false},"excerpt":{"rendered":"<p>Slanke, lichtgewicht Amano S900 e-bike met 250W motor, 100km actieradius, Samsung batterij en carbon riemaandrijving - perfect voor woon-werkverkeer in de stad.<\/p>","protected":false},"featured_media":3992,"comment_status":"open","ping_status":"closed","template":"","meta":[],"product_brand":[],"product_cat":[15],"product_tag":[61,55,59,57,56,60,62,58],"class_list":{"0":"post-3991","1":"product","2":"type-product","3":"status-publish","4":"has-post-thumbnail","6":"product_cat-galaxybicycle","7":"product_tag-250w-motor-bike","8":"product_tag-amano-s900","9":"product_tag-city-electric-bicycle","10":"product_tag-e-bike","11":"product_tag-electric-bike","12":"product_tag-long-range-e-bike","13":"product_tag-stylish-commuter-e-bike","14":"product_tag-urban-commuter-bike","16":"first","17":"instock","18":"shipping-taxable","19":"product-type-simple"},"_links":{"self":[{"href":"https:\/\/galaxybicycle.com\/nl\/wp-json\/wp\/v2\/product\/3991","targetHints":{"allow":["GET"]}}],"collection":[{"href":"https:\/\/galaxybicycle.com\/nl\/wp-json\/wp\/v2\/product"}],"about":[{"href":"https:\/\/galaxybicycle.com\/nl\/wp-json\/wp\/v2\/types\/product"}],"replies":[{"embeddable":true,"href":"https:\/\/galaxybicycle.com\/nl\/wp-json\/wp\/v2\/comments?post=3991"}],"wp:featuredmedia":[{"embeddable":true,"href":"https:\/\/galaxybicycle.com\/nl\/wp-json\/wp\/v2\/media\/3992"}],"wp:attachment":[{"href":"https:\/\/galaxybicycle.com\/nl\/wp-json\/wp\/v2\/media?parent=3991"}],"wp:term":[{"taxonomy":"product_brand","embeddable":true,"href":"https:\/\/galaxybicycle.com\/nl\/wp-json\/wp\/v2\/product_brand?post=3991"},{"taxonomy":"product_cat","embeddable":true,"href":"https:\/\/galaxybicycle.com\/nl\/wp-json\/wp\/v2\/product_cat?post=3991"},{"taxonomy":"product_tag","embeddable":true,"href":"https:\/\/galaxybicycle.com\/nl\/wp-json\/wp\/v2\/product_tag?post=3991"}],"curies":[{"name":"wp","href":"https:\/\/api.w.org\/{rel}","templated":true}]}}