{"id":3928,"date":"2025-09-12T03:39:26","date_gmt":"2025-09-12T03:39:26","guid":{"rendered":"https:\/\/galaxybicycle.com\/?post_type=product&#038;p=3928"},"modified":"2026-01-09T10:03:37","modified_gmt":"2026-01-09T10:03:37","slug":"pixar-wind1","status":"publish","type":"product","link":"https:\/\/galaxybicycle.com\/nl\/product\/pixar-wind1\/","title":{"rendered":"PIXAR WIND1 Opvouwbare elektrische fiets met 500W motor, 48V 10.4Ah accu, 20\u00d73\u2033 dikke banden, Shimano 7 versnellingen, dubbele schijfremmen (tot 45 km bereik)"},"content":{"rendered":"<p><iframe loading=\"lazy\" title=\"PIXAR WIND1 mand installatievideo wind1 met teksten\" src=\"https:\/\/www.youtube.com\/embed\/somWYqb6HgA\" width=\"1840\" height=\"1035\" frameborder=\"0\" allowfullscreen=\"allowfullscreen\"><span data-mce-type=\"bookmark\" style=\"display: inline-block; width: 0px; overflow: hidden; line-height: 0;\" class=\"mce_SELRES_start\"><\/span><\/iframe><br \/>\n<iframe loading=\"lazy\" title=\"PIXAR WIND1 Snelheid ontgrendelen video wind1 met teksten\" src=\"https:\/\/www.youtube.com\/embed\/QkA7xicIp7c\" width=\"1840\" height=\"1035\" frameborder=\"0\" allowfullscreen=\"allowfullscreen\"><\/iframe><br \/>\n<iframe loading=\"lazy\" title=\"PIXAR WIND1 unboxing video wind1 met teksten\" src=\"https:\/\/www.youtube.com\/embed\/QQX-GG0-wkQ\" width=\"1840\" height=\"1035\" frameborder=\"0\" allowfullscreen=\"allowfullscreen\"><\/iframe><\/p>\n<h2>PIXAR WIND1 Opvouwbare Elektrische Fiets<\/h2>\n<p>Als je woon-werkverkeer een oppepper nodig heeft en je kofferbak ruimte, dan is de PIXAR WIND1 je perfecte dagelijkse rit. Hij is in enkele seconden op te vouwen tot een compacte 95 \u00d7 40 \u00d7 72 cm, past in krappe ruimtes en is klaar om uit te vouwen. Een krachtige 48V 500W achternaafmotor levert vertrouwenwekkende acceleratie, terwijl 20\u00d73\u2033 Chaoyang lekbestendige dikke banden en een verstelbare voorvork met vering ruwe wegen, kasseien en parkpaden soepel maken. Dubbele 180mm mechanische schijfremmen met uitschakeling van de motor zorgen voor nauwkeurig stoppen, en ge\u00efntegreerde voor- en achterlichten met waterdichte connectoren houden je 's nachts zichtbaar. Voeg een bagagedrager en manden voor en achter toe en je hebt een veelzijdige opvouwbare e-bike met dikke banden die praktisch, krachtig en leuk is.<\/p>\n<h3>Waarom je het leuk zult vinden<\/h3>\n<ul>\n<li><strong>Vouwen en wegwezen:<\/strong> In enkele seconden op te vouwen en past in je kofferbak, kast, kantoor of hal van je appartement.<\/li>\n<li><strong>Macht met controle:<\/strong> De CZJB 48V 500W borstelloze achternaafmotor met hoge snelheid kan overweg met straten in de stad, glooiende paden en beklimmingen tot 15\u00b0.<\/li>\n<li><strong>Comfort op elk oppervlak:<\/strong> Verstelbare voorvering en 20\u00d73\u2033 lekbestendige dikke banden absorberen hobbels en scheuren.<\/li>\n<li><strong>Veilig stoppen:<\/strong> Dubbele 180 mm mechanische schijfremmen met uitschakeling van de motor presteren betrouwbaar in natte of droge omstandigheden.<\/li>\n<li><strong>Rijd verder:<\/strong> 48 V 10,4 Ah verwijderbare lithium-ionaccu (EVE-cellen, IP65) levert 35-55 km per lading, afhankelijk van rijder en terrein.<\/li>\n<li><strong>Schakel met gemak:<\/strong> Shimano 7-speed aandrijving (14-28T freewheel) kan heuvels, vlakke wegen en alles daartussen aan.<\/li>\n<li><strong>Slimme bediening:<\/strong> Het LCD-scherm van de G518 toont de snelheid, het batterijniveau, 5 PAS-niveaus, ritgegevens en bevat een Type-C oplaadpoort en 6 km\/u loopondersteuning.<\/li>\n<li><strong>Gebouwd om lang mee te gaan:<\/strong> Stapsgewijs frame van hoogwaardige staallegering met interne routing; IP54-classificatie voor werking bij -10\u00b0C tot +45\u00b0C.<\/li>\n<li><strong>Klaar voor nachtritten:<\/strong> Ge\u00efntegreerde koplamp, achterlicht en elektronische claxon verbeteren zichtbaarheid en veiligheid.<\/li>\n<li><strong>Carry More:<\/strong> Het achterrek en de manden voor en achter ondersteunen boodschappen, tassen of een totale lading tot 120 kg.<\/li>\n<\/ul>\n<h3>Voor wie is het<\/h3>\n<p>Forenzen in de stad, campusrijders, camperreizigers, weekendavonturiers en iedereen die op zoek is naar een draagbare, krachtige opvouwbare e-bike met dikke banden. Gemakkelijk op te bergen (30,7 kg nettogewicht, 90% voorgemonteerd) en toch in staat om dagelijkse ritten sneller en plezieriger te maken. Aanbevolen voor rijders van 155-190 cm lang.<\/p>\n<h3>Specificaties<\/h3>\n<table>\n<tbody>\n<tr>\n<td colspan=\"3\">PIXAR WIND1 opvouwbare elektrische fiets - Productparameters (Europese markt)<\/td>\n<\/tr>\n<tr>\n<td>\/<\/td>\n<td>Parameter<\/td>\n<td>Waarde<\/td>\n<\/tr>\n<tr>\n<td rowspan=\"15\">Algemene specificaties<\/td>\n<td>Bereik<\/td>\n<td>35-55 km<\/td>\n<\/tr>\n<tr>\n<td>Topsnelheid<\/td>\n<td>25 km\/h (limiet voor elektrische fiets, instelbaar tot 32 km\/h)<\/td>\n<\/tr>\n<tr>\n<td>Afmetingen<\/td>\n<td>165 \u00d7 65 \u00d7 127 cm (L \u00d7 B \u00d7 H)<\/td>\n<\/tr>\n<tr>\n<td>Max. draagvermogen<\/td>\n<td>120 kg<\/td>\n<\/tr>\n<tr>\n<td>Netto gewicht<\/td>\n<td>30,7 kg<\/td>\n<\/tr>\n<tr>\n<td>Brutogewicht<\/td>\n<td>37,5 kg<\/td>\n<\/tr>\n<tr>\n<td>Afmetingen verpakking<\/td>\n<td>107 \u00d7 45 \u00d7 80 cm<\/td>\n<\/tr>\n<tr>\n<td>Hoeveelheid voor 1\u00d740HQ Container<\/td>\n<td>241 stuks<\/td>\n<\/tr>\n<tr>\n<td>Aanbevolen rijhoogte<\/td>\n<td>155-190 cm<\/td>\n<\/tr>\n<tr>\n<td>Kleuropties<\/td>\n<td>Zwart &amp; Grijs<\/td>\n<\/tr>\n<tr>\n<td>Opvouwbaar<\/td>\n<td>Ja<\/td>\n<\/tr>\n<tr>\n<td>Fiets Opgevouwen Formaat<\/td>\n<td>95 \u00d7 40 \u00d7 72 cm<\/td>\n<\/tr>\n<tr>\n<td>IP-classificatie<\/td>\n<td>IP54<\/td>\n<\/tr>\n<tr>\n<td>Bedrijfstemperatuur<\/td>\n<td>-10\u00b0C tot +45\u00b0C<\/td>\n<\/tr>\n<tr>\n<td>Fiets categorie<\/td>\n<td>Opvouwbare Fat Tire Cargo<\/td>\n<\/tr>\n<tr>\n<td rowspan=\"7\">Batterijsysteem<\/td>\n<td>Batterijcapaciteit en -type<\/td>\n<td>48V 10,4Ah Lithium-ion (EVE-cellen)<\/td>\n<\/tr>\n<tr>\n<td>Gewicht batterij<\/td>\n<td>3 kg<\/td>\n<\/tr>\n<tr>\n<td>Verwijderbare batterij<\/td>\n<td>Ja<\/td>\n<\/tr>\n<tr>\n<td>IP-waarde batterij<\/td>\n<td>IP65<\/td>\n<\/tr>\n<tr>\n<td>Batterijcertificering<\/td>\n<td>Voldoet aan EN 62133<\/td>\n<\/tr>\n<tr>\n<td>Oplaadtijd<\/td>\n<td>5.2 h<\/td>\n<\/tr>\n<tr>\n<td>Lader<\/td>\n<td>54,6V 2A slimme lader<\/td>\n<\/tr>\n<tr>\n<td rowspan=\"4\">Motor &amp; aandrijfsysteem<\/td>\n<td>Motortype<\/td>\n<td>Achternaafborstelloze motor<\/td>\n<\/tr>\n<tr>\n<td>Motor Merk<\/td>\n<td>CZJB<\/td>\n<\/tr>\n<tr>\n<td>Motor<\/td>\n<td>48 V 500 W snelle achternaafmotor<\/td>\n<\/tr>\n<tr>\n<td>Maximale klimhelling<\/td>\n<td>15\u00b0 (ongeveer 27% graad)<\/td>\n<\/tr>\n<tr>\n<td rowspan=\"7\">Besturingssysteem<\/td>\n<td>Weergave<\/td>\n<td>Multifunctioneel LCD-scherm (model G518)<\/td>\n<\/tr>\n<tr>\n<td>Assistentieniveaus<\/td>\n<td>5 niveaus (0-5)<\/td>\n<\/tr>\n<tr>\n<td>Gashendel<\/td>\n<td>Twist Throttle (reserveonderdelen in kleine doos)<\/td>\n<\/tr>\n<tr>\n<td>Sensoren<\/td>\n<td>Snelheidssensor (12-magneet)<\/td>\n<\/tr>\n<tr>\n<td>Oplaadpoort<\/td>\n<td>Ja (Type-C op scherm)<\/td>\n<\/tr>\n<tr>\n<td>Modus Loopondersteuning<\/td>\n<td>6 km\/u (houd de knop \u201c-\u201d ingedrukt)<\/td>\n<\/tr>\n<tr>\n<td>Achtergrondverlichting<\/td>\n<td>Ja<\/td>\n<\/tr>\n<tr>\n<td rowspan=\"4\">Frame &amp; vork<\/td>\n<td>Materiaal frame<\/td>\n<td>Aluminiumlegering<\/td>\n<\/tr>\n<tr>\n<td>Type frame<\/td>\n<td>Doorstap (lage stap)<\/td>\n<\/tr>\n<tr>\n<td>Voorvering<\/td>\n<td>Verstelbare schokdemper<\/td>\n<\/tr>\n<tr>\n<td>Voorvork<\/td>\n<td>Met geveerde vork<\/td>\n<\/tr>\n<tr>\n<td rowspan=\"6\">Aandrijflijn<\/td>\n<td>Ketting<\/td>\n<td>1\/2\u2033 \u00d7 3\/32\u2033 \u00d7 118L<\/td>\n<\/tr>\n<tr>\n<td>Crankset<\/td>\n<td>52T \u00d7 170L, legering<\/td>\n<\/tr>\n<tr>\n<td>Vrijloop<\/td>\n<td>7-speed, 14-28T freewheel (opgeschroefd)<\/td>\n<\/tr>\n<tr>\n<td>Achterderailleur<\/td>\n<td>Shimano 7-speed (compatibel met 14-28T)<\/td>\n<\/tr>\n<tr>\n<td>Voorderailleur<\/td>\n<td>Geen (enkel kettingblad)<\/td>\n<\/tr>\n<tr>\n<td>Shifter<\/td>\n<td>Shimano 7 versnellingen<\/td>\n<\/tr>\n<tr>\n<td rowspan=\"5\">Wielen en banden<\/td>\n<td>Wielmaat<\/td>\n<td>20\u2033 \u00d7 3\u2033<\/td>\n<\/tr>\n<tr>\n<td>Spaken<\/td>\n<td>12G \u00d7 256 mm, voldoet aan EN 15194<\/td>\n<\/tr>\n<tr>\n<td>Merk band<\/td>\n<td>Chaoyang<\/td>\n<\/tr>\n<tr>\n<td>Bescherming tegen lekrijden<\/td>\n<td>Doorprikbestendig<\/td>\n<\/tr>\n<tr>\n<td>Binnenband<\/td>\n<td>20\u2033 \u00d7 3,0\u2033, A\/V-klep 32 mm<\/td>\n<\/tr>\n<tr>\n<td rowspan=\"4\">Remsysteem<\/td>\n<td>Rem Type<\/td>\n<td>Mechanische schijfremmen (voor en achter)<\/td>\n<\/tr>\n<tr>\n<td>Remmen<\/td>\n<td>Elektrisch uitschakelbare remmen<\/td>\n<\/tr>\n<tr>\n<td>Remschijven<\/td>\n<td>180 mm (voor &amp; achter)<\/td>\n<\/tr>\n<tr>\n<td>Remhendels<\/td>\n<td>Volledig aluminium, laag profielontwerp met motoruitschakeling<\/td>\n<\/tr>\n<tr>\n<td rowspan=\"7\">Cockpit &amp; Onderdelen<\/td>\n<td>Stuur<\/td>\n<td>Aluminiumlegering riser bar, breedte 25,2\u2033 (640 mm), 25,4 mm stuurpenklem<\/td>\n<\/tr>\n<tr>\n<td>Stam<\/td>\n<td>Verstelbare stuurpen van het merk Zoom<\/td>\n<\/tr>\n<tr>\n<td>Zadel<\/td>\n<td>Comfort zadel<\/td>\n<\/tr>\n<tr>\n<td>Zadel Hoogte Bereik<\/td>\n<td>900-1000 mm<\/td>\n<\/tr>\n<tr>\n<td>Zadelpen<\/td>\n<td>31,8 mm aluminiumlegering, in hoek verstelbaar<\/td>\n<\/tr>\n<tr>\n<td>Snel losmaken<\/td>\n<td>Ja (voorwiel &amp; zadelpen)<\/td>\n<\/tr>\n<tr>\n<td>Pedalen<\/td>\n<td>Opvouwbare pedalen van kunststof en aluminium<\/td>\n<\/tr>\n<tr>\n<td rowspan=\"3\">Verlichting en veiligheid<\/td>\n<td>Koplamp<\/td>\n<td>Ge\u00efntegreerde koplamp met waterdichte ontkoppeling<\/td>\n<\/tr>\n<tr>\n<td>Achterlicht<\/td>\n<td>Ge\u00efntegreerd achterlicht met waterdichte ontkoppeling<\/td>\n<\/tr>\n<tr>\n<td>Bel\/Hoorn<\/td>\n<td>Met elektronische hoorn<\/td>\n<\/tr>\n<tr>\n<td rowspan=\"6\">Extra uitrusting<\/td>\n<td>Kickstand<\/td>\n<td>Zware aluminium kickstand<\/td>\n<\/tr>\n<tr>\n<td>Spatborden\/Spatborden<\/td>\n<td>Met spatborden voor en achter<\/td>\n<\/tr>\n<tr>\n<td>Achterrek<\/td>\n<td>Ja<\/td>\n<\/tr>\n<tr>\n<td>Voorrek<\/td>\n<td>-<\/td>\n<\/tr>\n<tr>\n<td>Manden<\/td>\n<td>Manden voor &amp; achter<\/td>\n<\/tr>\n<tr>\n<td>Toolkit inbegrepen<\/td>\n<td>Ja (3\u00d7 moersleutel, 1\u00d7 schroevendraaier, 5\u00d7 inbussleutel)<\/td>\n<\/tr>\n<tr>\n<td rowspan=\"2\">Certificering en naleving<\/td>\n<td>EN 15194 gecertificeerd<\/td>\n<td>Ja<\/td>\n<\/tr>\n<tr>\n<td>Certificering<\/td>\n<td>CE, EN 15194, UL2271<\/td>\n<\/tr>\n<tr>\n<td rowspan=\"3\">Garantie &amp; ondersteuning<\/td>\n<td>Totale garantieperiode<\/td>\n<td>1 jaar beperkte garantie<\/td>\n<\/tr>\n<tr>\n<td>Batterijgarantie<\/td>\n<td>1 jaar vanaf de oorspronkelijke aankoopdatum<\/td>\n<\/tr>\n<tr>\n<td>Garantie op het frame<\/td>\n<td>2 jaar<\/td>\n<\/tr>\n<tr>\n<td rowspan=\"2\">Montage en levering<\/td>\n<td>Montage vereist<\/td>\n<td>90% voorgemonteerd (voorwiel, pedalen, stuurverstelling)<\/td>\n<\/tr>\n<tr>\n<td>Montage-instructies<\/td>\n<td>Meertalige handleiding inbegrepen<\/td>\n<\/tr>\n<\/tbody>\n<\/table>\n<h3>Wat maakt PIXAR WIND1 zo bijzonder?<\/h3>\n<p><strong>Draagbaarheid<\/strong> ontmoet <strong>prestaties<\/strong>. De meeste compacte e-bikes offeren comfort of kracht op - de PIXAR WIND1 doet dat niet. De 500W motor, dikke banden en voorvering zorgen voor een stabiele, gedempte rit op imperfecte straten. Dankzij het opvouwbare frame van staallegering kun je hem overal mee naartoe nemen: onder je bureau, in de lift of in de kofferbak voor een weekendje weg (er passen 241 stuks in een 40HQ container). Het is de alledaagse e-bike die geen extra ruimte vraagt, ondersteund door <strong>EN 15194 certificering<\/strong> en een meertalige toolkit voor moeiteloze installatie.<\/p>\n<p><img loading=\"lazy\" decoding=\"async\" class=\"alignnone size-full wp-image-4149\" src=\"https:\/\/galaxybicycle.com\/wp-content\/uploads\/2025\/09\/WIND-ebike1.jpg\" alt=\"PIXAR WIND1 Opvouwbare elektrische fiets met 500W motor, 48V 10.4Ah accu, 20\u00d73&quot; dikke banden, Shimano 7 versnellingen, dubbele schijfremmen (tot 45 km bereik)\" width=\"1563\" height=\"1055\" title=\"\" srcset=\"https:\/\/galaxybicycle.com\/wp-content\/uploads\/2025\/09\/WIND-ebike1.jpg 1563w, https:\/\/galaxybicycle.com\/wp-content\/uploads\/2025\/09\/WIND-ebike1-300x202.jpg 300w, https:\/\/galaxybicycle.com\/wp-content\/uploads\/2025\/09\/WIND-ebike1-1024x691.jpg 1024w, https:\/\/galaxybicycle.com\/wp-content\/uploads\/2025\/09\/WIND-ebike1-768x518.jpg 768w, https:\/\/galaxybicycle.com\/wp-content\/uploads\/2025\/09\/WIND-ebike1-1536x1037.jpg 1536w, https:\/\/galaxybicycle.com\/wp-content\/uploads\/2025\/09\/WIND-ebike1-18x12.jpg 18w, https:\/\/galaxybicycle.com\/wp-content\/uploads\/2025\/09\/WIND-ebike1-1000x675.jpg 1000w\" sizes=\"auto, (max-width: 1563px) 100vw, 1563px\" \/> <img loading=\"lazy\" decoding=\"async\" class=\"alignnone size-full wp-image-4150\" src=\"https:\/\/galaxybicycle.com\/wp-content\/uploads\/2025\/09\/WIND-ebike2.jpg\" alt=\"PIXAR WIND1 Opvouwbare elektrische fiets met 500W motor, 48V 10.4Ah accu, 20\u00d73&quot; dikke banden, Shimano 7 versnellingen, dubbele schijfremmen (tot 45 km bereik)\" width=\"1563\" height=\"1106\" title=\"\" srcset=\"https:\/\/galaxybicycle.com\/wp-content\/uploads\/2025\/09\/WIND-ebike2.jpg 1563w, https:\/\/galaxybicycle.com\/wp-content\/uploads\/2025\/09\/WIND-ebike2-300x212.jpg 300w, https:\/\/galaxybicycle.com\/wp-content\/uploads\/2025\/09\/WIND-ebike2-1024x725.jpg 1024w, https:\/\/galaxybicycle.com\/wp-content\/uploads\/2025\/09\/WIND-ebike2-768x543.jpg 768w, https:\/\/galaxybicycle.com\/wp-content\/uploads\/2025\/09\/WIND-ebike2-1536x1087.jpg 1536w, https:\/\/galaxybicycle.com\/wp-content\/uploads\/2025\/09\/WIND-ebike2-18x12.jpg 18w, https:\/\/galaxybicycle.com\/wp-content\/uploads\/2025\/09\/WIND-ebike2-1000x708.jpg 1000w\" sizes=\"auto, (max-width: 1563px) 100vw, 1563px\" \/> <img loading=\"lazy\" decoding=\"async\" class=\"alignnone size-full wp-image-4151\" src=\"https:\/\/galaxybicycle.com\/wp-content\/uploads\/2025\/09\/WIND-ebike3.jpg\" alt=\"PIXAR WIND1 Opvouwbare elektrische fiets met 500W motor, 48V 10.4Ah accu, 20\u00d73&quot; dikke banden, Shimano 7 versnellingen, dubbele schijfremmen (tot 45 km bereik)\" width=\"1563\" height=\"1075\" title=\"\" srcset=\"https:\/\/galaxybicycle.com\/wp-content\/uploads\/2025\/09\/WIND-ebike3.jpg 1563w, https:\/\/galaxybicycle.com\/wp-content\/uploads\/2025\/09\/WIND-ebike3-300x206.jpg 300w, https:\/\/galaxybicycle.com\/wp-content\/uploads\/2025\/09\/WIND-ebike3-1024x704.jpg 1024w, https:\/\/galaxybicycle.com\/wp-content\/uploads\/2025\/09\/WIND-ebike3-768x528.jpg 768w, https:\/\/galaxybicycle.com\/wp-content\/uploads\/2025\/09\/WIND-ebike3-1536x1056.jpg 1536w, https:\/\/galaxybicycle.com\/wp-content\/uploads\/2025\/09\/WIND-ebike3-18x12.jpg 18w, https:\/\/galaxybicycle.com\/wp-content\/uploads\/2025\/09\/WIND-ebike3-1000x688.jpg 1000w\" sizes=\"auto, (max-width: 1563px) 100vw, 1563px\" \/> <img loading=\"lazy\" decoding=\"async\" class=\"alignnone size-full wp-image-4152\" src=\"https:\/\/galaxybicycle.com\/wp-content\/uploads\/2025\/09\/WIND-ebike4.jpg\" alt=\"PIXAR WIND1 Opvouwbare elektrische fiets met 500W motor, 48V 10.4Ah accu, 20\u00d73&quot; dikke banden, Shimano 7 versnellingen, dubbele schijfremmen (tot 45 km bereik)\" width=\"1563\" height=\"866\" title=\"\" srcset=\"https:\/\/galaxybicycle.com\/wp-content\/uploads\/2025\/09\/WIND-ebike4.jpg 1563w, https:\/\/galaxybicycle.com\/wp-content\/uploads\/2025\/09\/WIND-ebike4-300x166.jpg 300w, https:\/\/galaxybicycle.com\/wp-content\/uploads\/2025\/09\/WIND-ebike4-1024x567.jpg 1024w, https:\/\/galaxybicycle.com\/wp-content\/uploads\/2025\/09\/WIND-ebike4-768x426.jpg 768w, https:\/\/galaxybicycle.com\/wp-content\/uploads\/2025\/09\/WIND-ebike4-1536x851.jpg 1536w, https:\/\/galaxybicycle.com\/wp-content\/uploads\/2025\/09\/WIND-ebike4-18x10.jpg 18w, https:\/\/galaxybicycle.com\/wp-content\/uploads\/2025\/09\/WIND-ebike4-1000x554.jpg 1000w\" sizes=\"auto, (max-width: 1563px) 100vw, 1563px\" \/> <img loading=\"lazy\" decoding=\"async\" class=\"alignnone size-full wp-image-4153\" src=\"https:\/\/galaxybicycle.com\/wp-content\/uploads\/2025\/09\/WIND-ebike5.jpg\" alt=\"PIXAR WIND1 Opvouwbare elektrische fiets met 500W motor, 48V 10.4Ah accu, 20\u00d73&quot; dikke banden, Shimano 7 versnellingen, dubbele schijfremmen (tot 45 km bereik)\" width=\"1563\" height=\"875\" title=\"\" srcset=\"https:\/\/galaxybicycle.com\/wp-content\/uploads\/2025\/09\/WIND-ebike5.jpg 1563w, https:\/\/galaxybicycle.com\/wp-content\/uploads\/2025\/09\/WIND-ebike5-300x168.jpg 300w, https:\/\/galaxybicycle.com\/wp-content\/uploads\/2025\/09\/WIND-ebike5-1024x573.jpg 1024w, https:\/\/galaxybicycle.com\/wp-content\/uploads\/2025\/09\/WIND-ebike5-768x430.jpg 768w, https:\/\/galaxybicycle.com\/wp-content\/uploads\/2025\/09\/WIND-ebike5-1536x860.jpg 1536w, https:\/\/galaxybicycle.com\/wp-content\/uploads\/2025\/09\/WIND-ebike5-18x10.jpg 18w, https:\/\/galaxybicycle.com\/wp-content\/uploads\/2025\/09\/WIND-ebike5-1000x560.jpg 1000w\" sizes=\"auto, (max-width: 1563px) 100vw, 1563px\" \/> <img loading=\"lazy\" decoding=\"async\" class=\"alignnone size-full wp-image-4154\" src=\"https:\/\/galaxybicycle.com\/wp-content\/uploads\/2025\/09\/WIND-ebike6.jpg\" alt=\"PIXAR WIND1 Opvouwbare elektrische fiets met 500W motor, 48V 10.4Ah accu, 20\u00d73&quot; dikke banden, Shimano 7 versnellingen, dubbele schijfremmen (tot 45 km bereik)\" width=\"1563\" height=\"743\" title=\"\" srcset=\"https:\/\/galaxybicycle.com\/wp-content\/uploads\/2025\/09\/WIND-ebike6.jpg 1563w, https:\/\/galaxybicycle.com\/wp-content\/uploads\/2025\/09\/WIND-ebike6-300x143.jpg 300w, https:\/\/galaxybicycle.com\/wp-content\/uploads\/2025\/09\/WIND-ebike6-1024x487.jpg 1024w, https:\/\/galaxybicycle.com\/wp-content\/uploads\/2025\/09\/WIND-ebike6-768x365.jpg 768w, https:\/\/galaxybicycle.com\/wp-content\/uploads\/2025\/09\/WIND-ebike6-1536x730.jpg 1536w, https:\/\/galaxybicycle.com\/wp-content\/uploads\/2025\/09\/WIND-ebike6-18x9.jpg 18w, https:\/\/galaxybicycle.com\/wp-content\/uploads\/2025\/09\/WIND-ebike6-1000x475.jpg 1000w\" sizes=\"auto, (max-width: 1563px) 100vw, 1563px\" \/> <img loading=\"lazy\" decoding=\"async\" class=\"alignnone size-full wp-image-4155\" src=\"https:\/\/galaxybicycle.com\/wp-content\/uploads\/2025\/09\/WIND-ebike7.jpg\" alt=\"PIXAR WIND1 Opvouwbare elektrische fiets met 500W motor, 48V 10.4Ah accu, 20\u00d73&quot; dikke banden, Shimano 7 versnellingen, dubbele schijfremmen (tot 45 km bereik)\" width=\"1563\" height=\"1423\" title=\"\" srcset=\"https:\/\/galaxybicycle.com\/wp-content\/uploads\/2025\/09\/WIND-ebike7.jpg 1563w, https:\/\/galaxybicycle.com\/wp-content\/uploads\/2025\/09\/WIND-ebike7-300x273.jpg 300w, https:\/\/galaxybicycle.com\/wp-content\/uploads\/2025\/09\/WIND-ebike7-1024x932.jpg 1024w, https:\/\/galaxybicycle.com\/wp-content\/uploads\/2025\/09\/WIND-ebike7-768x699.jpg 768w, https:\/\/galaxybicycle.com\/wp-content\/uploads\/2025\/09\/WIND-ebike7-1536x1398.jpg 1536w, https:\/\/galaxybicycle.com\/wp-content\/uploads\/2025\/09\/WIND-ebike7-13x12.jpg 13w, https:\/\/galaxybicycle.com\/wp-content\/uploads\/2025\/09\/WIND-ebike7-1000x910.jpg 1000w\" sizes=\"auto, (max-width: 1563px) 100vw, 1563px\" \/> <img loading=\"lazy\" decoding=\"async\" class=\"alignnone size-full wp-image-4156\" src=\"https:\/\/galaxybicycle.com\/wp-content\/uploads\/2025\/09\/WIND-ebike8.jpg\" alt=\"PIXAR WIND1 Opvouwbare elektrische fiets met 500W motor, 48V 10.4Ah accu, 20\u00d73&quot; dikke banden, Shimano 7 versnellingen, dubbele schijfremmen (tot 45 km bereik)\" width=\"1563\" height=\"1643\" title=\"\" srcset=\"https:\/\/galaxybicycle.com\/wp-content\/uploads\/2025\/09\/WIND-ebike8.jpg 1563w, https:\/\/galaxybicycle.com\/wp-content\/uploads\/2025\/09\/WIND-ebike8-285x300.jpg 285w, https:\/\/galaxybicycle.com\/wp-content\/uploads\/2025\/09\/WIND-ebike8-974x1024.jpg 974w, https:\/\/galaxybicycle.com\/wp-content\/uploads\/2025\/09\/WIND-ebike8-768x807.jpg 768w, https:\/\/galaxybicycle.com\/wp-content\/uploads\/2025\/09\/WIND-ebike8-1461x1536.jpg 1461w, https:\/\/galaxybicycle.com\/wp-content\/uploads\/2025\/09\/WIND-ebike8-11x12.jpg 11w, https:\/\/galaxybicycle.com\/wp-content\/uploads\/2025\/09\/WIND-ebike8-1000x1051.jpg 1000w\" sizes=\"auto, (max-width: 1563px) 100vw, 1563px\" \/> <img loading=\"lazy\" decoding=\"async\" class=\"alignnone size-full wp-image-4157\" src=\"https:\/\/galaxybicycle.com\/wp-content\/uploads\/2025\/09\/WIND-ebike9.jpg\" alt=\"PIXAR WIND1 Opvouwbare elektrische fiets met 500W motor, 48V 10.4Ah accu, 20\u00d73&quot; dikke banden, Shimano 7 versnellingen, dubbele schijfremmen (tot 45 km bereik)\" width=\"1563\" height=\"1215\" title=\"\" srcset=\"https:\/\/galaxybicycle.com\/wp-content\/uploads\/2025\/09\/WIND-ebike9.jpg 1563w, https:\/\/galaxybicycle.com\/wp-content\/uploads\/2025\/09\/WIND-ebike9-300x233.jpg 300w, https:\/\/galaxybicycle.com\/wp-content\/uploads\/2025\/09\/WIND-ebike9-1024x796.jpg 1024w, https:\/\/galaxybicycle.com\/wp-content\/uploads\/2025\/09\/WIND-ebike9-768x597.jpg 768w, https:\/\/galaxybicycle.com\/wp-content\/uploads\/2025\/09\/WIND-ebike9-1536x1194.jpg 1536w, https:\/\/galaxybicycle.com\/wp-content\/uploads\/2025\/09\/WIND-ebike9-15x12.jpg 15w, https:\/\/galaxybicycle.com\/wp-content\/uploads\/2025\/09\/WIND-ebike9-1000x777.jpg 1000w\" sizes=\"auto, (max-width: 1563px) 100vw, 1563px\" \/> <img loading=\"lazy\" decoding=\"async\" class=\"alignnone size-full wp-image-4158\" src=\"https:\/\/galaxybicycle.com\/wp-content\/uploads\/2025\/09\/WIND-ebike10.jpg\" alt=\"PIXAR WIND1 Opvouwbare elektrische fiets met 500W motor, 48V 10.4Ah accu, 20\u00d73&quot; dikke banden, Shimano 7 versnellingen, dubbele schijfremmen (tot 45 km bereik)\" width=\"1563\" height=\"1039\" title=\"\" srcset=\"https:\/\/galaxybicycle.com\/wp-content\/uploads\/2025\/09\/WIND-ebike10.jpg 1563w, https:\/\/galaxybicycle.com\/wp-content\/uploads\/2025\/09\/WIND-ebike10-300x199.jpg 300w, https:\/\/galaxybicycle.com\/wp-content\/uploads\/2025\/09\/WIND-ebike10-1024x681.jpg 1024w, https:\/\/galaxybicycle.com\/wp-content\/uploads\/2025\/09\/WIND-ebike10-768x511.jpg 768w, https:\/\/galaxybicycle.com\/wp-content\/uploads\/2025\/09\/WIND-ebike10-1536x1021.jpg 1536w, https:\/\/galaxybicycle.com\/wp-content\/uploads\/2025\/09\/WIND-ebike10-18x12.jpg 18w, https:\/\/galaxybicycle.com\/wp-content\/uploads\/2025\/09\/WIND-ebike10-1000x665.jpg 1000w\" sizes=\"auto, (max-width: 1563px) 100vw, 1563px\" \/><\/p>","protected":false},"excerpt":{"rendered":"<p>Maak kennis met de PIXAR WIND1, een compacte opvouwbare e-bike die gemakkelijk op te bergen en leuk om te rijden is. Met een 500W-achtermotor, 48V 10.4Ah batterij, 20\u00d73\u2033 dikke banden, voorvering en dubbele schijfremmen zoeft hij door de straten van de stad en rijdt hij over lichte trails, terwijl het LCD slimme display en Shimano 7 versnellingen voor een soepele rit zorgen. Actieradius tot 45 km per oplaadbeurt.<\/p>","protected":false},"featured_media":3937,"comment_status":"open","ping_status":"closed","template":"","meta":[],"product_brand":[36],"product_cat":[41,40],"product_tag":[49,44,46,52,47,43,53,51,54,45,48,50],"class_list":{"0":"post-3928","1":"product","2":"type-product","3":"status-publish","4":"has-post-thumbnail","6":"product_brand-pixar","7":"product_cat-pixar-electric-bikes","8":"product_cat-eu-warehourse","9":"product_tag-48v-10-4ah-battery","10":"product_tag-500w-e-bike","11":"product_tag-commuter-e-bike","12":"product_tag-dual-disc-brakes","13":"product_tag-fat-tire-electric-bike","14":"product_tag-foldable-electric-bike","15":"product_tag-front-suspension-e-bike","16":"product_tag-lcd-display-e-bike","17":"product_tag-pixar-wind1","18":"product_tag-portable-e-bike","19":"product_tag-shimano-7-speed-e-bike","20":"product_tag-up-to-45-km-range","22":"first","23":"instock","24":"shipping-taxable","25":"product-type-simple"},"_links":{"self":[{"href":"https:\/\/galaxybicycle.com\/nl\/wp-json\/wp\/v2\/product\/3928","targetHints":{"allow":["GET"]}}],"collection":[{"href":"https:\/\/galaxybicycle.com\/nl\/wp-json\/wp\/v2\/product"}],"about":[{"href":"https:\/\/galaxybicycle.com\/nl\/wp-json\/wp\/v2\/types\/product"}],"replies":[{"embeddable":true,"href":"https:\/\/galaxybicycle.com\/nl\/wp-json\/wp\/v2\/comments?post=3928"}],"wp:featuredmedia":[{"embeddable":true,"href":"https:\/\/galaxybicycle.com\/nl\/wp-json\/wp\/v2\/media\/3937"}],"wp:attachment":[{"href":"https:\/\/galaxybicycle.com\/nl\/wp-json\/wp\/v2\/media?parent=3928"}],"wp:term":[{"taxonomy":"product_brand","embeddable":true,"href":"https:\/\/galaxybicycle.com\/nl\/wp-json\/wp\/v2\/product_brand?post=3928"},{"taxonomy":"product_cat","embeddable":true,"href":"https:\/\/galaxybicycle.com\/nl\/wp-json\/wp\/v2\/product_cat?post=3928"},{"taxonomy":"product_tag","embeddable":true,"href":"https:\/\/galaxybicycle.com\/nl\/wp-json\/wp\/v2\/product_tag?post=3928"}],"curies":[{"name":"wp","href":"https:\/\/api.w.org\/{rel}","templated":true}]}}