{"id":3642,"date":"2025-09-04T10:43:39","date_gmt":"2025-09-04T10:43:39","guid":{"rendered":"https:\/\/galaxybicycle.com\/?post_type=product&#038;p=3642"},"modified":"2026-01-09T09:59:27","modified_gmt":"2026-01-09T09:59:27","slug":"pixar-space1","status":"publish","type":"product","link":"https:\/\/galaxybicycle.com\/nl\/product\/pixar-space1\/","title":{"rendered":"Pixar Space1 elektrische fiets 48V20AH 500W Lange afstand dikke band E-bike"},"content":{"rendered":"<p><iframe loading=\"lazy\" title=\"Galaxy Bicycle: unboxing video met teksten spatie1\" src=\"https:\/\/www.youtube.com\/embed\/7WPvXyqlPlc\" width=\"1840\" height=\"1035\" frameborder=\"0\" allowfullscreen=\"allowfullscreen\"><span data-mce-type=\"bookmark\" style=\"display: inline-block; width: 0px; overflow: hidden; line-height: 0;\" class=\"mce_SELRES_start\"><\/span><\/iframe><br \/>\n<iframe loading=\"lazy\" title=\"Galaxy Fiets: Snelheid ontgrendelen video met teksten spatie1\" src=\"https:\/\/www.youtube.com\/embed\/pScJ5QD14Wk\" width=\"1840\" height=\"1035\" frameborder=\"0\" allowfullscreen=\"allowfullscreen\"><\/iframe><\/p>\n<h2>Pixar Space1 Elektrische Fiets Overzicht<\/h2>\n<p>De <strong>Pixar Space1 elektrische fiets<\/strong> levert krachtige prestaties en de hele dag comfort voor straten in de stad, steile heuvels en off-road paden. Aangedreven door een <strong>48V 20Ah EVE lithium-ionaccu<\/strong> en een <strong>48 V 500 W CZJB-achternaafmotor<\/strong>, Hij biedt een soepele acceleratie en een betrouwbare actieradius. De <strong>26\u2033 \u00d7 4\u2033 Chaoyang dikke banden<\/strong> gekoppeld aan een <strong>verstelbare voorvork met vering<\/strong> zorgen voor stabiliteit en schokdemping op elk terrein.<\/p>\n<p>Bereik snelheden tot <strong>25 km\/u<\/strong> (limiet voor elektrische fiets, instelbaar tot 32 km\/u) en reizen <strong>60-100 km<\/strong> op \u00e9\u00e9n lading. De <strong>Shimano 7 versnellingen<\/strong>, <strong>5-traps trapondersteuning<\/strong>, <strong>Multifunctioneel LCD-scherm<\/strong>en <strong>mechanische schijfremmen met rotors van 180 mm<\/strong> zorgen voor nauwkeurige controle en zelfverzekerd stoppen. Gebouwd op een duurzame <strong>stalen frame van hoge kwaliteit<\/strong> met <strong>IP54<\/strong> waterbestendigheid en een <strong>120 kg laadvermogen<\/strong>, De Space1 is klaar voor dagelijks gebruik in alle weersomstandigheden.<\/p>\n<h3>Waarom kiezen voor de Pixar Space1?<\/h3>\n<ul>\n<li><strong>Batterij met groot bereik:<\/strong> Tot 100 km per lading met uitneembaar 48V 20Ah EVE lithium-ion pack (IP65).<\/li>\n<li><strong>Krachtige motor:<\/strong> 48 V 500 W CZJB borstelloze achternaafmotor overwint hellingen van 15\u00b0.<\/li>\n<li><strong>All-Terrain Comfort:<\/strong> 26\u2033 \u00d7 4\u2033 Chaoyang lekbestendige dikke banden en verstelbare voorvering.<\/li>\n<li><strong>Veelzijdige versnelling:<\/strong> Shimano 7-speed shifter met 5 PAS-niveaus en draaigashendel.<\/li>\n<li><strong>Veilig &amp; Zichtbaar:<\/strong> Mechanische schijfremmen met rembekrachtiging, ge\u00efntegreerde LED koplamp en achterlicht, bel.<\/li>\n<li><strong>Robuust gebouwd:<\/strong> Stalen frame van hoge kwaliteit, 120 kg maximale belasting, 31,7 kg nettogewicht.<\/li>\n<li><strong>Slimme functies:<\/strong> LCD-scherm met Type-C oplaadpoort, loopmodus (6 km\/u), quick-release voorwiel en zadelpen.<\/li>\n<\/ul>\n<h3>Specificaties<\/h3>\n<table>\n<tbody>\n<tr>\n<td colspan=\"3\">Pixar Space1 elektrische fiets - Productparameters (Europese markt)<\/td>\n<\/tr>\n<tr>\n<td>\/<\/td>\n<td>Parameter<\/td>\n<td>Waarde<\/td>\n<\/tr>\n<tr>\n<td rowspan=\"14\">Algemene specificaties<\/td>\n<td>Bereik<\/td>\n<td>60-100 km<\/td>\n<\/tr>\n<tr>\n<td>Topsnelheid<\/td>\n<td>25 km\/h (limiet voor elektrische fiets, instelbaar tot 32 km\/h)<\/td>\n<\/tr>\n<tr>\n<td>Afmetingen<\/td>\n<td>205 \u00d7 72 \u00d7 115 cm (L \u00d7 B \u00d7 H)<\/td>\n<\/tr>\n<tr>\n<td>Max. draagvermogen<\/td>\n<td>120 kg<\/td>\n<\/tr>\n<tr>\n<td>Netto gewicht<\/td>\n<td>31,7 kg<\/td>\n<\/tr>\n<tr>\n<td>Brutogewicht<\/td>\n<td>41,3 kg<\/td>\n<\/tr>\n<tr>\n<td>Afmetingen verpakking<\/td>\n<td>165 \u00d7 28 \u00d7 84 cm<\/td>\n<\/tr>\n<tr>\n<td>Aantal per 1\u00d740HQ Container<\/td>\n<td>150 stuks<\/td>\n<\/tr>\n<tr>\n<td>Aanbevolen rijhoogte<\/td>\n<td>155-190 cm<\/td>\n<\/tr>\n<tr>\n<td>Kleuropties<\/td>\n<td>Zwart &amp; Grijs<\/td>\n<\/tr>\n<tr>\n<td>Opvouwbaar<\/td>\n<td>Geen<\/td>\n<\/tr>\n<tr>\n<td>IP-classificatie<\/td>\n<td>IP54<\/td>\n<\/tr>\n<tr>\n<td>Bedrijfstemperatuur<\/td>\n<td>-10\u00b0C tot +45\u00b0C<\/td>\n<\/tr>\n<tr>\n<td>Fiets categorie<\/td>\n<td>Dikke band Mountain-\/All-Terrein<\/td>\n<\/tr>\n<tr>\n<td rowspan=\"7\">Batterijsysteem<\/td>\n<td>Batterijcapaciteit en -type<\/td>\n<td>48V 20Ah Lithium-ion (EVE-cellen)<\/td>\n<\/tr>\n<tr>\n<td>Gewicht batterij<\/td>\n<td>3 kg<\/td>\n<\/tr>\n<tr>\n<td>Verwijderbare batterij<\/td>\n<td>Ja<\/td>\n<\/tr>\n<tr>\n<td>IP-waarde batterij<\/td>\n<td>IP65<\/td>\n<\/tr>\n<tr>\n<td>Batterijcertificering<\/td>\n<td>Voldoet aan EN 62133<\/td>\n<\/tr>\n<tr>\n<td>Oplaadtijd<\/td>\n<td>6.8 h<\/td>\n<\/tr>\n<tr>\n<td>Lader<\/td>\n<td>54,6V 3A slimme lader<\/td>\n<\/tr>\n<tr>\n<td rowspan=\"4\">Motor &amp; aandrijfsysteem<\/td>\n<td>Motortype<\/td>\n<td>Achternaafborstelloze motor<\/td>\n<\/tr>\n<tr>\n<td>Motor Merk<\/td>\n<td>CZJB<\/td>\n<\/tr>\n<tr>\n<td>Motor<\/td>\n<td>48 V 500 W snelle achternaafmotor<\/td>\n<\/tr>\n<tr>\n<td>Maximale klimhelling<\/td>\n<td>15\u00b0 (ongeveer 27% graad)<\/td>\n<\/tr>\n<tr>\n<td rowspan=\"7\">Besturingssysteem<\/td>\n<td>Weergave<\/td>\n<td>Multifunctioneel LCD-scherm (model G518)<\/td>\n<\/tr>\n<tr>\n<td>Assistentieniveaus<\/td>\n<td>5 niveaus (0-5)<\/td>\n<\/tr>\n<tr>\n<td>Gashendel<\/td>\n<td>Draaigashendel (reserve in klein doosje)<\/td>\n<\/tr>\n<tr>\n<td>Sensoren<\/td>\n<td>Snelheidssensor (12-magneet)<\/td>\n<\/tr>\n<tr>\n<td>Oplaadpoort<\/td>\n<td>Type-C op display<\/td>\n<\/tr>\n<tr>\n<td>Modus Loopondersteuning<\/td>\n<td>6 km\/u (houd de knop \u201c-\u201d ingedrukt)<\/td>\n<\/tr>\n<tr>\n<td>Achtergrondverlichting<\/td>\n<td>Ja<\/td>\n<\/tr>\n<tr>\n<td rowspan=\"4\">Frame &amp; vork<\/td>\n<td>Materiaal frame<\/td>\n<td>Aluminiumlegering<\/td>\n<\/tr>\n<tr>\n<td>Type frame<\/td>\n<td>Sport Hoogstep frame<\/td>\n<\/tr>\n<tr>\n<td>Voorvering<\/td>\n<td>Verstelbare schokdemper<\/td>\n<\/tr>\n<tr>\n<td>Voorvork<\/td>\n<td>Met geveerde voorvork<\/td>\n<\/tr>\n<tr>\n<td rowspan=\"6\">Aandrijflijn<\/td>\n<td>Ketting<\/td>\n<td>1\/2\u2033 \u00d7 3\/32\u2033 \u00d7 118L<\/td>\n<\/tr>\n<tr>\n<td>Crankset<\/td>\n<td>52T \u00d7 170L, legering<\/td>\n<\/tr>\n<tr>\n<td>Vrijloop<\/td>\n<td>7 versnellingen, 14-28T (met schroefdraad)<\/td>\n<\/tr>\n<tr>\n<td>Achterderailleur<\/td>\n<td>Shimano 7-speed (compatibel met 14-28T)<\/td>\n<\/tr>\n<tr>\n<td>Voorderailleur<\/td>\n<td>Geen (enkel kettingblad)<\/td>\n<\/tr>\n<tr>\n<td>Shifter<\/td>\n<td>Shimano 7 versnellingen<\/td>\n<\/tr>\n<tr>\n<td rowspan=\"5\">Wielen en banden<\/td>\n<td>Wielmaat<\/td>\n<td>26\u2033 \u00d7 4\u2033<\/td>\n<\/tr>\n<tr>\n<td>Spaken<\/td>\n<td>12G \u00d7 256 mm, voldoet aan EN 15194<\/td>\n<\/tr>\n<tr>\n<td>Merk band<\/td>\n<td>Chaoyang<\/td>\n<\/tr>\n<tr>\n<td>Bescherming tegen lekrijden<\/td>\n<td>Doorprikbestendig<\/td>\n<\/tr>\n<tr>\n<td>Binnenband<\/td>\n<td>26\u2033 \u00d7 4,0\u2033, A\/V-klep 35 mm<\/td>\n<\/tr>\n<tr>\n<td rowspan=\"4\">Remsysteem<\/td>\n<td>Rem Type<\/td>\n<td>Mechanische schijfremmen (voor en achter)<\/td>\n<\/tr>\n<tr>\n<td>Remmen<\/td>\n<td>Elektrisch uitschakelbare remmen<\/td>\n<\/tr>\n<tr>\n<td>Remschijven<\/td>\n<td>180 mm (voor &amp; achter)<\/td>\n<\/tr>\n<tr>\n<td>Remhendels<\/td>\n<td>Volledig aluminium, laag profiel met motoruitschakeling<\/td>\n<\/tr>\n<tr>\n<td rowspan=\"7\">Cockpit &amp; Onderdelen<\/td>\n<td>Stuur<\/td>\n<td>Aluminiumlegering stijgstang, 665 mm breed, 31,8 mm klem<\/td>\n<\/tr>\n<tr>\n<td>Stam<\/td>\n<td>Aluminium steel<\/td>\n<\/tr>\n<tr>\n<td>Zadel<\/td>\n<td>Comfortzadel (opmerking: spec vermeldt pedalen; aangenomen dat zadel aanwezig is)<\/td>\n<\/tr>\n<tr>\n<td>Zadel Hoogte Bereik<\/td>\n<td>900-1000 mm<\/td>\n<\/tr>\n<tr>\n<td>Zadelpen<\/td>\n<td>30,4 mm aluminiumlegering, in hoek verstelbaar<\/td>\n<\/tr>\n<tr>\n<td>Snel losmaken<\/td>\n<td>Ja (voorwiel &amp; zadelpen)<\/td>\n<\/tr>\n<tr>\n<td>Pedalen<\/td>\n<td>Aluminiumlegering platformpedalen met reflectoren<\/td>\n<\/tr>\n<tr>\n<td rowspan=\"3\">Verlichting en veiligheid<\/td>\n<td>Koplamp<\/td>\n<td>Ge\u00efntegreerde LED met waterdichte ontkoppeling<\/td>\n<\/tr>\n<tr>\n<td>Achterlicht<\/td>\n<td>Ge\u00efntegreerde LED met waterdichte ontkoppeling<\/td>\n<\/tr>\n<tr>\n<td>Bel\/Hoorn<\/td>\n<td>Alleen bel<\/td>\n<\/tr>\n<tr>\n<td rowspan=\"5\">Extra uitrusting<\/td>\n<td>Kickstand<\/td>\n<td>Zware aluminium kickstand<\/td>\n<\/tr>\n<tr>\n<td>Spatborden\/Spatborden<\/td>\n<td>Geen<\/td>\n<\/tr>\n<tr>\n<td>Achterrek<\/td>\n<td>Geen<\/td>\n<\/tr>\n<tr>\n<td>Voorrek<\/td>\n<td>Geen<\/td>\n<\/tr>\n<tr>\n<td>Toolkit inbegrepen<\/td>\n<td>Ja (3\u00d7 moersleutel, 1\u00d7 schroevendraaier, 5\u00d7 inbussleutel)<\/td>\n<\/tr>\n<tr>\n<td rowspan=\"2\">Certificering en naleving<\/td>\n<td>EN 15194 gecertificeerd<\/td>\n<td>Ja<\/td>\n<\/tr>\n<tr>\n<td>Certificering<\/td>\n<td>CE, EN 15194, UL2271<\/td>\n<\/tr>\n<tr>\n<td rowspan=\"3\">Garantie &amp; ondersteuning<\/td>\n<td>Totale garantieperiode<\/td>\n<td>1 jaar beperkt<\/td>\n<\/tr>\n<tr>\n<td>Batterijgarantie<\/td>\n<td>1 jaar na aankoop<\/td>\n<\/tr>\n<tr>\n<td>Garantie op het frame<\/td>\n<td>2 jaar<\/td>\n<\/tr>\n<tr>\n<td rowspan=\"2\">Montage en levering<\/td>\n<td>Montage vereist<\/td>\n<td>90% voorgemonteerd (voorwiel, pedalen, stuur)<\/td>\n<\/tr>\n<tr>\n<td>Montage-instructies<\/td>\n<td>Meertalige handleiding inbegrepen<\/td>\n<\/tr>\n<\/tbody>\n<\/table>\n<p><img loading=\"lazy\" decoding=\"async\" class=\"alignnone size-full wp-image-3669\" style=\"font-size: 16px;\" src=\"https:\/\/galaxybicycle.com\/wp-content\/uploads\/2025\/09\/Space-1_01-1.jpg\" alt=\"\" width=\"1823\" height=\"2560\" title=\"\" srcset=\"https:\/\/galaxybicycle.com\/wp-content\/uploads\/2025\/09\/Space-1_01-1.jpg 1823w, https:\/\/galaxybicycle.com\/wp-content\/uploads\/2025\/09\/Space-1_01-1-214x300.jpg 214w, https:\/\/galaxybicycle.com\/wp-content\/uploads\/2025\/09\/Space-1_01-1-729x1024.jpg 729w, https:\/\/galaxybicycle.com\/wp-content\/uploads\/2025\/09\/Space-1_01-1-768x1078.jpg 768w, https:\/\/galaxybicycle.com\/wp-content\/uploads\/2025\/09\/Space-1_01-1-1094x1536.jpg 1094w, https:\/\/galaxybicycle.com\/wp-content\/uploads\/2025\/09\/Space-1_01-1-1458x2048.jpg 1458w, https:\/\/galaxybicycle.com\/wp-content\/uploads\/2025\/09\/Space-1_01-1-9x12.jpg 9w, https:\/\/galaxybicycle.com\/wp-content\/uploads\/2025\/09\/Space-1_01-1-1000x1404.jpg 1000w\" sizes=\"auto, (max-width: 1823px) 100vw, 1823px\" \/> <img loading=\"lazy\" decoding=\"async\" class=\"alignnone size-full wp-image-3670\" style=\"font-size: 16px;\" src=\"https:\/\/galaxybicycle.com\/wp-content\/uploads\/2025\/09\/Space-1_02.jpg\" alt=\"\" width=\"1537\" height=\"2560\" title=\"\" srcset=\"https:\/\/galaxybicycle.com\/wp-content\/uploads\/2025\/09\/Space-1_02.jpg 1537w, https:\/\/galaxybicycle.com\/wp-content\/uploads\/2025\/09\/Space-1_02-180x300.jpg 180w, https:\/\/galaxybicycle.com\/wp-content\/uploads\/2025\/09\/Space-1_02-615x1024.jpg 615w, https:\/\/galaxybicycle.com\/wp-content\/uploads\/2025\/09\/Space-1_02-768x1279.jpg 768w, https:\/\/galaxybicycle.com\/wp-content\/uploads\/2025\/09\/Space-1_02-922x1536.jpg 922w, https:\/\/galaxybicycle.com\/wp-content\/uploads\/2025\/09\/Space-1_02-1230x2048.jpg 1230w, https:\/\/galaxybicycle.com\/wp-content\/uploads\/2025\/09\/Space-1_02-7x12.jpg 7w, https:\/\/galaxybicycle.com\/wp-content\/uploads\/2025\/09\/Space-1_02-1000x1666.jpg 1000w\" sizes=\"auto, (max-width: 1537px) 100vw, 1537px\" \/> <img loading=\"lazy\" decoding=\"async\" class=\"alignnone size-full wp-image-3671\" style=\"font-size: 16px;\" src=\"https:\/\/galaxybicycle.com\/wp-content\/uploads\/2025\/09\/Space-1_03.jpg\" alt=\"\" width=\"2560\" height=\"2485\" title=\"\" srcset=\"https:\/\/galaxybicycle.com\/wp-content\/uploads\/2025\/09\/Space-1_03.jpg 2560w, https:\/\/galaxybicycle.com\/wp-content\/uploads\/2025\/09\/Space-1_03-300x291.jpg 300w, https:\/\/galaxybicycle.com\/wp-content\/uploads\/2025\/09\/Space-1_03-1024x994.jpg 1024w, https:\/\/galaxybicycle.com\/wp-content\/uploads\/2025\/09\/Space-1_03-768x746.jpg 768w, https:\/\/galaxybicycle.com\/wp-content\/uploads\/2025\/09\/Space-1_03-1536x1491.jpg 1536w, https:\/\/galaxybicycle.com\/wp-content\/uploads\/2025\/09\/Space-1_03-2048x1988.jpg 2048w, https:\/\/galaxybicycle.com\/wp-content\/uploads\/2025\/09\/Space-1_03-12x12.jpg 12w, https:\/\/galaxybicycle.com\/wp-content\/uploads\/2025\/09\/Space-1_03-1000x971.jpg 1000w\" sizes=\"auto, (max-width: 2560px) 100vw, 2560px\" \/> <img loading=\"lazy\" decoding=\"async\" class=\"alignnone size-full wp-image-3672\" style=\"font-size: 16px;\" src=\"https:\/\/galaxybicycle.com\/wp-content\/uploads\/2025\/09\/Space-1_04.jpg\" alt=\"\" width=\"2560\" height=\"1886\" title=\"\" srcset=\"https:\/\/galaxybicycle.com\/wp-content\/uploads\/2025\/09\/Space-1_04.jpg 2560w, https:\/\/galaxybicycle.com\/wp-content\/uploads\/2025\/09\/Space-1_04-300x221.jpg 300w, https:\/\/galaxybicycle.com\/wp-content\/uploads\/2025\/09\/Space-1_04-1024x754.jpg 1024w, https:\/\/galaxybicycle.com\/wp-content\/uploads\/2025\/09\/Space-1_04-768x566.jpg 768w, https:\/\/galaxybicycle.com\/wp-content\/uploads\/2025\/09\/Space-1_04-1536x1132.jpg 1536w, https:\/\/galaxybicycle.com\/wp-content\/uploads\/2025\/09\/Space-1_04-2048x1509.jpg 2048w, https:\/\/galaxybicycle.com\/wp-content\/uploads\/2025\/09\/Space-1_04-16x12.jpg 16w, https:\/\/galaxybicycle.com\/wp-content\/uploads\/2025\/09\/Space-1_04-1000x737.jpg 1000w\" sizes=\"auto, (max-width: 2560px) 100vw, 2560px\" \/> <img loading=\"lazy\" decoding=\"async\" class=\"alignnone size-full wp-image-3673\" style=\"font-size: 16px;\" src=\"https:\/\/galaxybicycle.com\/wp-content\/uploads\/2025\/09\/Space-1_05.jpg\" alt=\"\" width=\"2471\" height=\"2560\" title=\"\" srcset=\"https:\/\/galaxybicycle.com\/wp-content\/uploads\/2025\/09\/Space-1_05.jpg 2471w, https:\/\/galaxybicycle.com\/wp-content\/uploads\/2025\/09\/Space-1_05-290x300.jpg 290w, https:\/\/galaxybicycle.com\/wp-content\/uploads\/2025\/09\/Space-1_05-988x1024.jpg 988w, https:\/\/galaxybicycle.com\/wp-content\/uploads\/2025\/09\/Space-1_05-768x796.jpg 768w, https:\/\/galaxybicycle.com\/wp-content\/uploads\/2025\/09\/Space-1_05-1483x1536.jpg 1483w, https:\/\/galaxybicycle.com\/wp-content\/uploads\/2025\/09\/Space-1_05-1977x2048.jpg 1977w, https:\/\/galaxybicycle.com\/wp-content\/uploads\/2025\/09\/Space-1_05-12x12.jpg 12w, https:\/\/galaxybicycle.com\/wp-content\/uploads\/2025\/09\/Space-1_05-1000x1036.jpg 1000w\" sizes=\"auto, (max-width: 2471px) 100vw, 2471px\" \/> <img loading=\"lazy\" decoding=\"async\" class=\"alignnone size-full wp-image-3674\" style=\"font-size: 16px;\" src=\"https:\/\/galaxybicycle.com\/wp-content\/uploads\/2025\/09\/Space-1_06.jpg\" alt=\"\" width=\"1461\" height=\"2560\" title=\"\" srcset=\"https:\/\/galaxybicycle.com\/wp-content\/uploads\/2025\/09\/Space-1_06.jpg 1461w, https:\/\/galaxybicycle.com\/wp-content\/uploads\/2025\/09\/Space-1_06-171x300.jpg 171w, https:\/\/galaxybicycle.com\/wp-content\/uploads\/2025\/09\/Space-1_06-584x1024.jpg 584w, https:\/\/galaxybicycle.com\/wp-content\/uploads\/2025\/09\/Space-1_06-768x1346.jpg 768w, https:\/\/galaxybicycle.com\/wp-content\/uploads\/2025\/09\/Space-1_06-877x1536.jpg 877w, https:\/\/galaxybicycle.com\/wp-content\/uploads\/2025\/09\/Space-1_06-1169x2048.jpg 1169w, https:\/\/galaxybicycle.com\/wp-content\/uploads\/2025\/09\/Space-1_06-7x12.jpg 7w, https:\/\/galaxybicycle.com\/wp-content\/uploads\/2025\/09\/Space-1_06-1000x1752.jpg 1000w\" sizes=\"auto, (max-width: 1461px) 100vw, 1461px\" \/> <img loading=\"lazy\" decoding=\"async\" class=\"alignnone size-full wp-image-3675\" style=\"font-size: 16px;\" src=\"https:\/\/galaxybicycle.com\/wp-content\/uploads\/2025\/09\/Space-1_07.jpg\" alt=\"\" width=\"2543\" height=\"2560\" title=\"\" srcset=\"https:\/\/galaxybicycle.com\/wp-content\/uploads\/2025\/09\/Space-1_07.jpg 2543w, https:\/\/galaxybicycle.com\/wp-content\/uploads\/2025\/09\/Space-1_07-298x300.jpg 298w, https:\/\/galaxybicycle.com\/wp-content\/uploads\/2025\/09\/Space-1_07-1017x1024.jpg 1017w, https:\/\/galaxybicycle.com\/wp-content\/uploads\/2025\/09\/Space-1_07-150x150.jpg 150w, https:\/\/galaxybicycle.com\/wp-content\/uploads\/2025\/09\/Space-1_07-768x773.jpg 768w, https:\/\/galaxybicycle.com\/wp-content\/uploads\/2025\/09\/Space-1_07-1526x1536.jpg 1526w, https:\/\/galaxybicycle.com\/wp-content\/uploads\/2025\/09\/Space-1_07-2034x2048.jpg 2034w, https:\/\/galaxybicycle.com\/wp-content\/uploads\/2025\/09\/Space-1_07-12x12.jpg 12w, https:\/\/galaxybicycle.com\/wp-content\/uploads\/2025\/09\/Space-1_07-1000x1007.jpg 1000w, https:\/\/galaxybicycle.com\/wp-content\/uploads\/2025\/09\/Space-1_07-100x100.jpg 100w\" sizes=\"auto, (max-width: 2543px) 100vw, 2543px\" \/> <img loading=\"lazy\" decoding=\"async\" class=\"alignnone size-full wp-image-3676\" style=\"font-size: 16px;\" src=\"https:\/\/galaxybicycle.com\/wp-content\/uploads\/2025\/09\/Space-1_08.jpg\" alt=\"\" width=\"2560\" height=\"1728\" title=\"\" srcset=\"https:\/\/galaxybicycle.com\/wp-content\/uploads\/2025\/09\/Space-1_08.jpg 2560w, https:\/\/galaxybicycle.com\/wp-content\/uploads\/2025\/09\/Space-1_08-300x203.jpg 300w, https:\/\/galaxybicycle.com\/wp-content\/uploads\/2025\/09\/Space-1_08-1024x691.jpg 1024w, https:\/\/galaxybicycle.com\/wp-content\/uploads\/2025\/09\/Space-1_08-768x518.jpg 768w, https:\/\/galaxybicycle.com\/wp-content\/uploads\/2025\/09\/Space-1_08-1536x1037.jpg 1536w, https:\/\/galaxybicycle.com\/wp-content\/uploads\/2025\/09\/Space-1_08-2048x1382.jpg 2048w, https:\/\/galaxybicycle.com\/wp-content\/uploads\/2025\/09\/Space-1_08-18x12.jpg 18w, https:\/\/galaxybicycle.com\/wp-content\/uploads\/2025\/09\/Space-1_08-1000x675.jpg 1000w\" sizes=\"auto, (max-width: 2560px) 100vw, 2560px\" \/><\/p>","protected":false},"excerpt":{"rendered":"<p>Pixar Space1 is een krachtige en stijlvolle elektrische fiets gebouwd voor avontuur. Met een 48V20AH EVE celbatterij, 500W high-speed motor en dikke 26\u2033x4\u2033 banden levert hij een actieradius tot 100KM, soepele vering en Shimano 7 versnellingen-perfect voor stadsritten, trails en off-road plezier.<\/p>","protected":false},"featured_media":3647,"comment_status":"open","ping_status":"closed","template":"","meta":[],"product_brand":[36],"product_cat":[41,39],"product_tag":[],"class_list":{"0":"post-3642","1":"product","2":"type-product","3":"status-publish","4":"has-post-thumbnail","6":"product_brand-pixar","7":"product_cat-pixar-electric-bikes","8":"product_cat-uk-warehouse","10":"first","11":"instock","12":"shipping-taxable","13":"purchasable","14":"product-type-simple"},"_links":{"self":[{"href":"https:\/\/galaxybicycle.com\/nl\/wp-json\/wp\/v2\/product\/3642","targetHints":{"allow":["GET"]}}],"collection":[{"href":"https:\/\/galaxybicycle.com\/nl\/wp-json\/wp\/v2\/product"}],"about":[{"href":"https:\/\/galaxybicycle.com\/nl\/wp-json\/wp\/v2\/types\/product"}],"replies":[{"embeddable":true,"href":"https:\/\/galaxybicycle.com\/nl\/wp-json\/wp\/v2\/comments?post=3642"}],"wp:featuredmedia":[{"embeddable":true,"href":"https:\/\/galaxybicycle.com\/nl\/wp-json\/wp\/v2\/media\/3647"}],"wp:attachment":[{"href":"https:\/\/galaxybicycle.com\/nl\/wp-json\/wp\/v2\/media?parent=3642"}],"wp:term":[{"taxonomy":"product_brand","embeddable":true,"href":"https:\/\/galaxybicycle.com\/nl\/wp-json\/wp\/v2\/product_brand?post=3642"},{"taxonomy":"product_cat","embeddable":true,"href":"https:\/\/galaxybicycle.com\/nl\/wp-json\/wp\/v2\/product_cat?post=3642"},{"taxonomy":"product_tag","embeddable":true,"href":"https:\/\/galaxybicycle.com\/nl\/wp-json\/wp\/v2\/product_tag?post=3642"}],"curies":[{"name":"wp","href":"https:\/\/api.w.org\/{rel}","templated":true}]}}