{"id":4017,"date":"2025-10-15T07:06:50","date_gmt":"2025-10-15T07:06:50","guid":{"rendered":"https:\/\/galaxybicycle.com\/?post_type=product&#038;p=4017"},"modified":"2026-01-09T10:03:03","modified_gmt":"2026-01-09T10:03:03","slug":"pixar-cruiser-electric-bike","status":"publish","type":"product","link":"https:\/\/galaxybicycle.com\/hu\/product\/pixar-cruiser-electric-bike\/","title":{"rendered":"Pixar Cruiser elektromos ker\u00e9kp\u00e1r - st\u00edlusos v\u00e1rosi elektromos ker\u00e9kp\u00e1r 120 km-es hat\u00f3t\u00e1vols\u00e1ggal"},"content":{"rendered":"<p>Az Pixar Cruiser elektromos ker\u00e9kp\u00e1r olyan v\u00e1rosi felfedez\u0151knek k\u00e9sz\u00fclt, akik k\u00e9nyelmet, eleganci\u00e1t \u00e9s er\u0151t szeretn\u00e9nek egy csomagban. Eleg\u00e1ns, alacsony l\u00e9pcs\u0151s v\u00e1z\u00e1nak k\u00f6sz\u00f6nhet\u0151en k\u00f6nnyen felpattanhatsz r\u00e1 - ak\u00e1r ruh\u00e1ban vagy alkalmi ruh\u00e1zatban is. Ak\u00e1r ing\u00e1zol, ak\u00e1r v\u00e1s\u00e1rolsz, vagy csak sz\u00f3rakoz\u00e1sb\u00f3l tekersz, ez az e-bike minden \u00fatra \u00f6r\u00f6m\u00f6t hoz.<\/p>\n<h3>F\u0151 jellemz\u0151k<\/h3>\n<ul>\n<li><strong>Er\u0151teljes 250 W-os motor:<\/strong> A BAFANG k\u00fcls\u0151 forg\u00f3r\u00e9szes BLDC-motorja sima \u00e9s hat\u00e9kony vezet\u00e9st biztos\u00edt, 5 fokozat\u00fa ped\u00e1lseg\u00e9ddel (PAS), amely megfelel a hangulat\u00e1nak \u00e9s a terepviszonyoknak.<\/li>\n<li><strong>460Wh Samsung akkumul\u00e1tor:<\/strong> A 36 V-os, 12,8 Ah-s Samsung 21700-as akkumul\u00e1tor kiv\u00e1l\u00f3 hat\u00f3t\u00e1vols\u00e1got \u00e9s energias\u0171r\u0171s\u00e9get biztos\u00edt. A gyorskiold\u00f3s kialak\u00edt\u00e1snak k\u00f6sz\u00f6nhet\u0151en k\u00f6nnyen kivehet\u0151 \u00e9s felt\u00f6lthet\u0151. IP65 v\u00edz\u00e1ll\u00f3, \u00edgy v\u00e1ltozatos id\u0151j\u00e1r\u00e1si k\u00f6r\u00fclm\u00e9nyek k\u00f6z\u00f6tt is megb\u00edzhat\u00f3an m\u0171k\u00f6dik.<\/li>\n<li><strong>Nagy hat\u00f3t\u00e1vols\u00e1g\u00fa teljes\u00edtm\u00e9ny:<\/strong> Ide\u00e1lis k\u00f6r\u00fclm\u00e9nyek k\u00f6z\u00f6tt ak\u00e1r 120 km-t is megtehet alacsony PAS-szinttel. M\u00e9g magasabb asszisztencia-be\u00e1ll\u00edt\u00e1sok mellett is megfelel\u0151 t\u00e1vols\u00e1got tehet meg az \u00fat sor\u00e1n. (Megjegyz\u00e9s: a t\u00e9nyleges hat\u00f3t\u00e1vols\u00e1g a ker\u00e9kp\u00e1ros s\u00faly\u00e1t\u00f3l, a terept\u0151l, a h\u0151m\u00e9rs\u00e9klett\u0151l stb. f\u00fcgg.)<\/li>\n<li><strong>Mechanikus t\u00e1rcsaf\u00e9kek:<\/strong> Az els\u0151 \u00e9s h\u00e1ts\u00f3 mechanikus t\u00e1rcsaf\u00e9kek megb\u00edzhat\u00f3 f\u00e9kereje minden k\u00f6r\u00fclm\u00e9nyek k\u00f6z\u00f6tt biztons\u00e1got ny\u00fajt.<\/li>\n<li><strong>7 sebess\u00e9ges Shimano v\u00e1lt\u00f3:<\/strong> A 7 sebess\u00e9ges v\u00e1lt\u00f3rendszer seg\u00edts\u00e9g\u00e9vel k\u00f6nnyed\u00e9n k\u00fczdheted le a dombokat \u00e9s a s\u00edks\u00e1gokat.<\/li>\n<li><strong>K\u00e9nyelem \u00e9s diz\u00e1jn:<\/strong> Az er\u0151s \u00f6tv\u00f6zetb\u0151l k\u00e9sz\u00fclt v\u00e1zzal (1000 MPa nyom\u00e1sos \u00f6nt\u00e9s), az elektroforetikus kezel\u00e9ssel t\u00f6rt\u00e9n\u0151 rozsdamentes\u00edt\u00e9ssel, az alacsony v\u00e1zszerkezettel \u00e9s az els\u0151 felf\u00fcggeszt\u00e9ssel a Cruiser stabil, tart\u00f3s \u00e9s k\u00f6nnyen vezethet\u0151.<\/li>\n<li><strong>A lovas inform\u00e1ci\u00f3i egy pillant\u00e1sra:<\/strong> A be\u00e9p\u00edtett LCD kijelz\u0151 (IPX6 v\u00edz\u00e1ll\u00f3) mutatja a sebess\u00e9get, az akkumul\u00e1tort, a teljes\u00edtm\u00e9nyt, a kilom\u00e9ter\u00f3r\u00e1t \u00e9s m\u00e9g sok m\u00e1st.<\/li>\n<li><strong>Biztons\u00e1gi jellemz\u0151k:<\/strong> A f\u00e9nyvisszaver\u0151k, a robusztus gumiabroncsok, a h\u00e1ts\u00f3 h\u00e1ts\u00f3 l\u00e1mpa \u00e9s a defekt\u00e1ll\u00f3 szerkezet seg\u00edt, hogy biztons\u00e1gban \u00e9s magabiztosan k\u00f6zlekedhessen az \u00faton.<\/li>\n<\/ul>\n<h3>PAS-szintek szerinti tartom\u00e1ny<\/h3>\n<p>\u00cdme egy \u00fatmutat\u00f3 a hozz\u00e1vet\u0151leges hat\u00f3t\u00e1vols\u00e1gr\u00f3l \u00e9s az \u00e1tlagsebess\u00e9gr\u0151l az egyes PAS-szinteken (80 kg-os ker\u00e9kp\u00e1rosra alapozva, s\u00edk \u00faton, 33 \u00b0C-on):<\/p>\n<ul>\n<li>PAS-1: ~10 km\/h, hat\u00f3t\u00e1vols\u00e1g legfeljebb 120 km<\/li>\n<li>PAS-2: ~14 km\/h, hat\u00f3t\u00e1vols\u00e1g ~98 km<\/li>\n<li>PAS-3: ~18 km\/h, hat\u00f3t\u00e1vols\u00e1g ~74 km<\/li>\n<li>PAS-4: ~22 km\/h, hat\u00f3t\u00e1vols\u00e1g ~62 km<\/li>\n<li>PAS-5: ~25 km\/h, hat\u00f3t\u00e1vols\u00e1g ~56 km<\/li>\n<\/ul>\n<h3>M\u0171szaki adatok<\/h3>\n<table border=\"1\" cellspacing=\"0\" cellpadding=\"6\">\n<thead>\n<tr>\n<th>Specifik\u00e1ci\u00f3<\/th>\n<th>R\u00e9szletek<\/th>\n<\/tr>\n<\/thead>\n<tbody>\n<tr>\n<td>Ped\u00e1l-asszisztencia tartom\u00e1ny<\/td>\n<td>Ak\u00e1r 120+ km<\/td>\n<\/tr>\n<tr>\n<td>Csak elektromos tartom\u00e1ny<\/td>\n<td>~58 km<\/td>\n<\/tr>\n<tr>\n<td>Legnagyobb sebess\u00e9g<\/td>\n<td>25 km\/h<\/td>\n<\/tr>\n<tr>\n<td>M\u00e9retek (L \u00d7 W \u00d7 H)<\/td>\n<td>183 \u00d7 66 \u00d7 122 cm<\/td>\n<\/tr>\n<tr>\n<td>Maxim\u00e1lis terhel\u00e9s<\/td>\n<td>250 kg<\/td>\n<\/tr>\n<tr>\n<td>Nett\u00f3 s\u00faly (ker\u00e9kp\u00e1r)<\/td>\n<td>29 kg<\/td>\n<\/tr>\n<tr>\n<td>Nyomat\u00e9k<\/td>\n<td>45 N-m<\/td>\n<\/tr>\n<tr>\n<td>Akkumul\u00e1tor<\/td>\n<td>Samsung 36 V 12.8 Ah, IP65, CE tan\u00fas\u00edtv\u00e1nnyal<\/td>\n<\/tr>\n<tr>\n<td>Az akkumul\u00e1tor t\u00f6lt\u00e9si ideje<\/td>\n<td>4-5 \u00f3ra<\/td>\n<\/tr>\n<tr>\n<td>Akkumul\u00e1tor s\u00falya<\/td>\n<td>3,5 kg<\/td>\n<\/tr>\n<tr>\n<td>Keret<\/td>\n<td>Alum\u00ednium \u00f6tv\u00f6zet, alacsony l\u00e9pcs\u0151fok, elektroforetikus rozsdamentes\u00edt\u00e9s<\/td>\n<\/tr>\n<tr>\n<td>Els\u0151 felf\u00fcggeszt\u00e9s<\/td>\n<td>\u00c1ll\u00edthat\u00f3 leng\u00e9scsillap\u00edt\u00f3k, 100 mm rug\u00f3\u00fat<\/td>\n<\/tr>\n<tr>\n<td>Korm\u00e1nyker\u00e9k<\/td>\n<td>Riser korm\u00e1ny, markolat hossza 104 mm, \u00f6sszesen 66 cm<\/td>\n<\/tr>\n<tr>\n<td>Ped\u00e1lok<\/td>\n<td>9\/16\u2033 f\u00e9nyvisszaver\u0151vel<\/td>\n<\/tr>\n<tr>\n<td>L\u00e1nc \u00e9s l\u00e1ncker\u00e9k<\/td>\n<td>1\/2\u2033 \u00d7 3\/32\u2033 \u00d7 118L l\u00e1nc, 170 mm-es forgatty\u00fakarok, 48T l\u00e1ncszemek<\/td>\n<\/tr>\n<tr>\n<td>Motor kimenet<\/td>\n<td>250 W cs\u00facs teljes\u00edtm\u00e9ny\u0171 kefe n\u00e9lk\u00fcli motor h\u00e1ts\u00f3 ker\u00e9kagy<\/td>\n<\/tr>\n<tr>\n<td>Pas szintek<\/td>\n<td>0 \u00e9s 5 k\u00f6z\u00f6tt<\/td>\n<\/tr>\n<tr>\n<td>G\u00e1zkar<\/td>\n<td>F\u00e9lcsavar\u00e1s (opcion\u00e1lis h\u00fcvelykujjas g\u00e1zkar)<\/td>\n<\/tr>\n<tr>\n<td>Szabadonfut\u00f3 \u00e9s fogaskerekek<\/td>\n<td>Shimano 7-sebess\u00e9ges, 14-28T<\/td>\n<\/tr>\n<tr>\n<td>T\u00f6lt\u0151<\/td>\n<td>2A intelligens t\u00f6lt\u0151, UL tan\u00fas\u00edtv\u00e1nnyal<\/td>\n<\/tr>\n<tr>\n<td>Felnik \u00e9s gumiabroncsok<\/td>\n<td>27,5\u2033 k\u00f6nny\u0171f\u00e9m felnik, 36H, CST 27,5\u2033 \u00d7 2\u2033 gumiabroncsok<\/td>\n<\/tr>\n<tr>\n<td>F\u00e9kek \u00e9s f\u00e9kt\u00e1rcs\u00e1k<\/td>\n<td>Els\u0151 \u00e9s h\u00e1ts\u00f3 mechanikus t\u00e1rcsaf\u00e9kek, 180 mm-es f\u00e9kt\u00e1rcs\u00e1k<\/td>\n<\/tr>\n<tr>\n<td>Kickstand<\/td>\n<td>Nagy teherb\u00edr\u00e1s\u00fa alum\u00ednium \u00e1llv\u00e1ny<\/td>\n<\/tr>\n<tr>\n<td>Geometria (k\u00fcl\u00f6nb\u00f6z\u0151)<\/td>\n<td>\u00dcl\u00e9smagass\u00e1g tartom\u00e1ny: 73 cm max, 51 cm min<br \/>\nFels\u0151 cs\u0151: 61 cm<br \/>\nKorm\u00e1ny magass\u00e1ga: 122 cm<br \/>\nTengelyt\u00e1v: 110 cm<br \/>\nL\u00e1nctart\u00e1s: 46 cm<br \/>\nH\u00e1ts\u00f3 fogasl\u00e9c: hossza: 36\u2033.<\/td>\n<\/tr>\n<\/tbody>\n<\/table>\n<h3>Mi\u00e9rt v\u00e1lassza az Pixar Cruiser-t?<\/h3>\n<p>Az Pixar Cruiser a t\u00f6k\u00e9letes v\u00e1rosi t\u00e1rsad. Egyens\u00falyt teremt az er\u0151, a k\u00e9nyelem, a st\u00edlus \u00e9s a teljes\u00edtm\u00e9ny k\u00f6z\u00f6tt. Alacsony l\u00e9pcs\u0151s v\u00e1za minden magass\u00e1g\u00fa \u00e9s mobilit\u00e1si szint\u0171 lovasnak megfelel. A BAFANG motor \u00e9s a Samsung akkumul\u00e1tor magabiztoss\u00e1got ad, hogy messzire tekerhess. Az olyan biztons\u00e1gi funkci\u00f3k, mint a t\u00e1rcsaf\u00e9kek \u00e9s a f\u00e9nyvisszaver\u0151k nyugalmat adnak. R\u00e1ad\u00e1sul az eleg\u00e1ns diz\u00e1jn azt jelenti, hogy nem kell v\u00e1lasztanod a divat \u00e9s a funkci\u00f3 k\u00f6z\u00f6tt.<\/p>\n<h3>Tippek a legjobb haszn\u00e1lathoz<\/h3>\n<ul>\n<li>S\u00edk terepen kezdjen alacsonyabb PAS-szintekkel a hat\u00f3t\u00e1vols\u00e1g maximaliz\u00e1l\u00e1sa \u00e9rdek\u00e9ben.<\/li>\n<li>Haszn\u00e1ljon magasabb PAS- vagy g\u00e1zped\u00e1l-asszisztenst emelked\u0151k\u00f6n vagy nehezebb terhek sz\u00e1ll\u00edt\u00e1sa eset\u00e9n.<\/li>\n<li>Tartsa az akkumul\u00e1tort felt\u00f6ltve \u00e9s ker\u00fclje a teljes lemer\u00fcl\u00e9st az \u00e9lettartam meghosszabb\u00edt\u00e1sa \u00e9rdek\u00e9ben.<\/li>\n<li>Rendszeresen ellen\u0151rizze a gumiabroncsok nyom\u00e1s\u00e1t (pl. 45 psi), \u00e9s a biztons\u00e1gos meg\u00e1ll\u00e1s \u00e9rdek\u00e9ben tartsa a t\u00e1rcsaf\u00e9keket \u00f6sszehangolva.<\/li>\n<li>Ha k\u00f6nny\u0171 es\u0151ben lovagolsz, az IP65-\u00f6s besorol\u00e1s megv\u00e9di az akkumul\u00e1tort, de ker\u00fcld az er\u0151s felh\u0151szakad\u00e1st.<\/li>\n<\/ul>\n<p>K\u00e9szen \u00e1llsz arra, hogy st\u00edlusosan j\u00e1rd a v\u00e1rost? Az Pixar Cruiser elektromos ker\u00e9kp\u00e1r er\u0151t, eleganci\u00e1t \u00e9s sz\u00f3rakoz\u00e1st k\u00edn\u00e1l - lovagolj a sz\u00e9llel minden nap!<\/p>","protected":false},"excerpt":{"rendered":"<p>Ismerje meg \u00faj v\u00e1rosi t\u00e1rs\u00e1t: az Pixar Cruiser elektromos ker\u00e9kp\u00e1rt. A 250 W-os BAFANG motorral, 460 Wh-s Samsung akkumul\u00e1torral \u00e9s ak\u00e1r 120 km-es ped\u00e1los hat\u00f3t\u00e1vols\u00e1ggal ez az e-bike egyes\u00edti a st\u00edlust, a k\u00e9nyelmet \u00e9s a teljes\u00edtm\u00e9nyt a mindennapi v\u00e1rosi t\u00far\u00e1khoz.<\/p>","protected":false},"featured_media":4018,"comment_status":"open","ping_status":"closed","template":"","meta":[],"product_brand":[36],"product_cat":[41,40],"product_tag":[],"class_list":{"0":"post-4017","1":"product","2":"type-product","3":"status-publish","4":"has-post-thumbnail","6":"product_brand-pixar","7":"product_cat-pixar-electric-bikes","8":"product_cat-eu-warehourse","10":"first","11":"instock","12":"shipping-taxable","13":"product-type-simple"},"_links":{"self":[{"href":"https:\/\/galaxybicycle.com\/hu\/wp-json\/wp\/v2\/product\/4017","targetHints":{"allow":["GET"]}}],"collection":[{"href":"https:\/\/galaxybicycle.com\/hu\/wp-json\/wp\/v2\/product"}],"about":[{"href":"https:\/\/galaxybicycle.com\/hu\/wp-json\/wp\/v2\/types\/product"}],"replies":[{"embeddable":true,"href":"https:\/\/galaxybicycle.com\/hu\/wp-json\/wp\/v2\/comments?post=4017"}],"wp:featuredmedia":[{"embeddable":true,"href":"https:\/\/galaxybicycle.com\/hu\/wp-json\/wp\/v2\/media\/4018"}],"wp:attachment":[{"href":"https:\/\/galaxybicycle.com\/hu\/wp-json\/wp\/v2\/media?parent=4017"}],"wp:term":[{"taxonomy":"product_brand","embeddable":true,"href":"https:\/\/galaxybicycle.com\/hu\/wp-json\/wp\/v2\/product_brand?post=4017"},{"taxonomy":"product_cat","embeddable":true,"href":"https:\/\/galaxybicycle.com\/hu\/wp-json\/wp\/v2\/product_cat?post=4017"},{"taxonomy":"product_tag","embeddable":true,"href":"https:\/\/galaxybicycle.com\/hu\/wp-json\/wp\/v2\/product_tag?post=4017"}],"curies":[{"name":"wp","href":"https:\/\/api.w.org\/{rel}","templated":true}]}}