{"id":3991,"date":"2025-09-22T06:40:49","date_gmt":"2025-09-22T06:40:49","guid":{"rendered":"https:\/\/galaxybicycle.com\/?post_type=product&#038;p=3991"},"modified":"2026-03-22T00:24:29","modified_gmt":"2026-03-22T00:24:29","slug":"galaxy-amano-s900-electric-bike","status":"publish","type":"product","link":"https:\/\/galaxybicycle.com\/hu\/product\/galaxy-amano-s900-electric-bike\/","title":{"rendered":"Galaxy Amano S900 elektromos ker\u00e9kp\u00e1r: st\u00edlusos v\u00e1rosi ing\u00e1z\u00f3 elektromos ker\u00e9kp\u00e1r nagy hat\u00f3t\u00e1vols\u00e1ggal"},"content":{"rendered":"<p><iframe loading=\"lazy\" title=\"Galaxy Amano S900 Ker\u00e9kp\u00e1r\" src=\"https:\/\/www.youtube.com\/embed\/D4x5gaEtbgE\" width=\"1840\" height=\"1035\" frameborder=\"0\" allowfullscreen=\"allowfullscreen\"><\/iframe><\/p>\n<p><img loading=\"lazy\" decoding=\"async\" class=\"alignnone size-full wp-image-3999 aligncenter\" src=\"https:\/\/galaxybicycle.com\/wp-content\/uploads\/2025\/09\/amano\u8be6\u60c5_01.jpg\" alt=\"\" width=\"1000\" height=\"1429\" title=\"\" srcset=\"https:\/\/galaxybicycle.com\/wp-content\/uploads\/2025\/09\/amano\u8be6\u60c5_01.jpg 1000w, https:\/\/galaxybicycle.com\/wp-content\/uploads\/2025\/09\/amano\u8be6\u60c5_01-210x300.jpg 210w, https:\/\/galaxybicycle.com\/wp-content\/uploads\/2025\/09\/amano\u8be6\u60c5_01-717x1024.jpg 717w, https:\/\/galaxybicycle.com\/wp-content\/uploads\/2025\/09\/amano\u8be6\u60c5_01-768x1097.jpg 768w, https:\/\/galaxybicycle.com\/wp-content\/uploads\/2025\/09\/amano\u8be6\u60c5_01-8x12.jpg 8w\" sizes=\"auto, (max-width: 1000px) 100vw, 1000px\" \/> <img loading=\"lazy\" decoding=\"async\" class=\"alignnone size-full wp-image-4000 aligncenter\" src=\"https:\/\/galaxybicycle.com\/wp-content\/uploads\/2025\/09\/amano\u8be6\u60c5_02.jpg\" alt=\"\" width=\"1000\" height=\"1469\" title=\"\" srcset=\"https:\/\/galaxybicycle.com\/wp-content\/uploads\/2025\/09\/amano\u8be6\u60c5_02.jpg 1000w, https:\/\/galaxybicycle.com\/wp-content\/uploads\/2025\/09\/amano\u8be6\u60c5_02-204x300.jpg 204w, https:\/\/galaxybicycle.com\/wp-content\/uploads\/2025\/09\/amano\u8be6\u60c5_02-697x1024.jpg 697w, https:\/\/galaxybicycle.com\/wp-content\/uploads\/2025\/09\/amano\u8be6\u60c5_02-768x1128.jpg 768w, https:\/\/galaxybicycle.com\/wp-content\/uploads\/2025\/09\/amano\u8be6\u60c5_02-8x12.jpg 8w\" sizes=\"auto, (max-width: 1000px) 100vw, 1000px\" \/> <img loading=\"lazy\" decoding=\"async\" class=\"alignnone size-full wp-image-4001 aligncenter\" src=\"https:\/\/galaxybicycle.com\/wp-content\/uploads\/2025\/09\/amano\u8be6\u60c5_03.jpg\" alt=\"\" width=\"1000\" height=\"1603\" title=\"\" srcset=\"https:\/\/galaxybicycle.com\/wp-content\/uploads\/2025\/09\/amano\u8be6\u60c5_03.jpg 1000w, https:\/\/galaxybicycle.com\/wp-content\/uploads\/2025\/09\/amano\u8be6\u60c5_03-187x300.jpg 187w, https:\/\/galaxybicycle.com\/wp-content\/uploads\/2025\/09\/amano\u8be6\u60c5_03-639x1024.jpg 639w, https:\/\/galaxybicycle.com\/wp-content\/uploads\/2025\/09\/amano\u8be6\u60c5_03-768x1231.jpg 768w, https:\/\/galaxybicycle.com\/wp-content\/uploads\/2025\/09\/amano\u8be6\u60c5_03-958x1536.jpg 958w, https:\/\/galaxybicycle.com\/wp-content\/uploads\/2025\/09\/amano\u8be6\u60c5_03-7x12.jpg 7w\" sizes=\"auto, (max-width: 1000px) 100vw, 1000px\" \/> <img loading=\"lazy\" decoding=\"async\" class=\"alignnone size-full wp-image-4002 aligncenter\" src=\"https:\/\/galaxybicycle.com\/wp-content\/uploads\/2025\/09\/amano\u8be6\u60c5_04.jpg\" alt=\"\" width=\"1000\" height=\"1584\" title=\"\" srcset=\"https:\/\/galaxybicycle.com\/wp-content\/uploads\/2025\/09\/amano\u8be6\u60c5_04.jpg 1000w, https:\/\/galaxybicycle.com\/wp-content\/uploads\/2025\/09\/amano\u8be6\u60c5_04-189x300.jpg 189w, https:\/\/galaxybicycle.com\/wp-content\/uploads\/2025\/09\/amano\u8be6\u60c5_04-646x1024.jpg 646w, https:\/\/galaxybicycle.com\/wp-content\/uploads\/2025\/09\/amano\u8be6\u60c5_04-768x1217.jpg 768w, https:\/\/galaxybicycle.com\/wp-content\/uploads\/2025\/09\/amano\u8be6\u60c5_04-970x1536.jpg 970w, https:\/\/galaxybicycle.com\/wp-content\/uploads\/2025\/09\/amano\u8be6\u60c5_04-8x12.jpg 8w\" sizes=\"auto, (max-width: 1000px) 100vw, 1000px\" \/> <img loading=\"lazy\" decoding=\"async\" class=\"alignnone size-full wp-image-4003 aligncenter\" src=\"https:\/\/galaxybicycle.com\/wp-content\/uploads\/2025\/09\/amano\u8be6\u60c5_05.jpg\" alt=\"\" width=\"1000\" height=\"1514\" title=\"\" srcset=\"https:\/\/galaxybicycle.com\/wp-content\/uploads\/2025\/09\/amano\u8be6\u60c5_05.jpg 1000w, https:\/\/galaxybicycle.com\/wp-content\/uploads\/2025\/09\/amano\u8be6\u60c5_05-198x300.jpg 198w, https:\/\/galaxybicycle.com\/wp-content\/uploads\/2025\/09\/amano\u8be6\u60c5_05-676x1024.jpg 676w, https:\/\/galaxybicycle.com\/wp-content\/uploads\/2025\/09\/amano\u8be6\u60c5_05-768x1163.jpg 768w, https:\/\/galaxybicycle.com\/wp-content\/uploads\/2025\/09\/amano\u8be6\u60c5_05-8x12.jpg 8w\" sizes=\"auto, (max-width: 1000px) 100vw, 1000px\" \/> <img loading=\"lazy\" decoding=\"async\" class=\"alignnone size-full wp-image-4004 aligncenter\" src=\"https:\/\/galaxybicycle.com\/wp-content\/uploads\/2025\/09\/amano\u8be6\u60c5_06.jpg\" alt=\"\" width=\"1000\" height=\"1418\" title=\"\" srcset=\"https:\/\/galaxybicycle.com\/wp-content\/uploads\/2025\/09\/amano\u8be6\u60c5_06.jpg 1000w, https:\/\/galaxybicycle.com\/wp-content\/uploads\/2025\/09\/amano\u8be6\u60c5_06-212x300.jpg 212w, https:\/\/galaxybicycle.com\/wp-content\/uploads\/2025\/09\/amano\u8be6\u60c5_06-722x1024.jpg 722w, https:\/\/galaxybicycle.com\/wp-content\/uploads\/2025\/09\/amano\u8be6\u60c5_06-768x1089.jpg 768w, https:\/\/galaxybicycle.com\/wp-content\/uploads\/2025\/09\/amano\u8be6\u60c5_06-8x12.jpg 8w\" sizes=\"auto, (max-width: 1000px) 100vw, 1000px\" \/> <img loading=\"lazy\" decoding=\"async\" class=\"alignnone size-full wp-image-4005 aligncenter\" src=\"https:\/\/galaxybicycle.com\/wp-content\/uploads\/2025\/09\/amano\u8be6\u60c5_07.jpg\" alt=\"\" width=\"1000\" height=\"1780\" title=\"\" srcset=\"https:\/\/galaxybicycle.com\/wp-content\/uploads\/2025\/09\/amano\u8be6\u60c5_07.jpg 1000w, https:\/\/galaxybicycle.com\/wp-content\/uploads\/2025\/09\/amano\u8be6\u60c5_07-169x300.jpg 169w, https:\/\/galaxybicycle.com\/wp-content\/uploads\/2025\/09\/amano\u8be6\u60c5_07-575x1024.jpg 575w, https:\/\/galaxybicycle.com\/wp-content\/uploads\/2025\/09\/amano\u8be6\u60c5_07-768x1367.jpg 768w, https:\/\/galaxybicycle.com\/wp-content\/uploads\/2025\/09\/amano\u8be6\u60c5_07-863x1536.jpg 863w, https:\/\/galaxybicycle.com\/wp-content\/uploads\/2025\/09\/amano\u8be6\u60c5_07-7x12.jpg 7w\" sizes=\"auto, (max-width: 1000px) 100vw, 1000px\" \/> <img loading=\"lazy\" decoding=\"async\" class=\"alignnone size-full wp-image-4006 aligncenter\" src=\"https:\/\/galaxybicycle.com\/wp-content\/uploads\/2025\/09\/amano\u8be6\u60c5_08.jpg\" alt=\"\" width=\"1000\" height=\"1480\" title=\"\" srcset=\"https:\/\/galaxybicycle.com\/wp-content\/uploads\/2025\/09\/amano\u8be6\u60c5_08.jpg 1000w, https:\/\/galaxybicycle.com\/wp-content\/uploads\/2025\/09\/amano\u8be6\u60c5_08-203x300.jpg 203w, https:\/\/galaxybicycle.com\/wp-content\/uploads\/2025\/09\/amano\u8be6\u60c5_08-692x1024.jpg 692w, https:\/\/galaxybicycle.com\/wp-content\/uploads\/2025\/09\/amano\u8be6\u60c5_08-768x1137.jpg 768w, https:\/\/galaxybicycle.com\/wp-content\/uploads\/2025\/09\/amano\u8be6\u60c5_08-8x12.jpg 8w\" sizes=\"auto, (max-width: 1000px) 100vw, 1000px\" \/> <img loading=\"lazy\" decoding=\"async\" class=\"alignnone size-full wp-image-4007 aligncenter\" src=\"https:\/\/galaxybicycle.com\/wp-content\/uploads\/2025\/09\/amano\u8be6\u60c5_09-2.jpg\" alt=\"\" width=\"1000\" height=\"1439\" title=\"\" srcset=\"https:\/\/galaxybicycle.com\/wp-content\/uploads\/2025\/09\/amano\u8be6\u60c5_09-2.jpg 1000w, https:\/\/galaxybicycle.com\/wp-content\/uploads\/2025\/09\/amano\u8be6\u60c5_09-2-208x300.jpg 208w, https:\/\/galaxybicycle.com\/wp-content\/uploads\/2025\/09\/amano\u8be6\u60c5_09-2-712x1024.jpg 712w, https:\/\/galaxybicycle.com\/wp-content\/uploads\/2025\/09\/amano\u8be6\u60c5_09-2-768x1105.jpg 768w, https:\/\/galaxybicycle.com\/wp-content\/uploads\/2025\/09\/amano\u8be6\u60c5_09-2-8x12.jpg 8w\" sizes=\"auto, (max-width: 1000px) 100vw, 1000px\" \/> <img loading=\"lazy\" decoding=\"async\" class=\"alignnone size-full wp-image-4008 aligncenter\" src=\"https:\/\/galaxybicycle.com\/wp-content\/uploads\/2025\/09\/amano\u8be6\u60c5_10-2.jpg\" alt=\"\" width=\"1000\" height=\"1519\" title=\"\" srcset=\"https:\/\/galaxybicycle.com\/wp-content\/uploads\/2025\/09\/amano\u8be6\u60c5_10-2.jpg 1000w, https:\/\/galaxybicycle.com\/wp-content\/uploads\/2025\/09\/amano\u8be6\u60c5_10-2-197x300.jpg 197w, https:\/\/galaxybicycle.com\/wp-content\/uploads\/2025\/09\/amano\u8be6\u60c5_10-2-674x1024.jpg 674w, https:\/\/galaxybicycle.com\/wp-content\/uploads\/2025\/09\/amano\u8be6\u60c5_10-2-768x1167.jpg 768w, https:\/\/galaxybicycle.com\/wp-content\/uploads\/2025\/09\/amano\u8be6\u60c5_10-2-8x12.jpg 8w\" sizes=\"auto, (max-width: 1000px) 100vw, 1000px\" \/><\/p>\n<p><img loading=\"lazy\" decoding=\"async\" class=\"alignnone size-full wp-image-4009 aligncenter\" src=\"https:\/\/galaxybicycle.com\/wp-content\/uploads\/2025\/09\/amano\u8be6\u60c5_11.jpg\" alt=\"\" width=\"881\" height=\"2560\" title=\"\" srcset=\"https:\/\/galaxybicycle.com\/wp-content\/uploads\/2025\/09\/amano\u8be6\u60c5_11.jpg 881w, https:\/\/galaxybicycle.com\/wp-content\/uploads\/2025\/09\/amano\u8be6\u60c5_11-103x300.jpg 103w, https:\/\/galaxybicycle.com\/wp-content\/uploads\/2025\/09\/amano\u8be6\u60c5_11-352x1024.jpg 352w, https:\/\/galaxybicycle.com\/wp-content\/uploads\/2025\/09\/amano\u8be6\u60c5_11-768x2232.jpg 768w, https:\/\/galaxybicycle.com\/wp-content\/uploads\/2025\/09\/amano\u8be6\u60c5_11-529x1536.jpg 529w, https:\/\/galaxybicycle.com\/wp-content\/uploads\/2025\/09\/amano\u8be6\u60c5_11-705x2048.jpg 705w, https:\/\/galaxybicycle.com\/wp-content\/uploads\/2025\/09\/amano\u8be6\u60c5_11-4x12.jpg 4w\" sizes=\"auto, (max-width: 881px) 100vw, 881px\" \/><\/p>\n<h2>Amano S900 elektromos ker\u00e9kp\u00e1r: Eleg\u00e1ns v\u00e1rosi ing\u00e1z\u00f3 100 km-es hat\u00f3t\u00e1vols\u00e1ggal \u00e9s er\u0151teljes 250 W-os motorral<\/h2>\n<p>Sz\u00e1guldj v\u00e9gig a v\u00e1ros utc\u00e1in az Amano S900 elektromos ker\u00e9kp\u00e1rral, a sz\u00f3rakoztat\u00f3 \u00e9s st\u00edlusos partnereddel a v\u00e1rosi kalandokban! Ez a k\u00f6nny\u0171 e-bike egy 250 W-os motorral, amely a dombokat s\u00edk \u00fatnak \u00e9rzi, \u00e9s egy cser\u00e9lhet\u0151 Samsung akkumul\u00e1torral, amellyel egyetlen felt\u00f6lt\u00e9ssel ak\u00e1r 100 km-t is megtehetsz. Mondj b\u00facs\u00fat az izzaszt\u00f3 ing\u00e1z\u00e1snak, \u00e9s k\u00f6sz\u00f6ntsd a k\u00f6nnyed ped\u00e1loz\u00e1st az \u00f6t asszisztensi szintnek k\u00f6sz\u00f6nhet\u0151en. A defekt\u00e1ll\u00f3 gumiabroncsok \u00e9s a hidraulikus f\u00e9kek gondoskodnak a biztons\u00e1gr\u00f3l, m\u00edg a be\u00e9p\u00edtett TFT-kijelz\u0151 egy pillant\u00e1ssal mutatja a sebess\u00e9get, az akkumul\u00e1tor \u00e9lettartam\u00e1t \u00e9s egyebeket. Az Amano S900 h\u00e9t divatos sz\u00ednben kaphat\u00f3, \u00edgy minden utaz\u00e1sb\u00f3l divath\u00edr lesz. T\u00f6k\u00e9letes kezd\u0151knek \u00e9s v\u00e1roslak\u00f3knak, akik megfizethet\u0151, alacsony karbantart\u00e1si ig\u00e9ny\u0171 elektromos ker\u00e9kp\u00e1rt keresnek!<\/p>\n<h2>Fedezze fel az Amano S900 elektromos ker\u00e9kp\u00e1r vezet\u00e9s\u00e9nek \u00f6r\u00f6m\u00e9t<\/h2>\n<p>K\u00e9pzelje el, ahogy a forgalmas v\u00e1rosi utc\u00e1kon siklik \u00e1t an\u00e9lk\u00fcl, hogy megizzadna - ez az Amano S900 elektromos ker\u00e9kp\u00e1r var\u00e1zsa! Ezt a men\u0151 v\u00e1rosi ing\u00e1z\u00f3 e-biciklit olyan emberek sz\u00e1m\u00e1ra tervezt\u00e9k, akik sz\u00f3rakoz\u00e1st, st\u00edlust \u00e9s k\u00f6nnyeds\u00e9get szeretn\u00e9nek a mindennapi utaz\u00e1saik sor\u00e1n. Ak\u00e1r munk\u00e1ba tartasz, ak\u00e1r \u00fcgyeket int\u00e9zel, vagy csak felfedezed a k\u00f6rny\u00e9ket, az S900 minden utat izgalmass\u00e1 \u00e9s k\u00f6nnyedd\u00e9 tesz.<\/p>\n<p>Ennek az e-bike-nak a k\u00f6z\u00e9ppontj\u00e1ban egy nagy teljes\u00edtm\u00e9ny\u0171 250 W-os h\u00e1ts\u00f3 ker\u00e9kagymotor \u00e1ll, amely egyenletes gyorsul\u00e1st biztos\u00edt, \u00e9s k\u00f6nnyed\u00e9n veszi az ak\u00e1r 35 fokos emelked\u0151ket. Az intelligens nyomat\u00e9k\u00e9rz\u00e9kel\u0151vel p\u00e1ros\u00edtva olyan, mintha a ker\u00e9kp\u00e1r olvasna a gondolataidban, \u00e9s pont akkor adja meg a megfelel\u0151 l\u00f6k\u00e9st, amikor sz\u00fcks\u00e9ged van r\u00e1. A kivehet\u0151 36 V-os, 10 Ah-s Samsung akkumul\u00e1tor leny\u0171g\u00f6z\u0151, 100 km-es hat\u00f3t\u00e1vols\u00e1got k\u00edn\u00e1l, \u00edgy elfelejtheted a hat\u00f3t\u00e1vols\u00e1ggal kapcsolatos aggodalmakat, \u00e9s a sz\u00f3rakoz\u00e1sra koncentr\u00e1lhatsz. R\u00e1ad\u00e1sul szuper k\u00f6nny\u0171 felt\u00f6lteni - csak vedd ki \u00e9s dugd be!<\/p>\n<p>Mi k\u00fcl\u00f6nb\u00f6zteti meg az Amano S900-at? Karcs\u00fa alum\u00edniumv\u00e1za mind\u00f6ssze 19,5 kg-os s\u00faly\u00e1val k\u00f6nny\u0171, \u00edgy k\u00f6nnyed\u00e9n felvihet\u0151 a l\u00e9pcs\u0151n vagy t\u00e1rolhat\u00f3 kis helyen. A sz\u00e9nsz\u00e1las sz\u00edjhajt\u00e1s azt jelenti, hogy nincs zs\u00edros l\u00e1nc, \u00e9s ak\u00e1r 30.000 km-en kereszt\u00fcl nulla karbantart\u00e1st ig\u00e9nyel - ha m\u00e1r a gondtalans\u00e1gr\u00f3l besz\u00e9l\u00fcnk! A biztons\u00e1g is kulcsfontoss\u00e1g\u00fa: a hidraulikus t\u00e1rcsaf\u00e9kek mind\u00f6ssze 0,8 m\u00e9teren bel\u00fcl meg\u00e1ll\u00edtj\u00e1k 25km\/h sebess\u00e9gn\u00e9l, a defekt\u00e1ll\u00f3 700x45C m\u00e9ret\u0171 gumiabroncsok b\u00e1rmilyen v\u00e1rosi fel\u00fcleten tapadnak, a be\u00e9p\u00edtett, nagy f\u00e9nyerej\u0171 f\u00e9nysz\u00f3r\u00f3 pedig 15 m\u00e9terre vil\u00e1g\u00edt el\u0151re az \u00e9jszakai kalandok sor\u00e1n.<\/p>\n<p>A ker\u00e9kp\u00e1r kezd\u0151bar\u00e1t, \u00f6t t\u00e1mogat\u00e1si szinttel rendelkezik - az energiatakar\u00e9kos \u00fczemm\u00f3dt\u00f3l a s\u00edk utakra val\u00f3 haszn\u00e1latig \u00e9s a meredek lejt\u0151kre val\u00f3 extr\u00e9m \u00fczemm\u00f3dig. A 3 h\u00fcvelykes sz\u00ednes TFT-kijelz\u0151 egyszer\u0171v\u00e9 teszi a dolgokat, \u00e9s j\u00f3l l\u00e1that\u00f3an mutatja a sebess\u00e9get, az akkumul\u00e1tor t\u00f6lt\u00f6tts\u00e9gi szintj\u00e9t, a megtett kilom\u00e9tereket \u00e9s a sebess\u00e9gfokozat helyzet\u00e9t. A 30 fokban \u00e1ll\u00edthat\u00f3, extra k\u00e9nyelmes \u00e9s sz\u00e9les nyereggel pedig magass\u00e1gt\u00f3l f\u00fcggetlen\u00fcl k\u00e9nyelmesen tekerhetsz (160-200 cm-es bring\u00e1soknak is megfelel). V\u00e1lasszon h\u00e9t \u00e9l\u00e9nk sz\u00edn k\u00f6z\u00fcl, mint a Mist Purple vagy a Midnight Black, hogy illeszkedjen st\u00edlus\u00e1hoz - olyan, mintha egy szem\u00e9lyes kifut\u00f3p\u00e1lya lenne kerekeken!<\/p>\n<p>A professzion\u00e1lis, m\u00e9gis j\u00e1t\u00e9kos Amano S900 elektromos ker\u00e9kp\u00e1r olyan kiv\u00e1l\u00f3 tulajdons\u00e1gokat \u00f6tv\u00f6z, mint az IPX6 v\u00edzszigetel\u00e9s, a bels\u0151 k\u00e1belez\u00e9s a tiszta megjelen\u00e9s\u00e9rt \u00e9s a 2 \u00e9ves garancia a nyugalom\u00e9rt. Ez nem csak egy e-bike; ez a jegyed a szabadabb, z\u00f6ldebb \u00e9s \u00f6r\u00f6mtelibb v\u00e1rosi mobilit\u00e1shoz. K\u00e9szen \u00e1llsz a j\u00f6v\u0151be ped\u00e1lozni?<\/p>\n<h3>Amano S900 m\u0171szaki adatok<\/h3>\n<table border=\"1\" cellspacing=\"0\" cellpadding=\"10\">\n<thead>\n<tr>\n<th>Kateg\u00f3ria<\/th>\n<th>T\u00e9tel<\/th>\n<th>Specifik\u00e1ci\u00f3<\/th>\n<\/tr>\n<\/thead>\n<tbody>\n<tr>\n<td>Energiarendszer<\/td>\n<td>Motor<\/td>\n<td>AMANO Automatikus fordulatsz\u00e1m\u00fa motor, 250W teljes\u00edtm\u00e9ny, maxim\u00e1lis nyomat\u00e9k 45Nm<\/td>\n<\/tr>\n<tr>\n<td>Energiarendszer<\/td>\n<td>Vez\u00e9rl\u0151<\/td>\n<td>Vektoros szinuszhull\u00e1m vez\u00e9rl\u0151<\/td>\n<\/tr>\n<tr>\n<td>Vez\u00e9rl\u00e9s \u00e9s kijelz\u0151<\/td>\n<td>Megjelen\u00edt\u00e9s<\/td>\n<td>AMANO TFT sz\u00ednes kijelz\u0151, 3,0 h\u00fcvelykes be\u00e9p\u00edtett<\/td>\n<\/tr>\n<tr>\n<td>Energia rendszer<\/td>\n<td>Akkumul\u00e1tor<\/td>\n<td>36Wh (36V\/10Ah) l\u00edtium-ion, SAMSUNG cell\u00e1kat haszn\u00e1l<\/td>\n<\/tr>\n<tr>\n<td>Vil\u00e1g\u00edt\u00e1s<\/td>\n<td>F\u00e9nysz\u00f3r\u00f3<\/td>\n<td>CE tan\u00fas\u00edtv\u00e1nnyal, be\u00e1gyazott nagy f\u00e9nyerej\u0171, 15m-es f\u00e9nysug\u00e1rral<\/td>\n<\/tr>\n<tr>\n<td>Teljes\u00edtm\u00e9ny<\/td>\n<td>Maxim\u00e1lis sebess\u00e9g<\/td>\n<td>25 km\/h (motort\u00e1mogatott hat\u00e1r\u00e9rt\u00e9k; manu\u00e1lisan t\u00fall\u00e9phet\u0151)<\/td>\n<\/tr>\n<tr>\n<td>Teljes\u00edtm\u00e9ny<\/td>\n<td>Tartom\u00e1ny<\/td>\n<td>Ak\u00e1r 100 km (v\u00e1ltozik a terepviszonyokt\u00f3l, terhel\u00e9st\u0151l, h\u0151m\u00e9rs\u00e9klett\u0151l f\u00fcgg\u0151en)<\/td>\n<\/tr>\n<tr>\n<td>Teljes\u00edtm\u00e9ny<\/td>\n<td>M\u00e1sz\u00f3 k\u00e9pess\u00e9g<\/td>\n<td>Ak\u00e1r 35\u00b0-os lejt\u0151kkel is megbirk\u00f3zik, att\u00f3l f\u00fcgg\u0151en, hogy a lovas mit tesz meg.<\/td>\n<\/tr>\n<tr>\n<td>V\u00e1z \u00e9s alkatr\u00e9szek<\/td>\n<td>Keret<\/td>\n<td>Ultrak\u00f6nny\u0171 alum\u00ednium \u00f6tv\u00f6zetb\u0151l k\u00e9sz\u00fclt keret<\/td>\n<\/tr>\n<tr>\n<td>V\u00e1z \u00e9s alkatr\u00e9szek<\/td>\n<td>Fogasker\u00e9k<\/td>\n<td>Alum\u00ednium \u00f6tv\u00f6zetb\u0151l k\u00e9sz\u00fclt forgatty\u00fastag<\/td>\n<\/tr>\n<tr>\n<td>V\u00e1z \u00e9s alkatr\u00e9szek<\/td>\n<td>Hajt\u00e1sl\u00e1nc<\/td>\n<td>Egysebess\u00e9ges JDX sz\u00e9nsz\u00e1las sz\u00edjhajt\u00e1s<\/td>\n<\/tr>\n<tr>\n<td>V\u00e1z \u00e9s alkatr\u00e9szek<\/td>\n<td>Els\u0151 villa<\/td>\n<td>Ultrak\u00f6nny\u0171 alum\u00ednium \u00f6tv\u00f6zetb\u0151l k\u00e9sz\u00fclt villa<\/td>\n<\/tr>\n<tr>\n<td>V\u00e1z \u00e9s alkatr\u00e9szek<\/td>\n<td>Gumiabroncsok<\/td>\n<td>CST 700x45C defekt\u00e1ll\u00f3 gumiabroncsok, 80% nagyobb tapad\u00e1ssal<\/td>\n<\/tr>\n<tr>\n<td>V\u00e1z \u00e9s alkatr\u00e9szek<\/td>\n<td>F\u00e9kek<\/td>\n<td>ZOOM hidraulikus t\u00e1rcsaf\u00e9kek<\/td>\n<\/tr>\n<tr>\n<td>V\u00e1z \u00e9s alkatr\u00e9szek<\/td>\n<td>Nyereg<\/td>\n<td>AMANO egyedi, magas visszah\u00faz\u00f3 nyereg, 30\u00b0-ban \u00e1ll\u00edthat\u00f3<\/td>\n<\/tr>\n<tr>\n<td>V\u00e1z \u00e9s alkatr\u00e9szek<\/td>\n<td>H\u00e1ts\u00f3 csomagtart\u00f3<\/td>\n<td>Testreszabhat\u00f3 h\u00e1ts\u00f3 csomagtart\u00f3<\/td>\n<\/tr>\n<tr>\n<td>S\u00faly<\/td>\n<td>Nett\u00f3 s\u00faly<\/td>\n<td>19,5 kg<\/td>\n<\/tr>\n<tr>\n<td>S\u00faly<\/td>\n<td>Brutt\u00f3 t\u00f6meg<\/td>\n<td>29,5 kg<\/td>\n<\/tr>\n<tr>\n<td>S\u00faly<\/td>\n<td>Maxim\u00e1lis terhel\u00e9s<\/td>\n<td>150 kg<\/td>\n<\/tr>\n<tr>\n<td>Geometria<\/td>\n<td>A: Keret<\/td>\n<td>520 mm<\/td>\n<\/tr>\n<tr>\n<td>Geometria<\/td>\n<td>B: Leng\u0151kar<\/td>\n<td>460 mm<\/td>\n<\/tr>\n<tr>\n<td>Geometria<\/td>\n<td>C: Hajt\u00e1sl\u00e1nc<\/td>\n<td>600 mm<\/td>\n<\/tr>\n<tr>\n<td>Geometria<\/td>\n<td>D: Els\u0151 villa<\/td>\n<td>160 mm<\/td>\n<\/tr>\n<tr>\n<td>Geometria<\/td>\n<td>E: Gumiabroncsok<\/td>\n<td>1000 mm<\/td>\n<\/tr>\n<tr>\n<td>Geometria<\/td>\n<td>F: F\u00e9kek<\/td>\n<td>730 mm<\/td>\n<\/tr>\n<tr>\n<td>Geometria<\/td>\n<td>G: als\u00f3 fogasl\u00e9c<\/td>\n<td>900-1040 mm<\/td>\n<\/tr>\n<tr>\n<td>Geometria<\/td>\n<td>H: Nyereg<\/td>\n<td>1120 mm<\/td>\n<\/tr>\n<tr>\n<td>Geometria<\/td>\n<td>I: H\u00e1ts\u00f3 csomagtart\u00f3<\/td>\n<td>1860 mm<\/td>\n<\/tr>\n<tr>\n<td>Egy\u00e9b<\/td>\n<td>T\u00e1mogat\u00e1si szintek<\/td>\n<td>5 szint: Energia-megtakar\u00edt\u00e1s, Szabadid\u0151, Kiegyens\u00falyozott, Sport, Extr\u00e9m.<\/td>\n<\/tr>\n<tr>\n<td>Egy\u00e9b<\/td>\n<td>V\u00edz\u00e1ll\u00f3 min\u0151s\u00edt\u00e9s<\/td>\n<td>IPX6<\/td>\n<\/tr>\n<tr>\n<td>Egy\u00e9b<\/td>\n<td>Garancia<\/td>\n<td>18 h\u00f3nap (akkumul\u00e1tor), 2 \u00e9v (\u00f6sszess\u00e9g\u00e9ben)<\/td>\n<\/tr>\n<tr>\n<td>Egy\u00e9b<\/td>\n<td>Aj\u00e1nlott magass\u00e1g<\/td>\n<td>160-200 cm<\/td>\n<\/tr>\n<\/tbody>\n<\/table>","protected":false},"excerpt":{"rendered":"<p>Eleg\u00e1ns, k\u00f6nny\u0171 Amano S900 e-bike 250 W-os motorral, 100 km hat\u00f3t\u00e1vols\u00e1ggal, Samsung akkumul\u00e1torral \u00e9s karbon sz\u00edjhajt\u00e1ssal - t\u00f6k\u00e9letes v\u00e1rosi ing\u00e1z\u00e1shoz.<\/p>","protected":false},"featured_media":3992,"comment_status":"open","ping_status":"closed","template":"","meta":[],"product_brand":[],"product_cat":[15],"product_tag":[61,55,59,57,56,60,62,58],"class_list":{"0":"post-3991","1":"product","2":"type-product","3":"status-publish","4":"has-post-thumbnail","6":"product_cat-galaxybicycle","7":"product_tag-250w-motor-bike","8":"product_tag-amano-s900","9":"product_tag-city-electric-bicycle","10":"product_tag-e-bike","11":"product_tag-electric-bike","12":"product_tag-long-range-e-bike","13":"product_tag-stylish-commuter-e-bike","14":"product_tag-urban-commuter-bike","16":"first","17":"instock","18":"shipping-taxable","19":"product-type-simple"},"_links":{"self":[{"href":"https:\/\/galaxybicycle.com\/hu\/wp-json\/wp\/v2\/product\/3991","targetHints":{"allow":["GET"]}}],"collection":[{"href":"https:\/\/galaxybicycle.com\/hu\/wp-json\/wp\/v2\/product"}],"about":[{"href":"https:\/\/galaxybicycle.com\/hu\/wp-json\/wp\/v2\/types\/product"}],"replies":[{"embeddable":true,"href":"https:\/\/galaxybicycle.com\/hu\/wp-json\/wp\/v2\/comments?post=3991"}],"wp:featuredmedia":[{"embeddable":true,"href":"https:\/\/galaxybicycle.com\/hu\/wp-json\/wp\/v2\/media\/3992"}],"wp:attachment":[{"href":"https:\/\/galaxybicycle.com\/hu\/wp-json\/wp\/v2\/media?parent=3991"}],"wp:term":[{"taxonomy":"product_brand","embeddable":true,"href":"https:\/\/galaxybicycle.com\/hu\/wp-json\/wp\/v2\/product_brand?post=3991"},{"taxonomy":"product_cat","embeddable":true,"href":"https:\/\/galaxybicycle.com\/hu\/wp-json\/wp\/v2\/product_cat?post=3991"},{"taxonomy":"product_tag","embeddable":true,"href":"https:\/\/galaxybicycle.com\/hu\/wp-json\/wp\/v2\/product_tag?post=3991"}],"curies":[{"name":"wp","href":"https:\/\/api.w.org\/{rel}","templated":true}]}}