{"id":3857,"date":"2025-09-09T11:50:55","date_gmt":"2025-09-09T11:50:55","guid":{"rendered":"https:\/\/galaxybicycle.com\/?post_type=product&#038;p=3857"},"modified":"2026-03-18T01:58:52","modified_gmt":"2026-03-18T01:58:52","slug":"pixar-city1","status":"publish","type":"product","link":"https:\/\/galaxybicycle.com\/hu\/product\/pixar-city1\/","title":{"rendered":"Pixar City1 elektromos ker\u00e9kp\u00e1r | 36V 250W motor, 45KM hat\u00f3t\u00e1vols\u00e1g, Shimano 7-sebess\u00e9ges Shimano"},"content":{"rendered":"<h2>Pixar City1 elektromos ker\u00e9kp\u00e1r<\/h2>\n<p>A <strong>Pixar City1 elektromos ker\u00e9kp\u00e1r<\/strong> egy st\u00edlusos, nagy teljes\u00edtm\u00e9ny\u0171 v\u00e1rosi ing\u00e1z\u00f3, amelyet a mindennapi k\u00e9nyelemre terveztek. Ak\u00e1r munk\u00e1ba tartasz, ak\u00e1r \u00fcgyeket int\u00e9zel, vagy felfedezed a k\u00f6rny\u00e9kedet, ez az e-bike a k\u00e9nyelmet, az er\u0151t \u00e9s a tart\u00f3ss\u00e1got \u00f6tv\u00f6zi, hogy minden \u00fat z\u00f6kken\u0151mentes \u00e9s \u00e9lvezetes legyen.<\/p>\n<p>Egy <strong>35-45 km-es hat\u00f3t\u00e1vols\u00e1g<\/strong> (ped\u00e1lseg\u00e9d) \u00e9s egy <strong>25 km\/h v\u00e9gsebess\u00e9g<\/strong> (32 km\/h-ig \u00e1ll\u00edthat\u00f3), \u00edgy k\u00f6nnyed\u00e9n \u00e9s magabiztosan navig\u00e1lhat a v\u00e1rosi utc\u00e1kon. A <strong>36V 10.4Ah l\u00edtium-ion akkumul\u00e1tor<\/strong> biztos\u00edtja a megb\u00edzhat\u00f3 energiaell\u00e1t\u00e1st, m\u00edg a <strong>36V 250W-os nagysebess\u00e9g\u0171 h\u00e1ts\u00f3 ker\u00e9kagymotor<\/strong> k\u00f6vetkezetes gyorsul\u00e1st \u00e9s t\u00e1mogat\u00e1st biztos\u00edt a napi ing\u00e1z\u00e1sok sor\u00e1n.<\/p>\n<p>A City1 tart\u00f3s <strong>kiv\u00e1l\u00f3 min\u0151s\u00e9g\u0171 ac\u00e9lkeret<\/strong> egy <strong>step-through kialak\u00edt\u00e1s<\/strong> a k\u00f6nny\u0171 szerel\u00e9shez, p\u00e1ros\u00edtva egy <strong>\u00e1ll\u00edthat\u00f3 felf\u00fcggeszt\u00e9s\u0171 villa<\/strong> amely elnyeli az \u00fathib\u00e1kat a k\u00e9nyelmesebb utaz\u00e1s \u00e9rdek\u00e9ben. Felszerelve <strong>Shimano 7 sebess\u00e9ges v\u00e1lt\u00f3<\/strong>, <strong>mechanikus t\u00e1rcsaf\u00e9kek<\/strong> (el\u00f6l \u00e9s h\u00e1tul), \u00e9s integr\u00e1lt <strong>LED vil\u00e1g\u00edt\u00e1s<\/strong>, ez az e-bike a biztons\u00e1g, a megb\u00edzhat\u00f3s\u00e1g \u00e9s a teljes\u00edtm\u00e9ny kiegyens\u00falyozott kever\u00e9k\u00e9t ny\u00fajtja.<\/p>\n<h3>Mi\u00e9rt v\u00e1lassza az Pixar City1-et?<\/h3>\n<ul>\n<li>\ud83d\udeb4 <strong>250W-os CZJB kefe n\u00e9lk\u00fcli h\u00e1ts\u00f3 ker\u00e9kagymotor<\/strong> - hat\u00e9kony, csendes \u00e9s nagy teljes\u00edtm\u00e9ny\u0171<\/li>\n<li>\ud83d\udd0b <strong>36V 10.4Ah cser\u00e9lhet\u0151 l\u00edtium-ion akkumul\u00e1tor<\/strong> - ak\u00e1r 45 km hat\u00f3t\u00e1vols\u00e1g egy t\u00f6lt\u00e9ssel<\/li>\n<li>\u26a1 \u00c1ll\u00edthat\u00f3 <strong>legfeljebb 32 km\/h v\u00e9gsebess\u00e9g<\/strong><\/li>\n<li>\ud83d\udee0\ufe0f <strong>90% el\u0151re \u00f6sszeszerelve<\/strong> - egyszer\u0171 telep\u00edt\u00e9s a mell\u00e9kelt szersz\u00e1mokkal<\/li>\n<li>\ud83c\udf19 <strong>Integr\u00e1lt els\u0151 \u00e9s h\u00e1ts\u00f3 LED-es l\u00e1mp\u00e1k<\/strong> a biztons\u00e1gos \u00e9jszakai utaz\u00e1sokhoz<\/li>\n<li>\ud83d\udcba <strong>\u00c1ll\u00edthat\u00f3 felf\u00fcggeszt\u00e9s\u0171 villa<\/strong> \u00e9s ergonomikus \u00fcl\u00e9s a kiv\u00e1l\u00f3 k\u00e9nyelem\u00e9rt<\/li>\n<li>\ud83d\udce6 <strong>Ac\u00e9l h\u00e1ts\u00f3 fogasl\u00e9c<\/strong> \u00e9s <strong>els\u0151 \u00e9s h\u00e1ts\u00f3 s\u00e1rv\u00e9d\u0151k<\/strong> tartalmazza a<\/li>\n<\/ul>\n<hr \/>\n<h2>M\u0171szaki adatok<\/h2>\n<table>\n<tbody>\n<tr>\n<th colspan=\"3\">Pixar City1 E-bike - Term\u00e9kparam\u00e9terek (eur\u00f3pai piac)<\/th>\n<\/tr>\n<tr>\n<td>\/<\/td>\n<td>Param\u00e9ter<\/td>\n<td>\u00c9rt\u00e9k<\/td>\n<\/tr>\n<tr>\n<td rowspan=\"14\">\u00c1ltal\u00e1nos specifik\u00e1ci\u00f3k<\/td>\n<td>Tartom\u00e1ny<\/td>\n<td>35-45 km (ped\u00e1lseg\u00e9d \u00fczemm\u00f3dban)<\/td>\n<\/tr>\n<tr>\n<td>Legnagyobb sebess\u00e9g<\/td>\n<td>25 km\/h (32 km\/h-ig \u00e1ll\u00edthat\u00f3)<\/td>\n<\/tr>\n<tr>\n<td>M\u00e9retek<\/td>\n<td>175 \u00d7 69 \u00d7 120 cm (hossz\u00fas\u00e1g \u00d7 sz\u00e9less\u00e9g \u00d7 magass\u00e1g)<\/td>\n<\/tr>\n<tr>\n<td>Maxim\u00e1lis terhelhet\u0151s\u00e9g<\/td>\n<td>120 kg<\/td>\n<\/tr>\n<tr>\n<td>Nett\u00f3 s\u00faly<\/td>\n<td>23,3 kg<\/td>\n<\/tr>\n<tr>\n<td>Brutt\u00f3 t\u00f6meg<\/td>\n<td>27,8 kg<\/td>\n<\/tr>\n<tr>\n<td>Csomagol\u00e1s M\u00e9retek<\/td>\n<td>148 \u00d7 24 \u00d7 78 cm<\/td>\n<\/tr>\n<tr>\n<td>Mennyis\u00e9g 1\u00d740HQ kont\u00e9nerhez<\/td>\n<td>239 db<\/td>\n<\/tr>\n<tr>\n<td>Aj\u00e1nlott magass\u00e1g<\/td>\n<td>155-190 cm<\/td>\n<\/tr>\n<tr>\n<td>Sz\u00ednv\u00e1laszt\u00e9k<\/td>\n<td>Fekete \u00e9s sz\u00fcrke<\/td>\n<\/tr>\n<tr>\n<td>\u00d6sszecsukhat\u00f3<\/td>\n<td>Nem<\/td>\n<\/tr>\n<tr>\n<td>IP-besorol\u00e1s<\/td>\n<td>IP54<\/td>\n<\/tr>\n<tr>\n<td>\u00dczemi h\u0151m\u00e9rs\u00e9klet<\/td>\n<td>-10\u00b0C \u00e9s +45\u00b0C k\u00f6z\u00f6tt<\/td>\n<\/tr>\n<tr>\n<td>Ker\u00e9kp\u00e1r kateg\u00f3ria<\/td>\n<td>V\u00e1rosi\/v\u00e1rosi ing\u00e1z\u00f3<\/td>\n<\/tr>\n<tr>\n<td rowspan=\"7\">Akkumul\u00e1tor rendszer<\/td>\n<td>Akkumul\u00e1tor kapacit\u00e1s \u00e9s t\u00edpus<\/td>\n<td>36V 10.4Ah L\u00edtium-ion (EVE cell\u00e1k)<\/td>\n<\/tr>\n<tr>\n<td>Akkumul\u00e1tor s\u00falya<\/td>\n<td>3 kg<\/td>\n<\/tr>\n<tr>\n<td>Kivehet\u0151 akkumul\u00e1tor<\/td>\n<td>Igen<\/td>\n<\/tr>\n<tr>\n<td>Akkumul\u00e1tor IP-besorol\u00e1s<\/td>\n<td>IP65<\/td>\n<\/tr>\n<tr>\n<td>Akkumul\u00e1tor-tan\u00fas\u00edtv\u00e1ny<\/td>\n<td>EN 62133 szabv\u00e1nynak megfelel\u0151<\/td>\n<\/tr>\n<tr>\n<td>T\u00f6lt\u00e9si id\u0151<\/td>\n<td>4-6 \u00f3ra (max. 6 \u00f3ra)<\/td>\n<\/tr>\n<tr>\n<td>T\u00f6lt\u0151<\/td>\n<td>42V 2A intelligens t\u00f6lt\u0151<\/td>\n<\/tr>\n<tr>\n<td rowspan=\"4\">Motor \u00e9s meghajt\u00f3 rendszer<\/td>\n<td>Motor t\u00edpusa<\/td>\n<td>Kefe n\u00e9lk\u00fcli motor h\u00e1ts\u00f3 ker\u00e9kagy<\/td>\n<\/tr>\n<tr>\n<td>Motor m\u00e1rka<\/td>\n<td>CZJB<\/td>\n<\/tr>\n<tr>\n<td>Motor<\/td>\n<td>36V 250W-os nagysebess\u00e9g\u0171 h\u00e1ts\u00f3 ker\u00e9kagymotor<\/td>\n<\/tr>\n<tr>\n<td>Maxim\u00e1lis emelked\u0151 meredeks\u00e9g<\/td>\n<td>15\u00b0 (kb. 27% fokozat)<\/td>\n<\/tr>\n<tr>\n<td rowspan=\"7\">Vez\u00e9rl\u0151rendszer<\/td>\n<td>Megjelen\u00edt\u00e9s<\/td>\n<td>LCD multifunkci\u00f3s kijelz\u0151 (G518 modell)<\/td>\n<\/tr>\n<tr>\n<td>T\u00e1mogat\u00e1si szintek<\/td>\n<td>5 szint (0-5)<\/td>\n<\/tr>\n<tr>\n<td>G\u00e1zkar<\/td>\n<td>F\u00e9lcsavaros g\u00e1zkar<\/td>\n<\/tr>\n<tr>\n<td>\u00c9rz\u00e9kel\u0151k<\/td>\n<td>Sebess\u00e9g\u00e9rz\u00e9kel\u0151 (12 m\u00e1gnes)<\/td>\n<\/tr>\n<tr>\n<td>USB t\u00f6lt\u0151port<\/td>\n<td>Nem<\/td>\n<\/tr>\n<tr>\n<td>S\u00e9ta asszisztens m\u00f3d<\/td>\n<td>6 km\/h (tartsa lenyomva a \u201c-\u201d gombot)<\/td>\n<\/tr>\n<tr>\n<td>H\u00e1tt\u00e9rvil\u00e1g\u00edt\u00e1s<\/td>\n<td>Igen<\/td>\n<\/tr>\n<tr>\n<td rowspan=\"4\">V\u00e1z \u00e9s villa<\/td>\n<td>Keret Anyag<\/td>\n<td>Alum\u00ednium \u00f6tv\u00f6zet<\/td>\n<\/tr>\n<tr>\n<td>Keret t\u00edpusa<\/td>\n<td>\u00c1tl\u00e9p\u0151 (alacsony l\u00e9pcs\u0151fok)<\/td>\n<\/tr>\n<tr>\n<td>Els\u0151 felf\u00fcggeszt\u00e9s<\/td>\n<td>\u00c1ll\u00edthat\u00f3 leng\u00e9scsillap\u00edt\u00f3<\/td>\n<\/tr>\n<tr>\n<td>Els\u0151 villa<\/td>\n<td>Felf\u00fcggesztett villa t\u00e1rcsaf\u00e9ktart\u00f3val<\/td>\n<\/tr>\n<tr>\n<td rowspan=\"6\">Hajt\u00e1sl\u00e1nc<\/td>\n<td>L\u00e1nc<\/td>\n<td>1\/2\u2033 \u00d7 3\/32\u2033 (110 l\u00e1ncszem)<\/td>\n<\/tr>\n<tr>\n<td>Fogasker\u00e9k<\/td>\n<td>1\/2\u00d73\/32\u2033\u00d740T\u00d7170L, \u00f6tv\u00f6zetb\u0151l k\u00e9sz\u00fclt<\/td>\n<\/tr>\n<tr>\n<td>Szabadonfut\u00f3<\/td>\n<td>7 sebess\u00e9ges, 14-28T szabadonfut\u00f3 (menetes)<\/td>\n<\/tr>\n<tr>\n<td>H\u00e1ts\u00f3 v\u00e1lt\u00f3<\/td>\n<td>Shimano 7 sebess\u00e9ges (14-28T kompatibilis)<\/td>\n<\/tr>\n<tr>\n<td>Els\u0151 v\u00e1lt\u00f3<\/td>\n<td>Nincs (egyetlen l\u00e1ncszem)<\/td>\n<\/tr>\n<tr>\n<td>Shifter<\/td>\n<td>Shimano 7 sebess\u00e9ges<\/td>\n<\/tr>\n<tr>\n<td rowspan=\"5\">Kerekek \u00e9s gumiabroncsok<\/td>\n<td>Ker\u00e9km\u00e9ret<\/td>\n<td>700C (27.5\u2033)<\/td>\n<\/tr>\n<tr>\n<td>Spokes<\/td>\n<td>13G \u00d7 279 mm, EN 15194 szabv\u00e1nynak megfelel\u0151en<\/td>\n<\/tr>\n<tr>\n<td>Gumiabroncs m\u00e1rka<\/td>\n<td>Chaoyang<\/td>\n<\/tr>\n<tr>\n<td>Sz\u00far\u00e1s elleni v\u00e9delem<\/td>\n<td>Sz\u00far\u00e1s\u00e1ll\u00f3<\/td>\n<\/tr>\n<tr>\n<td>Bels\u0151 cs\u0151<\/td>\n<td>700C, 38-45C, Presta szelep 48 mm<\/td>\n<\/tr>\n<tr>\n<td rowspan=\"4\">F\u00e9krendszer<\/td>\n<td>F\u00e9k t\u00edpusa<\/td>\n<td>Mechanikus t\u00e1rcsaf\u00e9kek (el\u00f6l \u00e9s h\u00e1tul)<\/td>\n<\/tr>\n<tr>\n<td>F\u00e9kek<\/td>\n<td>Teljes\u00edtm\u00e9nyle\u00e1ll\u00edt\u00f3 f\u00e9kek<\/td>\n<\/tr>\n<tr>\n<td>F\u00e9kt\u00e1rcs\u00e1k<\/td>\n<td>160 mm (el\u00f6l \u00e9s h\u00e1tul)<\/td>\n<\/tr>\n<tr>\n<td>F\u00e9kkarok<\/td>\n<td>Teljesen alum\u00ednium, alacsony profil\u00fa, motorle\u00e1ll\u00edt\u00f3val<\/td>\n<\/tr>\n<tr>\n<td rowspan=\"7\">Pil\u00f3taf\u00fclke \u00e9s alkatr\u00e9szek<\/td>\n<td>Korm\u00e1nyker\u00e9k<\/td>\n<td>47.2\u2033 (120 cm) magass\u00e1g<\/td>\n<\/tr>\n<tr>\n<td>Sz\u00e1r<\/td>\n<td>Zoom \u00e1ll\u00edthat\u00f3 sz\u00e1r<\/td>\n<\/tr>\n<tr>\n<td>Nyereg<\/td>\n<td>260 \u00d7 197 mm, fekete bor\u00edt\u00f3<\/td>\n<\/tr>\n<tr>\n<td>Nyeregmagass\u00e1g tartom\u00e1ny<\/td>\n<td>900-1000 mm<\/td>\n<\/tr>\n<tr>\n<td>\u00dcl\u0151oszlop<\/td>\n<td>27,2 \u00d7 350 mm, alum\u00ednium\u00f6tv\u00f6zet, matt fekete sz\u00edn\u0171<\/td>\n<\/tr>\n<tr>\n<td>Gyorskiold\u00f3<\/td>\n<td>Igen (els\u0151 ker\u00e9k \u00e9s nyeregcs\u0151)<\/td>\n<\/tr>\n<tr>\n<td>Ped\u00e1lok<\/td>\n<td>Alum\u00ednium \u00f6tv\u00f6zetb\u0151l k\u00e9sz\u00fclt platformped\u00e1lok f\u00e9nyvisszaver\u0151vel<\/td>\n<\/tr>\n<tr>\n<td rowspan=\"3\">Vil\u00e1g\u00edt\u00e1s \u00e9s biztons\u00e1g<\/td>\n<td>F\u00e9nysz\u00f3r\u00f3<\/td>\n<td>Integr\u00e1lt f\u00e9nysz\u00f3r\u00f3 v\u00edz\u00e1ll\u00f3 csatlakoz\u00f3val<\/td>\n<\/tr>\n<tr>\n<td>H\u00e1ts\u00f3 l\u00e1mpa<\/td>\n<td>Integr\u00e1lt h\u00e1ts\u00f3 l\u00e1mpa v\u00edz\u00e1ll\u00f3 csatlakoz\u00f3val<\/td>\n<\/tr>\n<tr>\n<td>Bell\/Horn<\/td>\n<td>Mechanikus cseng\u0151 mell\u00e9kelve<\/td>\n<\/tr>\n<tr>\n<td rowspan=\"5\">Kieg\u00e9sz\u00edt\u0151 berendez\u00e9sek<\/td>\n<td>Kickstand<\/td>\n<td>Nagy teherb\u00edr\u00e1s\u00fa alum\u00ednium \u00e1llv\u00e1ny<\/td>\n<\/tr>\n<tr>\n<td>L\u00f6kh\u00e1r\u00edt\u00f3k\/sz\u00e1rnyv\u00e9d\u0151k<\/td>\n<td>Els\u0151 \u00e9s h\u00e1ts\u00f3 s\u00e1rv\u00e9d\u0151k tartoz\u00e9k<\/td>\n<\/tr>\n<tr>\n<td>H\u00e1ts\u00f3 csomagtart\u00f3<\/td>\n<td>Ac\u00e9l h\u00e1ts\u00f3 csomagtart\u00f3 tartoz\u00e9k<\/td>\n<\/tr>\n<tr>\n<td>Els\u0151 \u00e1llv\u00e1ny<\/td>\n<td>Nem<\/td>\n<\/tr>\n<tr>\n<td>Eszk\u00f6zk\u00e9szlet tartalmazza<\/td>\n<td>Igen (3\u00d7 csavarkulcs, 1\u00d7 csavarh\u00faz\u00f3, 5\u00d7 hatlapos kulcs)<\/td>\n<\/tr>\n<tr>\n<td rowspan=\"2\">Tan\u00fas\u00edt\u00e1s \u00e9s megfelel\u00e9s<\/td>\n<td>EN 15194 tan\u00fas\u00edtv\u00e1nnyal<\/td>\n<td>Igen<\/td>\n<\/tr>\n<tr>\n<td>Tan\u00fas\u00edt\u00e1s<\/td>\n<td>CE, EN 15194, UL2271<\/td>\n<\/tr>\n<tr>\n<td rowspan=\"3\">Garancia \u00e9s t\u00e1mogat\u00e1s<\/td>\n<td>Teljes j\u00f3t\u00e1ll\u00e1si id\u0151szak<\/td>\n<td>1 \u00e9v korl\u00e1tozott garancia<\/td>\n<\/tr>\n<tr>\n<td>Akkumul\u00e1tor garancia<\/td>\n<td>A v\u00e1s\u00e1rl\u00e1st\u00f3l sz\u00e1m\u00edtott 1 \u00e9v<\/td>\n<\/tr>\n<tr>\n<td>Keret garancia<\/td>\n<td>2 \u00e9v<\/td>\n<\/tr>\n<tr>\n<td rowspan=\"2\">\u00d6sszeszerel\u00e9s \u00e9s sz\u00e1ll\u00edt\u00e1s<\/td>\n<td>\u00d6sszeszerel\u00e9s sz\u00fcks\u00e9ges<\/td>\n<td>90% el\u0151re \u00f6sszeszerelve (els\u0151 ker\u00e9k, ped\u00e1lok, korm\u00e1ny)<\/td>\n<\/tr>\n<tr>\n<td>\u00d6sszeszerel\u00e9si \u00fatmutat\u00f3<\/td>\n<td>T\u00f6bbnyelv\u0171 k\u00e9zik\u00f6nyv mell\u00e9kelve<\/td>\n<\/tr>\n<\/tbody>\n<\/table>\n<p>&nbsp;<\/p>\n<p><img loading=\"lazy\" decoding=\"async\" class=\"alignnone size-full wp-image-3884\" src=\"https:\/\/galaxybicycle.com\/wp-content\/uploads\/2025\/09\/CITY-1_01.jpg\" alt=\"\" width=\"1563\" height=\"2520\" title=\"\" srcset=\"https:\/\/galaxybicycle.com\/wp-content\/uploads\/2025\/09\/CITY-1_01.jpg 1563w, https:\/\/galaxybicycle.com\/wp-content\/uploads\/2025\/09\/CITY-1_01-186x300.jpg 186w, https:\/\/galaxybicycle.com\/wp-content\/uploads\/2025\/09\/CITY-1_01-635x1024.jpg 635w, https:\/\/galaxybicycle.com\/wp-content\/uploads\/2025\/09\/CITY-1_01-768x1238.jpg 768w, https:\/\/galaxybicycle.com\/wp-content\/uploads\/2025\/09\/CITY-1_01-953x1536.jpg 953w, https:\/\/galaxybicycle.com\/wp-content\/uploads\/2025\/09\/CITY-1_01-1270x2048.jpg 1270w, https:\/\/galaxybicycle.com\/wp-content\/uploads\/2025\/09\/CITY-1_01-7x12.jpg 7w, https:\/\/galaxybicycle.com\/wp-content\/uploads\/2025\/09\/CITY-1_01-1000x1612.jpg 1000w\" sizes=\"auto, (max-width: 1563px) 100vw, 1563px\" \/> <img loading=\"lazy\" decoding=\"async\" class=\"alignnone size-full wp-image-3885\" src=\"https:\/\/galaxybicycle.com\/wp-content\/uploads\/2025\/09\/CITY-1_02.jpg\" alt=\"\" width=\"1563\" height=\"1954\" title=\"\" srcset=\"https:\/\/galaxybicycle.com\/wp-content\/uploads\/2025\/09\/CITY-1_02.jpg 1563w, https:\/\/galaxybicycle.com\/wp-content\/uploads\/2025\/09\/CITY-1_02-240x300.jpg 240w, https:\/\/galaxybicycle.com\/wp-content\/uploads\/2025\/09\/CITY-1_02-819x1024.jpg 819w, https:\/\/galaxybicycle.com\/wp-content\/uploads\/2025\/09\/CITY-1_02-768x960.jpg 768w, https:\/\/galaxybicycle.com\/wp-content\/uploads\/2025\/09\/CITY-1_02-1229x1536.jpg 1229w, https:\/\/galaxybicycle.com\/wp-content\/uploads\/2025\/09\/CITY-1_02-10x12.jpg 10w, https:\/\/galaxybicycle.com\/wp-content\/uploads\/2025\/09\/CITY-1_02-1000x1250.jpg 1000w\" sizes=\"auto, (max-width: 1563px) 100vw, 1563px\" \/> <img loading=\"lazy\" decoding=\"async\" class=\"alignnone size-full wp-image-3886\" src=\"https:\/\/galaxybicycle.com\/wp-content\/uploads\/2025\/09\/CITY-1_03.jpg\" alt=\"\" width=\"1563\" height=\"790\" title=\"\" srcset=\"https:\/\/galaxybicycle.com\/wp-content\/uploads\/2025\/09\/CITY-1_03.jpg 1563w, https:\/\/galaxybicycle.com\/wp-content\/uploads\/2025\/09\/CITY-1_03-300x152.jpg 300w, https:\/\/galaxybicycle.com\/wp-content\/uploads\/2025\/09\/CITY-1_03-1024x518.jpg 1024w, https:\/\/galaxybicycle.com\/wp-content\/uploads\/2025\/09\/CITY-1_03-768x388.jpg 768w, https:\/\/galaxybicycle.com\/wp-content\/uploads\/2025\/09\/CITY-1_03-1536x776.jpg 1536w, https:\/\/galaxybicycle.com\/wp-content\/uploads\/2025\/09\/CITY-1_03-18x9.jpg 18w, https:\/\/galaxybicycle.com\/wp-content\/uploads\/2025\/09\/CITY-1_03-1000x505.jpg 1000w\" sizes=\"auto, (max-width: 1563px) 100vw, 1563px\" \/> <img loading=\"lazy\" decoding=\"async\" class=\"alignnone size-full wp-image-3887\" src=\"https:\/\/galaxybicycle.com\/wp-content\/uploads\/2025\/09\/CITY-1_04.jpg\" alt=\"\" width=\"1563\" height=\"1558\" title=\"\" srcset=\"https:\/\/galaxybicycle.com\/wp-content\/uploads\/2025\/09\/CITY-1_04.jpg 1563w, https:\/\/galaxybicycle.com\/wp-content\/uploads\/2025\/09\/CITY-1_04-300x300.jpg 300w, https:\/\/galaxybicycle.com\/wp-content\/uploads\/2025\/09\/CITY-1_04-1024x1021.jpg 1024w, https:\/\/galaxybicycle.com\/wp-content\/uploads\/2025\/09\/CITY-1_04-150x150.jpg 150w, https:\/\/galaxybicycle.com\/wp-content\/uploads\/2025\/09\/CITY-1_04-768x766.jpg 768w, https:\/\/galaxybicycle.com\/wp-content\/uploads\/2025\/09\/CITY-1_04-1536x1531.jpg 1536w, https:\/\/galaxybicycle.com\/wp-content\/uploads\/2025\/09\/CITY-1_04-12x12.jpg 12w, https:\/\/galaxybicycle.com\/wp-content\/uploads\/2025\/09\/CITY-1_04-1000x997.jpg 1000w, https:\/\/galaxybicycle.com\/wp-content\/uploads\/2025\/09\/CITY-1_04-100x100.jpg 100w\" sizes=\"auto, (max-width: 1563px) 100vw, 1563px\" \/> <img loading=\"lazy\" decoding=\"async\" class=\"alignnone size-full wp-image-3888\" src=\"https:\/\/galaxybicycle.com\/wp-content\/uploads\/2025\/09\/CITY-1_05.jpg\" alt=\"\" width=\"1563\" height=\"1657\" title=\"\" srcset=\"https:\/\/galaxybicycle.com\/wp-content\/uploads\/2025\/09\/CITY-1_05.jpg 1563w, https:\/\/galaxybicycle.com\/wp-content\/uploads\/2025\/09\/CITY-1_05-283x300.jpg 283w, https:\/\/galaxybicycle.com\/wp-content\/uploads\/2025\/09\/CITY-1_05-966x1024.jpg 966w, https:\/\/galaxybicycle.com\/wp-content\/uploads\/2025\/09\/CITY-1_05-768x814.jpg 768w, https:\/\/galaxybicycle.com\/wp-content\/uploads\/2025\/09\/CITY-1_05-1449x1536.jpg 1449w, https:\/\/galaxybicycle.com\/wp-content\/uploads\/2025\/09\/CITY-1_05-11x12.jpg 11w, https:\/\/galaxybicycle.com\/wp-content\/uploads\/2025\/09\/CITY-1_05-1000x1060.jpg 1000w\" sizes=\"auto, (max-width: 1563px) 100vw, 1563px\" \/> <img loading=\"lazy\" decoding=\"async\" class=\"alignnone size-full wp-image-3889\" src=\"https:\/\/galaxybicycle.com\/wp-content\/uploads\/2025\/09\/CITY-1_06.jpg\" alt=\"\" width=\"1563\" height=\"1813\" title=\"\" srcset=\"https:\/\/galaxybicycle.com\/wp-content\/uploads\/2025\/09\/CITY-1_06.jpg 1563w, https:\/\/galaxybicycle.com\/wp-content\/uploads\/2025\/09\/CITY-1_06-259x300.jpg 259w, https:\/\/galaxybicycle.com\/wp-content\/uploads\/2025\/09\/CITY-1_06-883x1024.jpg 883w, https:\/\/galaxybicycle.com\/wp-content\/uploads\/2025\/09\/CITY-1_06-768x891.jpg 768w, https:\/\/galaxybicycle.com\/wp-content\/uploads\/2025\/09\/CITY-1_06-1324x1536.jpg 1324w, https:\/\/galaxybicycle.com\/wp-content\/uploads\/2025\/09\/CITY-1_06-10x12.jpg 10w, https:\/\/galaxybicycle.com\/wp-content\/uploads\/2025\/09\/CITY-1_06-1000x1160.jpg 1000w\" sizes=\"auto, (max-width: 1563px) 100vw, 1563px\" \/> <img loading=\"lazy\" decoding=\"async\" class=\"alignnone size-full wp-image-3890\" src=\"https:\/\/galaxybicycle.com\/wp-content\/uploads\/2025\/09\/CITY-1_07.jpg\" alt=\"\" width=\"1563\" height=\"1647\" title=\"\" srcset=\"https:\/\/galaxybicycle.com\/wp-content\/uploads\/2025\/09\/CITY-1_07.jpg 1563w, https:\/\/galaxybicycle.com\/wp-content\/uploads\/2025\/09\/CITY-1_07-285x300.jpg 285w, https:\/\/galaxybicycle.com\/wp-content\/uploads\/2025\/09\/CITY-1_07-972x1024.jpg 972w, https:\/\/galaxybicycle.com\/wp-content\/uploads\/2025\/09\/CITY-1_07-768x809.jpg 768w, https:\/\/galaxybicycle.com\/wp-content\/uploads\/2025\/09\/CITY-1_07-1458x1536.jpg 1458w, https:\/\/galaxybicycle.com\/wp-content\/uploads\/2025\/09\/CITY-1_07-11x12.jpg 11w, https:\/\/galaxybicycle.com\/wp-content\/uploads\/2025\/09\/CITY-1_07-1000x1054.jpg 1000w\" sizes=\"auto, (max-width: 1563px) 100vw, 1563px\" \/> <img loading=\"lazy\" decoding=\"async\" class=\"alignnone size-full wp-image-3891\" src=\"https:\/\/galaxybicycle.com\/wp-content\/uploads\/2025\/09\/CITY-1_08.jpg\" alt=\"\" width=\"1563\" height=\"1044\" title=\"\" srcset=\"https:\/\/galaxybicycle.com\/wp-content\/uploads\/2025\/09\/CITY-1_08.jpg 1563w, https:\/\/galaxybicycle.com\/wp-content\/uploads\/2025\/09\/CITY-1_08-300x200.jpg 300w, https:\/\/galaxybicycle.com\/wp-content\/uploads\/2025\/09\/CITY-1_08-1024x684.jpg 1024w, https:\/\/galaxybicycle.com\/wp-content\/uploads\/2025\/09\/CITY-1_08-768x513.jpg 768w, https:\/\/galaxybicycle.com\/wp-content\/uploads\/2025\/09\/CITY-1_08-1536x1026.jpg 1536w, https:\/\/galaxybicycle.com\/wp-content\/uploads\/2025\/09\/CITY-1_08-18x12.jpg 18w, https:\/\/galaxybicycle.com\/wp-content\/uploads\/2025\/09\/CITY-1_08-1000x668.jpg 1000w\" sizes=\"auto, (max-width: 1563px) 100vw, 1563px\" \/><\/p>","protected":false},"excerpt":{"rendered":"<p><strong>Utazzon a v\u00e1rosban st\u00edlusosan \u00e9s k\u00e9nyelmesen!<\/strong> Az Pixar City1 megb\u00edzhat\u00f3, k\u00f6rnyezetbar\u00e1t \u00e9s sz\u00f3rakoztat\u00f3 m\u00f3dja az ing\u00e1z\u00e1snak vagy a felfedez\u00e9snek. Az olyan intelligens funkci\u00f3kkal, mint a 36 V-os akkumul\u00e1tor, a nagy sebess\u00e9g\u0171 250 W-os motor \u00e9s a Shimano 7 sebess\u00e9ges v\u00e1lt\u00f3, ezt az e-bike-ot \u00fagy tervezt\u00e9k, hogy minden alkalommal er\u0151t, kontrollt \u00e9s sima utaz\u00e1st biztos\u00edtson.<\/p>","protected":false},"featured_media":3858,"comment_status":"open","ping_status":"closed","template":"","meta":[],"product_brand":[36],"product_cat":[41,40,39],"product_tag":[],"class_list":{"0":"post-3857","1":"product","2":"type-product","3":"status-publish","4":"has-post-thumbnail","6":"product_brand-pixar","7":"product_cat-pixar-electric-bikes","8":"product_cat-eu-warehourse","9":"product_cat-uk-warehouse","11":"first","12":"instock","13":"shipping-taxable","14":"purchasable","15":"product-type-simple"},"_links":{"self":[{"href":"https:\/\/galaxybicycle.com\/hu\/wp-json\/wp\/v2\/product\/3857","targetHints":{"allow":["GET"]}}],"collection":[{"href":"https:\/\/galaxybicycle.com\/hu\/wp-json\/wp\/v2\/product"}],"about":[{"href":"https:\/\/galaxybicycle.com\/hu\/wp-json\/wp\/v2\/types\/product"}],"replies":[{"embeddable":true,"href":"https:\/\/galaxybicycle.com\/hu\/wp-json\/wp\/v2\/comments?post=3857"}],"wp:featuredmedia":[{"embeddable":true,"href":"https:\/\/galaxybicycle.com\/hu\/wp-json\/wp\/v2\/media\/3858"}],"wp:attachment":[{"href":"https:\/\/galaxybicycle.com\/hu\/wp-json\/wp\/v2\/media?parent=3857"}],"wp:term":[{"taxonomy":"product_brand","embeddable":true,"href":"https:\/\/galaxybicycle.com\/hu\/wp-json\/wp\/v2\/product_brand?post=3857"},{"taxonomy":"product_cat","embeddable":true,"href":"https:\/\/galaxybicycle.com\/hu\/wp-json\/wp\/v2\/product_cat?post=3857"},{"taxonomy":"product_tag","embeddable":true,"href":"https:\/\/galaxybicycle.com\/hu\/wp-json\/wp\/v2\/product_tag?post=3857"}],"curies":[{"name":"wp","href":"https:\/\/api.w.org\/{rel}","templated":true}]}}