{"id":3845,"date":"2025-09-08T11:20:51","date_gmt":"2025-09-08T11:20:51","guid":{"rendered":"https:\/\/galaxybicycle.com\/?post_type=product&#038;p=3845"},"modified":"2026-01-09T10:23:33","modified_gmt":"2026-01-09T10:23:33","slug":"pixar-star1","status":"publish","type":"product","link":"https:\/\/galaxybicycle.com\/hu\/product\/pixar-star1\/","title":{"rendered":"Pixar Star 1 elektromos ker\u00e9kp\u00e1r | 500W 48V15AH l\u00edtium akkumul\u00e1tor | 21 sebess\u00e9ges mini elektromos ker\u00e9kp\u00e1r"},"content":{"rendered":"<p><iframe loading=\"lazy\" title=\"Pixar Csillagkosarak telep\u00edt\u00e9si vide\u00f3 star1 sz\u00f6vegekkel\" src=\"https:\/\/www.youtube.com\/embed\/eIio7DEhB6A\" width=\"1840\" height=\"1035\" frameborder=\"0\" allowfullscreen=\"allowfullscreen\"><\/iframe><br \/>\n<iframe loading=\"lazy\" title=\"Pixar Star sebess\u00e9g felold\u00e1sa video star1 sz\u00f6vegekkel\" src=\"https:\/\/www.youtube.com\/embed\/TSCE0NUut9U\" width=\"1840\" height=\"1035\" frameborder=\"0\" allowfullscreen=\"allowfullscreen\"><\/iframe><br \/>\n<iframe loading=\"lazy\" title=\"Pixar Star Unboxing vide\u00f3 star1 sz\u00f6vegekkel\" src=\"https:\/\/www.youtube.com\/embed\/A5PJTJHYAHo\" width=\"1840\" height=\"1035\" frameborder=\"0\" allowfullscreen=\"allowfullscreen\"><\/iframe><\/p>\n<p><strong>Pixar Star 1 elektromos ker\u00e9kp\u00e1r<\/strong> a karcs\u00fa, modern diz\u00e1jnt robusztus teljes\u00edtm\u00e9nnyel \u00f6tv\u00f6zi, ide\u00e1lis a st\u00edlust \u00e9s a praktikumot keres\u0151 lovasok sz\u00e1m\u00e1ra. Tart\u00f3s 6061 alum\u00ednium\u00f6tv\u00f6zetb\u0151l k\u00e9sz\u00fclt \u00f6sszecsukhat\u00f3 v\u00e1za egy er\u0151s 48 V-os 500 W-os CZJB h\u00e1ts\u00f3 ker\u00e9kagy n\u00e9lk\u00fcli kefe n\u00e9lk\u00fcli motorral p\u00e1rosul, amely er\u0151s nyomat\u00e9kot \u00e9s 25 km\/h v\u00e9gsebess\u00e9get biztos\u00edt (pedelec \u00fczemm\u00f3dban 32 km\/h-ra \u00e1ll\u00edthat\u00f3).<\/p>\n<p>A kivehet\u0151 48V 15Ah l\u00edtium-ion akkumul\u00e1tor (EVE cell\u00e1kat haszn\u00e1l) megb\u00edzhat\u00f3an 45-55 km-es hat\u00f3t\u00e1vols\u00e1got biztos\u00edt egy t\u00f6lt\u00e9ssel, \u00e9s a mell\u00e9kelt 54,6V 2A intelligens t\u00f6lt\u0151vel k\u00f6r\u00fclbel\u00fcl 7,5 \u00f3ra alatt teljesen felt\u00f6lthet\u0151. Navig\u00e1ljon k\u00f6nnyed\u00e9n a v\u00e1ltozatos terepen a Shimano 7 sebess\u00e9ges hajt\u00e1sl\u00e1nc\u00e1val, az \u00e1ll\u00edthat\u00f3 els\u0151 felf\u00fcggeszt\u00e9ssel \u00e9s a kiv\u00e1l\u00f3 tapad\u00e1st \u00e9s stabilit\u00e1st biztos\u00edt\u00f3 20\u2033 \u00d7 4\u2033 Chaoyang zs\u00edrgumikkal.<\/p>\n<p>A biztons\u00e1got els\u0151bbs\u00e9get \u00e9lveznek az els\u0151 \u00e9s h\u00e1ts\u00f3 mechanikus t\u00e1rcsaf\u00e9kek (180 mm-es forg\u00f3r\u00e9szekkel), amelyeken a f\u00e9kkarok er\u0151sen kikapcsolhat\u00f3k, valamint a be\u00e9p\u00edtett LED-vil\u00e1g\u00edt\u00e1s \u00e9s az elektronikus k\u00fcrt. Az SW-K618 intelligens sz\u00ednes kijelz\u0151 (IP66-besorol\u00e1s\u00fa, C-t\u00edpus\u00fa t\u00f6lt\u00e9ssel) 5 asszisztenciaszintet, gyalogl\u00e1sseg\u00edt\u0151 \u00fczemm\u00f3dot \u00e9s val\u00f3s idej\u0171 menetadatokat k\u00edn\u00e1l.<\/p>\n<p>A kompakt \u00e9s hordozhat\u00f3 ker\u00e9kp\u00e1r 95 \u00d7 44 \u00d7 73 cm-es m\u00e9retre \u00f6sszehajthat\u00f3, \u00edgy t\u00f6k\u00e9letes a v\u00e1rosi ing\u00e1z\u00f3k \u00e9s utaz\u00f3k sz\u00e1m\u00e1ra. A tov\u00e1bbi jellemz\u0151k k\u00f6z\u00e9 tartoznak az els\u0151\/h\u00e1ts\u00f3 s\u00e1rv\u00e9d\u0151k, a h\u00e1ts\u00f3 csomagtart\u00f3, az \u00f6sszecsukhat\u00f3 ped\u00e1lok \u00e9s a nagy teherb\u00edr\u00e1s\u00fa \u00e1llv\u00e1ny.<\/p>\n<h3>Mi\u00e9rt v\u00e1lassza az Pixar Star 1-et?<\/h3>\n<ul>\n<li><strong>Er\u0151teljes teljes\u00edtm\u00e9ny:<\/strong> 500 W-os kefe n\u00e9lk\u00fcli motor 25 km\/h v\u00e9gsebess\u00e9ggel (32 km\/h-ig \u00e1ll\u00edthat\u00f3).<\/li>\n<li><strong>Kiterjesztett tartom\u00e1ny:<\/strong> A 48 V-os 15 Ah l\u00edtium-ion akkumul\u00e1tor 45-55 km megt\u00e9tel\u00e9re k\u00e9pes t\u00f6lt\u00e9senk\u00e9nt.<\/li>\n<li><strong>Sima vez\u00e9rl\u00e9s:<\/strong> Shimano 7 sebess\u00e9ges v\u00e1lt\u00f3 \u00e9s 5 fokozat\u00fa ped\u00e1lseg\u00e9d a sokoldal\u00fa vezet\u00e9shez.<\/li>\n<li><strong>Megb\u00edzhat\u00f3 meg\u00e1ll\u00e1s:<\/strong> Kett\u0151s mechanikus t\u00e1rcsaf\u00e9k motorle\u00e1ll\u00edt\u00f3val a biztons\u00e1gos vez\u00e9rl\u00e9s \u00e9rdek\u00e9ben.<\/li>\n<li><strong>\u00d6sszecsukhat\u00f3 \u00e9s hordozhat\u00f3:<\/strong> Kompakt \u00f6sszecsukhat\u00f3 kialak\u00edt\u00e1s 20\u2033-es vastag gumikkal \u00e9s alum\u00ednium \u00f6tv\u00f6zetb\u0151l k\u00e9sz\u00fclt v\u00e1zzal.<\/li>\n<li><strong>K\u00e9nyelmes t\u00f6lt\u00e9s:<\/strong> A kivehet\u0151 akkumul\u00e1tor ~7,5 \u00f3ra alatt t\u00f6lt\u0151dik fel.<\/li>\n<\/ul>\n<h3>M\u0171szaki adatok<\/h3>\n<table>\n<tbody>\n<tr>\n<td colspan=\"3\">Pixar Star E-bike - Term\u00e9kparam\u00e9terek (eur\u00f3pai piac)<\/td>\n<\/tr>\n<tr>\n<td>\/<\/td>\n<td>Param\u00e9ter<\/td>\n<td>\u00c9rt\u00e9k<\/td>\n<\/tr>\n<tr>\n<td rowspan=\"15\">\u00c1ltal\u00e1nos specifik\u00e1ci\u00f3k<\/td>\n<td>Tartom\u00e1ny<\/td>\n<td>45-55km<\/td>\n<\/tr>\n<tr>\n<td>Legnagyobb sebess\u00e9g<\/td>\n<td>25 km\/h (Pedelec-korl\u00e1toz\u00e1s, 32 km\/h-ig \u00e1ll\u00edthat\u00f3)<\/td>\n<\/tr>\n<tr>\n<td>M\u00e9retek<\/td>\n<td>165 \u00d7 65 \u00d7 127 cm (hossz\u00fas\u00e1g \u00d7 sz\u00e9less\u00e9g \u00d7 magass\u00e1g)<\/td>\n<\/tr>\n<tr>\n<td>Maxim\u00e1lis terhelhet\u0151s\u00e9g<\/td>\n<td>120kg<\/td>\n<\/tr>\n<tr>\n<td>Nett\u00f3 s\u00faly<\/td>\n<td>31kg<\/td>\n<\/tr>\n<tr>\n<td>Brutt\u00f3 t\u00f6meg<\/td>\n<td>41kg<\/td>\n<\/tr>\n<tr>\n<td>Csomagol\u00e1s M\u00e9retek<\/td>\n<td>106 x 49 x 82cm<\/td>\n<\/tr>\n<tr>\n<td>Mennyis\u00e9g 1\u00d740HQ kont\u00e9nerhez<\/td>\n<td>171 db<\/td>\n<\/tr>\n<tr>\n<td>Aj\u00e1nlott magass\u00e1g<\/td>\n<td>155-190 cm<\/td>\n<\/tr>\n<tr>\n<td>Sz\u00ednv\u00e1laszt\u00e9k<\/td>\n<td>Fekete \u00e9s sz\u00fcrke<\/td>\n<\/tr>\n<tr>\n<td>\u00d6sszecsukhat\u00f3<\/td>\n<td>Igen<\/td>\n<\/tr>\n<tr>\n<td>Ker\u00e9kp\u00e1r \u00d6sszecsukott m\u00e9ret<\/td>\n<td>95 x 44 x 73cm<\/td>\n<\/tr>\n<tr>\n<td>IP-besorol\u00e1s<\/td>\n<td>IP54<\/td>\n<\/tr>\n<tr>\n<td>\u00dczemi h\u0151m\u00e9rs\u00e9klet<\/td>\n<td>-10\u00b0C \u00e9s +45\u00b0C k\u00f6z\u00f6tt<\/td>\n<\/tr>\n<tr>\n<td>Ker\u00e9kp\u00e1r kateg\u00f3ria<\/td>\n<td>\u00d6sszecsukhat\u00f3 k\u00f6v\u00e9r gumiabroncs<\/td>\n<\/tr>\n<tr>\n<td rowspan=\"7\">Akkumul\u00e1tor rendszer<\/td>\n<td>Akkumul\u00e1tor kapacit\u00e1s \u00e9s t\u00edpus<\/td>\n<td>48V15Ah L\u00edtium-ion (EVE cell\u00e1k)<\/td>\n<\/tr>\n<tr>\n<td>Akkumul\u00e1tor s\u00falya<\/td>\n<td>3kg<\/td>\n<\/tr>\n<tr>\n<td>Kivehet\u0151 akkumul\u00e1tor<\/td>\n<td>Igen<\/td>\n<\/tr>\n<tr>\n<td>Akkumul\u00e1tor IP-besorol\u00e1s<\/td>\n<td>IP65<\/td>\n<\/tr>\n<tr>\n<td>Akkumul\u00e1tor-tan\u00fas\u00edtv\u00e1ny<\/td>\n<td>EN 62133 szabv\u00e1nynak megfelel\u0151<\/td>\n<\/tr>\n<tr>\n<td>T\u00f6lt\u00e9si id\u0151<\/td>\n<td>7.5h<\/td>\n<\/tr>\n<tr>\n<td>T\u00f6lt\u0151<\/td>\n<td>54.6V2A intelligens t\u00f6lt\u0151<\/td>\n<\/tr>\n<tr>\n<td rowspan=\"4\">Motor \u00e9s meghajt\u00f3 rendszer<\/td>\n<td>Motor t\u00edpusa<\/td>\n<td>Kefe n\u00e9lk\u00fcli motor h\u00e1ts\u00f3 ker\u00e9kagy<\/td>\n<\/tr>\n<tr>\n<td>Motor m\u00e1rka<\/td>\n<td>CZJB<\/td>\n<\/tr>\n<tr>\n<td>Motor<\/td>\n<td>48V500W-os nagy sebess\u00e9g\u0171 h\u00e1ts\u00f3 ker\u00e9kagymotor<\/td>\n<\/tr>\n<tr>\n<td>Maxim\u00e1lis emelked\u0151 meredeks\u00e9g<\/td>\n<td>15\u00b0 (kb. 27% fokozat)<\/td>\n<\/tr>\n<tr>\n<td rowspan=\"7\">Vez\u00e9rl\u0151rendszer<\/td>\n<td>Megjelen\u00edt\u00e9s<\/td>\n<td>SW-K618 intelligens sz\u00ednes kijelz\u0151, IP66, C t\u00edpus\u00fa t\u00f6lt\u00e9s<\/td>\n<\/tr>\n<tr>\n<td>T\u00e1mogat\u00e1si szintek<\/td>\n<td>5 szint (0-5)<\/td>\n<\/tr>\n<tr>\n<td>G\u00e1zkar<\/td>\n<td>Twist Throttle (p\u00f3talkatr\u00e9szek kis dobozban)<\/td>\n<\/tr>\n<tr>\n<td>\u00c9rz\u00e9kel\u0151k<\/td>\n<td>Sebess\u00e9g\u00e9rz\u00e9kel\u0151 (12 m\u00e1gnes)<\/td>\n<\/tr>\n<tr>\n<td>T\u00f6lt\u0151port<\/td>\n<td>Igen (Type-C a kijelz\u0151n)<\/td>\n<\/tr>\n<tr>\n<td>S\u00e9ta asszisztens m\u00f3d<\/td>\n<td>6 km\/h (tartsa lenyomva a \u201c-\u201d gombot)<\/td>\n<\/tr>\n<tr>\n<td>H\u00e1tt\u00e9rvil\u00e1g\u00edt\u00e1s<\/td>\n<td>Igen<\/td>\n<\/tr>\n<tr>\n<td rowspan=\"4\">V\u00e1z \u00e9s villa<\/td>\n<td>Keret Anyag<\/td>\n<td>Alum\u00ednium \u00f6tv\u00f6zet 6061<\/td>\n<\/tr>\n<tr>\n<td>Keret t\u00edpusa<\/td>\n<td>\u00d6sszecsukhat\u00f3 keret<\/td>\n<\/tr>\n<tr>\n<td>Els\u0151 felf\u00fcggeszt\u00e9s<\/td>\n<td>\u00c1ll\u00edthat\u00f3 leng\u00e9scsillap\u00edt\u00f3<\/td>\n<\/tr>\n<tr>\n<td>Els\u0151 villa<\/td>\n<td>Felf\u00fcggesztett vill\u00e1val<\/td>\n<\/tr>\n<tr>\n<td rowspan=\"6\">Hajt\u00e1sl\u00e1nc<\/td>\n<td>L\u00e1nc<\/td>\n<td>1\/2*3\/32 \"x118L<\/td>\n<\/tr>\n<tr>\n<td>Fogasker\u00e9k<\/td>\n<td>52T*170L, \u00f6tv\u00f6zet<\/td>\n<\/tr>\n<tr>\n<td>Szabadonfut\u00f3<\/td>\n<td>7 sebess\u00e9ges, 14-28T szabadonfut\u00f3 (menetes)<\/td>\n<\/tr>\n<tr>\n<td>H\u00e1ts\u00f3 v\u00e1lt\u00f3<\/td>\n<td>Shimano 7 sebess\u00e9ges (14-28T kompatibilis)<\/td>\n<\/tr>\n<tr>\n<td>Els\u0151 v\u00e1lt\u00f3<\/td>\n<td>Nincs (egyetlen l\u00e1ncszem)<\/td>\n<\/tr>\n<tr>\n<td>Shifter<\/td>\n<td>Shimano 7 sebess\u00e9ges<\/td>\n<\/tr>\n<tr>\n<td rowspan=\"5\">Kerekek \u00e9s gumiabroncsok<\/td>\n<td>Ker\u00e9km\u00e9ret<\/td>\n<td>20\u2033*4<\/td>\n<\/tr>\n<tr>\n<td>Spokes<\/td>\n<td>12G \u00d7 256 mm, EN 15194 szabv\u00e1nynak megfelel\u0151en<\/td>\n<\/tr>\n<tr>\n<td>Gumiabroncs m\u00e1rka<\/td>\n<td>Chaoyang<\/td>\n<\/tr>\n<tr>\n<td>Sz\u00far\u00e1s elleni v\u00e9delem<\/td>\n<td>Sz\u00far\u00e1s\u00e1ll\u00f3<\/td>\n<\/tr>\n<tr>\n<td>Bels\u0151 cs\u0151<\/td>\n<td>20\u2033 \u00d7 4.0\u2033, A\/V szelep 35 mm-es szelep<\/td>\n<\/tr>\n<tr>\n<td rowspan=\"4\">F\u00e9krendszer<\/td>\n<td>F\u00e9k t\u00edpusa<\/td>\n<td>Mechanikus t\u00e1rcsaf\u00e9kek (el\u00f6l \u00e9s h\u00e1tul)<\/td>\n<\/tr>\n<tr>\n<td>F\u00e9kek<\/td>\n<td>Teljes\u00edtm\u00e9nyle\u00e1ll\u00edt\u00f3 f\u00e9kek<\/td>\n<\/tr>\n<tr>\n<td>F\u00e9kt\u00e1rcs\u00e1k<\/td>\n<td>180mm (el\u00f6l \u00e9s h\u00e1tul)<\/td>\n<\/tr>\n<tr>\n<td>F\u00e9kkarok<\/td>\n<td>Teljesen alum\u00edniumb\u00f3l k\u00e9sz\u00fclt, alacsony profil\u00fa kialak\u00edt\u00e1s motorle\u00e1ll\u00edt\u00f3val<\/td>\n<\/tr>\n<tr>\n<td rowspan=\"7\">Pil\u00f3taf\u00fclke \u00e9s alkatr\u00e9szek<\/td>\n<td>Korm\u00e1nyker\u00e9k<\/td>\n<td>Alum\u00ednium \u00f6tv\u00f6zetb\u0151l k\u00e9sz\u00fclt emelked\u0151 r\u00fad, 25,2\u2033 (640mm) sz\u00e9less\u00e9g, 25,4mm-es sz\u00e1rkapocs<\/td>\n<\/tr>\n<tr>\n<td>Sz\u00e1r<\/td>\n<td>\u00d6sszecsukhat\u00f3 sz\u00e1r<\/td>\n<\/tr>\n<tr>\n<td>Nyereg<\/td>\n<td>Komfort nyereg<\/td>\n<\/tr>\n<tr>\n<td>Nyeregmagass\u00e1g tartom\u00e1ny<\/td>\n<td>900-1000 mm<\/td>\n<\/tr>\n<tr>\n<td>\u00dcl\u0151oszlop<\/td>\n<td>31,8 mm-es alum\u00ednium\u00f6tv\u00f6zet, \u00e1ll\u00edthat\u00f3 sz\u00f6g\u0171<\/td>\n<\/tr>\n<tr>\n<td>Gyorskiold\u00f3<\/td>\n<td>Igen (els\u0151 ker\u00e9k \u00e9s nyeregcs\u0151)<\/td>\n<\/tr>\n<tr>\n<td>Ped\u00e1lok<\/td>\n<td>\u00d6sszecsukhat\u00f3 m\u0171anyag ped\u00e1lok<\/td>\n<\/tr>\n<tr>\n<td rowspan=\"3\">Vil\u00e1g\u00edt\u00e1s \u00e9s biztons\u00e1g<\/td>\n<td>F\u00e9nysz\u00f3r\u00f3<\/td>\n<td>Integr\u00e1lt f\u00e9nysz\u00f3r\u00f3 v\u00edz\u00e1ll\u00f3 lev\u00e1laszt\u00f3val<\/td>\n<\/tr>\n<tr>\n<td>H\u00e1ts\u00f3 l\u00e1mpa<\/td>\n<td>Integr\u00e1lt h\u00e1ts\u00f3 l\u00e1mpa v\u00edz\u00e1ll\u00f3 lev\u00e1laszt\u00f3val<\/td>\n<\/tr>\n<tr>\n<td>Bell\/Horn<\/td>\n<td>Elektronikus k\u00fcrttel<\/td>\n<\/tr>\n<tr>\n<td rowspan=\"6\">Kieg\u00e9sz\u00edt\u0151 berendez\u00e9sek<\/td>\n<td>Kickstand<\/td>\n<td>Nagy teherb\u00edr\u00e1s\u00fa alum\u00ednium \u00e1llv\u00e1ny<\/td>\n<\/tr>\n<tr>\n<td>L\u00f6kh\u00e1r\u00edt\u00f3k\/sz\u00e1rnyv\u00e9d\u0151k<\/td>\n<td>Els\u0151 \u00e9s h\u00e1ts\u00f3 s\u00e1rv\u00e9d\u0151kkel<\/td>\n<\/tr>\n<tr>\n<td>H\u00e1ts\u00f3 csomagtart\u00f3<\/td>\n<td>Igen<\/td>\n<\/tr>\n<tr>\n<td>Els\u0151 \u00e1llv\u00e1ny<\/td>\n<td>Opcion\u00e1lis<\/td>\n<\/tr>\n<tr>\n<td>Kosarak<\/td>\n<td>Nincs<\/td>\n<\/tr>\n<tr>\n<td>Eszk\u00f6zk\u00e9szlet tartalmazza<\/td>\n<td>Igen (3\u00d7 csavarkulcs, 1\u00d7 csavarh\u00faz\u00f3, 5\u00d7 hatlapos kulcs)<\/td>\n<\/tr>\n<tr>\n<td rowspan=\"2\">Tan\u00fas\u00edt\u00e1s \u00e9s megfelel\u00e9s<\/td>\n<td>EN 15194 tan\u00fas\u00edtv\u00e1nnyal<\/td>\n<td>Igen<\/td>\n<\/tr>\n<tr>\n<td>Tan\u00fas\u00edt\u00e1s<\/td>\n<td>CE, EN 15194, UL2271<\/td>\n<\/tr>\n<tr>\n<td rowspan=\"3\">Garancia \u00e9s t\u00e1mogat\u00e1s<\/td>\n<td>Teljes j\u00f3t\u00e1ll\u00e1si id\u0151szak<\/td>\n<td>1 \u00e9v korl\u00e1tozott garancia<\/td>\n<\/tr>\n<tr>\n<td>Akkumul\u00e1tor garancia<\/td>\n<td>1 \u00e9v az eredeti v\u00e1s\u00e1rl\u00e1st\u00f3l sz\u00e1m\u00edtva<\/td>\n<\/tr>\n<tr>\n<td>Keret garancia<\/td>\n<td>2 \u00e9v<\/td>\n<\/tr>\n<tr>\n<td rowspan=\"2\">\u00d6sszeszerel\u00e9s \u00e9s sz\u00e1ll\u00edt\u00e1s<\/td>\n<td>\u00d6sszeszerel\u00e9s sz\u00fcks\u00e9ges<\/td>\n<td>90% el\u0151re \u00f6sszeszerelve (els\u0151 ker\u00e9k, ped\u00e1lok, korm\u00e1ny be\u00e1ll\u00edt\u00e1sa)<\/td>\n<\/tr>\n<tr>\n<td>\u00d6sszeszerel\u00e9si \u00fatmutat\u00f3<\/td>\n<td>T\u00f6bbnyelv\u0171 k\u00e9zik\u00f6nyv mell\u00e9kelve<\/td>\n<\/tr>\n<\/tbody>\n<\/table>\n<p>A <strong>Pixar Star 1 elektromos ker\u00e9kp\u00e1r<\/strong> megb\u00edzhat\u00f3 t\u00e1rsad a mindennapi ing\u00e1z\u00e1shoz, a h\u00e9tv\u00e9gi felfedez\u00e9sekhez \u00e9s a fenntarthat\u00f3 utaz\u00e1shoz. Er\u0151teljes teljes\u00edtm\u00e9ny\u00e9vel, intelligens funkci\u00f3ival \u00e9s \u00f6sszecsukhat\u00f3 kialak\u00edt\u00e1s\u00e1val magabiztos, st\u00edlusos utaz\u00e1st biztos\u00edt, b\u00e1rhov\u00e1 is megy.<\/p>\n<p><img loading=\"lazy\" decoding=\"async\" class=\"alignnone size-full wp-image-3846\" src=\"https:\/\/galaxybicycle.com\/wp-content\/uploads\/2025\/09\/Star1_01.jpg\" alt=\"\" width=\"1563\" height=\"2529\" title=\"\" srcset=\"https:\/\/galaxybicycle.com\/wp-content\/uploads\/2025\/09\/Star1_01.jpg 1563w, https:\/\/galaxybicycle.com\/wp-content\/uploads\/2025\/09\/Star1_01-185x300.jpg 185w, https:\/\/galaxybicycle.com\/wp-content\/uploads\/2025\/09\/Star1_01-633x1024.jpg 633w, https:\/\/galaxybicycle.com\/wp-content\/uploads\/2025\/09\/Star1_01-768x1243.jpg 768w, https:\/\/galaxybicycle.com\/wp-content\/uploads\/2025\/09\/Star1_01-949x1536.jpg 949w, https:\/\/galaxybicycle.com\/wp-content\/uploads\/2025\/09\/Star1_01-1266x2048.jpg 1266w, https:\/\/galaxybicycle.com\/wp-content\/uploads\/2025\/09\/Star1_01-7x12.jpg 7w, https:\/\/galaxybicycle.com\/wp-content\/uploads\/2025\/09\/Star1_01-1000x1618.jpg 1000w\" sizes=\"auto, (max-width: 1563px) 100vw, 1563px\" \/> <img loading=\"lazy\" decoding=\"async\" class=\"alignnone size-full wp-image-3847\" src=\"https:\/\/galaxybicycle.com\/wp-content\/uploads\/2025\/09\/Star1_02.jpg\" alt=\"\" width=\"1563\" height=\"1945\" title=\"\" srcset=\"https:\/\/galaxybicycle.com\/wp-content\/uploads\/2025\/09\/Star1_02.jpg 1563w, https:\/\/galaxybicycle.com\/wp-content\/uploads\/2025\/09\/Star1_02-241x300.jpg 241w, https:\/\/galaxybicycle.com\/wp-content\/uploads\/2025\/09\/Star1_02-823x1024.jpg 823w, https:\/\/galaxybicycle.com\/wp-content\/uploads\/2025\/09\/Star1_02-768x956.jpg 768w, https:\/\/galaxybicycle.com\/wp-content\/uploads\/2025\/09\/Star1_02-1234x1536.jpg 1234w, https:\/\/galaxybicycle.com\/wp-content\/uploads\/2025\/09\/Star1_02-10x12.jpg 10w, https:\/\/galaxybicycle.com\/wp-content\/uploads\/2025\/09\/Star1_02-1000x1244.jpg 1000w\" sizes=\"auto, (max-width: 1563px) 100vw, 1563px\" \/> <img loading=\"lazy\" decoding=\"async\" class=\"alignnone size-full wp-image-3848\" src=\"https:\/\/galaxybicycle.com\/wp-content\/uploads\/2025\/09\/Star1_03.jpg\" alt=\"\" width=\"1563\" height=\"760\" title=\"\" srcset=\"https:\/\/galaxybicycle.com\/wp-content\/uploads\/2025\/09\/Star1_03.jpg 1563w, https:\/\/galaxybicycle.com\/wp-content\/uploads\/2025\/09\/Star1_03-300x146.jpg 300w, https:\/\/galaxybicycle.com\/wp-content\/uploads\/2025\/09\/Star1_03-1024x498.jpg 1024w, https:\/\/galaxybicycle.com\/wp-content\/uploads\/2025\/09\/Star1_03-768x373.jpg 768w, https:\/\/galaxybicycle.com\/wp-content\/uploads\/2025\/09\/Star1_03-1536x747.jpg 1536w, https:\/\/galaxybicycle.com\/wp-content\/uploads\/2025\/09\/Star1_03-18x9.jpg 18w, https:\/\/galaxybicycle.com\/wp-content\/uploads\/2025\/09\/Star1_03-1000x486.jpg 1000w\" sizes=\"auto, (max-width: 1563px) 100vw, 1563px\" \/> <img loading=\"lazy\" decoding=\"async\" class=\"alignnone size-full wp-image-3849\" src=\"https:\/\/galaxybicycle.com\/wp-content\/uploads\/2025\/09\/Star1_04.jpg\" alt=\"\" width=\"1563\" height=\"1300\" title=\"\" srcset=\"https:\/\/galaxybicycle.com\/wp-content\/uploads\/2025\/09\/Star1_04.jpg 1563w, https:\/\/galaxybicycle.com\/wp-content\/uploads\/2025\/09\/Star1_04-300x250.jpg 300w, https:\/\/galaxybicycle.com\/wp-content\/uploads\/2025\/09\/Star1_04-1024x852.jpg 1024w, https:\/\/galaxybicycle.com\/wp-content\/uploads\/2025\/09\/Star1_04-768x639.jpg 768w, https:\/\/galaxybicycle.com\/wp-content\/uploads\/2025\/09\/Star1_04-1536x1278.jpg 1536w, https:\/\/galaxybicycle.com\/wp-content\/uploads\/2025\/09\/Star1_04-14x12.jpg 14w, https:\/\/galaxybicycle.com\/wp-content\/uploads\/2025\/09\/Star1_04-1000x832.jpg 1000w\" sizes=\"auto, (max-width: 1563px) 100vw, 1563px\" \/> <img loading=\"lazy\" decoding=\"async\" class=\"alignnone size-full wp-image-3850\" src=\"https:\/\/galaxybicycle.com\/wp-content\/uploads\/2025\/09\/Star1_05.jpg\" alt=\"\" width=\"1563\" height=\"1372\" title=\"\" srcset=\"https:\/\/galaxybicycle.com\/wp-content\/uploads\/2025\/09\/Star1_05.jpg 1563w, https:\/\/galaxybicycle.com\/wp-content\/uploads\/2025\/09\/Star1_05-300x263.jpg 300w, https:\/\/galaxybicycle.com\/wp-content\/uploads\/2025\/09\/Star1_05-1024x899.jpg 1024w, https:\/\/galaxybicycle.com\/wp-content\/uploads\/2025\/09\/Star1_05-768x674.jpg 768w, https:\/\/galaxybicycle.com\/wp-content\/uploads\/2025\/09\/Star1_05-1536x1348.jpg 1536w, https:\/\/galaxybicycle.com\/wp-content\/uploads\/2025\/09\/Star1_05-14x12.jpg 14w, https:\/\/galaxybicycle.com\/wp-content\/uploads\/2025\/09\/Star1_05-1000x878.jpg 1000w\" sizes=\"auto, (max-width: 1563px) 100vw, 1563px\" \/> <img loading=\"lazy\" decoding=\"async\" class=\"alignnone size-full wp-image-3851\" src=\"https:\/\/galaxybicycle.com\/wp-content\/uploads\/2025\/09\/Star1_06.jpg\" alt=\"\" width=\"1563\" height=\"1927\" title=\"\" srcset=\"https:\/\/galaxybicycle.com\/wp-content\/uploads\/2025\/09\/Star1_06.jpg 1563w, https:\/\/galaxybicycle.com\/wp-content\/uploads\/2025\/09\/Star1_06-243x300.jpg 243w, https:\/\/galaxybicycle.com\/wp-content\/uploads\/2025\/09\/Star1_06-831x1024.jpg 831w, https:\/\/galaxybicycle.com\/wp-content\/uploads\/2025\/09\/Star1_06-768x947.jpg 768w, https:\/\/galaxybicycle.com\/wp-content\/uploads\/2025\/09\/Star1_06-1246x1536.jpg 1246w, https:\/\/galaxybicycle.com\/wp-content\/uploads\/2025\/09\/Star1_06-10x12.jpg 10w, https:\/\/galaxybicycle.com\/wp-content\/uploads\/2025\/09\/Star1_06-1000x1233.jpg 1000w\" sizes=\"auto, (max-width: 1563px) 100vw, 1563px\" \/> <img loading=\"lazy\" decoding=\"async\" class=\"alignnone size-full wp-image-3852\" src=\"https:\/\/galaxybicycle.com\/wp-content\/uploads\/2025\/09\/Star1_07.jpg\" alt=\"\" width=\"1563\" height=\"1790\" title=\"\" srcset=\"https:\/\/galaxybicycle.com\/wp-content\/uploads\/2025\/09\/Star1_07.jpg 1563w, https:\/\/galaxybicycle.com\/wp-content\/uploads\/2025\/09\/Star1_07-262x300.jpg 262w, https:\/\/galaxybicycle.com\/wp-content\/uploads\/2025\/09\/Star1_07-894x1024.jpg 894w, https:\/\/galaxybicycle.com\/wp-content\/uploads\/2025\/09\/Star1_07-768x880.jpg 768w, https:\/\/galaxybicycle.com\/wp-content\/uploads\/2025\/09\/Star1_07-1341x1536.jpg 1341w, https:\/\/galaxybicycle.com\/wp-content\/uploads\/2025\/09\/Star1_07-10x12.jpg 10w, https:\/\/galaxybicycle.com\/wp-content\/uploads\/2025\/09\/Star1_07-1000x1145.jpg 1000w\" sizes=\"auto, (max-width: 1563px) 100vw, 1563px\" \/> <img loading=\"lazy\" decoding=\"async\" class=\"alignnone size-full wp-image-3853\" src=\"https:\/\/galaxybicycle.com\/wp-content\/uploads\/2025\/09\/Star1_08.jpg\" alt=\"\" width=\"1563\" height=\"1512\" title=\"\" srcset=\"https:\/\/galaxybicycle.com\/wp-content\/uploads\/2025\/09\/Star1_08.jpg 1563w, https:\/\/galaxybicycle.com\/wp-content\/uploads\/2025\/09\/Star1_08-300x290.jpg 300w, https:\/\/galaxybicycle.com\/wp-content\/uploads\/2025\/09\/Star1_08-1024x991.jpg 1024w, https:\/\/galaxybicycle.com\/wp-content\/uploads\/2025\/09\/Star1_08-768x743.jpg 768w, https:\/\/galaxybicycle.com\/wp-content\/uploads\/2025\/09\/Star1_08-1536x1486.jpg 1536w, https:\/\/galaxybicycle.com\/wp-content\/uploads\/2025\/09\/Star1_08-12x12.jpg 12w, https:\/\/galaxybicycle.com\/wp-content\/uploads\/2025\/09\/Star1_08-1000x967.jpg 1000w\" sizes=\"auto, (max-width: 1563px) 100vw, 1563px\" \/> <img loading=\"lazy\" decoding=\"async\" class=\"alignnone size-full wp-image-3854\" src=\"https:\/\/galaxybicycle.com\/wp-content\/uploads\/2025\/09\/Star1_09.jpg\" alt=\"\" width=\"1563\" height=\"1707\" title=\"\" srcset=\"https:\/\/galaxybicycle.com\/wp-content\/uploads\/2025\/09\/Star1_09.jpg 1563w, https:\/\/galaxybicycle.com\/wp-content\/uploads\/2025\/09\/Star1_09-275x300.jpg 275w, https:\/\/galaxybicycle.com\/wp-content\/uploads\/2025\/09\/Star1_09-938x1024.jpg 938w, https:\/\/galaxybicycle.com\/wp-content\/uploads\/2025\/09\/Star1_09-768x839.jpg 768w, https:\/\/galaxybicycle.com\/wp-content\/uploads\/2025\/09\/Star1_09-1406x1536.jpg 1406w, https:\/\/galaxybicycle.com\/wp-content\/uploads\/2025\/09\/Star1_09-11x12.jpg 11w, https:\/\/galaxybicycle.com\/wp-content\/uploads\/2025\/09\/Star1_09-1000x1092.jpg 1000w\" sizes=\"auto, (max-width: 1563px) 100vw, 1563px\" \/> <img loading=\"lazy\" decoding=\"async\" class=\"alignnone size-full wp-image-3855\" src=\"https:\/\/galaxybicycle.com\/wp-content\/uploads\/2025\/09\/Star1_10.jpg\" alt=\"\" width=\"1563\" height=\"1547\" title=\"\" srcset=\"https:\/\/galaxybicycle.com\/wp-content\/uploads\/2025\/09\/Star1_10.jpg 1563w, https:\/\/galaxybicycle.com\/wp-content\/uploads\/2025\/09\/Star1_10-300x297.jpg 300w, https:\/\/galaxybicycle.com\/wp-content\/uploads\/2025\/09\/Star1_10-1024x1014.jpg 1024w, https:\/\/galaxybicycle.com\/wp-content\/uploads\/2025\/09\/Star1_10-768x760.jpg 768w, https:\/\/galaxybicycle.com\/wp-content\/uploads\/2025\/09\/Star1_10-1536x1520.jpg 1536w, https:\/\/galaxybicycle.com\/wp-content\/uploads\/2025\/09\/Star1_10-12x12.jpg 12w, https:\/\/galaxybicycle.com\/wp-content\/uploads\/2025\/09\/Star1_10-1000x990.jpg 1000w, https:\/\/galaxybicycle.com\/wp-content\/uploads\/2025\/09\/Star1_10-100x100.jpg 100w\" sizes=\"auto, (max-width: 1563px) 100vw, 1563px\" \/><\/p>","protected":false},"excerpt":{"rendered":"<p>Fedezze fel az Pixar Star 1 elektromos ker\u00e9kp\u00e1rt - egy st\u00edlusos \u00e9s er\u0151teljes mini e-bike 500W-os kefe n\u00e9lk\u00fcli motorral, 48V15AH l\u00edtium akkumul\u00e1torral \u00e9s 21 sebess\u00e9ges v\u00e1lt\u00f3val. A k\u00e9nyelemre \u00e9s teljes\u00edtm\u00e9nyre tervezett ker\u00e9kp\u00e1r ak\u00e1r t\u00f6bb mint 60 km-es hat\u00f3t\u00e1vols\u00e1got, gyors sebess\u00e9get \u00e9s sima utaz\u00e1st biztos\u00edt v\u00e1rosi ing\u00e1z\u00e1shoz vagy szabadt\u00e9ri kalandokhoz.<\/p>","protected":false},"featured_media":4041,"comment_status":"open","ping_status":"closed","template":"","meta":[],"product_brand":[36],"product_cat":[41,40],"product_tag":[],"class_list":{"0":"post-3845","1":"product","2":"type-product","3":"status-publish","4":"has-post-thumbnail","6":"product_brand-pixar","7":"product_cat-pixar-electric-bikes","8":"product_cat-eu-warehourse","10":"first","11":"instock","12":"shipping-taxable","13":"product-type-simple"},"_links":{"self":[{"href":"https:\/\/galaxybicycle.com\/hu\/wp-json\/wp\/v2\/product\/3845","targetHints":{"allow":["GET"]}}],"collection":[{"href":"https:\/\/galaxybicycle.com\/hu\/wp-json\/wp\/v2\/product"}],"about":[{"href":"https:\/\/galaxybicycle.com\/hu\/wp-json\/wp\/v2\/types\/product"}],"replies":[{"embeddable":true,"href":"https:\/\/galaxybicycle.com\/hu\/wp-json\/wp\/v2\/comments?post=3845"}],"wp:featuredmedia":[{"embeddable":true,"href":"https:\/\/galaxybicycle.com\/hu\/wp-json\/wp\/v2\/media\/4041"}],"wp:attachment":[{"href":"https:\/\/galaxybicycle.com\/hu\/wp-json\/wp\/v2\/media?parent=3845"}],"wp:term":[{"taxonomy":"product_brand","embeddable":true,"href":"https:\/\/galaxybicycle.com\/hu\/wp-json\/wp\/v2\/product_brand?post=3845"},{"taxonomy":"product_cat","embeddable":true,"href":"https:\/\/galaxybicycle.com\/hu\/wp-json\/wp\/v2\/product_cat?post=3845"},{"taxonomy":"product_tag","embeddable":true,"href":"https:\/\/galaxybicycle.com\/hu\/wp-json\/wp\/v2\/product_tag?post=3845"}],"curies":[{"name":"wp","href":"https:\/\/api.w.org\/{rel}","templated":true}]}}