{"id":3839,"date":"2025-09-09T01:17:31","date_gmt":"2025-09-09T01:17:31","guid":{"rendered":"https:\/\/galaxybicycle.com\/?post_type=product&#038;p=3839"},"modified":"2025-11-12T04:42:17","modified_gmt":"2025-11-12T04:42:17","slug":"pixar-ride1","status":"publish","type":"product","link":"https:\/\/galaxybicycle.com\/hu\/product\/pixar-ride1\/","title":{"rendered":"Pixar Ride1 elektromos ker\u00e9kp\u00e1r 500W | Er\u0151teljes v\u00e1rosi \u00e9s terepj\u00e1r\u00f3 elektromos ker\u00e9kp\u00e1r"},"content":{"rendered":"<p><strong>Pixar Ride1 elektromos ker\u00e9kp\u00e1r<\/strong> olyan lovasok sz\u00e1m\u00e1ra k\u00e9sz\u00fclt, akik az ide\u00e1lis kever\u00e9k\u00e9t keresik a <em>er\u0151, st\u00edlus \u00e9s teljes\u00edtm\u00e9ny<\/em>. T\u00f6k\u00e9letes az ing\u00e1z\u00e1shoz, a v\u00e1rosi cirk\u00e1l\u00e1shoz vagy a k\u00f6nny\u0171 terepj\u00e1r\u00f3 utakhoz, megb\u00edzhat\u00f3 teljes\u00edtm\u00e9nyt \u00e9s stabilit\u00e1st biztos\u00edt, b\u00e1rhov\u00e1 is megy.<\/p>\n<p>Egy <strong>48V 10.4Ah l\u00edtium-ion akkumul\u00e1tor EVE cell\u00e1kkal<\/strong> \u00e9s egy <strong>500W-os h\u00e1ts\u00f3, kefe n\u00e9lk\u00fcli motor (CZJB)<\/strong>, a Ride1 egyenletes gyorsul\u00e1st \u00e9s egyenletes teljes\u00edtm\u00e9nyt k\u00edn\u00e1l. El\u00e9ri a sebess\u00e9get ak\u00e1r <strong>25 km\/h<\/strong> (32 km\/h-ig \u00e1ll\u00edthat\u00f3) a <strong>35-45 km hat\u00f3t\u00e1vols\u00e1g<\/strong> ped\u00e1lseg\u00e9d \u00fczemm\u00f3dban.<\/p>\n<p>H\u00f3d\u00edtsa meg a v\u00e1ltozatos terepet magabiztosan a k\u00f6vetkez\u0151knek k\u00f6sz\u00f6nhet\u0151en <strong>20\" x 4\" Chaoyang zs\u00edrgumik<\/strong> sz\u00far\u00e1s\u00e1ll\u00f3s\u00e1ggal. A <strong>teljes kett\u0151s felf\u00fcggeszt\u00e9si rendszer<\/strong>-be\u00e1ll\u00edthat\u00f3 els\u0151 villa \u00e9s h\u00e1ts\u00f3 leng\u00e9scsillap\u00edt\u00f3 elnyeli az \u00fct\u00e9seket a puha, kontroll\u00e1lt vezet\u00e9s \u00e9rdek\u00e9ben.<\/p>\n<p>V\u00e1ltson k\u00f6nnyed\u00e9n a <strong>Shimano 7 sebess\u00e9ges hajt\u00e1sl\u00e1nc<\/strong>, ne haszn\u00e1lja biztons\u00e1gosan <strong>mechanikus t\u00e1rcsaf\u00e9kek<\/strong> (180 mm-es forg\u00f3r\u00e9szek, el\u00f6l \u00e9s h\u00e1tul), \u00e9s figyelje az utaz\u00e1st az egy\u00e9rtelm\u0171 <strong>LCD kijelz\u0151<\/strong> C t\u00edpus\u00fa t\u00f6lt\u0151porttal. \u00d6t asszisztenciaszint, gyalogl\u00e1st seg\u00edt\u0151 \u00fczemm\u00f3d \u00e9s f\u00e9lfordulatos g\u00e1zkar teljes ir\u00e1ny\u00edt\u00e1st biztos\u00edt.<\/p>\n<p>Tart\u00f3s, tart\u00f3s <strong>kiv\u00e1l\u00f3 min\u0151s\u00e9g\u0171 ac\u00e9l \u00e1tl\u00e9p\u0151 keret<\/strong>, ak\u00e1r <strong>120 kg<\/strong> \u00e9s a lovasok \u00f6lt\u00f6nye <strong>155-190 cm<\/strong> magas. A <strong>kivehet\u0151 IP65-\u00f6s besorol\u00e1s\u00fa akkumul\u00e1tor<\/strong> d\u00edjak <strong>4-6 \u00f3ra<\/strong>, m\u00edg <strong>IP54 \u00e1ltal\u00e1nos v\u00edzszigetel\u00e9s<\/strong> biztos\u00edtja a minden id\u0151j\u00e1r\u00e1si k\u00f6r\u00fclm\u00e9nyek k\u00f6z\u00f6tti megb\u00edzhat\u00f3s\u00e1got.<\/p>\n<p>A praktikum tal\u00e1lkozik a st\u00edlussal <strong>fekete \u00e9s sz\u00fcrke kivitelben<\/strong>, <strong>integr\u00e1lt els\u0151 \u00e9s h\u00e1ts\u00f3 l\u00e1mp\u00e1k<\/strong>, <strong>teljes s\u00e1rv\u00e9d\u0151k<\/strong>, <strong>ac\u00e9l h\u00e1ts\u00f3 fogasl\u00e9c<\/strong> (el\u00fcls\u0151 \u00e1llv\u00e1ny opcion\u00e1lis), \u00e9s egy <strong>mechanikus harang<\/strong>. A nagy teherb\u00edr\u00e1s\u00fa \u00e1llv\u00e1ny \u00e9s a mell\u00e9kelt szersz\u00e1mk\u00e9szlet egyszer\u0171v\u00e9 teszi a be\u00e1ll\u00edt\u00e1st \u00e9s a karbantart\u00e1st.<\/p>\n<h3>Kulcsfontoss\u00e1g\u00fa jellemz\u0151k:<\/h3>\n<ul>\n<li><strong>Er\u0151teljes 500W-os motor:<\/strong> V\u00e9gsebess\u00e9g 25 km\/h (32 km\/h-ig \u00e1ll\u00edthat\u00f3), emelked\u00e9s 15\u00b0-ig.<\/li>\n<li><strong>Nagy hat\u00f3t\u00e1vols\u00e1g\u00fa akkumul\u00e1tor:<\/strong> 48V 10,4Ah EVE cell\u00e1k, 35-45 km\/t\u00f6lt\u00e9s, cser\u00e9lhet\u0151 \u00e9s gyorst\u00f6lt\u00e9s.<\/li>\n<li><strong>Sima felf\u00fcggeszt\u00e9s:<\/strong> \u00c1ll\u00edthat\u00f3 els\u0151 villa + h\u00e1ts\u00f3 leng\u00e9scsillap\u00edt\u00f3, k\u00f6v\u00e9r gumikkal p\u00e1ros\u00edtva a kiv\u00e1l\u00f3 k\u00e9nyelem \u00e9rdek\u00e9ben.<\/li>\n<li><strong>Robusztus keret:<\/strong> Kiv\u00e1l\u00f3 min\u0151s\u00e9g\u0171 ac\u00e9l, 120 kg-os maxim\u00e1lis teherb\u00edr\u00e1s, l\u00e9pcs\u0151s kialak\u00edt\u00e1s.<\/li>\n<li><strong>Biztons\u00e1gos f\u00e9kez\u00e9s:<\/strong> Mechanikus t\u00e1rcsaf\u00e9kek, 180 mm-es t\u00e1rcsaf\u00e9kt\u00e1rcs\u00e1kkal.<\/li>\n<li><strong>K\u00e9szen \u00e1ll a lovagl\u00e1sra:<\/strong> LCD kijelz\u0151, 7 sebess\u00e9ges Shimano v\u00e1lt\u00f3, vil\u00e1g\u00edt\u00e1s, s\u00e1rv\u00e9d\u0151k, h\u00e1ts\u00f3 csomagtart\u00f3 \u00e9s szersz\u00e1mk\u00e9szlet tartoz\u00e9k.<\/li>\n<\/ul>\n<h3>Specifik\u00e1ci\u00f3k:<\/h3>\n<table width=\"1106\">\n<tbody>\n<tr>\n<td colspan=\"3\" width=\"611\">Pixar Ride E-bike - Term\u00e9kparam\u00e9terek (eur\u00f3pai piac)<\/td>\n<\/tr>\n<tr>\n<td>\/<\/td>\n<td width=\"224\">Param\u00e9ter<\/td>\n<td width=\"494\">\u00c9rt\u00e9k<\/td>\n<\/tr>\n<tr>\n<td rowspan=\"14\">\u00c1ltal\u00e1nos specifik\u00e1ci\u00f3k<\/td>\n<td width=\"224\">Tartom\u00e1ny<\/td>\n<td width=\"494\">35-45 km (ped\u00e1lseg\u00e9d \u00fczemm\u00f3dban)<\/td>\n<\/tr>\n<tr>\n<td width=\"224\">Legnagyobb sebess\u00e9g<\/td>\n<td width=\"494\">25 km\/h (Pedelec-korl\u00e1toz\u00e1s, 32 km\/h-ig \u00e1ll\u00edthat\u00f3)<\/td>\n<\/tr>\n<tr>\n<td width=\"224\">M\u00e9retek<\/td>\n<td width=\"494\">175 \u00d7 69 \u00d7 120 cm (hossz\u00fas\u00e1g \u00d7 sz\u00e9less\u00e9g \u00d7 magass\u00e1g)<\/td>\n<\/tr>\n<tr>\n<td width=\"224\">Maxim\u00e1lis terhelhet\u0151s\u00e9g<\/td>\n<td width=\"494\">120 kg<\/td>\n<\/tr>\n<tr>\n<td width=\"224\">Nett\u00f3 s\u00faly<\/td>\n<td width=\"494\">36,4 kg<\/td>\n<\/tr>\n<tr>\n<td width=\"224\">Brutt\u00f3 t\u00f6meg<\/td>\n<td width=\"494\">43.5kg<\/td>\n<\/tr>\n<tr>\n<td width=\"224\">Csomagol\u00e1s M\u00e9retek<\/td>\n<td width=\"494\">145 x 30 x 77cm<\/td>\n<\/tr>\n<tr>\n<td width=\"224\">Mennyis\u00e9g 1\u00d740HQ kont\u00e9nerhez<\/td>\n<td width=\"494\">196 db<\/td>\n<\/tr>\n<tr>\n<td width=\"224\">Aj\u00e1nlott magass\u00e1g<\/td>\n<td width=\"494\">155-190 cm<\/td>\n<\/tr>\n<tr>\n<td width=\"224\">Sz\u00ednv\u00e1laszt\u00e9k<\/td>\n<td width=\"494\">Fekete \u00e9s sz\u00fcrke<\/td>\n<\/tr>\n<tr>\n<td width=\"224\">\u00d6sszecsukhat\u00f3<\/td>\n<td width=\"494\">Nem<\/td>\n<\/tr>\n<tr>\n<td width=\"224\">IP-besorol\u00e1s<\/td>\n<td width=\"494\">IP54<\/td>\n<\/tr>\n<tr>\n<td width=\"224\">\u00dczemi h\u0151m\u00e9rs\u00e9klet<\/td>\n<td width=\"494\">-10\u00b0C \u00e9s +45\u00b0C k\u00f6z\u00f6tt<\/td>\n<\/tr>\n<tr>\n<td width=\"224\">Ker\u00e9kp\u00e1r kateg\u00f3ria<\/td>\n<td width=\"494\">Szabadid\u0151\/v\u00e1rosi\/v\u00e1rosi ing\u00e1z\u00f3<\/td>\n<\/tr>\n<tr>\n<td rowspan=\"7\">Akkumul\u00e1tor rendszer<\/td>\n<td width=\"224\">Akkumul\u00e1tor kapacit\u00e1s \u00e9s t\u00edpus<\/td>\n<td width=\"494\">48V 10.4Ah L\u00edtium-ion (EVE cell\u00e1k)<\/td>\n<\/tr>\n<tr>\n<td width=\"224\">Akkumul\u00e1tor s\u00falya<\/td>\n<td width=\"494\">3kg<\/td>\n<\/tr>\n<tr>\n<td width=\"224\">Kivehet\u0151 akkumul\u00e1tor<\/td>\n<td width=\"494\">Igen<\/td>\n<\/tr>\n<tr>\n<td width=\"224\">Akkumul\u00e1tor IP-besorol\u00e1s<\/td>\n<td width=\"494\">IP65<\/td>\n<\/tr>\n<tr>\n<td width=\"224\">Akkumul\u00e1tor-tan\u00fas\u00edtv\u00e1ny<\/td>\n<td width=\"494\">EN 62133 szabv\u00e1nynak megfelel\u0151<\/td>\n<\/tr>\n<tr>\n<td width=\"224\">T\u00f6lt\u00e9si id\u0151<\/td>\n<td width=\"494\">4-6 \u00f3ra (max. 6 \u00f3ra)<\/td>\n<\/tr>\n<tr>\n<td width=\"224\">T\u00f6lt\u0151<\/td>\n<td width=\"494\">54,6V 2A intelligens t\u00f6lt\u0151<\/td>\n<\/tr>\n<tr>\n<td rowspan=\"4\">Motor \u00e9s meghajt\u00f3 rendszer<\/td>\n<td width=\"224\">Motor t\u00edpusa<\/td>\n<td width=\"494\">Kefe n\u00e9lk\u00fcli motor h\u00e1ts\u00f3 ker\u00e9kagy<\/td>\n<\/tr>\n<tr>\n<td width=\"224\">Motor m\u00e1rka<\/td>\n<td width=\"494\">CZJB<\/td>\n<\/tr>\n<tr>\n<td width=\"224\">Motor<\/td>\n<td width=\"494\">48V500W-os nagy sebess\u00e9g\u0171 h\u00e1ts\u00f3 ker\u00e9kagymotor<\/td>\n<\/tr>\n<tr>\n<td width=\"224\">Maxim\u00e1lis emelked\u0151 meredeks\u00e9g<\/td>\n<td width=\"494\">15\u00b0 (kb. 27% fokozat)<\/td>\n<\/tr>\n<tr>\n<td rowspan=\"7\">Vez\u00e9rl\u0151rendszer<\/td>\n<td width=\"224\">Megjelen\u00edt\u00e9s<\/td>\n<td width=\"494\">SW-K618 + C T\u00cdPUS<\/td>\n<\/tr>\n<tr>\n<td width=\"224\">T\u00e1mogat\u00e1si szintek<\/td>\n<td width=\"494\">5 szint (0-5)<\/td>\n<\/tr>\n<tr>\n<td width=\"224\">G\u00e1zkar<\/td>\n<td width=\"494\">F\u00e9lcsavaros g\u00e1zkar<\/td>\n<\/tr>\n<tr>\n<td width=\"224\">\u00c9rz\u00e9kel\u0151k<\/td>\n<td width=\"494\">Sebess\u00e9g\u00e9rz\u00e9kel\u0151 (12 m\u00e1gnes)<\/td>\n<\/tr>\n<tr>\n<td width=\"224\">T\u00f6lt\u0151port<\/td>\n<td width=\"494\">Igen (Type-C a kijelz\u0151n)<\/td>\n<\/tr>\n<tr>\n<td width=\"224\">S\u00e9ta asszisztens m\u00f3d<\/td>\n<td width=\"494\">6 km\/h (tartsa lenyomva a \u201c-\u201d gombot)<\/td>\n<\/tr>\n<tr>\n<td width=\"224\">H\u00e1tt\u00e9rvil\u00e1g\u00edt\u00e1s<\/td>\n<td width=\"494\">Igen<\/td>\n<\/tr>\n<tr>\n<td rowspan=\"4\">V\u00e1z \u00e9s villa<\/td>\n<td width=\"224\">Keret Anyag<\/td>\n<td width=\"494\">Kiv\u00e1l\u00f3 min\u0151s\u00e9g\u0171 ac\u00e9l<\/td>\n<\/tr>\n<tr>\n<td width=\"224\">Keret t\u00edpusa<\/td>\n<td width=\"494\">\u00c1tl\u00e9p\u0151 (alacsony l\u00e9pcs\u0151fok)<\/td>\n<\/tr>\n<tr>\n<td width=\"224\">Els\u0151 felf\u00fcggeszt\u00e9s<\/td>\n<td width=\"494\">\u00c1ll\u00edthat\u00f3 leng\u00e9scsillap\u00edt\u00f3<\/td>\n<\/tr>\n<tr>\n<td width=\"224\">Els\u0151 villa<\/td>\n<td width=\"494\">Felf\u00fcggesztett villa t\u00e1rcsaf\u00e9ktart\u00f3val<\/td>\n<\/tr>\n<tr>\n<td rowspan=\"6\">Hajt\u00e1sl\u00e1nc<\/td>\n<td width=\"224\">L\u00e1nc<\/td>\n<td width=\"494\">1\/2\u2033*3\/32\u2033*116L<\/td>\n<\/tr>\n<tr>\n<td width=\"224\">Fogasker\u00e9k<\/td>\n<td width=\"494\">1\/2*3\/32\u2033*52T*152L, \u00f6tv\u00f6zetb\u0151l k\u00e9sz\u00fclt<\/td>\n<\/tr>\n<tr>\n<td width=\"224\">Szabadonfut\u00f3<\/td>\n<td width=\"494\">7 sebess\u00e9ges, 14-28T szabadonfut\u00f3 (menetes)<\/td>\n<\/tr>\n<tr>\n<td width=\"224\">H\u00e1ts\u00f3 v\u00e1lt\u00f3<\/td>\n<td width=\"494\">Shimano 7 sebess\u00e9ges (14-28T kompatibilis)<\/td>\n<\/tr>\n<tr>\n<td width=\"224\">Els\u0151 v\u00e1lt\u00f3<\/td>\n<td width=\"494\">Nincs (egyetlen l\u00e1ncszem)<\/td>\n<\/tr>\n<tr>\n<td width=\"224\">Shifter<\/td>\n<td width=\"494\">Shimano 7 sebess\u00e9ges<\/td>\n<\/tr>\n<tr>\n<td rowspan=\"5\">Kerekek \u00e9s gumiabroncsok<\/td>\n<td width=\"224\">Ker\u00e9km\u00e9ret<\/td>\n<td width=\"494\">20\u2033*4<\/td>\n<\/tr>\n<tr>\n<td width=\"224\">Spokes<\/td>\n<td width=\"494\">12G \u00d7 174 mm, EN 15194 szabv\u00e1nynak megfelel\u0151en<\/td>\n<\/tr>\n<tr>\n<td width=\"224\">Gumiabroncs m\u00e1rka<\/td>\n<td width=\"494\">Chaoyang<\/td>\n<\/tr>\n<tr>\n<td width=\"224\">Sz\u00far\u00e1s elleni v\u00e9delem<\/td>\n<td width=\"494\">Sz\u00far\u00e1s\u00e1ll\u00f3<\/td>\n<\/tr>\n<tr>\n<td width=\"224\">Bels\u0151 cs\u0151<\/td>\n<td width=\"494\">20\u2033 \u00d7 4.0\u2033, A\/V szelep 35 mm-es szelep<\/td>\n<\/tr>\n<tr>\n<td rowspan=\"4\">F\u00e9krendszer<\/td>\n<td width=\"224\">F\u00e9k t\u00edpusa<\/td>\n<td width=\"494\">Mechanikus t\u00e1rcsaf\u00e9kek (el\u00f6l \u00e9s h\u00e1tul)<\/td>\n<\/tr>\n<tr>\n<td width=\"224\">F\u00e9kek<\/td>\n<td width=\"494\">Teljes\u00edtm\u00e9nyle\u00e1ll\u00edt\u00f3 f\u00e9kek<\/td>\n<\/tr>\n<tr>\n<td width=\"224\">F\u00e9kt\u00e1rcs\u00e1k<\/td>\n<td width=\"494\">180mm (el\u00f6l \u00e9s h\u00e1tul)<\/td>\n<\/tr>\n<tr>\n<td width=\"224\">F\u00e9kkarok<\/td>\n<td width=\"494\">Teljesen alum\u00edniumb\u00f3l k\u00e9sz\u00fclt, alacsony profil\u00fa kialak\u00edt\u00e1s motorle\u00e1ll\u00edt\u00f3val<\/td>\n<\/tr>\n<tr>\n<td rowspan=\"7\">Pil\u00f3taf\u00fclke \u00e9s alkatr\u00e9szek<\/td>\n<td width=\"224\">Korm\u00e1nyker\u00e9k<\/td>\n<td width=\"494\">Alum\u00ednium \u00f6tv\u00f6zet, 26\u2033 (660mm) sz\u00e9less\u00e9g, \u00d831,8mm-es bilincs<\/td>\n<\/tr>\n<tr>\n<td width=\"224\">Sz\u00e1r<\/td>\n<td width=\"494\">Csak a sz\u00e1rat kell be\u00e1ll\u00edtani<\/td>\n<\/tr>\n<tr>\n<td width=\"224\">Nyereg<\/td>\n<td width=\"494\">Alum\u00ednium \u00f6tv\u00f6zetb\u0151l k\u00e9sz\u00fclt platform ped\u00e1lok, 9\/16\u2033 tengely<\/td>\n<\/tr>\n<tr>\n<td width=\"224\">Nyeregmagass\u00e1g tartom\u00e1ny<\/td>\n<td width=\"494\">900-1000 mm<\/td>\n<\/tr>\n<tr>\n<td width=\"224\">\u00dcl\u0151oszlop<\/td>\n<td width=\"494\">28,6 mm-es alum\u00ednium\u00f6tv\u00f6zet, \u00e1ll\u00edthat\u00f3 sz\u00f6g\u0171<\/td>\n<\/tr>\n<tr>\n<td width=\"224\">Gyorskiold\u00f3<\/td>\n<td width=\"494\">Igen (els\u0151 ker\u00e9k \u00e9s nyeregcs\u0151)<\/td>\n<\/tr>\n<tr>\n<td width=\"224\">Ped\u00e1lok<\/td>\n<td width=\"494\">Alum\u00ednium \u00f6tv\u00f6zetb\u0151l k\u00e9sz\u00fclt platformped\u00e1lok f\u00e9nyvisszaver\u0151vel<\/td>\n<\/tr>\n<tr>\n<td rowspan=\"3\">Vil\u00e1g\u00edt\u00e1s \u00e9s biztons\u00e1g<\/td>\n<td width=\"224\">F\u00e9nysz\u00f3r\u00f3<\/td>\n<td width=\"494\">Integr\u00e1lt f\u00e9nysz\u00f3r\u00f3 v\u00edz\u00e1ll\u00f3 lev\u00e1laszt\u00f3val<\/td>\n<\/tr>\n<tr>\n<td width=\"224\">H\u00e1ts\u00f3 l\u00e1mpa<\/td>\n<td width=\"494\">Integr\u00e1lt h\u00e1ts\u00f3 l\u00e1mpa v\u00edz\u00e1ll\u00f3 lev\u00e1laszt\u00f3val<\/td>\n<\/tr>\n<tr>\n<td width=\"224\">Bell\/Horn<\/td>\n<td width=\"494\">Mechanikus cseng\u0151 mell\u00e9kelve<\/td>\n<\/tr>\n<tr>\n<td rowspan=\"5\">Kieg\u00e9sz\u00edt\u0151 berendez\u00e9sek<\/td>\n<td width=\"224\">Kickstand<\/td>\n<td width=\"494\">Nagy teherb\u00edr\u00e1s\u00fa alum\u00ednium \u00e1llv\u00e1ny<\/td>\n<\/tr>\n<tr>\n<td width=\"224\">L\u00f6kh\u00e1r\u00edt\u00f3k\/sz\u00e1rnyv\u00e9d\u0151k<\/td>\n<td width=\"494\">Els\u0151 \u00e9s h\u00e1ts\u00f3 s\u00e1rv\u00e9d\u0151k tartoz\u00e9k<\/td>\n<\/tr>\n<tr>\n<td width=\"224\">H\u00e1ts\u00f3 csomagtart\u00f3<\/td>\n<td width=\"494\">Ac\u00e9l h\u00e1ts\u00f3 csomagtart\u00f3 tartoz\u00e9k<\/td>\n<\/tr>\n<tr>\n<td width=\"224\">Els\u0151 \u00e1llv\u00e1ny<\/td>\n<td width=\"494\">Opcion\u00e1lis<\/td>\n<\/tr>\n<tr>\n<td width=\"224\">Eszk\u00f6zk\u00e9szlet tartalmazza<\/td>\n<td width=\"494\">Igen (3\u00d7 csavarkulcs, 1\u00d7 csavarh\u00faz\u00f3, 5\u00d7 hatlapos kulcs)<\/td>\n<\/tr>\n<tr>\n<td rowspan=\"2\">Tan\u00fas\u00edt\u00e1s \u00e9s megfelel\u00e9s<\/td>\n<td width=\"224\">EN 15194 tan\u00fas\u00edtv\u00e1nnyal<\/td>\n<td width=\"494\">Igen<\/td>\n<\/tr>\n<tr>\n<td width=\"224\">Tan\u00fas\u00edt\u00e1s<\/td>\n<td width=\"494\">CE, EN 15194, UL2271<\/td>\n<\/tr>\n<tr>\n<td rowspan=\"3\">Garancia \u00e9s t\u00e1mogat\u00e1s<\/td>\n<td width=\"224\">Teljes j\u00f3t\u00e1ll\u00e1si id\u0151szak<\/td>\n<td width=\"494\">1 \u00e9v korl\u00e1tozott garancia<\/td>\n<\/tr>\n<tr>\n<td width=\"224\">Akkumul\u00e1tor garancia<\/td>\n<td width=\"494\">1 \u00e9v az eredeti v\u00e1s\u00e1rl\u00e1st\u00f3l sz\u00e1m\u00edtva<\/td>\n<\/tr>\n<tr>\n<td width=\"224\">Keret garancia<\/td>\n<td width=\"494\">2 \u00e9v<\/td>\n<\/tr>\n<tr>\n<td rowspan=\"2\">\u00d6sszeszerel\u00e9s \u00e9s sz\u00e1ll\u00edt\u00e1s<\/td>\n<td width=\"224\">\u00d6sszeszerel\u00e9s sz\u00fcks\u00e9ges<\/td>\n<td width=\"494\">90% el\u0151re \u00f6sszeszerelve (els\u0151 ker\u00e9k, ped\u00e1lok, korm\u00e1ny be\u00e1ll\u00edt\u00e1sa)<\/td>\n<\/tr>\n<tr>\n<td width=\"224\">\u00d6sszeszerel\u00e9si \u00fatmutat\u00f3<\/td>\n<td width=\"494\">T\u00f6bbnyelv\u0171 k\u00e9zik\u00f6nyv mell\u00e9kelve<\/td>\n<\/tr>\n<\/tbody>\n<\/table>\n<p><em>A napi ing\u00e1z\u00e1st\u00f3l a h\u00e9tv\u00e9gi felfedez\u00e9sekig, a <strong>Pixar Ride1 elektromos ker\u00e9kp\u00e1r<\/strong> az \u00d6n sokoldal\u00fa, megb\u00edzhat\u00f3 t\u00e1rsa. Lovagoljon okosabban, er\u0151sebben \u00e9s messzebbre - minden utaz\u00e1s itt kezd\u0151dik.<\/em><\/p>\n<p>&nbsp;<\/p>\n<p><img loading=\"lazy\" decoding=\"async\" class=\"alignnone size-full wp-image-3893\" src=\"https:\/\/galaxybicycle.com\/wp-content\/uploads\/2025\/09\/Ride-1_01.jpg\" alt=\"\" width=\"1563\" height=\"2520\" title=\"\" srcset=\"https:\/\/galaxybicycle.com\/wp-content\/uploads\/2025\/09\/Ride-1_01.jpg 1563w, https:\/\/galaxybicycle.com\/wp-content\/uploads\/2025\/09\/Ride-1_01-186x300.jpg 186w, https:\/\/galaxybicycle.com\/wp-content\/uploads\/2025\/09\/Ride-1_01-635x1024.jpg 635w, https:\/\/galaxybicycle.com\/wp-content\/uploads\/2025\/09\/Ride-1_01-768x1238.jpg 768w, https:\/\/galaxybicycle.com\/wp-content\/uploads\/2025\/09\/Ride-1_01-953x1536.jpg 953w, https:\/\/galaxybicycle.com\/wp-content\/uploads\/2025\/09\/Ride-1_01-1270x2048.jpg 1270w, https:\/\/galaxybicycle.com\/wp-content\/uploads\/2025\/09\/Ride-1_01-7x12.jpg 7w, https:\/\/galaxybicycle.com\/wp-content\/uploads\/2025\/09\/Ride-1_01-1000x1612.jpg 1000w\" sizes=\"auto, (max-width: 1563px) 100vw, 1563px\" \/> <img loading=\"lazy\" decoding=\"async\" class=\"alignnone size-full wp-image-3894\" src=\"https:\/\/galaxybicycle.com\/wp-content\/uploads\/2025\/09\/Ride-1_02.jpg\" alt=\"\" width=\"1461\" height=\"2560\" title=\"\" srcset=\"https:\/\/galaxybicycle.com\/wp-content\/uploads\/2025\/09\/Ride-1_02.jpg 1461w, https:\/\/galaxybicycle.com\/wp-content\/uploads\/2025\/09\/Ride-1_02-171x300.jpg 171w, https:\/\/galaxybicycle.com\/wp-content\/uploads\/2025\/09\/Ride-1_02-584x1024.jpg 584w, https:\/\/galaxybicycle.com\/wp-content\/uploads\/2025\/09\/Ride-1_02-768x1346.jpg 768w, https:\/\/galaxybicycle.com\/wp-content\/uploads\/2025\/09\/Ride-1_02-877x1536.jpg 877w, https:\/\/galaxybicycle.com\/wp-content\/uploads\/2025\/09\/Ride-1_02-1169x2048.jpg 1169w, https:\/\/galaxybicycle.com\/wp-content\/uploads\/2025\/09\/Ride-1_02-7x12.jpg 7w, https:\/\/galaxybicycle.com\/wp-content\/uploads\/2025\/09\/Ride-1_02-1000x1752.jpg 1000w\" sizes=\"auto, (max-width: 1461px) 100vw, 1461px\" \/> <img loading=\"lazy\" decoding=\"async\" class=\"alignnone size-full wp-image-3895\" src=\"https:\/\/galaxybicycle.com\/wp-content\/uploads\/2025\/09\/Ride-1_03.jpg\" alt=\"\" width=\"1563\" height=\"1723\" title=\"\" srcset=\"https:\/\/galaxybicycle.com\/wp-content\/uploads\/2025\/09\/Ride-1_03.jpg 1563w, https:\/\/galaxybicycle.com\/wp-content\/uploads\/2025\/09\/Ride-1_03-272x300.jpg 272w, https:\/\/galaxybicycle.com\/wp-content\/uploads\/2025\/09\/Ride-1_03-929x1024.jpg 929w, https:\/\/galaxybicycle.com\/wp-content\/uploads\/2025\/09\/Ride-1_03-768x847.jpg 768w, https:\/\/galaxybicycle.com\/wp-content\/uploads\/2025\/09\/Ride-1_03-1393x1536.jpg 1393w, https:\/\/galaxybicycle.com\/wp-content\/uploads\/2025\/09\/Ride-1_03-11x12.jpg 11w, https:\/\/galaxybicycle.com\/wp-content\/uploads\/2025\/09\/Ride-1_03-1000x1102.jpg 1000w\" sizes=\"auto, (max-width: 1563px) 100vw, 1563px\" \/> <img loading=\"lazy\" decoding=\"async\" class=\"alignnone size-full wp-image-3896\" src=\"https:\/\/galaxybicycle.com\/wp-content\/uploads\/2025\/09\/Ride-1_04.jpg\" alt=\"\" width=\"1563\" height=\"2210\" title=\"\" srcset=\"https:\/\/galaxybicycle.com\/wp-content\/uploads\/2025\/09\/Ride-1_04.jpg 1563w, https:\/\/galaxybicycle.com\/wp-content\/uploads\/2025\/09\/Ride-1_04-212x300.jpg 212w, https:\/\/galaxybicycle.com\/wp-content\/uploads\/2025\/09\/Ride-1_04-724x1024.jpg 724w, https:\/\/galaxybicycle.com\/wp-content\/uploads\/2025\/09\/Ride-1_04-768x1086.jpg 768w, https:\/\/galaxybicycle.com\/wp-content\/uploads\/2025\/09\/Ride-1_04-1086x1536.jpg 1086w, https:\/\/galaxybicycle.com\/wp-content\/uploads\/2025\/09\/Ride-1_04-1448x2048.jpg 1448w, https:\/\/galaxybicycle.com\/wp-content\/uploads\/2025\/09\/Ride-1_04-8x12.jpg 8w, https:\/\/galaxybicycle.com\/wp-content\/uploads\/2025\/09\/Ride-1_04-1000x1414.jpg 1000w\" sizes=\"auto, (max-width: 1563px) 100vw, 1563px\" \/> <img loading=\"lazy\" decoding=\"async\" class=\"alignnone size-full wp-image-3897\" src=\"https:\/\/galaxybicycle.com\/wp-content\/uploads\/2025\/09\/Ride-1_05.jpg\" alt=\"\" width=\"1563\" height=\"1866\" title=\"\" srcset=\"https:\/\/galaxybicycle.com\/wp-content\/uploads\/2025\/09\/Ride-1_05.jpg 1563w, https:\/\/galaxybicycle.com\/wp-content\/uploads\/2025\/09\/Ride-1_05-251x300.jpg 251w, https:\/\/galaxybicycle.com\/wp-content\/uploads\/2025\/09\/Ride-1_05-858x1024.jpg 858w, https:\/\/galaxybicycle.com\/wp-content\/uploads\/2025\/09\/Ride-1_05-768x917.jpg 768w, https:\/\/galaxybicycle.com\/wp-content\/uploads\/2025\/09\/Ride-1_05-1287x1536.jpg 1287w, https:\/\/galaxybicycle.com\/wp-content\/uploads\/2025\/09\/Ride-1_05-10x12.jpg 10w, https:\/\/galaxybicycle.com\/wp-content\/uploads\/2025\/09\/Ride-1_05-1000x1194.jpg 1000w\" sizes=\"auto, (max-width: 1563px) 100vw, 1563px\" \/> <img loading=\"lazy\" decoding=\"async\" class=\"alignnone size-full wp-image-3898\" src=\"https:\/\/galaxybicycle.com\/wp-content\/uploads\/2025\/09\/Ride-1_06.jpg\" alt=\"\" width=\"1563\" height=\"1277\" title=\"\" srcset=\"https:\/\/galaxybicycle.com\/wp-content\/uploads\/2025\/09\/Ride-1_06.jpg 1563w, https:\/\/galaxybicycle.com\/wp-content\/uploads\/2025\/09\/Ride-1_06-300x245.jpg 300w, https:\/\/galaxybicycle.com\/wp-content\/uploads\/2025\/09\/Ride-1_06-1024x837.jpg 1024w, https:\/\/galaxybicycle.com\/wp-content\/uploads\/2025\/09\/Ride-1_06-768x627.jpg 768w, https:\/\/galaxybicycle.com\/wp-content\/uploads\/2025\/09\/Ride-1_06-1536x1255.jpg 1536w, https:\/\/galaxybicycle.com\/wp-content\/uploads\/2025\/09\/Ride-1_06-15x12.jpg 15w, https:\/\/galaxybicycle.com\/wp-content\/uploads\/2025\/09\/Ride-1_06-1000x817.jpg 1000w\" sizes=\"auto, (max-width: 1563px) 100vw, 1563px\" \/> <img loading=\"lazy\" decoding=\"async\" class=\"alignnone size-full wp-image-3899\" src=\"https:\/\/galaxybicycle.com\/wp-content\/uploads\/2025\/09\/Ride-1_07.jpg\" alt=\"\" width=\"1563\" height=\"1308\" title=\"\" srcset=\"https:\/\/galaxybicycle.com\/wp-content\/uploads\/2025\/09\/Ride-1_07.jpg 1563w, https:\/\/galaxybicycle.com\/wp-content\/uploads\/2025\/09\/Ride-1_07-300x251.jpg 300w, https:\/\/galaxybicycle.com\/wp-content\/uploads\/2025\/09\/Ride-1_07-1024x857.jpg 1024w, https:\/\/galaxybicycle.com\/wp-content\/uploads\/2025\/09\/Ride-1_07-768x643.jpg 768w, https:\/\/galaxybicycle.com\/wp-content\/uploads\/2025\/09\/Ride-1_07-1536x1285.jpg 1536w, https:\/\/galaxybicycle.com\/wp-content\/uploads\/2025\/09\/Ride-1_07-14x12.jpg 14w, https:\/\/galaxybicycle.com\/wp-content\/uploads\/2025\/09\/Ride-1_07-1000x837.jpg 1000w\" sizes=\"auto, (max-width: 1563px) 100vw, 1563px\" \/> <img loading=\"lazy\" decoding=\"async\" class=\"alignnone size-full wp-image-3900\" src=\"https:\/\/galaxybicycle.com\/wp-content\/uploads\/2025\/09\/Ride-1_08.jpg\" alt=\"\" width=\"1563\" height=\"2089\" title=\"\" srcset=\"https:\/\/galaxybicycle.com\/wp-content\/uploads\/2025\/09\/Ride-1_08.jpg 1563w, https:\/\/galaxybicycle.com\/wp-content\/uploads\/2025\/09\/Ride-1_08-224x300.jpg 224w, https:\/\/galaxybicycle.com\/wp-content\/uploads\/2025\/09\/Ride-1_08-766x1024.jpg 766w, https:\/\/galaxybicycle.com\/wp-content\/uploads\/2025\/09\/Ride-1_08-768x1026.jpg 768w, https:\/\/galaxybicycle.com\/wp-content\/uploads\/2025\/09\/Ride-1_08-1149x1536.jpg 1149w, https:\/\/galaxybicycle.com\/wp-content\/uploads\/2025\/09\/Ride-1_08-1532x2048.jpg 1532w, https:\/\/galaxybicycle.com\/wp-content\/uploads\/2025\/09\/Ride-1_08-9x12.jpg 9w, https:\/\/galaxybicycle.com\/wp-content\/uploads\/2025\/09\/Ride-1_08-1000x1337.jpg 1000w\" sizes=\"auto, (max-width: 1563px) 100vw, 1563px\" \/> <img loading=\"lazy\" decoding=\"async\" class=\"alignnone size-full wp-image-3901\" src=\"https:\/\/galaxybicycle.com\/wp-content\/uploads\/2025\/09\/Ride-1_09.jpg\" alt=\"\" width=\"1563\" height=\"1982\" title=\"\" srcset=\"https:\/\/galaxybicycle.com\/wp-content\/uploads\/2025\/09\/Ride-1_09.jpg 1563w, https:\/\/galaxybicycle.com\/wp-content\/uploads\/2025\/09\/Ride-1_09-237x300.jpg 237w, https:\/\/galaxybicycle.com\/wp-content\/uploads\/2025\/09\/Ride-1_09-808x1024.jpg 808w, https:\/\/galaxybicycle.com\/wp-content\/uploads\/2025\/09\/Ride-1_09-768x974.jpg 768w, https:\/\/galaxybicycle.com\/wp-content\/uploads\/2025\/09\/Ride-1_09-1211x1536.jpg 1211w, https:\/\/galaxybicycle.com\/wp-content\/uploads\/2025\/09\/Ride-1_09-9x12.jpg 9w, https:\/\/galaxybicycle.com\/wp-content\/uploads\/2025\/09\/Ride-1_09-1000x1268.jpg 1000w\" sizes=\"auto, (max-width: 1563px) 100vw, 1563px\" \/><\/p>","protected":false},"excerpt":{"rendered":"<p>Az Pixar Ride1 elektromos ker\u00e9kp\u00e1r kalandoz\u00e1sra \u00e9s v\u00e1rosi k\u00f6zleked\u00e9sre egyar\u00e1nt alkalmas. A 48 V-os 500 W-os nagysebess\u00e9g\u0171 motorral, 20 h\u00fcvelykes vastag gumikkal, valamint els\u0151 \u00e9s h\u00e1ts\u00f3 felf\u00fcggeszt\u00e9ssel k\u00e9nyelmet, er\u0151t \u00e9s st\u00edlust biztos\u00edt. T\u00f6k\u00e9letes ing\u00e1z\u00e1shoz, felfedez\u00e9shez vagy h\u00e9tv\u00e9gi sz\u00f3rakoz\u00e1shoz, ez az e-bike k\u00e9szen \u00e1ll arra, hogy b\u00e1rhov\u00e1 elvigye.<\/p>","protected":false},"featured_media":3840,"comment_status":"open","ping_status":"closed","template":"","meta":[],"product_brand":[36],"product_cat":[41,40,39],"product_tag":[],"class_list":{"0":"post-3839","1":"product","2":"type-product","3":"status-publish","4":"has-post-thumbnail","6":"product_brand-pixar","7":"product_cat-pixar-electric-bikes","8":"product_cat-eu-warehourse","9":"product_cat-uk-warehouse","11":"first","12":"instock","13":"shipping-taxable","14":"purchasable","15":"product-type-simple"},"_links":{"self":[{"href":"https:\/\/galaxybicycle.com\/hu\/wp-json\/wp\/v2\/product\/3839","targetHints":{"allow":["GET"]}}],"collection":[{"href":"https:\/\/galaxybicycle.com\/hu\/wp-json\/wp\/v2\/product"}],"about":[{"href":"https:\/\/galaxybicycle.com\/hu\/wp-json\/wp\/v2\/types\/product"}],"replies":[{"embeddable":true,"href":"https:\/\/galaxybicycle.com\/hu\/wp-json\/wp\/v2\/comments?post=3839"}],"wp:featuredmedia":[{"embeddable":true,"href":"https:\/\/galaxybicycle.com\/hu\/wp-json\/wp\/v2\/media\/3840"}],"wp:attachment":[{"href":"https:\/\/galaxybicycle.com\/hu\/wp-json\/wp\/v2\/media?parent=3839"}],"wp:term":[{"taxonomy":"product_brand","embeddable":true,"href":"https:\/\/galaxybicycle.com\/hu\/wp-json\/wp\/v2\/product_brand?post=3839"},{"taxonomy":"product_cat","embeddable":true,"href":"https:\/\/galaxybicycle.com\/hu\/wp-json\/wp\/v2\/product_cat?post=3839"},{"taxonomy":"product_tag","embeddable":true,"href":"https:\/\/galaxybicycle.com\/hu\/wp-json\/wp\/v2\/product_tag?post=3839"}],"curies":[{"name":"wp","href":"https:\/\/api.w.org\/{rel}","templated":true}]}}