{"id":3642,"date":"2025-09-04T10:43:39","date_gmt":"2025-09-04T10:43:39","guid":{"rendered":"https:\/\/galaxybicycle.com\/?post_type=product&#038;p=3642"},"modified":"2026-01-09T09:59:27","modified_gmt":"2026-01-09T09:59:27","slug":"pixar-space1","status":"publish","type":"product","link":"https:\/\/galaxybicycle.com\/hu\/product\/pixar-space1\/","title":{"rendered":"Pixar Space1 elektromos ker\u00e9kp\u00e1r 48V20AH 500W | Hossz\u00fa t\u00e1v\u00fa k\u00f6v\u00e9r gumiabroncsos elektromos ker\u00e9kp\u00e1r"},"content":{"rendered":"<p><iframe loading=\"lazy\" title=\"Galaxy Bicycle: unboxing video sz\u00f6vegekkel space1\" src=\"https:\/\/www.youtube.com\/embed\/7WPvXyqlPlc\" width=\"1840\" height=\"1035\" frameborder=\"0\" allowfullscreen=\"allowfullscreen\"><span data-mce-type=\"bookmark\" style=\"display: inline-block; width: 0px; overflow: hidden; line-height: 0;\" class=\"mce_SELRES_start\"><\/span><\/iframe><br \/>\n<iframe loading=\"lazy\" title=\"Galaxy Bicycle: Sz\u00f6vegekkel t\u00e9r1\" src=\"https:\/\/www.youtube.com\/embed\/pScJ5QD14Wk\" width=\"1840\" height=\"1035\" frameborder=\"0\" allowfullscreen=\"allowfullscreen\"><\/iframe><\/p>\n<h2>Pixar Space1 elektromos ker\u00e9kp\u00e1r \u00e1ttekint\u00e9se<\/h2>\n<p>A <strong>Pixar Space1 elektromos ker\u00e9kp\u00e1r<\/strong> er\u0151teljes teljes\u00edtm\u00e9nyt \u00e9s eg\u00e9sz napos k\u00e9nyelmet biztos\u00edt a v\u00e1rosi utc\u00e1kon, meredek hegyeken \u00e9s terepj\u00e1r\u00f3 \u00f6sv\u00e9nyeken. A motorja egy <strong>48V 20Ah EVE l\u00edtium-ion akkumul\u00e1tor<\/strong> \u00e9s egy <strong>48V 500W CZJB h\u00e1ts\u00f3 ker\u00e9kagymotor<\/strong>, egyenletes gyorsul\u00e1st \u00e9s megb\u00edzhat\u00f3 hat\u00f3t\u00e1vols\u00e1got k\u00edn\u00e1l. A <strong>26\u2033 \u00d7 4\u2033 Chaoyang zs\u00edrgumik<\/strong> p\u00e1ros\u00edtva egy <strong>\u00e1ll\u00edthat\u00f3 felf\u00fcggeszt\u00e9s\u0171 els\u0151 villa<\/strong> stabilit\u00e1st \u00e9s \u00fct\u00e9scsillap\u00edt\u00e1st biztos\u00edt b\u00e1rmilyen terepen.<\/p>\n<p>Sebess\u00e9g el\u00e9r\u00e9s ak\u00e1r <strong>25 km\/h<\/strong> (pedelec limit, 32 km\/h-ig \u00e1ll\u00edthat\u00f3) \u00e9s a menetsebess\u00e9g <strong>60-100 km<\/strong> egyetlen t\u00f6lt\u00e9ssel. A <strong>Shimano 7 sebess\u00e9ges hajt\u00e1sl\u00e1nc<\/strong>, <strong>5 fokozat\u00fa ped\u00e1lseg\u00e9d<\/strong>, <strong>LCD multifunkci\u00f3s kijelz\u0151<\/strong>, \u00e9s <strong>mechanikus t\u00e1rcsaf\u00e9kek 180 mm-es t\u00e1rcsaf\u00e9kt\u00e1rcs\u00e1kkal<\/strong> pontos ir\u00e1ny\u00edt\u00e1st \u00e9s magabiztos meg\u00e1ll\u00e1st biztos\u00edt. Tart\u00f3s, tart\u00f3s <strong>kiv\u00e1l\u00f3 min\u0151s\u00e9g\u0171 ac\u00e9lkeret<\/strong> a  c\u00edmen <strong>IP54<\/strong> v\u00edz\u00e1ll\u00f3s\u00e1g \u00e9s <strong>120 kg hasznos teherb\u00edr\u00e1s<\/strong>, a Space1 k\u00e9szen \u00e1ll a mindennapi haszn\u00e1latra minden id\u0151j\u00e1r\u00e1si k\u00f6r\u00fclm\u00e9nyek k\u00f6z\u00f6tt.<\/p>\n<h3>Mi\u00e9rt v\u00e1lassza az Pixar Space1-et?<\/h3>\n<ul>\n<li><strong>Nagy hat\u00f3t\u00e1vols\u00e1g\u00fa akkumul\u00e1tor:<\/strong> Ak\u00e1r 100 km megt\u00e9tele egy t\u00f6lt\u00e9ssel a kivehet\u0151 48V 20Ah EVE l\u00edtium-ion akkumul\u00e1torral (IP65 besorol\u00e1s\u00fa).<\/li>\n<li><strong>Er\u0151teljes motor:<\/strong> 48V 500W-os CZJB kefe n\u00e9lk\u00fcli h\u00e1ts\u00f3 ker\u00e9kagymotor 15\u00b0-os emelked\u0151ket is megh\u00f3d\u00edt.<\/li>\n<li><strong>Minden terepen val\u00f3 k\u00e9nyelem:<\/strong> 26\u2033 \u00d7 4\u2033 Chaoyang defekt\u00e1ll\u00f3 zs\u00edrgumik \u00e9s \u00e1ll\u00edthat\u00f3 els\u0151 felf\u00fcggeszt\u00e9s.<\/li>\n<li><strong>Sokoldal\u00fa \u00e1tt\u00e9telez\u00e9s:<\/strong> Shimano 7 sebess\u00e9ges v\u00e1lt\u00f3 5 PAS-szinttel \u00e9s csavart g\u00e1zkarral.<\/li>\n<li><strong>Biztons\u00e1gos \u00e9s l\u00e1that\u00f3:<\/strong> Mechanikus t\u00e1rcsaf\u00e9kek er\u0151le\u00e1ll\u00edt\u00f3val, integr\u00e1lt LED-es f\u00e9nysz\u00f3r\u00f3 \u00e9s h\u00e1ts\u00f3 l\u00e1mpa, cseng\u0151.<\/li>\n<li><strong>Robusztus fel\u00e9p\u00edt\u00e9s:<\/strong> Kiv\u00e1l\u00f3 min\u0151s\u00e9g\u0171 ac\u00e9lv\u00e1z, 120 kg maxim\u00e1lis terhel\u00e9s, 31,7 kg nett\u00f3 t\u00f6meg.<\/li>\n<li><strong>Intelligens funkci\u00f3k:<\/strong> LCD-kijelz\u0151 Type-C t\u00f6lt\u0151porttal, gyalogl\u00e1st seg\u00edt\u0151 \u00fczemm\u00f3d (6 km\/h), gyorskiold\u00e1s\u00fa els\u0151 ker\u00e9k \u00e9s nyeregcs\u0151.<\/li>\n<\/ul>\n<h3>M\u0171szaki adatok<\/h3>\n<table>\n<tbody>\n<tr>\n<td colspan=\"3\">Pixar Space1 elektromos ker\u00e9kp\u00e1r - Term\u00e9kparam\u00e9terek (eur\u00f3pai piac)<\/td>\n<\/tr>\n<tr>\n<td>\/<\/td>\n<td>Param\u00e9ter<\/td>\n<td>\u00c9rt\u00e9k<\/td>\n<\/tr>\n<tr>\n<td rowspan=\"14\">\u00c1ltal\u00e1nos specifik\u00e1ci\u00f3k<\/td>\n<td>Tartom\u00e1ny<\/td>\n<td>60-100 km<\/td>\n<\/tr>\n<tr>\n<td>Legnagyobb sebess\u00e9g<\/td>\n<td>25 km\/h (pedelec limit, 32 km\/h-ig \u00e1ll\u00edthat\u00f3)<\/td>\n<\/tr>\n<tr>\n<td>M\u00e9retek<\/td>\n<td>205 \u00d7 72 \u00d7 115 cm (L \u00d7 B \u00d7 H)<\/td>\n<\/tr>\n<tr>\n<td>Maxim\u00e1lis terhelhet\u0151s\u00e9g<\/td>\n<td>120 kg<\/td>\n<\/tr>\n<tr>\n<td>Nett\u00f3 s\u00faly<\/td>\n<td>31,7 kg<\/td>\n<\/tr>\n<tr>\n<td>Brutt\u00f3 t\u00f6meg<\/td>\n<td>41,3 kg<\/td>\n<\/tr>\n<tr>\n<td>Csomagol\u00e1s M\u00e9retek<\/td>\n<td>165 \u00d7 28 \u00d7 84 cm<\/td>\n<\/tr>\n<tr>\n<td>Mennyis\u00e9g 1\u00d740HQ kont\u00e9nerenk\u00e9nt<\/td>\n<td>150 db<\/td>\n<\/tr>\n<tr>\n<td>Aj\u00e1nlott magass\u00e1g<\/td>\n<td>155-190 cm<\/td>\n<\/tr>\n<tr>\n<td>Sz\u00ednv\u00e1laszt\u00e9k<\/td>\n<td>Fekete \u00e9s sz\u00fcrke<\/td>\n<\/tr>\n<tr>\n<td>\u00d6sszecsukhat\u00f3<\/td>\n<td>Nem<\/td>\n<\/tr>\n<tr>\n<td>IP-besorol\u00e1s<\/td>\n<td>IP54<\/td>\n<\/tr>\n<tr>\n<td>\u00dczemi h\u0151m\u00e9rs\u00e9klet<\/td>\n<td>-10\u00b0C \u00e9s +45\u00b0C k\u00f6z\u00f6tt<\/td>\n<\/tr>\n<tr>\n<td>Ker\u00e9kp\u00e1r kateg\u00f3ria<\/td>\n<td>Fat Tire Mountain\/All-Terrain<\/td>\n<\/tr>\n<tr>\n<td rowspan=\"7\">Akkumul\u00e1tor rendszer<\/td>\n<td>Akkumul\u00e1tor kapacit\u00e1s \u00e9s t\u00edpus<\/td>\n<td>48V 20Ah L\u00edtium-ion (EVE cell\u00e1k)<\/td>\n<\/tr>\n<tr>\n<td>Akkumul\u00e1tor s\u00falya<\/td>\n<td>3 kg<\/td>\n<\/tr>\n<tr>\n<td>Kivehet\u0151 akkumul\u00e1tor<\/td>\n<td>Igen<\/td>\n<\/tr>\n<tr>\n<td>Akkumul\u00e1tor IP-besorol\u00e1s<\/td>\n<td>IP65<\/td>\n<\/tr>\n<tr>\n<td>Akkumul\u00e1tor-tan\u00fas\u00edtv\u00e1ny<\/td>\n<td>EN 62133 szabv\u00e1nynak megfelel\u0151<\/td>\n<\/tr>\n<tr>\n<td>T\u00f6lt\u00e9si id\u0151<\/td>\n<td>6.8 h<\/td>\n<\/tr>\n<tr>\n<td>T\u00f6lt\u0151<\/td>\n<td>54.6V 3A intelligens t\u00f6lt\u0151<\/td>\n<\/tr>\n<tr>\n<td rowspan=\"4\">Motor \u00e9s meghajt\u00f3 rendszer<\/td>\n<td>Motor t\u00edpusa<\/td>\n<td>Kefe n\u00e9lk\u00fcli motor h\u00e1ts\u00f3 ker\u00e9kagy<\/td>\n<\/tr>\n<tr>\n<td>Motor m\u00e1rka<\/td>\n<td>CZJB<\/td>\n<\/tr>\n<tr>\n<td>Motor<\/td>\n<td>48V 500W-os nagysebess\u00e9g\u0171 h\u00e1ts\u00f3 ker\u00e9kagymotor<\/td>\n<\/tr>\n<tr>\n<td>Maxim\u00e1lis emelked\u0151 meredeks\u00e9g<\/td>\n<td>15\u00b0 (kb. 27% fokozat)<\/td>\n<\/tr>\n<tr>\n<td rowspan=\"7\">Vez\u00e9rl\u0151rendszer<\/td>\n<td>Megjelen\u00edt\u00e9s<\/td>\n<td>LCD multifunkci\u00f3s kijelz\u0151 (G518 modell)<\/td>\n<\/tr>\n<tr>\n<td>T\u00e1mogat\u00e1si szintek<\/td>\n<td>5 szint (0-5)<\/td>\n<\/tr>\n<tr>\n<td>G\u00e1zkar<\/td>\n<td>Csavart g\u00e1zkar (tartal\u00e9k kis dobozban)<\/td>\n<\/tr>\n<tr>\n<td>\u00c9rz\u00e9kel\u0151k<\/td>\n<td>Sebess\u00e9g\u00e9rz\u00e9kel\u0151 (12 m\u00e1gnes)<\/td>\n<\/tr>\n<tr>\n<td>T\u00f6lt\u0151port<\/td>\n<td>C-t\u00edpus\u00fa kijelz\u0151n<\/td>\n<\/tr>\n<tr>\n<td>S\u00e9ta asszisztens m\u00f3d<\/td>\n<td>6 km\/h (tartsa lenyomva a \u201c-\u201d gombot)<\/td>\n<\/tr>\n<tr>\n<td>H\u00e1tt\u00e9rvil\u00e1g\u00edt\u00e1s<\/td>\n<td>Igen<\/td>\n<\/tr>\n<tr>\n<td rowspan=\"4\">V\u00e1z \u00e9s villa<\/td>\n<td>Keret Anyag<\/td>\n<td>Alum\u00ednium \u00f6tv\u00f6zet<\/td>\n<\/tr>\n<tr>\n<td>Keret t\u00edpusa<\/td>\n<td>Sport High-step keret<\/td>\n<\/tr>\n<tr>\n<td>Els\u0151 felf\u00fcggeszt\u00e9s<\/td>\n<td>\u00c1ll\u00edthat\u00f3 leng\u00e9scsillap\u00edt\u00f3<\/td>\n<\/tr>\n<tr>\n<td>Els\u0151 villa<\/td>\n<td>F\u00fcggesztett vill\u00e1val<\/td>\n<\/tr>\n<tr>\n<td rowspan=\"6\">Hajt\u00e1sl\u00e1nc<\/td>\n<td>L\u00e1nc<\/td>\n<td>1\/2\u2033 \u00d7 3\/32\u2033 \u00d7 118L<\/td>\n<\/tr>\n<tr>\n<td>Fogasker\u00e9k<\/td>\n<td>52T \u00d7 170L, \u00f6tv\u00f6zet<\/td>\n<\/tr>\n<tr>\n<td>Szabadonfut\u00f3<\/td>\n<td>7 sebess\u00e9ges, 14-28T (menetes)<\/td>\n<\/tr>\n<tr>\n<td>H\u00e1ts\u00f3 v\u00e1lt\u00f3<\/td>\n<td>Shimano 7 sebess\u00e9ges (14-28T kompatibilis)<\/td>\n<\/tr>\n<tr>\n<td>Els\u0151 v\u00e1lt\u00f3<\/td>\n<td>Nincs (egyetlen l\u00e1ncszem)<\/td>\n<\/tr>\n<tr>\n<td>Shifter<\/td>\n<td>Shimano 7 sebess\u00e9ges<\/td>\n<\/tr>\n<tr>\n<td rowspan=\"5\">Kerekek \u00e9s gumiabroncsok<\/td>\n<td>Ker\u00e9km\u00e9ret<\/td>\n<td>26\u2033 \u00d7 4\u2033<\/td>\n<\/tr>\n<tr>\n<td>Spokes<\/td>\n<td>12G \u00d7 256 mm, EN 15194 szabv\u00e1nynak megfelel\u0151en<\/td>\n<\/tr>\n<tr>\n<td>Gumiabroncs m\u00e1rka<\/td>\n<td>Chaoyang<\/td>\n<\/tr>\n<tr>\n<td>Sz\u00far\u00e1s elleni v\u00e9delem<\/td>\n<td>Sz\u00far\u00e1s\u00e1ll\u00f3<\/td>\n<\/tr>\n<tr>\n<td>Bels\u0151 cs\u0151<\/td>\n<td>26\u2033 \u00d7 4.0\u2033, A\/V szelep 35 mm<\/td>\n<\/tr>\n<tr>\n<td rowspan=\"4\">F\u00e9krendszer<\/td>\n<td>F\u00e9k t\u00edpusa<\/td>\n<td>Mechanikus t\u00e1rcsaf\u00e9kek (el\u00f6l \u00e9s h\u00e1tul)<\/td>\n<\/tr>\n<tr>\n<td>F\u00e9kek<\/td>\n<td>Teljes\u00edtm\u00e9nyle\u00e1ll\u00edt\u00f3 f\u00e9kek<\/td>\n<\/tr>\n<tr>\n<td>F\u00e9kt\u00e1rcs\u00e1k<\/td>\n<td>180 mm (el\u00f6l \u00e9s h\u00e1tul)<\/td>\n<\/tr>\n<tr>\n<td>F\u00e9kkarok<\/td>\n<td>Teljesen alum\u00ednium, alacsony profil\u00fa, motorle\u00e1ll\u00edt\u00f3val<\/td>\n<\/tr>\n<tr>\n<td rowspan=\"7\">Pil\u00f3taf\u00fclke \u00e9s alkatr\u00e9szek<\/td>\n<td>Korm\u00e1nyker\u00e9k<\/td>\n<td>Alum\u00ednium\u00f6tv\u00f6zetb\u0151l k\u00e9sz\u00fclt emelked\u0151 r\u00fad, 665 mm sz\u00e9less\u00e9g, 31,8 mm-es r\u00f6gz\u00edt\u0151bilincs<\/td>\n<\/tr>\n<tr>\n<td>Sz\u00e1r<\/td>\n<td>Alum\u00ednium sz\u00e1r<\/td>\n<\/tr>\n<tr>\n<td>Nyereg<\/td>\n<td>Comfort nyereg (megjegyz\u00e9s: a specifik\u00e1ci\u00f3ban ped\u00e1lok szerepelnek; felt\u00e9telezett nyereg jelenl\u00e9te)<\/td>\n<\/tr>\n<tr>\n<td>Nyeregmagass\u00e1g tartom\u00e1ny<\/td>\n<td>900-1000 mm<\/td>\n<\/tr>\n<tr>\n<td>\u00dcl\u0151oszlop<\/td>\n<td>30,4 mm-es alum\u00ednium\u00f6tv\u00f6zet, \u00e1ll\u00edthat\u00f3 sz\u00f6g\u0171<\/td>\n<\/tr>\n<tr>\n<td>Gyorskiold\u00f3<\/td>\n<td>Igen (els\u0151 ker\u00e9k \u00e9s nyeregcs\u0151)<\/td>\n<\/tr>\n<tr>\n<td>Ped\u00e1lok<\/td>\n<td>Alum\u00ednium \u00f6tv\u00f6zetb\u0151l k\u00e9sz\u00fclt platformped\u00e1lok f\u00e9nyvisszaver\u0151vel<\/td>\n<\/tr>\n<tr>\n<td rowspan=\"3\">Vil\u00e1g\u00edt\u00e1s \u00e9s biztons\u00e1g<\/td>\n<td>F\u00e9nysz\u00f3r\u00f3<\/td>\n<td>Integr\u00e1lt LED v\u00edz\u00e1ll\u00f3 lev\u00e1laszt\u00e1ssal<\/td>\n<\/tr>\n<tr>\n<td>H\u00e1ts\u00f3 l\u00e1mpa<\/td>\n<td>Integr\u00e1lt LED v\u00edz\u00e1ll\u00f3 lev\u00e1laszt\u00e1ssal<\/td>\n<\/tr>\n<tr>\n<td>Bell\/Horn<\/td>\n<td>Csak harang<\/td>\n<\/tr>\n<tr>\n<td rowspan=\"5\">Kieg\u00e9sz\u00edt\u0151 berendez\u00e9sek<\/td>\n<td>Kickstand<\/td>\n<td>Nagy teherb\u00edr\u00e1s\u00fa alum\u00ednium \u00e1llv\u00e1ny<\/td>\n<\/tr>\n<tr>\n<td>L\u00f6kh\u00e1r\u00edt\u00f3k\/sz\u00e1rnyv\u00e9d\u0151k<\/td>\n<td>Nem<\/td>\n<\/tr>\n<tr>\n<td>H\u00e1ts\u00f3 csomagtart\u00f3<\/td>\n<td>Nincs<\/td>\n<\/tr>\n<tr>\n<td>Els\u0151 \u00e1llv\u00e1ny<\/td>\n<td>Nincs<\/td>\n<\/tr>\n<tr>\n<td>Eszk\u00f6zk\u00e9szlet tartalmazza<\/td>\n<td>Igen (3\u00d7 csavarkulcs, 1\u00d7 csavarh\u00faz\u00f3, 5\u00d7 hatlapos kulcs)<\/td>\n<\/tr>\n<tr>\n<td rowspan=\"2\">Tan\u00fas\u00edt\u00e1s \u00e9s megfelel\u00e9s<\/td>\n<td>EN 15194 tan\u00fas\u00edtv\u00e1nnyal<\/td>\n<td>Igen<\/td>\n<\/tr>\n<tr>\n<td>Tan\u00fas\u00edt\u00e1s<\/td>\n<td>CE, EN 15194, UL2271<\/td>\n<\/tr>\n<tr>\n<td rowspan=\"3\">Garancia \u00e9s t\u00e1mogat\u00e1s<\/td>\n<td>Teljes j\u00f3t\u00e1ll\u00e1si id\u0151szak<\/td>\n<td>1 \u00e9vre korl\u00e1tozott<\/td>\n<\/tr>\n<tr>\n<td>Akkumul\u00e1tor garancia<\/td>\n<td>A v\u00e1s\u00e1rl\u00e1st\u00f3l sz\u00e1m\u00edtott 1 \u00e9v<\/td>\n<\/tr>\n<tr>\n<td>Keret garancia<\/td>\n<td>2 \u00e9v<\/td>\n<\/tr>\n<tr>\n<td rowspan=\"2\">\u00d6sszeszerel\u00e9s \u00e9s sz\u00e1ll\u00edt\u00e1s<\/td>\n<td>\u00d6sszeszerel\u00e9s sz\u00fcks\u00e9ges<\/td>\n<td>90% el\u0151re \u00f6sszeszerelve (els\u0151 ker\u00e9k, ped\u00e1lok, korm\u00e1ny)<\/td>\n<\/tr>\n<tr>\n<td>\u00d6sszeszerel\u00e9si \u00fatmutat\u00f3<\/td>\n<td>T\u00f6bbnyelv\u0171 k\u00e9zik\u00f6nyv mell\u00e9kelve<\/td>\n<\/tr>\n<\/tbody>\n<\/table>\n<p><img loading=\"lazy\" decoding=\"async\" class=\"alignnone size-full wp-image-3669\" style=\"font-size: 16px;\" src=\"https:\/\/galaxybicycle.com\/wp-content\/uploads\/2025\/09\/Space-1_01-1.jpg\" alt=\"\" width=\"1823\" height=\"2560\" title=\"\" srcset=\"https:\/\/galaxybicycle.com\/wp-content\/uploads\/2025\/09\/Space-1_01-1.jpg 1823w, https:\/\/galaxybicycle.com\/wp-content\/uploads\/2025\/09\/Space-1_01-1-214x300.jpg 214w, https:\/\/galaxybicycle.com\/wp-content\/uploads\/2025\/09\/Space-1_01-1-729x1024.jpg 729w, https:\/\/galaxybicycle.com\/wp-content\/uploads\/2025\/09\/Space-1_01-1-768x1078.jpg 768w, https:\/\/galaxybicycle.com\/wp-content\/uploads\/2025\/09\/Space-1_01-1-1094x1536.jpg 1094w, https:\/\/galaxybicycle.com\/wp-content\/uploads\/2025\/09\/Space-1_01-1-1458x2048.jpg 1458w, https:\/\/galaxybicycle.com\/wp-content\/uploads\/2025\/09\/Space-1_01-1-9x12.jpg 9w, https:\/\/galaxybicycle.com\/wp-content\/uploads\/2025\/09\/Space-1_01-1-1000x1404.jpg 1000w\" sizes=\"auto, (max-width: 1823px) 100vw, 1823px\" \/> <img loading=\"lazy\" decoding=\"async\" class=\"alignnone size-full wp-image-3670\" style=\"font-size: 16px;\" src=\"https:\/\/galaxybicycle.com\/wp-content\/uploads\/2025\/09\/Space-1_02.jpg\" alt=\"\" width=\"1537\" height=\"2560\" title=\"\" srcset=\"https:\/\/galaxybicycle.com\/wp-content\/uploads\/2025\/09\/Space-1_02.jpg 1537w, https:\/\/galaxybicycle.com\/wp-content\/uploads\/2025\/09\/Space-1_02-180x300.jpg 180w, https:\/\/galaxybicycle.com\/wp-content\/uploads\/2025\/09\/Space-1_02-615x1024.jpg 615w, https:\/\/galaxybicycle.com\/wp-content\/uploads\/2025\/09\/Space-1_02-768x1279.jpg 768w, https:\/\/galaxybicycle.com\/wp-content\/uploads\/2025\/09\/Space-1_02-922x1536.jpg 922w, https:\/\/galaxybicycle.com\/wp-content\/uploads\/2025\/09\/Space-1_02-1230x2048.jpg 1230w, https:\/\/galaxybicycle.com\/wp-content\/uploads\/2025\/09\/Space-1_02-7x12.jpg 7w, https:\/\/galaxybicycle.com\/wp-content\/uploads\/2025\/09\/Space-1_02-1000x1666.jpg 1000w\" sizes=\"auto, (max-width: 1537px) 100vw, 1537px\" \/> <img loading=\"lazy\" decoding=\"async\" class=\"alignnone size-full wp-image-3671\" style=\"font-size: 16px;\" src=\"https:\/\/galaxybicycle.com\/wp-content\/uploads\/2025\/09\/Space-1_03.jpg\" alt=\"\" width=\"2560\" height=\"2485\" title=\"\" srcset=\"https:\/\/galaxybicycle.com\/wp-content\/uploads\/2025\/09\/Space-1_03.jpg 2560w, https:\/\/galaxybicycle.com\/wp-content\/uploads\/2025\/09\/Space-1_03-300x291.jpg 300w, https:\/\/galaxybicycle.com\/wp-content\/uploads\/2025\/09\/Space-1_03-1024x994.jpg 1024w, https:\/\/galaxybicycle.com\/wp-content\/uploads\/2025\/09\/Space-1_03-768x746.jpg 768w, https:\/\/galaxybicycle.com\/wp-content\/uploads\/2025\/09\/Space-1_03-1536x1491.jpg 1536w, https:\/\/galaxybicycle.com\/wp-content\/uploads\/2025\/09\/Space-1_03-2048x1988.jpg 2048w, https:\/\/galaxybicycle.com\/wp-content\/uploads\/2025\/09\/Space-1_03-12x12.jpg 12w, https:\/\/galaxybicycle.com\/wp-content\/uploads\/2025\/09\/Space-1_03-1000x971.jpg 1000w\" sizes=\"auto, (max-width: 2560px) 100vw, 2560px\" \/> <img loading=\"lazy\" decoding=\"async\" class=\"alignnone size-full wp-image-3672\" style=\"font-size: 16px;\" src=\"https:\/\/galaxybicycle.com\/wp-content\/uploads\/2025\/09\/Space-1_04.jpg\" alt=\"\" width=\"2560\" height=\"1886\" title=\"\" srcset=\"https:\/\/galaxybicycle.com\/wp-content\/uploads\/2025\/09\/Space-1_04.jpg 2560w, https:\/\/galaxybicycle.com\/wp-content\/uploads\/2025\/09\/Space-1_04-300x221.jpg 300w, https:\/\/galaxybicycle.com\/wp-content\/uploads\/2025\/09\/Space-1_04-1024x754.jpg 1024w, https:\/\/galaxybicycle.com\/wp-content\/uploads\/2025\/09\/Space-1_04-768x566.jpg 768w, https:\/\/galaxybicycle.com\/wp-content\/uploads\/2025\/09\/Space-1_04-1536x1132.jpg 1536w, https:\/\/galaxybicycle.com\/wp-content\/uploads\/2025\/09\/Space-1_04-2048x1509.jpg 2048w, https:\/\/galaxybicycle.com\/wp-content\/uploads\/2025\/09\/Space-1_04-16x12.jpg 16w, https:\/\/galaxybicycle.com\/wp-content\/uploads\/2025\/09\/Space-1_04-1000x737.jpg 1000w\" sizes=\"auto, (max-width: 2560px) 100vw, 2560px\" \/> <img loading=\"lazy\" decoding=\"async\" class=\"alignnone size-full wp-image-3673\" style=\"font-size: 16px;\" src=\"https:\/\/galaxybicycle.com\/wp-content\/uploads\/2025\/09\/Space-1_05.jpg\" alt=\"\" width=\"2471\" height=\"2560\" title=\"\" srcset=\"https:\/\/galaxybicycle.com\/wp-content\/uploads\/2025\/09\/Space-1_05.jpg 2471w, https:\/\/galaxybicycle.com\/wp-content\/uploads\/2025\/09\/Space-1_05-290x300.jpg 290w, https:\/\/galaxybicycle.com\/wp-content\/uploads\/2025\/09\/Space-1_05-988x1024.jpg 988w, https:\/\/galaxybicycle.com\/wp-content\/uploads\/2025\/09\/Space-1_05-768x796.jpg 768w, https:\/\/galaxybicycle.com\/wp-content\/uploads\/2025\/09\/Space-1_05-1483x1536.jpg 1483w, https:\/\/galaxybicycle.com\/wp-content\/uploads\/2025\/09\/Space-1_05-1977x2048.jpg 1977w, https:\/\/galaxybicycle.com\/wp-content\/uploads\/2025\/09\/Space-1_05-12x12.jpg 12w, https:\/\/galaxybicycle.com\/wp-content\/uploads\/2025\/09\/Space-1_05-1000x1036.jpg 1000w\" sizes=\"auto, (max-width: 2471px) 100vw, 2471px\" \/> <img loading=\"lazy\" decoding=\"async\" class=\"alignnone size-full wp-image-3674\" style=\"font-size: 16px;\" src=\"https:\/\/galaxybicycle.com\/wp-content\/uploads\/2025\/09\/Space-1_06.jpg\" alt=\"\" width=\"1461\" height=\"2560\" title=\"\" srcset=\"https:\/\/galaxybicycle.com\/wp-content\/uploads\/2025\/09\/Space-1_06.jpg 1461w, https:\/\/galaxybicycle.com\/wp-content\/uploads\/2025\/09\/Space-1_06-171x300.jpg 171w, https:\/\/galaxybicycle.com\/wp-content\/uploads\/2025\/09\/Space-1_06-584x1024.jpg 584w, https:\/\/galaxybicycle.com\/wp-content\/uploads\/2025\/09\/Space-1_06-768x1346.jpg 768w, https:\/\/galaxybicycle.com\/wp-content\/uploads\/2025\/09\/Space-1_06-877x1536.jpg 877w, https:\/\/galaxybicycle.com\/wp-content\/uploads\/2025\/09\/Space-1_06-1169x2048.jpg 1169w, https:\/\/galaxybicycle.com\/wp-content\/uploads\/2025\/09\/Space-1_06-7x12.jpg 7w, https:\/\/galaxybicycle.com\/wp-content\/uploads\/2025\/09\/Space-1_06-1000x1752.jpg 1000w\" sizes=\"auto, (max-width: 1461px) 100vw, 1461px\" \/> <img loading=\"lazy\" decoding=\"async\" class=\"alignnone size-full wp-image-3675\" style=\"font-size: 16px;\" src=\"https:\/\/galaxybicycle.com\/wp-content\/uploads\/2025\/09\/Space-1_07.jpg\" alt=\"\" width=\"2543\" height=\"2560\" title=\"\" srcset=\"https:\/\/galaxybicycle.com\/wp-content\/uploads\/2025\/09\/Space-1_07.jpg 2543w, https:\/\/galaxybicycle.com\/wp-content\/uploads\/2025\/09\/Space-1_07-298x300.jpg 298w, https:\/\/galaxybicycle.com\/wp-content\/uploads\/2025\/09\/Space-1_07-1017x1024.jpg 1017w, https:\/\/galaxybicycle.com\/wp-content\/uploads\/2025\/09\/Space-1_07-150x150.jpg 150w, https:\/\/galaxybicycle.com\/wp-content\/uploads\/2025\/09\/Space-1_07-768x773.jpg 768w, https:\/\/galaxybicycle.com\/wp-content\/uploads\/2025\/09\/Space-1_07-1526x1536.jpg 1526w, https:\/\/galaxybicycle.com\/wp-content\/uploads\/2025\/09\/Space-1_07-2034x2048.jpg 2034w, https:\/\/galaxybicycle.com\/wp-content\/uploads\/2025\/09\/Space-1_07-12x12.jpg 12w, https:\/\/galaxybicycle.com\/wp-content\/uploads\/2025\/09\/Space-1_07-1000x1007.jpg 1000w, https:\/\/galaxybicycle.com\/wp-content\/uploads\/2025\/09\/Space-1_07-100x100.jpg 100w\" sizes=\"auto, (max-width: 2543px) 100vw, 2543px\" \/> <img loading=\"lazy\" decoding=\"async\" class=\"alignnone size-full wp-image-3676\" style=\"font-size: 16px;\" src=\"https:\/\/galaxybicycle.com\/wp-content\/uploads\/2025\/09\/Space-1_08.jpg\" alt=\"\" width=\"2560\" height=\"1728\" title=\"\" srcset=\"https:\/\/galaxybicycle.com\/wp-content\/uploads\/2025\/09\/Space-1_08.jpg 2560w, https:\/\/galaxybicycle.com\/wp-content\/uploads\/2025\/09\/Space-1_08-300x203.jpg 300w, https:\/\/galaxybicycle.com\/wp-content\/uploads\/2025\/09\/Space-1_08-1024x691.jpg 1024w, https:\/\/galaxybicycle.com\/wp-content\/uploads\/2025\/09\/Space-1_08-768x518.jpg 768w, https:\/\/galaxybicycle.com\/wp-content\/uploads\/2025\/09\/Space-1_08-1536x1037.jpg 1536w, https:\/\/galaxybicycle.com\/wp-content\/uploads\/2025\/09\/Space-1_08-2048x1382.jpg 2048w, https:\/\/galaxybicycle.com\/wp-content\/uploads\/2025\/09\/Space-1_08-18x12.jpg 18w, https:\/\/galaxybicycle.com\/wp-content\/uploads\/2025\/09\/Space-1_08-1000x675.jpg 1000w\" sizes=\"auto, (max-width: 2560px) 100vw, 2560px\" \/><\/p>","protected":false},"excerpt":{"rendered":"<p>Az Pixar Space1 egy nagy teljes\u00edtm\u00e9ny\u0171 \u00e9s st\u00edlusos elektromos ker\u00e9kp\u00e1r, amelyet kalandoz\u00e1sra \u00e9p\u00edtettek. A 48V20AH EVE cell\u00e1s akkumul\u00e1torral, 500W-os nagysebess\u00e9g\u0171 motorral \u00e9s k\u00f6v\u00e9r 26\u2033x4\u2033-es gumikkal ak\u00e1r 100KM hat\u00f3t\u00e1vols\u00e1got, sima felf\u00fcggeszt\u00e9st \u00e9s Shimano 7 sebess\u00e9ges sebess\u00e9gv\u00e1lt\u00f3t k\u00edn\u00e1l - t\u00f6k\u00e9letes v\u00e1rosi t\u00far\u00e1khoz, \u00f6sv\u00e9nyekhez \u00e9s terepj\u00e1r\u00f3s sz\u00f3rakoz\u00e1shoz.<\/p>","protected":false},"featured_media":3647,"comment_status":"open","ping_status":"closed","template":"","meta":[],"product_brand":[36],"product_cat":[41,39],"product_tag":[],"class_list":{"0":"post-3642","1":"product","2":"type-product","3":"status-publish","4":"has-post-thumbnail","6":"product_brand-pixar","7":"product_cat-pixar-electric-bikes","8":"product_cat-uk-warehouse","10":"first","11":"instock","12":"shipping-taxable","13":"purchasable","14":"product-type-simple"},"_links":{"self":[{"href":"https:\/\/galaxybicycle.com\/hu\/wp-json\/wp\/v2\/product\/3642","targetHints":{"allow":["GET"]}}],"collection":[{"href":"https:\/\/galaxybicycle.com\/hu\/wp-json\/wp\/v2\/product"}],"about":[{"href":"https:\/\/galaxybicycle.com\/hu\/wp-json\/wp\/v2\/types\/product"}],"replies":[{"embeddable":true,"href":"https:\/\/galaxybicycle.com\/hu\/wp-json\/wp\/v2\/comments?post=3642"}],"wp:featuredmedia":[{"embeddable":true,"href":"https:\/\/galaxybicycle.com\/hu\/wp-json\/wp\/v2\/media\/3647"}],"wp:attachment":[{"href":"https:\/\/galaxybicycle.com\/hu\/wp-json\/wp\/v2\/media?parent=3642"}],"wp:term":[{"taxonomy":"product_brand","embeddable":true,"href":"https:\/\/galaxybicycle.com\/hu\/wp-json\/wp\/v2\/product_brand?post=3642"},{"taxonomy":"product_cat","embeddable":true,"href":"https:\/\/galaxybicycle.com\/hu\/wp-json\/wp\/v2\/product_cat?post=3642"},{"taxonomy":"product_tag","embeddable":true,"href":"https:\/\/galaxybicycle.com\/hu\/wp-json\/wp\/v2\/product_tag?post=3642"}],"curies":[{"name":"wp","href":"https:\/\/api.w.org\/{rel}","templated":true}]}}