{"id":3605,"date":"2025-09-04T10:21:14","date_gmt":"2025-09-04T10:21:14","guid":{"rendered":"https:\/\/galaxybicycle.com\/?post_type=product&#038;p=3605"},"modified":"2026-01-09T09:53:45","modified_gmt":"2026-01-09T09:53:45","slug":"pixar-plus7","status":"publish","type":"product","link":"https:\/\/galaxybicycle.com\/hu\/product\/pixar-plus7\/","title":{"rendered":"Pixar Plus7 Elektromos ker\u00e9kp\u00e1r 500W 20 \"Fat Tire | Hossz\u00fa t\u00e1v\u00fa v\u00e1rosi \u00e9s terepj\u00e1r\u00f3 elektromos ker\u00e9kp\u00e1r"},"content":{"rendered":"<p><iframe loading=\"lazy\" title=\"Galaxy Bicycle: kos\u00e1r felszerel\u00e9si vide\u00f3 plus7\" src=\"https:\/\/www.youtube.com\/embed\/XQiWbaHIfVY\" width=\"1840\" height=\"1035\" frameborder=\"0\" allowfullscreen=\"allowfullscreen\"><\/iframe><br \/>\n<iframe loading=\"lazy\" title=\"Galaxy Bicikli: sebess\u00e9g felold\u00e1sa vide\u00f3 plus7\" src=\"https:\/\/www.youtube.com\/embed\/oGsVW106deM\" width=\"1840\" height=\"1035\" frameborder=\"0\" allowfullscreen=\"allowfullscreen\"><\/iframe><br \/>\n<iframe loading=\"lazy\" title=\"Galaxy ker\u00e9kp\u00e1r: unboxing video plus7\" src=\"https:\/\/www.youtube.com\/embed\/ZUpDaiwN-4Q\" width=\"1840\" height=\"1035\" frameborder=\"0\" allowfullscreen=\"allowfullscreen\"><\/iframe><br \/>\n<strong>Pixar Plus7 elektromos ker\u00e9kp\u00e1r<\/strong> a cs\u00facstechnol\u00f3gi\u00e1t \u00e9s a praktikus kialak\u00edt\u00e1st \u00f6tv\u00f6zi a sima, er\u0151teljes \u00e9s \u00e9lvezetes utaz\u00e1s \u00e9rdek\u00e9ben. Ak\u00e1r a v\u00e1rosi utc\u00e1kon ing\u00e1zik, ak\u00e1r hegyet m\u00e1szik, vagy k\u00f6nny\u0171 \u00f6sv\u00e9nyeket fedez fel, ez az e-bike megb\u00edzhat\u00f3 teljes\u00edtm\u00e9nyt \u00e9s k\u00e9nyelmet ny\u00fajt. Robusztus, kiv\u00e1l\u00f3 min\u0151s\u00e9g\u0171 ac\u00e9lv\u00e1za, \u00e1ll\u00edthat\u00f3 els\u0151 felf\u00fcggeszt\u00e9s\u0171 vill\u00e1ja \u00e9s Chaoyang 20\u2033 x 3\u2033 m\u00e9ret\u0171, k\u00f6v\u00e9r gumiabroncsai stabilit\u00e1st \u00e9s sokoldal\u00fas\u00e1got biztos\u00edtanak a k\u00fcl\u00f6nb\u00f6z\u0151 terepeken.<\/p>\n<p>K\u00e9tf\u00e9le akkumul\u00e1tor k\u00f6z\u00fcl v\u00e1laszthat: egy <strong>48V 10.4Ah<\/strong> l\u00edtium-ion akkumul\u00e1tor, amely ak\u00e1r 35-45 km-t is k\u00e9pes megtenni ped\u00e1lseg\u00edt\u0151 \u00fczemm\u00f3dban, vagy a nagyobb m\u00e9ret\u0171 <strong>48V 20.4Ah<\/strong> akkumul\u00e1tor, amely egyetlen felt\u00f6lt\u00e9ssel 65-75 km-re n\u00f6veli a hat\u00f3t\u00e1vols\u00e1got. Az \u00e1ramell\u00e1t\u00e1s <strong>500W-os h\u00e1ts\u00f3 ker\u00e9kagymotor<\/strong> 25 km\/h (32 km\/h-ig \u00e1ll\u00edthat\u00f3) leg\u00e1lis v\u00e9gsebess\u00e9ggel \u00e9s Shimano 7 sebess\u00e9ges v\u00e1lt\u00f3val p\u00e1ros\u00edtva az Pixar Plus7 k\u00f6nnyed\u00e9n kezeli a s\u00edk utakat \u00e9s a 15\u00b0-os emelked\u0151ket is.<\/p>\n<p>A biztons\u00e1g \u00e9s a k\u00e9nyelem be\u00e9p\u00edtett: mechanikus t\u00e1rcsaf\u00e9kek 180 mm-es forg\u00f3r\u00e9szekkel, integr\u00e1lt els\u0151 \u00e9s h\u00e1ts\u00f3 l\u00e1mp\u00e1k, elektronikus k\u00fcrt \u00e9s h\u00e1ts\u00f3 csomagtart\u00f3 (opcion\u00e1lis els\u0151 kos\u00e1rral) teszik ide\u00e1lisv\u00e1 a mindennapi \u00fcgyint\u00e9z\u00e9shez. Tov\u00e1bbi jellemz\u0151i k\u00f6z\u00e9 tartozik az USB-t\u00f6lt\u0151port, a gyalogl\u00e1st seg\u00edt\u0151 \u00fczemm\u00f3d \u00e9s az IP54-es v\u00e9detts\u00e9gi besorol\u00e1s\u00fa id\u0151j\u00e1r\u00e1s\u00e1ll\u00f3s\u00e1g.<\/p>\n<p>Ak\u00e1r egy megb\u00edzhat\u00f3 ing\u00e1z\u00f3, ak\u00e1r egy alkalmas tehersz\u00e1ll\u00edt\u00f3, ak\u00e1r egy k\u00f6rnyezetbar\u00e1t kalandbiciklire van sz\u00fcks\u00e9ge, a <strong>Pixar Plus7<\/strong> alkalmazkodik az \u00d6n \u00e9letm\u00f3dj\u00e1hoz.<\/p>\n<h3>Mi\u00e9rt v\u00e1lassza a Pixar Plus7-et?<\/h3>\n<ul>\n<li><strong>Er\u0151teljes 500W-os h\u00e1ts\u00f3 ker\u00e9kagymotor<\/strong> - \u00e1ll\u00edthat\u00f3 v\u00e9gsebess\u00e9g 32 km\/h-ig<\/li>\n<li><strong>K\u00e9t cser\u00e9lhet\u0151 akkumul\u00e1tor<\/strong>: 10,4Ah (35-45 km) vagy 20,4Ah (65-75 km) ped\u00e1los \u00fczemm\u00f3dban.<\/li>\n<li><strong>20\u2033 x 3\u2033 Chaoyang zs\u00edrgumik<\/strong> defektv\u00e9delemmel \u00e9s f\u00e9nyvisszaver\u0151 oldalfalakkal<\/li>\n<li><strong>\u00c1ll\u00edthat\u00f3 els\u0151 felf\u00fcggeszt\u00e9s\u0171 villa<\/strong> a sim\u00e1bb, szab\u00e1lyozottabb vezet\u00e9s\u00e9rt<\/li>\n<li><strong>Shimano 7 sebess\u00e9ges hajt\u00e1sl\u00e1nc<\/strong> a sokoldal\u00fa sebess\u00e9gv\u00e1lt\u00f3-v\u00e1laszt\u00e1shoz<\/li>\n<li><strong>Mechanikus t\u00e1rcsaf\u00e9kek<\/strong> \u00e1ramsz\u00fcnettel a gyors le\u00e1ll\u00edt\u00e1s \u00e9rdek\u00e9ben<\/li>\n<li><strong>Integr\u00e1lt vil\u00e1g\u00edt\u00e1s \u00e9s elektronikus k\u00fcrt<\/strong> az \u00e9jszakai l\u00e1that\u00f3s\u00e1g \u00e9s biztons\u00e1g \u00e9rdek\u00e9ben<\/li>\n<li><strong>H\u00e1ts\u00f3 csomagtart\u00f3 tartoz\u00e9k, els\u0151 csomagtart\u00f3 opcion\u00e1lis<\/strong> - t\u00f6k\u00e9letes tehersz\u00e1ll\u00edt\u00e1shoz \u00e9s ing\u00e1z\u00e1shoz<\/li>\n<\/ul>\n<h3>M\u0171szaki adatok<\/h3>\n<table>\n<tbody>\n<tr>\n<td colspan=\"3\">Pixar Plus7 E-bike - Term\u00e9kparam\u00e9terek (eur\u00f3pai piac)<\/td>\n<\/tr>\n<tr>\n<td>\/<\/td>\n<td>Param\u00e9ter<\/td>\n<td>\u00c9rt\u00e9k<\/td>\n<\/tr>\n<tr>\n<td rowspan=\"15\">\u00c1ltal\u00e1nos specifik\u00e1ci\u00f3k<\/td>\n<td rowspan=\"2\">Tartom\u00e1ny<\/td>\n<td>35-45 km (ped\u00e1lseg\u00e9d \u00fczemm\u00f3dban) 10,4Ah<\/td>\n<\/tr>\n<tr>\n<td>65-75 km (ped\u00e1lseg\u00e9d \u00fczemm\u00f3dban) 20,4 Ah<\/td>\n<\/tr>\n<tr>\n<td>Legnagyobb sebess\u00e9g<\/td>\n<td>25 km\/h (Pedelec-korl\u00e1toz\u00e1s, 32 km\/h-ig \u00e1ll\u00edthat\u00f3)<\/td>\n<\/tr>\n<tr>\n<td>M\u00e9retek<\/td>\n<td>186 \u00d7 65 \u00d7 132 cm (hossz\u00fas\u00e1g \u00d7 sz\u00e9less\u00e9g \u00d7 magass\u00e1g)<\/td>\n<\/tr>\n<tr>\n<td>Maxim\u00e1lis terhelhet\u0151s\u00e9g<\/td>\n<td>120kg<\/td>\n<\/tr>\n<tr>\n<td>Nett\u00f3 s\u00faly<\/td>\n<td>34.5kg<\/td>\n<\/tr>\n<tr>\n<td>Brutt\u00f3 t\u00f6meg<\/td>\n<td>43.5kg<\/td>\n<\/tr>\n<tr>\n<td>Mennyis\u00e9g 1\u00d740HQ kont\u00e9nerhez<\/td>\n<td>206 db<\/td>\n<\/tr>\n<tr>\n<td>Aj\u00e1nlott magass\u00e1g<\/td>\n<td>155-190 cm<\/td>\n<\/tr>\n<tr>\n<td>Sz\u00ednv\u00e1laszt\u00e9k<\/td>\n<td>Fekete \u00e9s sz\u00fcrke<\/td>\n<\/tr>\n<tr>\n<td>\u00d6sszecsukhat\u00f3<\/td>\n<td>Nem<\/td>\n<\/tr>\n<tr>\n<td>IP-besorol\u00e1s<\/td>\n<td>IP54<\/td>\n<\/tr>\n<tr>\n<td>\u00dczemi h\u0151m\u00e9rs\u00e9klet<\/td>\n<td>-10\u00b0C \u00e9s +45\u00b0C k\u00f6z\u00f6tt<\/td>\n<\/tr>\n<tr>\n<td>Ker\u00e9kp\u00e1r kateg\u00f3ria<\/td>\n<td>Step-through Fat Tire Cargo<\/td>\n<\/tr>\n<tr>\n<td rowspan=\"7\">Akkumul\u00e1tor rendszer<\/td>\n<td>Akkumul\u00e1tor kapacit\u00e1s \u00e9s t\u00edpus<\/td>\n<td>48V 20.4Ah L\u00edtium-ion (EVE cell\u00e1k)<\/td>\n<\/tr>\n<tr>\n<td>Akkumul\u00e1tor s\u00falya<\/td>\n<td>3kg<\/td>\n<\/tr>\n<tr>\n<td>Kivehet\u0151 akkumul\u00e1tor<\/td>\n<td>Igen<\/td>\n<\/tr>\n<tr>\n<td>Akkumul\u00e1tor IP-besorol\u00e1s<\/td>\n<td>IP65<\/td>\n<\/tr>\n<tr>\n<td>Akkumul\u00e1tor-tan\u00fas\u00edtv\u00e1ny<\/td>\n<td>EN 62133 szabv\u00e1nynak megfelel\u0151<\/td>\n<\/tr>\n<tr>\n<td>T\u00f6lt\u00e9si id\u0151<\/td>\n<td>4-6 \u00f3ra (max. 6 \u00f3ra)<\/td>\n<\/tr>\n<tr>\n<td>T\u00f6lt\u0151<\/td>\n<td>54,6V 2A intelligens t\u00f6lt\u0151<\/td>\n<\/tr>\n<tr>\n<td rowspan=\"4\">Motor \u00e9s meghajt\u00f3 rendszer<\/td>\n<td>Motor t\u00edpusa<\/td>\n<td>Kefe n\u00e9lk\u00fcli motor h\u00e1ts\u00f3 ker\u00e9kagy<\/td>\n<\/tr>\n<tr>\n<td>Motor m\u00e1rka<\/td>\n<td>CZJB<\/td>\n<\/tr>\n<tr>\n<td>Motor<\/td>\n<td>48V 500W-os nagysebess\u00e9g\u0171 h\u00e1ts\u00f3 ker\u00e9kagymotor<\/td>\n<\/tr>\n<tr>\n<td>Maxim\u00e1lis emelked\u0151 meredeks\u00e9g<\/td>\n<td>15\u00b0 (kb. 27% fokozat)<\/td>\n<\/tr>\n<tr>\n<td rowspan=\"7\">Vez\u00e9rl\u0151rendszer<\/td>\n<td>Megjelen\u00edt\u00e9s<\/td>\n<td>YL-81F + USB<\/td>\n<\/tr>\n<tr>\n<td>T\u00e1mogat\u00e1si szintek<\/td>\n<td>5 szint (0-5)<\/td>\n<\/tr>\n<tr>\n<td>G\u00e1zkar<\/td>\n<td>Twist Throttle (p\u00f3talkatr\u00e9szek kis dobozban)<\/td>\n<\/tr>\n<tr>\n<td>\u00c9rz\u00e9kel\u0151k<\/td>\n<td>Sebess\u00e9g\u00e9rz\u00e9kel\u0151 (12 m\u00e1gnes)<\/td>\n<\/tr>\n<tr>\n<td>USB t\u00f6lt\u0151port<\/td>\n<td>Igen<\/td>\n<\/tr>\n<tr>\n<td>S\u00e9ta asszisztens m\u00f3d<\/td>\n<td>6 km\/h (tartsa lenyomva a \u201c-\u201d gombot)<\/td>\n<\/tr>\n<tr>\n<td>H\u00e1tt\u00e9rvil\u00e1g\u00edt\u00e1s<\/td>\n<td>Igen<\/td>\n<\/tr>\n<tr>\n<td rowspan=\"4\">V\u00e1z \u00e9s villa<\/td>\n<td>Keret Anyag<\/td>\n<td>Alum\u00ednium \u00f6tv\u00f6zet<\/td>\n<\/tr>\n<tr>\n<td>Keret t\u00edpusa<\/td>\n<td>\u00c1tl\u00e9p\u0151 (alacsony l\u00e9pcs\u0151fok)<\/td>\n<\/tr>\n<tr>\n<td>Els\u0151 felf\u00fcggeszt\u00e9s<\/td>\n<td>\u00c1ll\u00edthat\u00f3 leng\u00e9scsillap\u00edt\u00f3<\/td>\n<\/tr>\n<tr>\n<td>Els\u0151 villa<\/td>\n<td>Felf\u00fcggesztett villa t\u00e1rcsaf\u00e9ktart\u00f3val<\/td>\n<\/tr>\n<tr>\n<td rowspan=\"6\">Hajt\u00e1sl\u00e1nc<\/td>\n<td>L\u00e1nc<\/td>\n<td>1\/2*3\/32\u201d x 152L<\/td>\n<\/tr>\n<tr>\n<td>Fogasker\u00e9k<\/td>\n<td>52T * 170L, \u00f6tv\u00f6zet<\/td>\n<\/tr>\n<tr>\n<td>Szabadonfut\u00f3<\/td>\n<td>7 sebess\u00e9ges, 14-28T szabadonfut\u00f3 (menetes)<\/td>\n<\/tr>\n<tr>\n<td>H\u00e1ts\u00f3 v\u00e1lt\u00f3<\/td>\n<td>Shimano 7 sebess\u00e9ges (14-28T kompatibilis)<\/td>\n<\/tr>\n<tr>\n<td>Els\u0151 v\u00e1lt\u00f3<\/td>\n<td>Nincs (egyetlen l\u00e1ncszem)<\/td>\n<\/tr>\n<tr>\n<td>Shifter<\/td>\n<td>Shimano 7 sebess\u00e9ges<\/td>\n<\/tr>\n<tr>\n<td rowspan=\"5\">Kerekek \u00e9s gumiabroncsok<\/td>\n<td>Ker\u00e9km\u00e9ret<\/td>\n<td>20\u2033 x 3, f\u00e9nyvisszaver\u0151 oldalfali cs\u00edkkal<\/td>\n<\/tr>\n<tr>\n<td>Spokes<\/td>\n<td>12G \u00d7 173 mm, EN 15194 szabv\u00e1nynak megfelel\u0151en<\/td>\n<\/tr>\n<tr>\n<td>Gumiabroncs m\u00e1rka<\/td>\n<td>Chaoyang<\/td>\n<\/tr>\n<tr>\n<td>Sz\u00far\u00e1s elleni v\u00e9delem<\/td>\n<td>Sz\u00far\u00e1s\u00e1ll\u00f3<\/td>\n<\/tr>\n<tr>\n<td>Bels\u0151 cs\u0151<\/td>\n<td>20\u2033 \u00d7 3.0\u2033, A\/V szelep 32mm<\/td>\n<\/tr>\n<tr>\n<td rowspan=\"4\">F\u00e9krendszer<\/td>\n<td>F\u00e9k t\u00edpusa<\/td>\n<td>Mechanikus t\u00e1rcsaf\u00e9kek (el\u00f6l \u00e9s h\u00e1tul)<\/td>\n<\/tr>\n<tr>\n<td>F\u00e9kek<\/td>\n<td>Teljes\u00edtm\u00e9nyle\u00e1ll\u00edt\u00f3 f\u00e9kek<\/td>\n<\/tr>\n<tr>\n<td>F\u00e9kt\u00e1rcs\u00e1k<\/td>\n<td>180mm (el\u00f6l \u00e9s h\u00e1tul)<\/td>\n<\/tr>\n<tr>\n<td>F\u00e9kkarok<\/td>\n<td>Teljesen alum\u00edniumb\u00f3l k\u00e9sz\u00fclt, alacsony profil\u00fa kialak\u00edt\u00e1s motorle\u00e1ll\u00edt\u00f3val<\/td>\n<\/tr>\n<tr>\n<td rowspan=\"7\">Pil\u00f3taf\u00fclke \u00e9s alkatr\u00e9szek<\/td>\n<td>Korm\u00e1nyker\u00e9k<\/td>\n<td>Alum\u00ednium \u00f6tv\u00f6zetb\u0151l k\u00e9sz\u00fclt emelked\u0151 r\u00fad, 26,2\u2033 (665mm) sz\u00e9less\u00e9g, 31,8mm-es sz\u00e1rkapocs<\/td>\n<\/tr>\n<tr>\n<td>Sz\u00e1r<\/td>\n<td>\u00d6sszecsukhat\u00f3 sz\u00e1r<\/td>\n<\/tr>\n<tr>\n<td>Nyereg<\/td>\n<td>Komfort nyereg<\/td>\n<\/tr>\n<tr>\n<td>Nyeregmagass\u00e1g tartom\u00e1ny<\/td>\n<td>900-1000 mm<\/td>\n<\/tr>\n<tr>\n<td>\u00dcl\u0151oszlop<\/td>\n<td>33,9 mm-es alum\u00ednium\u00f6tv\u00f6zet, \u00e1ll\u00edthat\u00f3 sz\u00f6g\u0171<\/td>\n<\/tr>\n<tr>\n<td>Gyorskiold\u00f3<\/td>\n<td>Igen (els\u0151 ker\u00e9k \u00e9s nyeregcs\u0151)<\/td>\n<\/tr>\n<tr>\n<td>Ped\u00e1lok<\/td>\n<td>Alum\u00ednium \u00f6tv\u00f6zetb\u0151l k\u00e9sz\u00fclt platformped\u00e1lok f\u00e9nyvisszaver\u0151vel<\/td>\n<\/tr>\n<tr>\n<td rowspan=\"3\">Vil\u00e1g\u00edt\u00e1s \u00e9s biztons\u00e1g<\/td>\n<td>F\u00e9nysz\u00f3r\u00f3<\/td>\n<td>Integr\u00e1lt f\u00e9nysz\u00f3r\u00f3 v\u00edz\u00e1ll\u00f3 lev\u00e1laszt\u00f3val<\/td>\n<\/tr>\n<tr>\n<td>H\u00e1ts\u00f3 l\u00e1mpa<\/td>\n<td>Integr\u00e1lt h\u00e1ts\u00f3 l\u00e1mpa v\u00edz\u00e1ll\u00f3 lev\u00e1laszt\u00f3val<\/td>\n<\/tr>\n<tr>\n<td>Bell\/Horn<\/td>\n<td>Elektronikus k\u00fcrt<\/td>\n<\/tr>\n<tr>\n<td rowspan=\"5\">Kieg\u00e9sz\u00edt\u0151 berendez\u00e9sek<\/td>\n<td>Kickstand<\/td>\n<td>Nagy teherb\u00edr\u00e1s\u00fa alum\u00ednium \u00e1llv\u00e1ny<\/td>\n<\/tr>\n<tr>\n<td>L\u00f6kh\u00e1r\u00edt\u00f3k\/sz\u00e1rnyv\u00e9d\u0151k<\/td>\n<td>Els\u0151 \u00e9s h\u00e1ts\u00f3 s\u00e1rv\u00e9d\u0151k tartoz\u00e9k<\/td>\n<\/tr>\n<tr>\n<td>H\u00e1ts\u00f3 csomagtart\u00f3<\/td>\n<td>Igen<\/td>\n<\/tr>\n<tr>\n<td>Els\u0151 \u00e1llv\u00e1ny<\/td>\n<td>Opcion\u00e1lis<\/td>\n<\/tr>\n<tr>\n<td>Eszk\u00f6zk\u00e9szlet tartalmazza<\/td>\n<td>Igen (3\u00d7 csavarkulcs, 1\u00d7 csavarh\u00faz\u00f3, 5\u00d7 hatlapos kulcs)<\/td>\n<\/tr>\n<tr>\n<td rowspan=\"2\">Tan\u00fas\u00edt\u00e1s \u00e9s megfelel\u00e9s<\/td>\n<td>EN 15194 tan\u00fas\u00edtv\u00e1nnyal<\/td>\n<td>Igen<\/td>\n<\/tr>\n<tr>\n<td>Tan\u00fas\u00edt\u00e1s<\/td>\n<td>CE, EN 15194, UL2271<\/td>\n<\/tr>\n<tr>\n<td rowspan=\"3\">Garancia \u00e9s t\u00e1mogat\u00e1s<\/td>\n<td>Teljes j\u00f3t\u00e1ll\u00e1si id\u0151szak<\/td>\n<td>1 \u00e9v korl\u00e1tozott garancia<\/td>\n<\/tr>\n<tr>\n<td>Akkumul\u00e1tor garancia<\/td>\n<td>1 \u00e9v az eredeti v\u00e1s\u00e1rl\u00e1st\u00f3l sz\u00e1m\u00edtva<\/td>\n<\/tr>\n<tr>\n<td>Keret garancia<\/td>\n<td>2 \u00e9v<\/td>\n<\/tr>\n<tr>\n<td rowspan=\"3\">\u00d6sszeszerel\u00e9s \u00e9s sz\u00e1ll\u00edt\u00e1s<\/td>\n<td>\u00d6sszeszerel\u00e9s sz\u00fcks\u00e9ges<\/td>\n<td>90% el\u0151re \u00f6sszeszerelve (els\u0151 ker\u00e9k, ped\u00e1lok, korm\u00e1ny be\u00e1ll\u00edt\u00e1sa)<\/td>\n<\/tr>\n<tr>\n<td>\u00d6sszeszerel\u00e9si \u00fatmutat\u00f3<\/td>\n<td>T\u00f6bbnyelv\u0171 k\u00e9zik\u00f6nyv mell\u00e9kelve<\/td>\n<\/tr>\n<tr>\n<td>Csomagol\u00e1s M\u00e9retek<\/td>\n<td>163 \u00d7 28 \u00d7 70 cm<\/td>\n<\/tr>\n<\/tbody>\n<\/table>\n<p><img loading=\"lazy\" decoding=\"async\" class=\"alignnone size-full wp-image-3631\" src=\"https:\/\/galaxybicycle.com\/wp-content\/uploads\/2025\/09\/plus1_01.jpg\" alt=\"\" width=\"1500\" height=\"2106\" title=\"\" srcset=\"https:\/\/galaxybicycle.com\/wp-content\/uploads\/2025\/09\/plus1_01.jpg 1500w, https:\/\/galaxybicycle.com\/wp-content\/uploads\/2025\/09\/plus1_01-214x300.jpg 214w, https:\/\/galaxybicycle.com\/wp-content\/uploads\/2025\/09\/plus1_01-729x1024.jpg 729w, https:\/\/galaxybicycle.com\/wp-content\/uploads\/2025\/09\/plus1_01-768x1078.jpg 768w, https:\/\/galaxybicycle.com\/wp-content\/uploads\/2025\/09\/plus1_01-1094x1536.jpg 1094w, https:\/\/galaxybicycle.com\/wp-content\/uploads\/2025\/09\/plus1_01-1459x2048.jpg 1459w, https:\/\/galaxybicycle.com\/wp-content\/uploads\/2025\/09\/plus1_01-9x12.jpg 9w, https:\/\/galaxybicycle.com\/wp-content\/uploads\/2025\/09\/plus1_01-1000x1404.jpg 1000w\" sizes=\"auto, (max-width: 1500px) 100vw, 1500px\" \/> <img loading=\"lazy\" decoding=\"async\" class=\"alignnone size-full wp-image-3632\" src=\"https:\/\/galaxybicycle.com\/wp-content\/uploads\/2025\/09\/plus1_02.jpg\" alt=\"\" width=\"1500\" height=\"1357\" title=\"\" srcset=\"https:\/\/galaxybicycle.com\/wp-content\/uploads\/2025\/09\/plus1_02.jpg 1500w, https:\/\/galaxybicycle.com\/wp-content\/uploads\/2025\/09\/plus1_02-300x271.jpg 300w, https:\/\/galaxybicycle.com\/wp-content\/uploads\/2025\/09\/plus1_02-1024x926.jpg 1024w, https:\/\/galaxybicycle.com\/wp-content\/uploads\/2025\/09\/plus1_02-768x695.jpg 768w, https:\/\/galaxybicycle.com\/wp-content\/uploads\/2025\/09\/plus1_02-13x12.jpg 13w, https:\/\/galaxybicycle.com\/wp-content\/uploads\/2025\/09\/plus1_02-1000x905.jpg 1000w\" sizes=\"auto, (max-width: 1500px) 100vw, 1500px\" \/> <img loading=\"lazy\" decoding=\"async\" class=\"alignnone size-full wp-image-3633\" src=\"https:\/\/galaxybicycle.com\/wp-content\/uploads\/2025\/09\/plus1_03.jpg\" alt=\"\" width=\"1500\" height=\"1141\" title=\"\" srcset=\"https:\/\/galaxybicycle.com\/wp-content\/uploads\/2025\/09\/plus1_03.jpg 1500w, https:\/\/galaxybicycle.com\/wp-content\/uploads\/2025\/09\/plus1_03-300x228.jpg 300w, https:\/\/galaxybicycle.com\/wp-content\/uploads\/2025\/09\/plus1_03-1024x779.jpg 1024w, https:\/\/galaxybicycle.com\/wp-content\/uploads\/2025\/09\/plus1_03-768x584.jpg 768w, https:\/\/galaxybicycle.com\/wp-content\/uploads\/2025\/09\/plus1_03-16x12.jpg 16w, https:\/\/galaxybicycle.com\/wp-content\/uploads\/2025\/09\/plus1_03-1000x761.jpg 1000w\" sizes=\"auto, (max-width: 1500px) 100vw, 1500px\" \/> <img loading=\"lazy\" decoding=\"async\" class=\"alignnone size-full wp-image-3634\" src=\"https:\/\/galaxybicycle.com\/wp-content\/uploads\/2025\/09\/plus1_04.jpg\" alt=\"\" width=\"1500\" height=\"1456\" title=\"\" srcset=\"https:\/\/galaxybicycle.com\/wp-content\/uploads\/2025\/09\/plus1_04.jpg 1500w, https:\/\/galaxybicycle.com\/wp-content\/uploads\/2025\/09\/plus1_04-300x291.jpg 300w, https:\/\/galaxybicycle.com\/wp-content\/uploads\/2025\/09\/plus1_04-1024x994.jpg 1024w, https:\/\/galaxybicycle.com\/wp-content\/uploads\/2025\/09\/plus1_04-768x745.jpg 768w, https:\/\/galaxybicycle.com\/wp-content\/uploads\/2025\/09\/plus1_04-12x12.jpg 12w, https:\/\/galaxybicycle.com\/wp-content\/uploads\/2025\/09\/plus1_04-1000x971.jpg 1000w\" sizes=\"auto, (max-width: 1500px) 100vw, 1500px\" \/> <img loading=\"lazy\" decoding=\"async\" class=\"alignnone size-full wp-image-3635\" src=\"https:\/\/galaxybicycle.com\/wp-content\/uploads\/2025\/09\/plus1_05.jpg\" alt=\"\" width=\"1500\" height=\"1354\" title=\"\" srcset=\"https:\/\/galaxybicycle.com\/wp-content\/uploads\/2025\/09\/plus1_05.jpg 1500w, https:\/\/galaxybicycle.com\/wp-content\/uploads\/2025\/09\/plus1_05-300x271.jpg 300w, https:\/\/galaxybicycle.com\/wp-content\/uploads\/2025\/09\/plus1_05-1024x924.jpg 1024w, https:\/\/galaxybicycle.com\/wp-content\/uploads\/2025\/09\/plus1_05-768x693.jpg 768w, https:\/\/galaxybicycle.com\/wp-content\/uploads\/2025\/09\/plus1_05-13x12.jpg 13w, https:\/\/galaxybicycle.com\/wp-content\/uploads\/2025\/09\/plus1_05-1000x903.jpg 1000w\" sizes=\"auto, (max-width: 1500px) 100vw, 1500px\" \/> <img loading=\"lazy\" decoding=\"async\" class=\"alignnone size-full wp-image-3636\" src=\"https:\/\/galaxybicycle.com\/wp-content\/uploads\/2025\/09\/plus1_06.jpg\" alt=\"\" width=\"1500\" height=\"1427\" title=\"\" srcset=\"https:\/\/galaxybicycle.com\/wp-content\/uploads\/2025\/09\/plus1_06.jpg 1500w, https:\/\/galaxybicycle.com\/wp-content\/uploads\/2025\/09\/plus1_06-300x285.jpg 300w, https:\/\/galaxybicycle.com\/wp-content\/uploads\/2025\/09\/plus1_06-1024x974.jpg 1024w, https:\/\/galaxybicycle.com\/wp-content\/uploads\/2025\/09\/plus1_06-768x731.jpg 768w, https:\/\/galaxybicycle.com\/wp-content\/uploads\/2025\/09\/plus1_06-13x12.jpg 13w, https:\/\/galaxybicycle.com\/wp-content\/uploads\/2025\/09\/plus1_06-1000x951.jpg 1000w\" sizes=\"auto, (max-width: 1500px) 100vw, 1500px\" \/> <img loading=\"lazy\" decoding=\"async\" class=\"alignnone size-full wp-image-3637\" src=\"https:\/\/galaxybicycle.com\/wp-content\/uploads\/2025\/09\/plus1_07.jpg\" alt=\"\" width=\"1500\" height=\"1241\" title=\"\" srcset=\"https:\/\/galaxybicycle.com\/wp-content\/uploads\/2025\/09\/plus1_07.jpg 1500w, https:\/\/galaxybicycle.com\/wp-content\/uploads\/2025\/09\/plus1_07-300x248.jpg 300w, https:\/\/galaxybicycle.com\/wp-content\/uploads\/2025\/09\/plus1_07-1024x847.jpg 1024w, https:\/\/galaxybicycle.com\/wp-content\/uploads\/2025\/09\/plus1_07-768x635.jpg 768w, https:\/\/galaxybicycle.com\/wp-content\/uploads\/2025\/09\/plus1_07-15x12.jpg 15w, https:\/\/galaxybicycle.com\/wp-content\/uploads\/2025\/09\/plus1_07-1000x827.jpg 1000w\" sizes=\"auto, (max-width: 1500px) 100vw, 1500px\" \/> <img loading=\"lazy\" decoding=\"async\" class=\"alignnone size-full wp-image-3638\" src=\"https:\/\/galaxybicycle.com\/wp-content\/uploads\/2025\/09\/plus1_08.jpg\" alt=\"\" width=\"1500\" height=\"1488\" title=\"\" srcset=\"https:\/\/galaxybicycle.com\/wp-content\/uploads\/2025\/09\/plus1_08.jpg 1500w, https:\/\/galaxybicycle.com\/wp-content\/uploads\/2025\/09\/plus1_08-300x298.jpg 300w, https:\/\/galaxybicycle.com\/wp-content\/uploads\/2025\/09\/plus1_08-1024x1016.jpg 1024w, https:\/\/galaxybicycle.com\/wp-content\/uploads\/2025\/09\/plus1_08-150x150.jpg 150w, https:\/\/galaxybicycle.com\/wp-content\/uploads\/2025\/09\/plus1_08-768x762.jpg 768w, https:\/\/galaxybicycle.com\/wp-content\/uploads\/2025\/09\/plus1_08-12x12.jpg 12w, https:\/\/galaxybicycle.com\/wp-content\/uploads\/2025\/09\/plus1_08-1000x992.jpg 1000w, https:\/\/galaxybicycle.com\/wp-content\/uploads\/2025\/09\/plus1_08-100x100.jpg 100w\" sizes=\"auto, (max-width: 1500px) 100vw, 1500px\" \/> <img loading=\"lazy\" decoding=\"async\" class=\"alignnone size-full wp-image-3639\" src=\"https:\/\/galaxybicycle.com\/wp-content\/uploads\/2025\/09\/plus1_09.jpg\" alt=\"\" width=\"1500\" height=\"1099\" title=\"\" srcset=\"https:\/\/galaxybicycle.com\/wp-content\/uploads\/2025\/09\/plus1_09.jpg 1500w, https:\/\/galaxybicycle.com\/wp-content\/uploads\/2025\/09\/plus1_09-300x220.jpg 300w, https:\/\/galaxybicycle.com\/wp-content\/uploads\/2025\/09\/plus1_09-1024x750.jpg 1024w, https:\/\/galaxybicycle.com\/wp-content\/uploads\/2025\/09\/plus1_09-768x563.jpg 768w, https:\/\/galaxybicycle.com\/wp-content\/uploads\/2025\/09\/plus1_09-16x12.jpg 16w, https:\/\/galaxybicycle.com\/wp-content\/uploads\/2025\/09\/plus1_09-1000x733.jpg 1000w\" sizes=\"auto, (max-width: 1500px) 100vw, 1500px\" \/> <img loading=\"lazy\" decoding=\"async\" class=\"alignnone size-full wp-image-3640\" src=\"https:\/\/galaxybicycle.com\/wp-content\/uploads\/2025\/09\/plus1_10.jpg\" alt=\"\" width=\"1500\" height=\"1461\" title=\"\" srcset=\"https:\/\/galaxybicycle.com\/wp-content\/uploads\/2025\/09\/plus1_10.jpg 1500w, https:\/\/galaxybicycle.com\/wp-content\/uploads\/2025\/09\/plus1_10-300x292.jpg 300w, https:\/\/galaxybicycle.com\/wp-content\/uploads\/2025\/09\/plus1_10-1024x997.jpg 1024w, https:\/\/galaxybicycle.com\/wp-content\/uploads\/2025\/09\/plus1_10-768x748.jpg 768w, https:\/\/galaxybicycle.com\/wp-content\/uploads\/2025\/09\/plus1_10-12x12.jpg 12w, https:\/\/galaxybicycle.com\/wp-content\/uploads\/2025\/09\/plus1_10-1000x974.jpg 1000w\" sizes=\"auto, (max-width: 1500px) 100vw, 1500px\" \/> <img loading=\"lazy\" decoding=\"async\" class=\"alignnone size-full wp-image-3641\" src=\"https:\/\/galaxybicycle.com\/wp-content\/uploads\/2025\/09\/plus1_11.jpg\" alt=\"\" width=\"1500\" height=\"1503\" title=\"\" srcset=\"https:\/\/galaxybicycle.com\/wp-content\/uploads\/2025\/09\/plus1_11.jpg 1500w, https:\/\/galaxybicycle.com\/wp-content\/uploads\/2025\/09\/plus1_11-300x300.jpg 300w, https:\/\/galaxybicycle.com\/wp-content\/uploads\/2025\/09\/plus1_11-1022x1024.jpg 1022w, https:\/\/galaxybicycle.com\/wp-content\/uploads\/2025\/09\/plus1_11-150x150.jpg 150w, https:\/\/galaxybicycle.com\/wp-content\/uploads\/2025\/09\/plus1_11-768x770.jpg 768w, https:\/\/galaxybicycle.com\/wp-content\/uploads\/2025\/09\/plus1_11-12x12.jpg 12w, https:\/\/galaxybicycle.com\/wp-content\/uploads\/2025\/09\/plus1_11-600x600.jpg 600w, https:\/\/galaxybicycle.com\/wp-content\/uploads\/2025\/09\/plus1_11-1000x1002.jpg 1000w, https:\/\/galaxybicycle.com\/wp-content\/uploads\/2025\/09\/plus1_11-100x100.jpg 100w\" sizes=\"auto, (max-width: 1500px) 100vw, 1500px\" \/><\/p>","protected":false},"excerpt":{"rendered":"<p><strong>Pixar Plus7 elektromos ker\u00e9kp\u00e1r<\/strong> teljes\u00edtm\u00e9nyre, k\u00e9nyelemre \u00e9s kalandra \u00e9p\u00fcl. A 48 V-os 500 W-os nagysebess\u00e9g\u0171 motorral, nagy hat\u00f3t\u00e1vols\u00e1g\u00fa akkumul\u00e1tor opci\u00f3kkal, Shimano 7 sebess\u00e9ges v\u00e1lt\u00f3val \u00e9s 20\u2033x3\u2033-os vastag gumikkal t\u00f6k\u00e9letes a mindennapi ing\u00e1z\u00e1shoz \u00e9s a h\u00e9tv\u00e9gi terepj\u00e1r\u00e1shoz.<\/p>","protected":false},"featured_media":3608,"comment_status":"open","ping_status":"closed","template":"","meta":[],"product_brand":[36],"product_cat":[41,40,39],"product_tag":[],"class_list":{"0":"post-3605","1":"product","2":"type-product","3":"status-publish","4":"has-post-thumbnail","6":"product_brand-pixar","7":"product_cat-pixar-electric-bikes","8":"product_cat-eu-warehourse","9":"product_cat-uk-warehouse","11":"first","12":"instock","13":"shipping-taxable","14":"purchasable","15":"product-type-simple"},"_links":{"self":[{"href":"https:\/\/galaxybicycle.com\/hu\/wp-json\/wp\/v2\/product\/3605","targetHints":{"allow":["GET"]}}],"collection":[{"href":"https:\/\/galaxybicycle.com\/hu\/wp-json\/wp\/v2\/product"}],"about":[{"href":"https:\/\/galaxybicycle.com\/hu\/wp-json\/wp\/v2\/types\/product"}],"replies":[{"embeddable":true,"href":"https:\/\/galaxybicycle.com\/hu\/wp-json\/wp\/v2\/comments?post=3605"}],"wp:featuredmedia":[{"embeddable":true,"href":"https:\/\/galaxybicycle.com\/hu\/wp-json\/wp\/v2\/media\/3608"}],"wp:attachment":[{"href":"https:\/\/galaxybicycle.com\/hu\/wp-json\/wp\/v2\/media?parent=3605"}],"wp:term":[{"taxonomy":"product_brand","embeddable":true,"href":"https:\/\/galaxybicycle.com\/hu\/wp-json\/wp\/v2\/product_brand?post=3605"},{"taxonomy":"product_cat","embeddable":true,"href":"https:\/\/galaxybicycle.com\/hu\/wp-json\/wp\/v2\/product_cat?post=3605"},{"taxonomy":"product_tag","embeddable":true,"href":"https:\/\/galaxybicycle.com\/hu\/wp-json\/wp\/v2\/product_tag?post=3605"}],"curies":[{"name":"wp","href":"https:\/\/api.w.org\/{rel}","templated":true}]}}