{"id":3404,"date":"2025-09-04T04:05:15","date_gmt":"2025-09-04T04:05:15","guid":{"rendered":"https:\/\/galaxybicycle.com\/?post_type=product&#038;p=3404"},"modified":"2025-11-12T04:40:45","modified_gmt":"2025-11-12T04:40:45","slug":"pixar-fun1","status":"publish","type":"product","link":"https:\/\/galaxybicycle.com\/hu\/product\/pixar-fun1\/","title":{"rendered":"Pixar Fun1 36V 350W elektromos ker\u00e9kp\u00e1r - 25 km\/h (ak\u00e1r 32 km\/h), 45 km hat\u00f3t\u00e1vols\u00e1g, LCD kijelz\u0151"},"content":{"rendered":"<p><iframe loading=\"lazy\" title=\"Galaxy Bicycle: unboxing video fun1 sz\u00f6vegekkel\" src=\"https:\/\/www.youtube.com\/embed\/ula4y15ows0\" width=\"1840\" height=\"1035\" frameborder=\"0\" allowfullscreen=\"allowfullscreen\"><\/iframe><br \/>\n<iframe loading=\"lazy\" title=\"Galaxy Bicycle: sz\u00f6vegekkel\" src=\"https:\/\/www.youtube.com\/embed\/smBFxkI6J0o\" width=\"1840\" height=\"1035\" frameborder=\"0\" allowfullscreen=\"allowfullscreen\"><\/iframe><br \/>\n<iframe loading=\"lazy\" title=\"Galaxy Bicycle: kos\u00e1r telep\u00edt\u00e9s video fun1 sz\u00f6vegekkel\" src=\"https:\/\/www.youtube.com\/embed\/m9vSsHTMPN0\" width=\"1840\" height=\"1035\" frameborder=\"0\" allowfullscreen=\"allowfullscreen\"><\/iframe><\/p>\n<h2>Mi\u00e9rt fogja szeretni az Pixar Fun1 elektromos ker\u00e9kp\u00e1rt?<\/h2>\n<p>K\u00e9szen \u00e1llsz arra, hogy kalandot adj a mindennapi aut\u00f3z\u00e1shoz? A <strong>Pixar Fun1<\/strong> egyes\u00edti a teljes\u00edtm\u00e9nyt, a k\u00e9nyelmet \u00e9s az egyszer\u0171s\u00e9get egy karcs\u00fa, kezd\u0151bar\u00e1t csomagban, amelyet a tapasztalt e-biciklisek is \u00e9rt\u00e9kelni fognak.<\/p>\n<h3>Teljes\u00edtm\u00e9ny \u00e9s hat\u00f3t\u00e1vols\u00e1g<\/h3>\n<p>A megb\u00edzhat\u00f3, 36 V-os, 350 W-os, nagy sebess\u00e9g\u0171 h\u00e1ts\u00f3 ker\u00e9kagymotor (CZJB m\u00e1rka) biztos\u00edtja a sima utaz\u00e1st, m\u00edg az \u00f6t ped\u00e1lseg\u00edts\u00e9gi szint (0-5) lehet\u0151v\u00e9 teszi, hogy pontosan be\u00e1ll\u00edtsa a sz\u00fcks\u00e9ges seg\u00edts\u00e9get. Az LCD multifunkci\u00f3s kijelz\u0151n egy pillant\u00e1ssal l\u00e1that\u00f3 a sebess\u00e9g, az akkumul\u00e1tor t\u00f6lt\u00f6tts\u00e9gi szintje \u00e9s az \u00fczemm\u00f3d. A be\u00e9p\u00edtett els\u0151 \u00e9s h\u00e1ts\u00f3 l\u00e1mp\u00e1k gondoskodnak arr\u00f3l, hogy s\u00f6t\u00e9ted\u00e9s ut\u00e1n is l\u00e1that\u00f3 legyen.<\/p>\n<p>A kivehet\u0151 36 V-os 10,4 Ah l\u00edtium-ion akkumul\u00e1tor (EVE-cell\u00e1k) 35-45 km hat\u00f3t\u00e1vols\u00e1gra sz\u00e1m\u00edthat ped\u00e1los \u00fczemm\u00f3dban. A mell\u00e9kelt 42 V-os 2 A-os intelligens t\u00f6lt\u0151 4-6 \u00f3ra alatt teljesen felt\u00f6lti. Nyissa ki a 25 km\/\u00f3r\u00e1s (32 km\/\u00f3r\u00e1ig \u00e1ll\u00edthat\u00f3) v\u00e9gsebess\u00e9get, \u00e9s k\u00f6nnyed\u00e9n vegye az ak\u00e1r 15\u00b0-os emelked\u0151ket.<\/p>\n<h3>Tart\u00f3san \u00e9p\u00edtett<\/h3>\n<p>A kiv\u00e1l\u00f3 min\u0151s\u00e9g\u0171 ac\u00e9l \u00e1tl\u00e9p\u0151 keret ak\u00e1r 120 kg-ot is elb\u00edr. A 20\u2033 \u00d7 3\u2033 Chaoyang defekt\u00e1ll\u00f3 gumiabroncsok egyenletesen g\u00f6rd\u00fclnek, m\u00edg a mechanikus t\u00e1rcsaf\u00e9kek (160 mm-es forg\u00f3r\u00e9szek el\u00f6l \u00e9s h\u00e1tul) er\u0151le\u00e1ll\u00edt\u00f3val magabiztos meg\u00e1ll\u00e1st biztos\u00edtanak. A Shimano 7 sebess\u00e9ges hajt\u00e1sl\u00e1nc \u00e9s a csavart v\u00e1lt\u00f3 pontos \u00e9s k\u00f6nnyed v\u00e1lt\u00e1st tesz lehet\u0151v\u00e9.<\/p>\n<h3>Gyakorlati jellemz\u0151k<\/h3>\n<p>A 90% el\u0151re \u00f6sszeszerelve \u00e9rkezik - r\u00f6gz\u00edtse az els\u0151 kereket, a ped\u00e1lokat, \u00e9s \u00e1ll\u00edtsa be a korm\u00e1nyt a mell\u00e9kelt szersz\u00e1mk\u00e9szlettel. Az els\u0151 \u00e9s h\u00e1ts\u00f3 s\u00e1rv\u00e9d\u0151k tiszt\u00e1n tartanak, a robusztus ac\u00e9l h\u00e1ts\u00f3 csomagtart\u00f3 sz\u00e1ll\u00edtja a rakom\u00e1nyt, a mechanikus cseng\u0151 pedig n\u00f6veli a biztons\u00e1got. Az \u00e1ll\u00edthat\u00f3 els\u0151 felf\u00fcggeszt\u00e9s \u00e9s a k\u00e9nyelmes nyereg (900-1000 mm magass\u00e1g) biztos\u00edtja a sima utaz\u00e1st a 155-190 cm magas lovasok sz\u00e1m\u00e1ra.<\/p>\n<p>IP54-es v\u00e9detts\u00e9g\u0171, minden id\u0151j\u00e1r\u00e1si k\u00f6r\u00fclm\u00e9nyek k\u00f6z\u00f6tt (-10 \u00b0C \u00e9s +45 \u00b0C k\u00f6z\u00f6tt) haszn\u00e1lhat\u00f3, j\u00e1r\u00e1sseg\u00edt\u0151 \u00fczemm\u00f3ddal (6 km\/h) \u00e9s p\u00f3talkatr\u00e9szk\u00e9nt opcion\u00e1lis csavarg\u00e1zzal.<\/p>\n<h2>M\u0171szaki adatok<\/h2>\n<table>\n<tbody>\n<tr>\n<td colspan=\"3\">Pixar Fun1 E-bike - Term\u00e9kparam\u00e9terek (eur\u00f3pai piac)<\/td>\n<\/tr>\n<tr>\n<td>\/<\/td>\n<td>Param\u00e9ter<\/td>\n<td>\u00c9rt\u00e9k<\/td>\n<\/tr>\n<tr>\n<td rowspan=\"14\">\u00c1ltal\u00e1nos specifik\u00e1ci\u00f3k<\/td>\n<td>Tartom\u00e1ny<\/td>\n<td>35-45 km (ped\u00e1lseg\u00e9d \u00fczemm\u00f3dban)<\/td>\n<\/tr>\n<tr>\n<td>Legnagyobb sebess\u00e9g<\/td>\n<td>25 km\/h (Pedelec-korl\u00e1toz\u00e1s, 32 km\/h-ig \u00e1ll\u00edthat\u00f3)<\/td>\n<\/tr>\n<tr>\n<td>M\u00e9retek<\/td>\n<td>162 \u00d7 66 \u00d7 104 cm (hossz\u00fas\u00e1g \u00d7 sz\u00e9less\u00e9g \u00d7 magass\u00e1g)<\/td>\n<\/tr>\n<tr>\n<td>Maxim\u00e1lis terhelhet\u0151s\u00e9g<\/td>\n<td>120kg<\/td>\n<\/tr>\n<tr>\n<td>Nett\u00f3 s\u00faly<\/td>\n<td>27.1kg<\/td>\n<\/tr>\n<tr>\n<td>Brutt\u00f3 t\u00f6meg<\/td>\n<td>33.8kg<\/td>\n<\/tr>\n<tr>\n<td>Csomagol\u00e1s M\u00e9retek<\/td>\n<td>135 x 24 x 70cm<\/td>\n<\/tr>\n<tr>\n<td>Mennyis\u00e9g 1\u00d740HQ kont\u00e9nerhez<\/td>\n<td>283 db<\/td>\n<\/tr>\n<tr>\n<td>Aj\u00e1nlott magass\u00e1g<\/td>\n<td>155-190 cm<\/td>\n<\/tr>\n<tr>\n<td>Sz\u00ednv\u00e1laszt\u00e9k<\/td>\n<td>Fekete \u00e9s sz\u00fcrke<\/td>\n<\/tr>\n<tr>\n<td>\u00d6sszecsukhat\u00f3<\/td>\n<td>Nem<\/td>\n<\/tr>\n<tr>\n<td>IP-besorol\u00e1s<\/td>\n<td>IP54<\/td>\n<\/tr>\n<tr>\n<td>\u00dczemi h\u0151m\u00e9rs\u00e9klet<\/td>\n<td>-10\u00b0C \u00e9s +45\u00b0C k\u00f6z\u00f6tt<\/td>\n<\/tr>\n<tr>\n<td>Ker\u00e9kp\u00e1r kateg\u00f3ria<\/td>\n<td>Step-through Fat Tire \/ Kompakt Cargo<\/td>\n<\/tr>\n<tr>\n<td rowspan=\"7\">Akkumul\u00e1tor rendszer<\/td>\n<td>Akkumul\u00e1tor kapacit\u00e1s \u00e9s t\u00edpus<\/td>\n<td>36V10.4Ah L\u00edtium-ion (EVE cell\u00e1k)<\/td>\n<\/tr>\n<tr>\n<td>Akkumul\u00e1tor s\u00falya<\/td>\n<td>3kg<\/td>\n<\/tr>\n<tr>\n<td>Kivehet\u0151 akkumul\u00e1tor<\/td>\n<td>Igen<\/td>\n<\/tr>\n<tr>\n<td>Akkumul\u00e1tor IP-besorol\u00e1s<\/td>\n<td>IP65<\/td>\n<\/tr>\n<tr>\n<td>Akkumul\u00e1tor-tan\u00fas\u00edtv\u00e1ny<\/td>\n<td>EN 62133 szabv\u00e1nynak megfelel\u0151<\/td>\n<\/tr>\n<tr>\n<td>T\u00f6lt\u00e9si id\u0151<\/td>\n<td>4-6 \u00f3ra (max. 6 \u00f3ra)<\/td>\n<\/tr>\n<tr>\n<td>T\u00f6lt\u0151<\/td>\n<td>42V2A intelligens t\u00f6lt\u0151<\/td>\n<\/tr>\n<tr>\n<td rowspan=\"4\">Motor \u00e9s meghajt\u00f3 rendszer<\/td>\n<td>Motor t\u00edpusa<\/td>\n<td>Kefe n\u00e9lk\u00fcli motor h\u00e1ts\u00f3 ker\u00e9kagy<\/td>\n<\/tr>\n<tr>\n<td>Motor m\u00e1rka<\/td>\n<td>CZJB<\/td>\n<\/tr>\n<tr>\n<td>Motor<\/td>\n<td>36V350W-os nagysebess\u00e9g\u0171 h\u00e1ts\u00f3 ker\u00e9kagymotor<\/td>\n<\/tr>\n<tr>\n<td>Maxim\u00e1lis emelked\u0151 meredeks\u00e9g<\/td>\n<td>15\u00b0 (kb. 27% fokozat)<\/td>\n<\/tr>\n<tr>\n<td rowspan=\"7\">Vez\u00e9rl\u0151rendszer<\/td>\n<td>Megjelen\u00edt\u00e9s<\/td>\n<td>LCD multifunkci\u00f3s kijelz\u0151 (G518 modell)<\/td>\n<\/tr>\n<tr>\n<td>T\u00e1mogat\u00e1si szintek<\/td>\n<td>5 szint (0-5)<\/td>\n<\/tr>\n<tr>\n<td>G\u00e1zkar<\/td>\n<td>Twist Throttle (p\u00f3talkatr\u00e9szek kis dobozban)<\/td>\n<\/tr>\n<tr>\n<td>\u00c9rz\u00e9kel\u0151k<\/td>\n<td>Sebess\u00e9g\u00e9rz\u00e9kel\u0151 (12 m\u00e1gnes)<\/td>\n<\/tr>\n<tr>\n<td>USB t\u00f6lt\u0151port<\/td>\n<td>Nem<\/td>\n<\/tr>\n<tr>\n<td>S\u00e9ta asszisztens m\u00f3d<\/td>\n<td>6 km\/h (tartsa lenyomva a \u201c-\u201d gombot)<\/td>\n<\/tr>\n<tr>\n<td>H\u00e1tt\u00e9rvil\u00e1g\u00edt\u00e1s<\/td>\n<td>Igen<\/td>\n<\/tr>\n<tr>\n<td rowspan=\"4\">V\u00e1z \u00e9s villa<\/td>\n<td>Keret Anyag<\/td>\n<td>Kiv\u00e1l\u00f3 min\u0151s\u00e9g\u0171 ac\u00e9l<\/td>\n<\/tr>\n<tr>\n<td>Keret t\u00edpusa<\/td>\n<td>\u00c1tl\u00e9p\u0151 (alacsony l\u00e9pcs\u0151fok)<\/td>\n<\/tr>\n<tr>\n<td>Els\u0151 felf\u00fcggeszt\u00e9s<\/td>\n<td>\u00c1ll\u00edthat\u00f3 leng\u00e9scsillap\u00edt\u00f3<\/td>\n<\/tr>\n<tr>\n<td>Els\u0151 villa<\/td>\n<td>Felf\u00fcggesztett villa t\u00e1rcsaf\u00e9ktart\u00f3val<\/td>\n<\/tr>\n<tr>\n<td rowspan=\"6\">Hajt\u00e1sl\u00e1nc<\/td>\n<td>L\u00e1nc<\/td>\n<td>1\/2*3\/32 \"x118L<\/td>\n<\/tr>\n<tr>\n<td>Fogasker\u00e9k<\/td>\n<td>1\/2*3\/32\u2033*52T*170L, \u00f6tv\u00f6zetb\u0151l k\u00e9sz\u00fclt<\/td>\n<\/tr>\n<tr>\n<td>Szabadonfut\u00f3<\/td>\n<td>7 sebess\u00e9ges, 14-28T szabadonfut\u00f3 (menetes)<\/td>\n<\/tr>\n<tr>\n<td>H\u00e1ts\u00f3 v\u00e1lt\u00f3<\/td>\n<td>Shimano 7 sebess\u00e9ges (14-28T kompatibilis)<\/td>\n<\/tr>\n<tr>\n<td>Els\u0151 v\u00e1lt\u00f3<\/td>\n<td>Nincs (egyetlen l\u00e1ncszem)<\/td>\n<\/tr>\n<tr>\n<td>Shifter<\/td>\n<td>Shimano 7 sebess\u00e9ges<\/td>\n<\/tr>\n<tr>\n<td rowspan=\"5\">Kerekek \u00e9s gumiabroncsok<\/td>\n<td>Ker\u00e9km\u00e9ret<\/td>\n<td>20\u2033*3<\/td>\n<\/tr>\n<tr>\n<td>Spokes<\/td>\n<td>12G \u00d7 177 mm, EN 15194 szabv\u00e1nynak megfelel\u0151en<\/td>\n<\/tr>\n<tr>\n<td>Gumiabroncs m\u00e1rka<\/td>\n<td>Chaoyang<\/td>\n<\/tr>\n<tr>\n<td>Sz\u00far\u00e1s elleni v\u00e9delem<\/td>\n<td>Sz\u00far\u00e1s\u00e1ll\u00f3<\/td>\n<\/tr>\n<tr>\n<td>Bels\u0151 cs\u0151<\/td>\n<td>20\u2033 \u00d7 3.0\u2033-3.5\u2033, A\/V szelep 32mm<\/td>\n<\/tr>\n<tr>\n<td rowspan=\"4\">F\u00e9krendszer<\/td>\n<td>F\u00e9k t\u00edpusa<\/td>\n<td>Mechanikus t\u00e1rcsaf\u00e9kek (el\u00f6l \u00e9s h\u00e1tul)<\/td>\n<\/tr>\n<tr>\n<td>F\u00e9kek<\/td>\n<td>Teljes\u00edtm\u00e9nyle\u00e1ll\u00edt\u00f3 f\u00e9kek<\/td>\n<\/tr>\n<tr>\n<td>F\u00e9kt\u00e1rcs\u00e1k<\/td>\n<td>160mm (el\u00f6l \u00e9s h\u00e1tul)<\/td>\n<\/tr>\n<tr>\n<td>F\u00e9kkarok<\/td>\n<td>Teljesen alum\u00edniumb\u00f3l k\u00e9sz\u00fclt, alacsony profil\u00fa kialak\u00edt\u00e1s motorle\u00e1ll\u00edt\u00f3val<\/td>\n<\/tr>\n<tr>\n<td rowspan=\"7\">Pil\u00f3taf\u00fclke \u00e9s alkatr\u00e9szek<\/td>\n<td>Korm\u00e1nyker\u00e9k<\/td>\n<td>Ac\u00e9l korm\u00e1ny, 25.2\u2033 (640mm) sz\u00e9less\u00e9g, 31.8mm-es sz\u00e1rkapocs<\/td>\n<\/tr>\n<tr>\n<td>Sz\u00e1r<\/td>\n<td>Alum\u00ednium sz\u00e1r<\/td>\n<\/tr>\n<tr>\n<td>Nyereg<\/td>\n<td>Alum\u00ednium \u00f6tv\u00f6zetb\u0151l k\u00e9sz\u00fclt platform ped\u00e1lok<\/td>\n<\/tr>\n<tr>\n<td>Nyeregmagass\u00e1g tartom\u00e1ny<\/td>\n<td>900-1000 mm<\/td>\n<\/tr>\n<tr>\n<td>\u00dcl\u0151oszlop<\/td>\n<td>28,6 mm-es alum\u00ednium\u00f6tv\u00f6zet, \u00e1ll\u00edthat\u00f3 sz\u00f6g\u0171<\/td>\n<\/tr>\n<tr>\n<td>Gyorskiold\u00f3<\/td>\n<td>Igen (els\u0151 ker\u00e9k \u00e9s nyeregcs\u0151)<\/td>\n<\/tr>\n<tr>\n<td>Ped\u00e1lok<\/td>\n<td>Alum\u00ednium \u00f6tv\u00f6zetb\u0151l k\u00e9sz\u00fclt platformped\u00e1lok f\u00e9nyvisszaver\u0151vel<\/td>\n<\/tr>\n<tr>\n<td rowspan=\"3\">Vil\u00e1g\u00edt\u00e1s \u00e9s biztons\u00e1g<\/td>\n<td>F\u00e9nysz\u00f3r\u00f3<\/td>\n<td>Integr\u00e1lt f\u00e9nysz\u00f3r\u00f3 v\u00edz\u00e1ll\u00f3 lev\u00e1laszt\u00f3val<\/td>\n<\/tr>\n<tr>\n<td>H\u00e1ts\u00f3 l\u00e1mpa<\/td>\n<td>Integr\u00e1lt h\u00e1ts\u00f3 l\u00e1mpa v\u00edz\u00e1ll\u00f3 lev\u00e1laszt\u00f3val<\/td>\n<\/tr>\n<tr>\n<td>Bell\/Horn<\/td>\n<td>Mechanikus cseng\u0151 mell\u00e9kelve<\/td>\n<\/tr>\n<tr>\n<td rowspan=\"5\">Kieg\u00e9sz\u00edt\u0151 berendez\u00e9sek<\/td>\n<td>Kickstand<\/td>\n<td>Nagy teherb\u00edr\u00e1s\u00fa alum\u00ednium \u00e1llv\u00e1ny<\/td>\n<\/tr>\n<tr>\n<td>L\u00f6kh\u00e1r\u00edt\u00f3k\/sz\u00e1rnyv\u00e9d\u0151k<\/td>\n<td>Els\u0151 \u00e9s h\u00e1ts\u00f3 s\u00e1rv\u00e9d\u0151k tartoz\u00e9k<\/td>\n<\/tr>\n<tr>\n<td>H\u00e1ts\u00f3 csomagtart\u00f3<\/td>\n<td>Ac\u00e9l h\u00e1ts\u00f3 csomagtart\u00f3 tartoz\u00e9k<\/td>\n<\/tr>\n<tr>\n<td>Els\u0151 \u00e1llv\u00e1ny<\/td>\n<td>Opcion\u00e1lis<\/td>\n<\/tr>\n<tr>\n<td>Eszk\u00f6zk\u00e9szlet tartalmazza<\/td>\n<td>Igen (3\u00d7 csavarkulcs, 1\u00d7 csavarh\u00faz\u00f3, 5\u00d7 hatlapos kulcs)<\/td>\n<\/tr>\n<tr>\n<td rowspan=\"2\">Tan\u00fas\u00edt\u00e1s \u00e9s megfelel\u00e9s<\/td>\n<td>EN 15194 tan\u00fas\u00edtv\u00e1nnyal<\/td>\n<td>Igen<\/td>\n<\/tr>\n<tr>\n<td>Tan\u00fas\u00edt\u00e1s<\/td>\n<td>CE, EN 15194, UL2271<\/td>\n<\/tr>\n<tr>\n<td rowspan=\"3\">Garancia \u00e9s t\u00e1mogat\u00e1s<\/td>\n<td>Teljes j\u00f3t\u00e1ll\u00e1si id\u0151szak<\/td>\n<td>1 \u00e9v korl\u00e1tozott garancia<\/td>\n<\/tr>\n<tr>\n<td>Akkumul\u00e1tor garancia<\/td>\n<td>1 \u00e9v az eredeti v\u00e1s\u00e1rl\u00e1st\u00f3l sz\u00e1m\u00edtva<\/td>\n<\/tr>\n<tr>\n<td>Keret garancia<\/td>\n<td>2 \u00e9v<\/td>\n<\/tr>\n<tr>\n<td rowspan=\"2\">\u00d6sszeszerel\u00e9s \u00e9s sz\u00e1ll\u00edt\u00e1s<\/td>\n<td>\u00d6sszeszerel\u00e9s sz\u00fcks\u00e9ges<\/td>\n<td>90% el\u0151re \u00f6sszeszerelve (els\u0151 ker\u00e9k, ped\u00e1lok, korm\u00e1ny be\u00e1ll\u00edt\u00e1sa)<\/td>\n<\/tr>\n<tr>\n<td>\u00d6sszeszerel\u00e9si \u00fatmutat\u00f3<\/td>\n<td>T\u00f6bbnyelv\u0171 k\u00e9zik\u00f6nyv mell\u00e9kelve<\/td>\n<\/tr>\n<\/tbody>\n<\/table>\n<p><img loading=\"lazy\" decoding=\"async\" class=\"alignnone size-full wp-image-3590\" style=\"font-size: 16px;\" src=\"https:\/\/galaxybicycle.com\/wp-content\/uploads\/2025\/09\/\u8be6\u60c5\u9875_01.jpg\" alt=\"\" width=\"1500\" height=\"2106\" title=\"\" srcset=\"https:\/\/galaxybicycle.com\/wp-content\/uploads\/2025\/09\/\u8be6\u60c5\u9875_01.jpg 1500w, https:\/\/galaxybicycle.com\/wp-content\/uploads\/2025\/09\/\u8be6\u60c5\u9875_01-214x300.jpg 214w, https:\/\/galaxybicycle.com\/wp-content\/uploads\/2025\/09\/\u8be6\u60c5\u9875_01-729x1024.jpg 729w, https:\/\/galaxybicycle.com\/wp-content\/uploads\/2025\/09\/\u8be6\u60c5\u9875_01-768x1078.jpg 768w, https:\/\/galaxybicycle.com\/wp-content\/uploads\/2025\/09\/\u8be6\u60c5\u9875_01-1094x1536.jpg 1094w, https:\/\/galaxybicycle.com\/wp-content\/uploads\/2025\/09\/\u8be6\u60c5\u9875_01-1459x2048.jpg 1459w, https:\/\/galaxybicycle.com\/wp-content\/uploads\/2025\/09\/\u8be6\u60c5\u9875_01-9x12.jpg 9w, https:\/\/galaxybicycle.com\/wp-content\/uploads\/2025\/09\/\u8be6\u60c5\u9875_01-1000x1404.jpg 1000w\" sizes=\"auto, (max-width: 1500px) 100vw, 1500px\" \/> <img loading=\"lazy\" decoding=\"async\" class=\"alignnone size-full wp-image-3591\" style=\"font-size: 16px;\" src=\"https:\/\/galaxybicycle.com\/wp-content\/uploads\/2025\/09\/\u8be6\u60c5\u9875_02.jpg\" alt=\"\" width=\"1500\" height=\"1375\" title=\"\" srcset=\"https:\/\/galaxybicycle.com\/wp-content\/uploads\/2025\/09\/\u8be6\u60c5\u9875_02.jpg 1500w, https:\/\/galaxybicycle.com\/wp-content\/uploads\/2025\/09\/\u8be6\u60c5\u9875_02-300x275.jpg 300w, https:\/\/galaxybicycle.com\/wp-content\/uploads\/2025\/09\/\u8be6\u60c5\u9875_02-1024x939.jpg 1024w, https:\/\/galaxybicycle.com\/wp-content\/uploads\/2025\/09\/\u8be6\u60c5\u9875_02-768x704.jpg 768w, https:\/\/galaxybicycle.com\/wp-content\/uploads\/2025\/09\/\u8be6\u60c5\u9875_02-13x12.jpg 13w, https:\/\/galaxybicycle.com\/wp-content\/uploads\/2025\/09\/\u8be6\u60c5\u9875_02-1000x917.jpg 1000w\" sizes=\"auto, (max-width: 1500px) 100vw, 1500px\" \/> <img loading=\"lazy\" decoding=\"async\" class=\"alignnone size-full wp-image-3592\" style=\"font-size: 16px;\" src=\"https:\/\/galaxybicycle.com\/wp-content\/uploads\/2025\/09\/\u8be6\u60c5\u9875_03.jpg\" alt=\"\" width=\"1500\" height=\"1123\" title=\"\" srcset=\"https:\/\/galaxybicycle.com\/wp-content\/uploads\/2025\/09\/\u8be6\u60c5\u9875_03.jpg 1500w, https:\/\/galaxybicycle.com\/wp-content\/uploads\/2025\/09\/\u8be6\u60c5\u9875_03-300x225.jpg 300w, https:\/\/galaxybicycle.com\/wp-content\/uploads\/2025\/09\/\u8be6\u60c5\u9875_03-1024x767.jpg 1024w, https:\/\/galaxybicycle.com\/wp-content\/uploads\/2025\/09\/\u8be6\u60c5\u9875_03-768x575.jpg 768w, https:\/\/galaxybicycle.com\/wp-content\/uploads\/2025\/09\/\u8be6\u60c5\u9875_03-16x12.jpg 16w, https:\/\/galaxybicycle.com\/wp-content\/uploads\/2025\/09\/\u8be6\u60c5\u9875_03-1000x749.jpg 1000w\" sizes=\"auto, (max-width: 1500px) 100vw, 1500px\" \/> <img loading=\"lazy\" decoding=\"async\" class=\"alignnone size-full wp-image-3593\" style=\"font-size: 16px;\" src=\"https:\/\/galaxybicycle.com\/wp-content\/uploads\/2025\/09\/\u8be6\u60c5\u9875_04.jpg\" alt=\"\" width=\"1500\" height=\"2203\" title=\"\" srcset=\"https:\/\/galaxybicycle.com\/wp-content\/uploads\/2025\/09\/\u8be6\u60c5\u9875_04.jpg 1500w, https:\/\/galaxybicycle.com\/wp-content\/uploads\/2025\/09\/\u8be6\u60c5\u9875_04-204x300.jpg 204w, https:\/\/galaxybicycle.com\/wp-content\/uploads\/2025\/09\/\u8be6\u60c5\u9875_04-697x1024.jpg 697w, https:\/\/galaxybicycle.com\/wp-content\/uploads\/2025\/09\/\u8be6\u60c5\u9875_04-768x1128.jpg 768w, https:\/\/galaxybicycle.com\/wp-content\/uploads\/2025\/09\/\u8be6\u60c5\u9875_04-1046x1536.jpg 1046w, https:\/\/galaxybicycle.com\/wp-content\/uploads\/2025\/09\/\u8be6\u60c5\u9875_04-1394x2048.jpg 1394w, https:\/\/galaxybicycle.com\/wp-content\/uploads\/2025\/09\/\u8be6\u60c5\u9875_04-8x12.jpg 8w, https:\/\/galaxybicycle.com\/wp-content\/uploads\/2025\/09\/\u8be6\u60c5\u9875_04-1000x1469.jpg 1000w\" sizes=\"auto, (max-width: 1500px) 100vw, 1500px\" \/> <img loading=\"lazy\" decoding=\"async\" class=\"alignnone size-full wp-image-3594\" style=\"font-size: 16px;\" src=\"https:\/\/galaxybicycle.com\/wp-content\/uploads\/2025\/09\/\u8be6\u60c5\u9875_05.jpg\" alt=\"\" width=\"1500\" height=\"1892\" title=\"\" srcset=\"https:\/\/galaxybicycle.com\/wp-content\/uploads\/2025\/09\/\u8be6\u60c5\u9875_05.jpg 1500w, https:\/\/galaxybicycle.com\/wp-content\/uploads\/2025\/09\/\u8be6\u60c5\u9875_05-238x300.jpg 238w, https:\/\/galaxybicycle.com\/wp-content\/uploads\/2025\/09\/\u8be6\u60c5\u9875_05-812x1024.jpg 812w, https:\/\/galaxybicycle.com\/wp-content\/uploads\/2025\/09\/\u8be6\u60c5\u9875_05-768x969.jpg 768w, https:\/\/galaxybicycle.com\/wp-content\/uploads\/2025\/09\/\u8be6\u60c5\u9875_05-1218x1536.jpg 1218w, https:\/\/galaxybicycle.com\/wp-content\/uploads\/2025\/09\/\u8be6\u60c5\u9875_05-10x12.jpg 10w, https:\/\/galaxybicycle.com\/wp-content\/uploads\/2025\/09\/\u8be6\u60c5\u9875_05-1000x1261.jpg 1000w\" sizes=\"auto, (max-width: 1500px) 100vw, 1500px\" \/> <img loading=\"lazy\" decoding=\"async\" class=\"alignnone size-full wp-image-3595\" style=\"font-size: 16px;\" src=\"https:\/\/galaxybicycle.com\/wp-content\/uploads\/2025\/09\/\u8be6\u60c5\u9875_06.jpg\" alt=\"\" width=\"1500\" height=\"840\" title=\"\" srcset=\"https:\/\/galaxybicycle.com\/wp-content\/uploads\/2025\/09\/\u8be6\u60c5\u9875_06.jpg 1500w, https:\/\/galaxybicycle.com\/wp-content\/uploads\/2025\/09\/\u8be6\u60c5\u9875_06-300x168.jpg 300w, https:\/\/galaxybicycle.com\/wp-content\/uploads\/2025\/09\/\u8be6\u60c5\u9875_06-1024x573.jpg 1024w, https:\/\/galaxybicycle.com\/wp-content\/uploads\/2025\/09\/\u8be6\u60c5\u9875_06-768x430.jpg 768w, https:\/\/galaxybicycle.com\/wp-content\/uploads\/2025\/09\/\u8be6\u60c5\u9875_06-18x10.jpg 18w, https:\/\/galaxybicycle.com\/wp-content\/uploads\/2025\/09\/\u8be6\u60c5\u9875_06-1000x560.jpg 1000w\" sizes=\"auto, (max-width: 1500px) 100vw, 1500px\" \/> <img loading=\"lazy\" decoding=\"async\" class=\"alignnone size-full wp-image-3596\" style=\"font-size: 16px;\" src=\"https:\/\/galaxybicycle.com\/wp-content\/uploads\/2025\/09\/\u8be6\u60c5\u9875_07.jpg\" alt=\"\" width=\"1500\" height=\"1606\" title=\"\" srcset=\"https:\/\/galaxybicycle.com\/wp-content\/uploads\/2025\/09\/\u8be6\u60c5\u9875_07.jpg 1500w, https:\/\/galaxybicycle.com\/wp-content\/uploads\/2025\/09\/\u8be6\u60c5\u9875_07-280x300.jpg 280w, https:\/\/galaxybicycle.com\/wp-content\/uploads\/2025\/09\/\u8be6\u60c5\u9875_07-956x1024.jpg 956w, https:\/\/galaxybicycle.com\/wp-content\/uploads\/2025\/09\/\u8be6\u60c5\u9875_07-768x822.jpg 768w, https:\/\/galaxybicycle.com\/wp-content\/uploads\/2025\/09\/\u8be6\u60c5\u9875_07-1435x1536.jpg 1435w, https:\/\/galaxybicycle.com\/wp-content\/uploads\/2025\/09\/\u8be6\u60c5\u9875_07-11x12.jpg 11w, https:\/\/galaxybicycle.com\/wp-content\/uploads\/2025\/09\/\u8be6\u60c5\u9875_07-1000x1071.jpg 1000w\" sizes=\"auto, (max-width: 1500px) 100vw, 1500px\" \/> <img loading=\"lazy\" decoding=\"async\" class=\"alignnone size-full wp-image-3597\" style=\"font-size: 16px;\" src=\"https:\/\/galaxybicycle.com\/wp-content\/uploads\/2025\/09\/\u8be6\u60c5\u9875_08.jpg\" alt=\"\" width=\"1500\" height=\"1762\" title=\"\" srcset=\"https:\/\/galaxybicycle.com\/wp-content\/uploads\/2025\/09\/\u8be6\u60c5\u9875_08.jpg 1500w, https:\/\/galaxybicycle.com\/wp-content\/uploads\/2025\/09\/\u8be6\u60c5\u9875_08-255x300.jpg 255w, https:\/\/galaxybicycle.com\/wp-content\/uploads\/2025\/09\/\u8be6\u60c5\u9875_08-872x1024.jpg 872w, https:\/\/galaxybicycle.com\/wp-content\/uploads\/2025\/09\/\u8be6\u60c5\u9875_08-768x902.jpg 768w, https:\/\/galaxybicycle.com\/wp-content\/uploads\/2025\/09\/\u8be6\u60c5\u9875_08-1308x1536.jpg 1308w, https:\/\/galaxybicycle.com\/wp-content\/uploads\/2025\/09\/\u8be6\u60c5\u9875_08-10x12.jpg 10w, https:\/\/galaxybicycle.com\/wp-content\/uploads\/2025\/09\/\u8be6\u60c5\u9875_08-1000x1175.jpg 1000w\" sizes=\"auto, (max-width: 1500px) 100vw, 1500px\" \/> <img loading=\"lazy\" decoding=\"async\" class=\"alignnone size-full wp-image-3598\" style=\"font-size: 16px;\" src=\"https:\/\/galaxybicycle.com\/wp-content\/uploads\/2025\/09\/\u8be6\u60c5\u9875_09.jpg\" alt=\"\" width=\"1500\" height=\"1777\" title=\"\" srcset=\"https:\/\/galaxybicycle.com\/wp-content\/uploads\/2025\/09\/\u8be6\u60c5\u9875_09.jpg 1500w, https:\/\/galaxybicycle.com\/wp-content\/uploads\/2025\/09\/\u8be6\u60c5\u9875_09-253x300.jpg 253w, https:\/\/galaxybicycle.com\/wp-content\/uploads\/2025\/09\/\u8be6\u60c5\u9875_09-864x1024.jpg 864w, https:\/\/galaxybicycle.com\/wp-content\/uploads\/2025\/09\/\u8be6\u60c5\u9875_09-768x910.jpg 768w, https:\/\/galaxybicycle.com\/wp-content\/uploads\/2025\/09\/\u8be6\u60c5\u9875_09-1297x1536.jpg 1297w, https:\/\/galaxybicycle.com\/wp-content\/uploads\/2025\/09\/\u8be6\u60c5\u9875_09-10x12.jpg 10w, https:\/\/galaxybicycle.com\/wp-content\/uploads\/2025\/09\/\u8be6\u60c5\u9875_09-1000x1185.jpg 1000w\" sizes=\"auto, (max-width: 1500px) 100vw, 1500px\" \/> <img loading=\"lazy\" decoding=\"async\" class=\"alignnone size-full wp-image-3599\" style=\"font-size: 16px;\" src=\"https:\/\/galaxybicycle.com\/wp-content\/uploads\/2025\/09\/\u8be6\u60c5\u9875_10.jpg\" alt=\"\" width=\"1500\" height=\"1032\" title=\"\" srcset=\"https:\/\/galaxybicycle.com\/wp-content\/uploads\/2025\/09\/\u8be6\u60c5\u9875_10.jpg 1500w, https:\/\/galaxybicycle.com\/wp-content\/uploads\/2025\/09\/\u8be6\u60c5\u9875_10-300x206.jpg 300w, https:\/\/galaxybicycle.com\/wp-content\/uploads\/2025\/09\/\u8be6\u60c5\u9875_10-1024x705.jpg 1024w, https:\/\/galaxybicycle.com\/wp-content\/uploads\/2025\/09\/\u8be6\u60c5\u9875_10-768x528.jpg 768w, https:\/\/galaxybicycle.com\/wp-content\/uploads\/2025\/09\/\u8be6\u60c5\u9875_10-18x12.jpg 18w, https:\/\/galaxybicycle.com\/wp-content\/uploads\/2025\/09\/\u8be6\u60c5\u9875_10-1000x688.jpg 1000w\" sizes=\"auto, (max-width: 1500px) 100vw, 1500px\" \/><\/p>","protected":false},"excerpt":{"rendered":"<p>Ismerje meg az Pixar Fun1 elektromos ker\u00e9kp\u00e1rt - az \u00faj legjobb bar\u00e1tja a sz\u00f3rakoz\u00e1shoz \u00e9s a k\u00f6nny\u0171 lovagl\u00e1shoz! A k\u00f6nnyed csavart g\u00e1zped\u00e1l, a f\u00e9nyes els\u0151 \u00e9s h\u00e1ts\u00f3 l\u00e1mp\u00e1k, a sima Shimano 7 sebess\u00e9ges v\u00e1lt\u00f3 \u00e9s az \u00f6t vezet\u00e9si m\u00f3d minden utaz\u00e1st izgalmass\u00e1 \u00e9s biztons\u00e1goss\u00e1 tesz. Egyetlen 5,2 \u00f3r\u00e1s t\u00f6lt\u00e9ssel ak\u00e1r 45 km-t is megtehetsz, a sz\u00e1guld\u00f3 25 km\/h-s v\u00e9gsebess\u00e9ggel, amelyet 32 km\/h-ra \u00e1ll\u00edthatsz. Kezd\u0151knek \u00e9s profiknak egyar\u00e1nt nagyszer\u0171!<\/p>","protected":false},"featured_media":3407,"comment_status":"open","ping_status":"closed","template":"","meta":[],"product_brand":[36],"product_cat":[41,39],"product_tag":[],"class_list":{"0":"post-3404","1":"product","2":"type-product","3":"status-publish","4":"has-post-thumbnail","6":"product_brand-pixar","7":"product_cat-pixar-electric-bikes","8":"product_cat-uk-warehouse","10":"first","11":"instock","12":"shipping-taxable","13":"purchasable","14":"product-type-simple"},"_links":{"self":[{"href":"https:\/\/galaxybicycle.com\/hu\/wp-json\/wp\/v2\/product\/3404","targetHints":{"allow":["GET"]}}],"collection":[{"href":"https:\/\/galaxybicycle.com\/hu\/wp-json\/wp\/v2\/product"}],"about":[{"href":"https:\/\/galaxybicycle.com\/hu\/wp-json\/wp\/v2\/types\/product"}],"replies":[{"embeddable":true,"href":"https:\/\/galaxybicycle.com\/hu\/wp-json\/wp\/v2\/comments?post=3404"}],"wp:featuredmedia":[{"embeddable":true,"href":"https:\/\/galaxybicycle.com\/hu\/wp-json\/wp\/v2\/media\/3407"}],"wp:attachment":[{"href":"https:\/\/galaxybicycle.com\/hu\/wp-json\/wp\/v2\/media?parent=3404"}],"wp:term":[{"taxonomy":"product_brand","embeddable":true,"href":"https:\/\/galaxybicycle.com\/hu\/wp-json\/wp\/v2\/product_brand?post=3404"},{"taxonomy":"product_cat","embeddable":true,"href":"https:\/\/galaxybicycle.com\/hu\/wp-json\/wp\/v2\/product_cat?post=3404"},{"taxonomy":"product_tag","embeddable":true,"href":"https:\/\/galaxybicycle.com\/hu\/wp-json\/wp\/v2\/product_tag?post=3404"}],"curies":[{"name":"wp","href":"https:\/\/api.w.org\/{rel}","templated":true}]}}