{"id":3242,"date":"2025-09-02T06:03:06","date_gmt":"2025-09-02T06:03:06","guid":{"rendered":"https:\/\/galaxybicycle.com\/?post_type=product&#038;p=3242"},"modified":"2025-09-04T14:34:45","modified_gmt":"2025-09-04T14:34:45","slug":"galayx-x2-ebike","status":"publish","type":"product","link":"https:\/\/galaxybicycle.com\/hu\/product\/galayx-x2-ebike\/","title":{"rendered":"Velopro X2 elektromos ker\u00e9kp\u00e1r | 500W-os k\u00f6v\u00e9r gumiabroncs \u00f6sszecsukhat\u00f3 eBike dupla felf\u00fcggeszt\u00e9ssel"},"content":{"rendered":"<p><strong>Velopro X2 eBike<\/strong> \u00fagy tervezt\u00e9k, hogy egyetlen eleg\u00e1ns csomagban egyes\u00edtse a teljes\u00edtm\u00e9nyt, a k\u00e9nyelmet \u00e9s a komfortot. Ak\u00e1r a v\u00e1rosban ing\u00e1zik, ak\u00e1r a tengerparton teker, ak\u00e1r a p\u00e1ly\u00e1kat fedezi fel, ez a 20\u2033-es, k\u00f6v\u00e9r gumiabroncsos eBike minden utaz\u00e1st \u00e9lvezetess\u00e9 \u00e9s k\u00f6nnyedd\u00e9 tesz. A <strong>48V 500W h\u00e1ts\u00f3 motor<\/strong> \u00e9s egy nagy kapacit\u00e1s\u00fa <strong>15.6Ah akkumul\u00e1tor<\/strong>, \u00e9lvezheti az er\u0151s gyorsul\u00e1st \u00e9s a megn\u00f6velt hat\u00f3t\u00e1vols\u00e1got. A <strong>kett\u0151s felf\u00fcggeszt\u00e9s\u0171 villa<\/strong> kisim\u00edtja a bukkan\u00f3kat, m\u00edg a <strong>mechanikus t\u00e1rcsaf\u00e9kek<\/strong> megb\u00edzhat\u00f3 f\u00e9kez\u0151er\u0151t biztos\u00edt az \u00d6n biztons\u00e1ga \u00e9rdek\u00e9ben.<\/p>\n<p>A <strong>Shimano 7 sebess\u00e9ges v\u00e1lt\u00f3<\/strong> rugalmass\u00e1got biztos\u00edt a hegym\u00e1sz\u00e1shoz vagy a nagy sebess\u00e9ggel t\u00f6rt\u00e9n\u0151 utaz\u00e1shoz, \u00e9s a <strong>20\u2033 x 4.0\u2033 sz\u00e9les k\u00f6v\u00e9r gumiabroncsok<\/strong> biztos\u00edtja a tapad\u00e1st \u00e9s a stabilit\u00e1st homokon, havon vagy egyenetlen utakon. A <strong>sz\u00ednezett kijelz\u0151 USB-porttal<\/strong> a sebess\u00e9get, a t\u00e1vols\u00e1got \u00e9s az akkumul\u00e1tor t\u00f6lt\u00f6tts\u00e9gi szintj\u00e9t mutatja, mik\u00f6zben lehet\u0151v\u00e9 teszi, hogy \u00fatk\u00f6zben is t\u00f6ltse az eszk\u00f6z\u00f6ket.<\/p>\n<p>Ha olyan elektromos ker\u00e9kp\u00e1rt keres, amely er\u0151s, kezd\u0151bar\u00e1t \u00e9s sokoldal\u00fa, az Velopro X2 t\u00f6k\u00e9letes v\u00e1laszt\u00e1s. Legyen sz\u00f3 mindennapi ing\u00e1z\u00e1sr\u00f3l, h\u00e9tv\u00e9gi kalandokr\u00f3l vagy k\u00f6rnyezetbar\u00e1t utaz\u00e1sokr\u00f3l, ez az eBike arra k\u00e9sz\u00fclt, hogy teljes\u00edtsen.<\/p>\n<h3>F\u0151 jellemz\u0151k<\/h3>\n<ul>\n<li><strong>Er\u0151teljes 500W-os h\u00e1ts\u00f3 motor<\/strong> - Finom gyorsul\u00e1s \u00e9s er\u0151s emelked\u00e9si k\u00e9pess\u00e9g.<\/li>\n<li><strong>Hossz\u00fa \u00e9lettartam\u00fa 48V 15.6Ah akkumul\u00e1tor<\/strong> - Megn\u00f6velt hat\u00f3t\u00e1vols\u00e1g v\u00e1rosi \u00e9s terepj\u00e1r\u00e1shoz.<\/li>\n<li><strong>Dupla felf\u00fcggeszt\u00e9s\u0171 villa<\/strong> - Elnyeli az \u00fct\u00e9seket a maxim\u00e1lis k\u00e9nyelem \u00e9rdek\u00e9ben.<\/li>\n<li><strong>20\u2033 x 4.0\u2033 k\u00f6v\u00e9r gumiabroncsok<\/strong> - Stabil tapad\u00e1s homokon, havon \u00e9s r\u00f6g\u00f6s terepen.<\/li>\n<li><strong>Shimano 7-sebess\u00e9ges fogaskerekek<\/strong> - K\u00f6nnyed\u00e9n alkalmazkodik b\u00e1rmilyen vezet\u00e9si k\u00f6r\u00fclm\u00e9nyhez.<\/li>\n<li><strong>Sz\u00ednes kijelz\u0151 + USB port<\/strong> - Maradjon t\u00e1j\u00e9kozott, \u00e9s t\u00f6ltse fel k\u00e9sz\u00fcl\u00e9keit vezet\u00e9s k\u00f6zben.<\/li>\n<li><strong>Megb\u00edzhat\u00f3 mechanikus t\u00e1rcsaf\u00e9kek<\/strong> - Biztons\u00e1gos \u00e9s \u00e9rz\u00e9keny f\u00e9kez\u0151er\u0151.<\/li>\n<\/ul>\n<h3>M\u0171szaki adatok<\/h3>\n<table border=\"1\" cellspacing=\"0\" cellpadding=\"8\">\n<tbody>\n<tr>\n<th>Keret<\/th>\n<td>20\u2033 ac\u00e9l<\/td>\n<\/tr>\n<tr>\n<th>Vill\u00e1k<\/th>\n<td>20 \"Dupla felf\u00fcggeszt\u00e9s\u0171 villa<\/td>\n<\/tr>\n<tr>\n<th>Derailleur<\/th>\n<td>Shimano 7 sebess\u00e9ges<\/td>\n<\/tr>\n<tr>\n<th>F\u00e9kek<\/th>\n<td>Mechanikus t\u00e1rcsaf\u00e9k<\/td>\n<\/tr>\n<tr>\n<th>Gumiabroncsok<\/th>\n<td>20\u2033 x 4.0\u2033 k\u00f6v\u00e9r gumiabroncsok<\/td>\n<\/tr>\n<tr>\n<th>Megjelen\u00edt\u00e9s<\/th>\n<td>Sz\u00ednezett k\u00e9perny\u0151 + USB<\/td>\n<\/tr>\n<tr>\n<th>Motor<\/th>\n<td>48V 500W h\u00e1ts\u00f3 motor<\/td>\n<\/tr>\n<tr>\n<th>Akkumul\u00e1tor<\/th>\n<td>48V 15.6Ah l\u00edtium akkumul\u00e1tor<\/td>\n<\/tr>\n<tr>\n<th>Doboz m\u00e9rete<\/th>\n<td>145 x 30 x 94 cm<\/td>\n<\/tr>\n<tr>\n<th>Nett\u00f3 s\u00faly<\/th>\n<td>48,3 kg<\/td>\n<\/tr>\n<tr>\n<th>Brutt\u00f3 t\u00f6meg<\/th>\n<td>55.0 kg<\/td>\n<\/tr>\n<tr>\n<th>40HQ kapacit\u00e1s<\/th>\n<td>160 db<\/td>\n<\/tr>\n<\/tbody>\n<\/table>","protected":false},"excerpt":{"rendered":"<p>Tekerjen st\u00edlusosan \u00e9s er\u0151teljesen az Velopro X2 eBike-on - egy kompakt, 20\u2033-es, k\u00f6v\u00e9r gumiabroncsos elektromos ker\u00e9kp\u00e1r, amely er\u0151teljes 500W-os motorral, hossz\u00fa \u00e9lettartam\u00fa 48V-os 15,6Ah akkumul\u00e1torral \u00e9s sima dupla felf\u00fcggeszt\u00e9ssel rendelkezik, \u00edgy b\u00e1rmilyen terepen k\u00e9nyelmes.<\/p>","protected":false},"featured_media":3244,"comment_status":"open","ping_status":"closed","template":"","meta":[],"product_brand":[],"product_cat":[38],"product_tag":[],"class_list":{"0":"post-3242","1":"product","2":"type-product","3":"status-publish","4":"has-post-thumbnail","6":"product_cat-velopro-electric-bikes","8":"first","9":"instock","10":"shipping-taxable","11":"purchasable","12":"product-type-simple"},"_links":{"self":[{"href":"https:\/\/galaxybicycle.com\/hu\/wp-json\/wp\/v2\/product\/3242","targetHints":{"allow":["GET"]}}],"collection":[{"href":"https:\/\/galaxybicycle.com\/hu\/wp-json\/wp\/v2\/product"}],"about":[{"href":"https:\/\/galaxybicycle.com\/hu\/wp-json\/wp\/v2\/types\/product"}],"replies":[{"embeddable":true,"href":"https:\/\/galaxybicycle.com\/hu\/wp-json\/wp\/v2\/comments?post=3242"}],"wp:featuredmedia":[{"embeddable":true,"href":"https:\/\/galaxybicycle.com\/hu\/wp-json\/wp\/v2\/media\/3244"}],"wp:attachment":[{"href":"https:\/\/galaxybicycle.com\/hu\/wp-json\/wp\/v2\/media?parent=3242"}],"wp:term":[{"taxonomy":"product_brand","embeddable":true,"href":"https:\/\/galaxybicycle.com\/hu\/wp-json\/wp\/v2\/product_brand?post=3242"},{"taxonomy":"product_cat","embeddable":true,"href":"https:\/\/galaxybicycle.com\/hu\/wp-json\/wp\/v2\/product_cat?post=3242"},{"taxonomy":"product_tag","embeddable":true,"href":"https:\/\/galaxybicycle.com\/hu\/wp-json\/wp\/v2\/product_tag?post=3242"}],"curies":[{"name":"wp","href":"https:\/\/api.w.org\/{rel}","templated":true}]}}