{"id":3238,"date":"2025-09-02T05:57:14","date_gmt":"2025-09-02T05:57:14","guid":{"rendered":"https:\/\/galaxybicycle.com\/?post_type=product&#038;p=3238"},"modified":"2025-11-12T05:16:31","modified_gmt":"2025-11-12T05:16:31","slug":"galaxy-f230e-ebike","status":"publish","type":"product","link":"https:\/\/galaxybicycle.com\/hu\/product\/galaxy-f230e-ebike\/","title":{"rendered":"Velopro F230E \u00d6sszecsukhat\u00f3 elektromos ker\u00e9kp\u00e1r | 500W motor, 48V akkumul\u00e1tor, 20\"-os vastag gumiabroncsok"},"content":{"rendered":"<p><strong>Velopro F230E \u00f6sszecsukhat\u00f3 elektromos ker\u00e9kp\u00e1r<\/strong> a t\u00f6k\u00e9letes t\u00e1rs az ing\u00e1z\u00e1shoz, a szabadid\u0151 elt\u00f6lt\u00e9s\u00e9hez vagy a terepj\u00e1r\u00f3 kalandokhoz. Nagy teljes\u00edtm\u00e9ny\u0171 <strong>48V 500W-os motor<\/strong> \u00e9s egy hosszan tart\u00f3 <strong>48V 10.4Ah EVE akkumul\u00e1tor<\/strong>, ez az e-bike el\u00e9ri a sebess\u00e9get ak\u00e1r <strong>32KM\/H (45KM\/H-ig \u00e1ll\u00edthat\u00f3)<\/strong> mik\u00f6zben sz\u00e1mos <strong>40-50KM<\/strong> egyetlen t\u00f6lt\u00e9ssel.<\/p>\n<p>A <strong>20\u00d73\" CST k\u00f6v\u00e9r gumik<\/strong> kiv\u00e1l\u00f3 tapad\u00e1st \u00e9s stabilit\u00e1st biztos\u00edtanak a k\u00fcl\u00f6nb\u00f6z\u0151 terepeken, m\u00edg a <strong>6061-es alum\u00ednium \u00f6tv\u00f6zetb\u0151l k\u00e9sz\u00fclt v\u00e1z<\/strong> egyszerre biztos\u00edtja a szil\u00e1rds\u00e1got \u00e9s a k\u00f6nny\u0171 s\u00falyt. A <strong>Shimano 7 sebess\u00e9ges v\u00e1lt\u00f3<\/strong>, <strong>mechanikus t\u00e1rcsaf\u00e9kek<\/strong>, \u00e9s <strong>els\u0151 felf\u00fcggeszt\u00e9s vill\u00e1ja<\/strong>az F230E minden alkalommal sima, biztons\u00e1gos \u00e9s \u00e9lvezetes utaz\u00e1st biztos\u00edt.<\/p>\n<p>Ez az \u00f6sszecsukhat\u00f3 e-bike k\u00f6nnyen t\u00e1rolhat\u00f3 \u00e9s sz\u00e1ll\u00edthat\u00f3, \u00edgy ide\u00e1lis a v\u00e1rosokban, lak\u00e1sokban \u00e9l\u0151 vagy a ker\u00e9kp\u00e1rral utazni szeret\u0151 ker\u00e9kp\u00e1rosok sz\u00e1m\u00e1ra. Olyan praktikus extr\u00e1kkal tervezt\u00e9k, mint p\u00e9ld\u00e1ul <strong>els\u0151 \u00e9s h\u00e1ts\u00f3 l\u00e1mp\u00e1k<\/strong>, <strong>elektronikus k\u00fcrt<\/strong>, <strong>h\u00e1ts\u00f3 csomagtart\u00f3<\/strong>, \u00e9s <strong>els\u0151 \u00e9s h\u00e1ts\u00f3 s\u00e1rv\u00e9d\u0151k<\/strong>, a mindennapi ing\u00e1z\u00e1shoz \u00e9s a szabadt\u00e9ri haszn\u00e1lathoz k\u00e9sz\u00fclt.<\/p>\n<p>Ak\u00e1r munk\u00e1ba ing\u00e1zik, ak\u00e1r a v\u00e1rosban cirk\u00e1l, ak\u00e1r a nyomvonalakat fedezi fel, a <strong>Velopro F230E<\/strong> egyes\u00edti a teljes\u00edtm\u00e9nyt, a k\u00e9nyelmet \u00e9s a st\u00edlust egyetlen nagy teljes\u00edtm\u00e9ny\u0171 \u00f6sszecsukhat\u00f3 e-bike-ban.<\/p>\n<h2>M\u0171szaki adatok<\/h2>\n<table border=\"1\" cellspacing=\"0\" cellpadding=\"8\">\n<tbody>\n<tr>\n<th>Kateg\u00f3ria<\/th>\n<th>Specifik\u00e1ci\u00f3<\/th>\n<th>R\u00e9szletek<\/th>\n<\/tr>\n<tr>\n<td>Akkumul\u00e1tor<\/td>\n<td>48V 10.4Ah<\/td>\n<td>40 EVE-cella<\/td>\n<\/tr>\n<tr>\n<td>Motor<\/td>\n<td>500W<\/td>\n<td>Nagy sebess\u00e9g\u0171 motor<\/td>\n<\/tr>\n<tr>\n<td>Legnagyobb sebess\u00e9g<\/td>\n<td>32KM\/H<\/td>\n<td>45KM\/H-ig \u00e1ll\u00edthat\u00f3<\/td>\n<\/tr>\n<tr>\n<td>Tartom\u00e1ny<\/td>\n<td>40-50KM<\/td>\n<td>T\u00f6lt\u00e9senk\u00e9nt<\/td>\n<\/tr>\n<tr>\n<td>PAS<\/td>\n<td>5 \u00fczemm\u00f3d<\/td>\n<td>Ped\u00e1l asszisztens<\/td>\n<\/tr>\n<tr>\n<td>T\u00f6lt\u0151<\/td>\n<td>54,6V 2A<\/td>\n<td>5.2H t\u00f6lt\u00e9si id\u0151<\/td>\n<\/tr>\n<tr>\n<td>Megjelen\u00edt\u00e9s<\/td>\n<td>LCD<\/td>\n<td>T\u00f6bbfunkci\u00f3s<\/td>\n<\/tr>\n<tr>\n<td>F\u00e9nyek<\/td>\n<td>El\u00f6l \u00e9s h\u00e1tul<\/td>\n<td>Tartalmazza a<\/td>\n<\/tr>\n<tr>\n<td>Keret<\/td>\n<td>Alum\u00ednium \u00f6tv\u00f6zet 6061<\/td>\n<td>Tart\u00f3s \u00e9s k\u00f6nny\u0171<\/td>\n<\/tr>\n<tr>\n<td>Kerekek<\/td>\n<td>20\u00d73\" CST abroncsok<\/td>\n<td>Minden terepre felk\u00e9sz\u00fclt<\/td>\n<\/tr>\n<tr>\n<td>S\u00faly<\/td>\n<td>31KGS<\/td>\n<td>Brutt\u00f3: 40.8KGS<\/td>\n<\/tr>\n<tr>\n<td>Hasznos teher<\/td>\n<td>150KGS<\/td>\n<td>Maxim\u00e1lis kapacit\u00e1s<\/td>\n<\/tr>\n<tr>\n<td>M\u00e1sz\u00e1s Kapacit\u00e1s<\/td>\n<td>15\u00b0<\/td>\n<td>Hill Climbing t\u00e1mogat\u00e1s<\/td>\n<\/tr>\n<tr>\n<td>Fogaskerekek<\/td>\n<td>Shimano 7-sebess\u00e9ges<\/td>\n<td>Sima v\u00e1lt\u00e1s<\/td>\n<\/tr>\n<tr>\n<td>F\u00e9kek<\/td>\n<td>Mechanikus t\u00e1rcsaf\u00e9kek<\/td>\n<td>El\u00f6l \u00e9s h\u00e1tul<\/td>\n<\/tr>\n<tr>\n<td>Vill\u00e1k<\/td>\n<td>Felf\u00fcggeszt\u00e9si villa<\/td>\n<td>Sokk-elnyel\u00e9s<\/td>\n<\/tr>\n<tr>\n<td>Extra jellemz\u0151k<\/td>\n<td>\u00d6sszecsukhat\u00f3, h\u00e1ts\u00f3 csomagtart\u00f3, k\u00fcrt, s\u00e1rv\u00e9d\u0151k<\/td>\n<td>Praktikus \u00e9s k\u00e9nyelmes<\/td>\n<\/tr>\n<tr>\n<td>V\u00edz\u00e1ll\u00f3<\/td>\n<td>IP54<\/td>\n<td>Id\u0151j\u00e1r\u00e1s\u00e1ll\u00f3<\/td>\n<\/tr>\n<tr>\n<td>Lovas magass\u00e1ga<\/td>\n<td>155-190cm<\/td>\n<td>Aj\u00e1nlott tartom\u00e1ny<\/td>\n<\/tr>\n<tr>\n<td>Csomagol\u00e1si m\u00e9ret<\/td>\n<td>95*41*75cm<\/td>\n<td>180PCS \/ 40HQ illeszkedik<\/td>\n<\/tr>\n<\/tbody>\n<\/table>","protected":false},"excerpt":{"rendered":"<p>Az Velopro F230E egy nagy teljes\u00edtm\u00e9ny\u0171, \u00f6sszecsukhat\u00f3 e-bike, amelyet kalandra \u00e9s k\u00e9nyelemre terveztek. 500 W-os motorj\u00e1val, 48 V-os akkumul\u00e1tor\u00e1val \u00e9s tart\u00f3s 20\u00d73\" CST zs\u00edrgumijaival sebess\u00e9get, k\u00e9nyelmet \u00e9s hat\u00f3t\u00e1vols\u00e1got biztos\u00edt v\u00e1rosi t\u00far\u00e1khoz \u00e9s szabadt\u00e9ri felfedez\u00e9sekhez egyar\u00e1nt. \u00d6sszecsukhat\u00f3, hordozhat\u00f3 \u00e9s funkci\u00f3gazdag - ez az e-bike a modern motorosok sz\u00e1m\u00e1ra k\u00e9sz\u00fclt.<\/p>","protected":false},"featured_media":4125,"comment_status":"open","ping_status":"closed","template":"","meta":[],"product_brand":[],"product_cat":[38],"product_tag":[],"class_list":{"0":"post-3238","1":"product","2":"type-product","3":"status-publish","4":"has-post-thumbnail","6":"product_cat-velopro-electric-bikes","8":"first","9":"instock","10":"shipping-taxable","11":"purchasable","12":"product-type-simple"},"_links":{"self":[{"href":"https:\/\/galaxybicycle.com\/hu\/wp-json\/wp\/v2\/product\/3238","targetHints":{"allow":["GET"]}}],"collection":[{"href":"https:\/\/galaxybicycle.com\/hu\/wp-json\/wp\/v2\/product"}],"about":[{"href":"https:\/\/galaxybicycle.com\/hu\/wp-json\/wp\/v2\/types\/product"}],"replies":[{"embeddable":true,"href":"https:\/\/galaxybicycle.com\/hu\/wp-json\/wp\/v2\/comments?post=3238"}],"wp:featuredmedia":[{"embeddable":true,"href":"https:\/\/galaxybicycle.com\/hu\/wp-json\/wp\/v2\/media\/4125"}],"wp:attachment":[{"href":"https:\/\/galaxybicycle.com\/hu\/wp-json\/wp\/v2\/media?parent=3238"}],"wp:term":[{"taxonomy":"product_brand","embeddable":true,"href":"https:\/\/galaxybicycle.com\/hu\/wp-json\/wp\/v2\/product_brand?post=3238"},{"taxonomy":"product_cat","embeddable":true,"href":"https:\/\/galaxybicycle.com\/hu\/wp-json\/wp\/v2\/product_cat?post=3238"},{"taxonomy":"product_tag","embeddable":true,"href":"https:\/\/galaxybicycle.com\/hu\/wp-json\/wp\/v2\/product_tag?post=3238"}],"curies":[{"name":"wp","href":"https:\/\/api.w.org\/{rel}","templated":true}]}}